{"id":5158,"date":"2025-07-11T16:23:38","date_gmt":"2025-07-11T16:23:38","guid":{"rendered":"https:\/\/www.chancescook.com\/?post_type=product&#038;p=5158"},"modified":"2025-07-11T16:23:41","modified_gmt":"2025-07-11T16:23:41","slug":"stainless-steel-salad-bowls-wholeslae","status":"publish","type":"product","link":"https:\/\/www.chancescook.com\/de\/produkt\/stainless-steel-salad-bowls-wholeslae\/","title":{"rendered":"Koreanischer Edelstahl Salatsch\u00fcsseln Gro\u00dfhandel Gold Mixing Bowl Lieferant"},"content":{"rendered":"<div class=\"wp-block-columns is-layout-flex wp-container-core-columns-is-layout-9d6595d7 wp-block-columns-is-layout-flex\">\n<div class=\"wp-block-column is-layout-flow wp-block-column-is-layout-flow\">\n<h2 class=\"wp-block-heading\">Parameter der Salatsch\u00fcssel aus Edelstahl<\/h2>\n\n\n\n<ul class=\"wp-block-list\">\n<li>Art: Tafelgeschirr<\/li>\n\n\n\n<li>Material: 201\/304 Edelstahl<\/li>\n\n\n\n<li>Sch\u00fcsselgr\u00f6\u00dfe: 19\/22\/25cm<\/li>\n\n\n\n<li>Farbe des Korbes: Gold<\/li>\n\n\n\n<li>MOQ: 1000 St\u00fcck<\/li>\n\n\n\n<li>Logo: Anpassbar<\/li>\n<\/ul>\n<\/div>\n\n\n\n<div class=\"wp-block-column is-layout-flow wp-block-column-is-layout-flow\">\n<h2 class=\"wp-block-heading\">Individuelle Salatsch\u00fcssel<\/h2>\n\n\n\n<ul class=\"wp-block-list\">\n<li>Logo: Passen Sie Ihr Markenlogo an<\/li>\n\n\n\n<li>Verpackung: Farbige Schachtel\/Karton, etc.<\/li>\n\n\n\n<li>Bestellmenge 1000 St\u00fcck<\/li>\n\n\n\n<li>Behandlung der Kontaktfl\u00e4che: Unbeschichtet\/Antihaftbeschichtung<\/li>\n\n\n\n<li><strong><a href=\"https:\/\/www.chancescook.com\/de\/custom-cookware\/\">OEM &amp; ODM Custom Edelstahl Camping Cup L\u00f6sungen<\/a><\/strong><\/li>\n<\/ul>\n<\/div>\n<\/div>\n\n\n\n<div class=\"wp-block-columns is-layout-flex wp-container-core-columns-is-layout-9d6595d7 wp-block-columns-is-layout-flex\">\n<div class=\"wp-block-column is-layout-flow wp-block-column-is-layout-flow\">\n<figure class=\"wp-block-image size-full\"><img decoding=\"async\" width=\"1440\" height=\"1440\" src=\"https:\/\/www.chancescook.com\/wp-content\/uploads\/2025\/07\/Stainless-Steel-Salad-Bowls-Wholesale.webp\" alt=\"Salatsch\u00fcsseln aus Edelstahl Gro\u00dfhandel\" class=\"wp-image-5160\" srcset=\"https:\/\/www.chancescook.com\/wp-content\/uploads\/2025\/07\/Stainless-Steel-Salad-Bowls-Wholesale.webp 1440w, https:\/\/www.chancescook.com\/wp-content\/uploads\/2025\/07\/Stainless-Steel-Salad-Bowls-Wholesale-300x300.webp 300w, https:\/\/www.chancescook.com\/wp-content\/uploads\/2025\/07\/Stainless-Steel-Salad-Bowls-Wholesale-150x150.webp 150w, https:\/\/www.chancescook.com\/wp-content\/uploads\/2025\/07\/Stainless-Steel-Salad-Bowls-Wholesale-768x768.webp 768w, https:\/\/www.chancescook.com\/wp-content\/uploads\/2025\/07\/Stainless-Steel-Salad-Bowls-Wholesale-12x12.webp 12w, https:\/\/www.chancescook.com\/wp-content\/uploads\/2025\/07\/Stainless-Steel-Salad-Bowls-Wholesale-285x285.webp 285w, https:\/\/www.chancescook.com\/wp-content\/uploads\/2025\/07\/Stainless-Steel-Salad-Bowls-Wholesale-270x270.webp 270w, https:\/\/www.chancescook.com\/wp-content\/uploads\/2025\/07\/Stainless-Steel-Salad-Bowls-Wholesale-540x540.webp 540w, https:\/\/www.chancescook.com\/wp-content\/uploads\/2025\/07\/Stainless-Steel-Salad-Bowls-Wholesale-660x660.webp 660w\" sizes=\"(max-width: 1440px) 100vw, 1440px\" \/><\/figure>\n<\/div>\n\n\n\n<div class=\"wp-block-column is-layout-flow wp-block-column-is-layout-flow\">\n<figure class=\"wp-block-image size-full\"><img decoding=\"async\" width=\"1440\" height=\"1440\" src=\"https:\/\/www.chancescook.com\/wp-content\/uploads\/2025\/07\/Stainless-Steel-Salad-Bowls-Wholesale-2.webp\" alt=\"Edelstahl Salatsch\u00fcsseln Gro\u00dfhandel (2)\" class=\"wp-image-5159\" srcset=\"https:\/\/www.chancescook.com\/wp-content\/uploads\/2025\/07\/Stainless-Steel-Salad-Bowls-Wholesale-2.webp 1440w, https:\/\/www.chancescook.com\/wp-content\/uploads\/2025\/07\/Stainless-Steel-Salad-Bowls-Wholesale-2-300x300.webp 300w, https:\/\/www.chancescook.com\/wp-content\/uploads\/2025\/07\/Stainless-Steel-Salad-Bowls-Wholesale-2-150x150.webp 150w, https:\/\/www.chancescook.com\/wp-content\/uploads\/2025\/07\/Stainless-Steel-Salad-Bowls-Wholesale-2-768x768.webp 768w, https:\/\/www.chancescook.com\/wp-content\/uploads\/2025\/07\/Stainless-Steel-Salad-Bowls-Wholesale-2-12x12.webp 12w, https:\/\/www.chancescook.com\/wp-content\/uploads\/2025\/07\/Stainless-Steel-Salad-Bowls-Wholesale-2-285x285.webp 285w, https:\/\/www.chancescook.com\/wp-content\/uploads\/2025\/07\/Stainless-Steel-Salad-Bowls-Wholesale-2-270x270.webp 270w, https:\/\/www.chancescook.com\/wp-content\/uploads\/2025\/07\/Stainless-Steel-Salad-Bowls-Wholesale-2-540x540.webp 540w, https:\/\/www.chancescook.com\/wp-content\/uploads\/2025\/07\/Stainless-Steel-Salad-Bowls-Wholesale-2-660x660.webp 660w\" sizes=\"(max-width: 1440px) 100vw, 1440px\" \/><\/figure>\n<\/div>\n<\/div>","protected":false},"excerpt":{"rendered":"<p>Als professioneller koreanischer Salatsch\u00fcssellieferant bieten wir hochwertige Salatsch\u00fcsseln aus Edelstahl f\u00fcr den Gro\u00dfhandel an. Die Schalen sind leicht und langlebig, k\u00f6nnen gestapelt und gelagert werden, und sind reich an Farben, Hinzuf\u00fcgen von hellen Farben zu Ihrer K\u00fcche oder Restaurant. Unterst\u00fctzt Farbe, Gr\u00f6\u00dfe und Muster Anpassung an unterschiedliche Bed\u00fcrfnisse zu erf\u00fcllen. Gro\u00dfeink\u00e4ufe sind willkommen.<\/p>\n<h3>Vorteile von Salatsch\u00fcsseln aus Edelstahl<\/h3>\n<ul>\n<li><strong>Salatsch\u00fcsseln aus Edelstahl Gro\u00dfhandel<\/strong>: Die aus lebensmittelechtem Edelstahl gefertigten Schalen sind robust und langlebig und eignen sich f\u00fcr Salate, Obst, Reis, Nudeln und vieles mehr - sowohl f\u00fcr den privaten als auch f\u00fcr den gewerblichen Bereich.<\/li>\n<li><strong>Klassischer koreanischer Stil<\/strong>: Der Sch\u00fcsselk\u00f6rper ist vertieft, die Linien sind einfach und gro\u00dfz\u00fcgig, im Einklang mit dem Stil des koreanischen Geschirrs, und es ist eine vertrauensw\u00fcrdige koreanische Salatsch\u00fcsseln Lieferant empfohlen Stil.<\/li>\n<li><strong>Helle Farben, gesund<\/strong><strong>und umweltfreundlich<\/strong>: Das Oberfl\u00e4chen-Spr\u00fchverfahren ist umweltfreundlich und sicher und bietet eine Vielzahl von Farben, die frei mit jedem K\u00fcchenstil kombiniert werden k\u00f6nnen. Au\u00dferdem l\u00e4sst es sich stapeln und platzsparend aufbewahren.<\/li>\n<li><strong>Heizung<\/strong>: Geeignet f\u00fcr Mikrowelle und Induktionsherd, eine Sch\u00fcssel f\u00fcr mehrere Verwendungszwecke, um den t\u00e4glichen Koch- und Servierbedarf zu decken.<\/li>\n<li><strong>Multifunktionaler Einsatz<\/strong>: Sie kann als Salatsch\u00fcssel, Obstschale, Ramenschale, Dessertschale oder Tischdekorationsschale verwendet werden, praktisch und sch\u00f6n.<\/li>\n<li><strong>Unterst\u00fctzung ma\u00dfgeschneiderter Dienstleistungen<\/strong>Farbe, Gr\u00f6\u00dfe und Muster k\u00f6nnen individuell angepasst werden, geeignet f\u00fcr Markenwerbung oder Gro\u00dfeink\u00e4ufe.<\/li>\n<\/ul>\n<h3>vom Hersteller von Edelstahlgeschirr :<\/h3>\n<p>Direkte Lieferung zum Fabrikpreis, was Gro\u00dfhandelskunden hilft, h\u00f6here Gewinnspannen zu erzielen. Es kann Kunden mit Eigenmarken und Verpackungsanpassungen versorgen, exklusive Marken-Campingbecher kreieren und die Anerkennung und Wettbewerbsf\u00e4higkeit der Produkte auf dem Markt verbessern.<\/p>","protected":false},"featured_media":5161,"comment_status":"closed","ping_status":"closed","template":"","meta":{"_acf_changed":false},"product_brand":[],"product_cat":[55],"product_tag":[],"class_list":{"0":"post-5158","1":"product","2":"type-product","3":"status-publish","4":"has-post-thumbnail","6":"product_cat-tableware-wholesale","8":"first","9":"instock","10":"shipping-taxable","11":"product-type-simple"},"acf":[],"_links":{"self":[{"href":"https:\/\/www.chancescook.com\/de\/wp-json\/wp\/v2\/product\/5158","targetHints":{"allow":["GET"]}}],"collection":[{"href":"https:\/\/www.chancescook.com\/de\/wp-json\/wp\/v2\/product"}],"about":[{"href":"https:\/\/www.chancescook.com\/de\/wp-json\/wp\/v2\/types\/product"}],"replies":[{"embeddable":true,"href":"https:\/\/www.chancescook.com\/de\/wp-json\/wp\/v2\/comments?post=5158"}],"wp:featuredmedia":[{"embeddable":true,"href":"https:\/\/www.chancescook.com\/de\/wp-json\/wp\/v2\/media\/5161"}],"wp:attachment":[{"href":"https:\/\/www.chancescook.com\/de\/wp-json\/wp\/v2\/media?parent=5158"}],"wp:term":[{"taxonomy":"product_brand","embeddable":true,"href":"https:\/\/www.chancescook.com\/de\/wp-json\/wp\/v2\/product_brand?post=5158"},{"taxonomy":"product_cat","embeddable":true,"href":"https:\/\/www.chancescook.com\/de\/wp-json\/wp\/v2\/product_cat?post=5158"},{"taxonomy":"product_tag","embeddable":true,"href":"https:\/\/www.chancescook.com\/de\/wp-json\/wp\/v2\/product_tag?post=5158"}],"curies":[{"name":"wp","href":"https:\/\/api.w.org\/{rel}","templated":true}]}}