{"id":5162,"date":"2025-07-11T16:49:06","date_gmt":"2025-07-11T16:49:06","guid":{"rendered":"https:\/\/www.chancescook.com\/?post_type=product&#038;p=5162"},"modified":"2026-02-05T10:43:17","modified_gmt":"2026-02-05T10:43:17","slug":"wholesale-salad-bowls-stainless-steel","status":"publish","type":"product","link":"https:\/\/www.chancescook.com\/de\/produkt\/wholesale-salad-bowls-stainless-steel\/","title":{"rendered":"Gro\u00dfhandel Salatsch\u00fcsseln Edelstahl koreanischen Salat servieren Sch\u00fcssel Hersteller"},"content":{"rendered":"<div class=\"wp-block-columns is-layout-flex wp-container-core-columns-is-layout-9d6595d7 wp-block-columns-is-layout-flex\">\n<div class=\"wp-block-column is-layout-flow wp-block-column-is-layout-flow\">\n<h2 class=\"wp-block-heading\">Parameter des Gro\u00dfhandels Salatsch\u00fcsseln<\/h2>\n\n\n\n<ul class=\"wp-block-list\">\n<li>Logo: Anpassbar<\/li>\n\n\n\n<li>Art: Tafelgeschirr<\/li>\n\n\n\n<li>Material: 201\/304 Edelstahl<\/li>\n\n\n\n<li>Sch\u00fcsselgr\u00f6\u00dfe: 19\/22\/25cm<\/li>\n\n\n\n<li>Farbe des Korbes: Silber<\/li>\n\n\n\n<li>MOQ: 1000 St\u00fcck<\/li>\n<\/ul>\n<\/div>\n\n\n\n<div class=\"wp-block-column is-layout-flow wp-block-column-is-layout-flow\">\n<h2 class=\"wp-block-heading\">Optionen f\u00fcr individuelle Salatsch\u00fcsseln<\/h2>\n\n\n\n<ul class=\"wp-block-list\">\n<li>Logo: Passen Sie Ihr Markenlogo an<\/li>\n\n\n\n<li>Verpackung: Farbige Schachtel\/Karton, etc.<\/li>\n\n\n\n<li>Bestellmenge 1000 St\u00fcck<\/li>\n\n\n\n<li>Behandlung der Kontaktfl\u00e4che: Unbeschichtet\/Antihaftbeschichtung<\/li>\n<\/ul>\n\n\n\n<p><strong><a href=\"https:\/\/www.chancescook.com\/de\/custom-cookware\/\">OEM &amp; ODM Custom Edelstahl Camping Cup L\u00f6sungen<\/a><\/strong><\/p>\n<\/div>\n<\/div>\n\n\n\n<div class=\"wp-block-columns is-layout-flex wp-container-core-columns-is-layout-9d6595d7 wp-block-columns-is-layout-flex\">\n<div class=\"wp-block-column is-layout-flow wp-block-column-is-layout-flow\">\n<figure class=\"wp-block-image size-full\"><img decoding=\"async\" width=\"800\" height=\"800\" src=\"https:\/\/www.chancescook.com\/wp-content\/uploads\/2026\/02\/Wholesale-Stainless-Steel-Korean-Salad-Serving-Bowl.webp\" alt=\"Gro\u00dfhandel Edelstahl Koreanisch Salat servieren Sch\u00fcssel\" class=\"wp-image-5992\" srcset=\"https:\/\/www.chancescook.com\/wp-content\/uploads\/2026\/02\/Wholesale-Stainless-Steel-Korean-Salad-Serving-Bowl.webp 800w, https:\/\/www.chancescook.com\/wp-content\/uploads\/2026\/02\/Wholesale-Stainless-Steel-Korean-Salad-Serving-Bowl-300x300.webp 300w, https:\/\/www.chancescook.com\/wp-content\/uploads\/2026\/02\/Wholesale-Stainless-Steel-Korean-Salad-Serving-Bowl-150x150.webp 150w, https:\/\/www.chancescook.com\/wp-content\/uploads\/2026\/02\/Wholesale-Stainless-Steel-Korean-Salad-Serving-Bowl-768x768.webp 768w, https:\/\/www.chancescook.com\/wp-content\/uploads\/2026\/02\/Wholesale-Stainless-Steel-Korean-Salad-Serving-Bowl-12x12.webp 12w, https:\/\/www.chancescook.com\/wp-content\/uploads\/2026\/02\/Wholesale-Stainless-Steel-Korean-Salad-Serving-Bowl-285x285.webp 285w, https:\/\/www.chancescook.com\/wp-content\/uploads\/2026\/02\/Wholesale-Stainless-Steel-Korean-Salad-Serving-Bowl-270x270.webp 270w, https:\/\/www.chancescook.com\/wp-content\/uploads\/2026\/02\/Wholesale-Stainless-Steel-Korean-Salad-Serving-Bowl-540x540.webp 540w, https:\/\/www.chancescook.com\/wp-content\/uploads\/2026\/02\/Wholesale-Stainless-Steel-Korean-Salad-Serving-Bowl-660x660.webp 660w\" sizes=\"(max-width: 800px) 100vw, 800px\" \/><\/figure>\n<\/div>\n\n\n\n<div class=\"wp-block-column is-layout-flow wp-block-column-is-layout-flow\">\n<figure class=\"wp-block-image size-full\"><img decoding=\"async\" width=\"1440\" height=\"1440\" src=\"https:\/\/www.chancescook.com\/wp-content\/uploads\/2025\/07\/Wholesale-Salad-Bowls-Stainless-Steel-2.webp\" alt=\"Gro\u00dfhandel Salatsch\u00fcsseln aus Edelstahl (2)\" class=\"wp-image-5163\" srcset=\"https:\/\/www.chancescook.com\/wp-content\/uploads\/2025\/07\/Wholesale-Salad-Bowls-Stainless-Steel-2.webp 1440w, https:\/\/www.chancescook.com\/wp-content\/uploads\/2025\/07\/Wholesale-Salad-Bowls-Stainless-Steel-2-300x300.webp 300w, https:\/\/www.chancescook.com\/wp-content\/uploads\/2025\/07\/Wholesale-Salad-Bowls-Stainless-Steel-2-150x150.webp 150w, https:\/\/www.chancescook.com\/wp-content\/uploads\/2025\/07\/Wholesale-Salad-Bowls-Stainless-Steel-2-768x768.webp 768w, https:\/\/www.chancescook.com\/wp-content\/uploads\/2025\/07\/Wholesale-Salad-Bowls-Stainless-Steel-2-12x12.webp 12w, https:\/\/www.chancescook.com\/wp-content\/uploads\/2025\/07\/Wholesale-Salad-Bowls-Stainless-Steel-2-285x285.webp 285w, https:\/\/www.chancescook.com\/wp-content\/uploads\/2025\/07\/Wholesale-Salad-Bowls-Stainless-Steel-2-270x270.webp 270w, https:\/\/www.chancescook.com\/wp-content\/uploads\/2025\/07\/Wholesale-Salad-Bowls-Stainless-Steel-2-540x540.webp 540w, https:\/\/www.chancescook.com\/wp-content\/uploads\/2025\/07\/Wholesale-Salad-Bowls-Stainless-Steel-2-660x660.webp 660w\" sizes=\"(max-width: 1440px) 100vw, 1440px\" \/><\/figure>\n<\/div>\n<\/div>","protected":false},"excerpt":{"rendered":"<p>Wir sind ein erfahrener koreanischer Salatsch\u00fcssellieferant, der sich auf die Bereitstellung von hochwertigen Edelstahl-Salatsch\u00fcsseln im Gro\u00dfhandel konzentriert. Die Schale K\u00f6rper ist aus lebensmittelechtem Edelstahl, mit reichen Farben und klassischen koreanischen Stil, geeignet f\u00fcr Salate, Fr\u00fcchte, Reis und andere Szenen. Das Produkt ist leicht und langlebig, leicht zu reinigen, und unterst\u00fctzt OEM \/ ODM Anpassungsdienste. Als ein professioneller koreanischer Salatsch\u00fcssellieferant, sind wir verpflichtet, zuverl\u00e4ssige Edelstahl Salatsch\u00fcsseln Gro\u00dfhandelsl\u00f6sungen f\u00fcr globale Kunden zu bieten.<\/p>\n<h3>Vorteile von Salatsch\u00fcsseln im Gro\u00dfhandel<\/h3>\n<ul>\n<li><strong>Lebensmittelgeeignetes Material aus rostfreiem Stahl<\/strong>Korrosionsbest\u00e4ndig, leicht zu reinigen, geeignet f\u00fcr Restaurants und den Hausgebrauch, sicher und hygienisch.<\/li>\n<li><strong>Multifunktionale Einsatzszenarien<\/strong>: geeignet f\u00fcr Salatschalen, Obstschalen, Bibimbap-Schalen, Ramen-Schalen usw., um eine Vielzahl von Servieranforderungen zu erf\u00fcllen.<\/li>\n<li><strong>Koreanisch einfaches Design<\/strong>: Die Schalenform ist vertieft und die R\u00e4nder sind abgerundet, was den modernen koreanischen Geschirrstil widerspiegelt.<\/li>\n<li><strong>Mehrere Farben sind erh\u00e4ltlich, stapelbar und lagerf\u00e4hig<\/strong>: Satte Farben verbessern die Atmosph\u00e4re am Esstisch, das Stapeln spart Platz und ist praktisch f\u00fcr die Aufbewahrung.<\/li>\n<li><strong>Unterst\u00fctzung ma\u00dfgeschneiderter Dienstleistungen<\/strong>Farbe, Muster und Fassungsverm\u00f6gen k\u00f6nnen individuell angepasst werden, geeignet f\u00fcr Markenanpassung und Gro\u00dfhandelskooperationen.<\/li>\n<li><strong>Kann beheizt werden<\/strong>: Geeignet f\u00fcr Mikrowellenherde und Induktionsherde, um den t\u00e4glichen W\u00e4rme- und Kochbedarf zu decken.<\/li>\n<\/ul>","protected":false},"featured_media":5165,"comment_status":"closed","ping_status":"closed","template":"","meta":{"_acf_changed":false},"product_brand":[],"product_cat":[55],"product_tag":[],"class_list":{"0":"post-5162","1":"product","2":"type-product","3":"status-publish","4":"has-post-thumbnail","6":"product_cat-tableware-wholesale","8":"first","9":"instock","10":"shipping-taxable","11":"product-type-simple"},"acf":[],"_links":{"self":[{"href":"https:\/\/www.chancescook.com\/de\/wp-json\/wp\/v2\/product\/5162","targetHints":{"allow":["GET"]}}],"collection":[{"href":"https:\/\/www.chancescook.com\/de\/wp-json\/wp\/v2\/product"}],"about":[{"href":"https:\/\/www.chancescook.com\/de\/wp-json\/wp\/v2\/types\/product"}],"replies":[{"embeddable":true,"href":"https:\/\/www.chancescook.com\/de\/wp-json\/wp\/v2\/comments?post=5162"}],"wp:featuredmedia":[{"embeddable":true,"href":"https:\/\/www.chancescook.com\/de\/wp-json\/wp\/v2\/media\/5165"}],"wp:attachment":[{"href":"https:\/\/www.chancescook.com\/de\/wp-json\/wp\/v2\/media?parent=5162"}],"wp:term":[{"taxonomy":"product_brand","embeddable":true,"href":"https:\/\/www.chancescook.com\/de\/wp-json\/wp\/v2\/product_brand?post=5162"},{"taxonomy":"product_cat","embeddable":true,"href":"https:\/\/www.chancescook.com\/de\/wp-json\/wp\/v2\/product_cat?post=5162"},{"taxonomy":"product_tag","embeddable":true,"href":"https:\/\/www.chancescook.com\/de\/wp-json\/wp\/v2\/product_tag?post=5162"}],"curies":[{"name":"wp","href":"https:\/\/api.w.org\/{rel}","templated":true}]}}