{"id":5177,"date":"2025-07-30T08:37:21","date_gmt":"2025-07-30T08:37:21","guid":{"rendered":"https:\/\/www.chancescook.com\/?post_type=product&#038;p=5177"},"modified":"2025-07-30T08:37:24","modified_gmt":"2025-07-30T08:37:24","slug":"wholesale-spherical-bowl-double-layer","status":"publish","type":"product","link":"https:\/\/www.chancescook.com\/de\/produkt\/wholesale-spherical-bowl-double-layer\/","title":{"rendered":"Gro\u00dfhandel kugelf\u00f6rmige Sch\u00fcssel Double-Layer Salat Sch\u00fcssel Geschirr Hersteller"},"content":{"rendered":"<div class=\"wp-block-columns is-layout-flex wp-container-core-columns-is-layout-9d6595d7 wp-block-columns-is-layout-flex\">\n<div class=\"wp-block-column is-layout-flow wp-block-column-is-layout-flow\">\n<h2 class=\"wp-block-heading\">Parameter von Kugelschalengeschirr<\/h2>\n\n\n\n<p><strong>Produktname<\/strong>: Kugelf\u00f6rmiges Geschirr<br><strong>Material<\/strong>: Rostfreier Stahl 304<br><strong>Farbe<\/strong>: Silber\/Gold\/Farbig<br><strong>Logo<\/strong>: Siegel mit Siebdruck, Lasergravur oder Pr\u00e4gestempel<\/p>\n<\/div>\n\n\n\n<div class=\"wp-block-column is-layout-flow wp-block-column-is-layout-flow\">\n<h2 class=\"wp-block-heading\">Option f\u00fcr kugelf\u00f6rmiges Geschirr nach Ma\u00df<\/h2>\n\n\n\n<p><strong>Logo<\/strong>: Gestalten Sie Ihr Markenlogo<br><strong>Verpacken<\/strong>: Farbige Schachtel\/Karton usw.<br><strong>Muster:<\/strong> Passen Sie das gew\u00fcnschte Muster an.<br><strong>MOQ<\/strong>: 500 St\u00fcck<br><strong>OEM &amp; ODM kundenspezifische L\u00f6sungen f\u00fcr Dessertteller<\/strong><\/p>\n<\/div>\n<\/div>\n\n\n\n<div class=\"wp-block-columns is-layout-flex wp-container-core-columns-is-layout-9d6595d7 wp-block-columns-is-layout-flex\">\n<div class=\"wp-block-column is-layout-flow wp-block-column-is-layout-flow\">\n<figure class=\"wp-block-image size-full\"><img decoding=\"async\" width=\"1795\" height=\"1795\" src=\"https:\/\/www.chancescook.com\/wp-content\/uploads\/2025\/07\/Wholesale-Spherical-Bowl-Tableware-Manufacturer-4.webp\" alt=\"Gro\u00dfhandel Sph\u00e4rische Sch\u00fcssel Geschirr Hersteller (4)\" class=\"wp-image-5200\" srcset=\"https:\/\/www.chancescook.com\/wp-content\/uploads\/2025\/07\/Wholesale-Spherical-Bowl-Tableware-Manufacturer-4.webp 1795w, https:\/\/www.chancescook.com\/wp-content\/uploads\/2025\/07\/Wholesale-Spherical-Bowl-Tableware-Manufacturer-4-300x300.webp 300w, https:\/\/www.chancescook.com\/wp-content\/uploads\/2025\/07\/Wholesale-Spherical-Bowl-Tableware-Manufacturer-4-150x150.webp 150w, https:\/\/www.chancescook.com\/wp-content\/uploads\/2025\/07\/Wholesale-Spherical-Bowl-Tableware-Manufacturer-4-768x768.webp 768w, https:\/\/www.chancescook.com\/wp-content\/uploads\/2025\/07\/Wholesale-Spherical-Bowl-Tableware-Manufacturer-4-12x12.webp 12w, https:\/\/www.chancescook.com\/wp-content\/uploads\/2025\/07\/Wholesale-Spherical-Bowl-Tableware-Manufacturer-4-285x285.webp 285w, https:\/\/www.chancescook.com\/wp-content\/uploads\/2025\/07\/Wholesale-Spherical-Bowl-Tableware-Manufacturer-4-1600x1600.webp 1600w, https:\/\/www.chancescook.com\/wp-content\/uploads\/2025\/07\/Wholesale-Spherical-Bowl-Tableware-Manufacturer-4-270x270.webp 270w, https:\/\/www.chancescook.com\/wp-content\/uploads\/2025\/07\/Wholesale-Spherical-Bowl-Tableware-Manufacturer-4-540x540.webp 540w, https:\/\/www.chancescook.com\/wp-content\/uploads\/2025\/07\/Wholesale-Spherical-Bowl-Tableware-Manufacturer-4-660x660.webp 660w\" sizes=\"(max-width: 1795px) 100vw, 1795px\" \/><\/figure>\n<\/div>\n\n\n\n<div class=\"wp-block-column is-layout-flow wp-block-column-is-layout-flow\">\n<figure class=\"wp-block-image size-full\"><img decoding=\"async\" width=\"1795\" height=\"1795\" src=\"https:\/\/www.chancescook.com\/wp-content\/uploads\/2025\/07\/Wholesale-Spherical-Bowl-Tableware-Manufacturer-3.webp\" alt=\"Gro\u00dfhandel Sph\u00e4rische Schale Geschirr Hersteller (3)\" class=\"wp-image-5199\" srcset=\"https:\/\/www.chancescook.com\/wp-content\/uploads\/2025\/07\/Wholesale-Spherical-Bowl-Tableware-Manufacturer-3.webp 1795w, https:\/\/www.chancescook.com\/wp-content\/uploads\/2025\/07\/Wholesale-Spherical-Bowl-Tableware-Manufacturer-3-300x300.webp 300w, https:\/\/www.chancescook.com\/wp-content\/uploads\/2025\/07\/Wholesale-Spherical-Bowl-Tableware-Manufacturer-3-150x150.webp 150w, https:\/\/www.chancescook.com\/wp-content\/uploads\/2025\/07\/Wholesale-Spherical-Bowl-Tableware-Manufacturer-3-768x768.webp 768w, https:\/\/www.chancescook.com\/wp-content\/uploads\/2025\/07\/Wholesale-Spherical-Bowl-Tableware-Manufacturer-3-12x12.webp 12w, https:\/\/www.chancescook.com\/wp-content\/uploads\/2025\/07\/Wholesale-Spherical-Bowl-Tableware-Manufacturer-3-285x285.webp 285w, https:\/\/www.chancescook.com\/wp-content\/uploads\/2025\/07\/Wholesale-Spherical-Bowl-Tableware-Manufacturer-3-1600x1600.webp 1600w, https:\/\/www.chancescook.com\/wp-content\/uploads\/2025\/07\/Wholesale-Spherical-Bowl-Tableware-Manufacturer-3-270x270.webp 270w, https:\/\/www.chancescook.com\/wp-content\/uploads\/2025\/07\/Wholesale-Spherical-Bowl-Tableware-Manufacturer-3-540x540.webp 540w, https:\/\/www.chancescook.com\/wp-content\/uploads\/2025\/07\/Wholesale-Spherical-Bowl-Tableware-Manufacturer-3-660x660.webp 660w\" sizes=\"(max-width: 1795px) 100vw, 1795px\" \/><\/figure>\n<\/div>\n\n\n\n<div class=\"wp-block-column is-layout-flow wp-block-column-is-layout-flow\">\n<figure class=\"wp-block-image size-full\"><img decoding=\"async\" width=\"1795\" height=\"1795\" src=\"https:\/\/www.chancescook.com\/wp-content\/uploads\/2025\/07\/Wholesale-Spherical-Bowl-Tableware-Manufacturer-2.webp\" alt=\"Gro\u00dfhandel Sph\u00e4rische Sch\u00fcssel Geschirr Hersteller (2)\" class=\"wp-image-5198\" srcset=\"https:\/\/www.chancescook.com\/wp-content\/uploads\/2025\/07\/Wholesale-Spherical-Bowl-Tableware-Manufacturer-2.webp 1795w, https:\/\/www.chancescook.com\/wp-content\/uploads\/2025\/07\/Wholesale-Spherical-Bowl-Tableware-Manufacturer-2-300x300.webp 300w, https:\/\/www.chancescook.com\/wp-content\/uploads\/2025\/07\/Wholesale-Spherical-Bowl-Tableware-Manufacturer-2-150x150.webp 150w, https:\/\/www.chancescook.com\/wp-content\/uploads\/2025\/07\/Wholesale-Spherical-Bowl-Tableware-Manufacturer-2-768x768.webp 768w, https:\/\/www.chancescook.com\/wp-content\/uploads\/2025\/07\/Wholesale-Spherical-Bowl-Tableware-Manufacturer-2-12x12.webp 12w, https:\/\/www.chancescook.com\/wp-content\/uploads\/2025\/07\/Wholesale-Spherical-Bowl-Tableware-Manufacturer-2-285x285.webp 285w, https:\/\/www.chancescook.com\/wp-content\/uploads\/2025\/07\/Wholesale-Spherical-Bowl-Tableware-Manufacturer-2-1600x1600.webp 1600w, https:\/\/www.chancescook.com\/wp-content\/uploads\/2025\/07\/Wholesale-Spherical-Bowl-Tableware-Manufacturer-2-270x270.webp 270w, https:\/\/www.chancescook.com\/wp-content\/uploads\/2025\/07\/Wholesale-Spherical-Bowl-Tableware-Manufacturer-2-540x540.webp 540w, https:\/\/www.chancescook.com\/wp-content\/uploads\/2025\/07\/Wholesale-Spherical-Bowl-Tableware-Manufacturer-2-660x660.webp 660w\" sizes=\"(max-width: 1795px) 100vw, 1795px\" \/><\/figure>\n<\/div>\n<\/div>\n\n\n\n<div class=\"wp-block-columns is-layout-flex wp-container-core-columns-is-layout-9d6595d7 wp-block-columns-is-layout-flex\">\n<div class=\"wp-block-column is-layout-flow wp-block-column-is-layout-flow\">\n<figure class=\"wp-block-image size-full\"><img decoding=\"async\" width=\"1669\" height=\"1669\" src=\"https:\/\/www.chancescook.com\/wp-content\/uploads\/2025\/07\/Custom-Double-Layer-Salad-Bowl-Tableware-4.webp\" alt=\"Individuelles doppellagiges Salatsch\u00fcsselgeschirr (4)\" class=\"wp-image-5194\" srcset=\"https:\/\/www.chancescook.com\/wp-content\/uploads\/2025\/07\/Custom-Double-Layer-Salad-Bowl-Tableware-4.webp 1669w, https:\/\/www.chancescook.com\/wp-content\/uploads\/2025\/07\/Custom-Double-Layer-Salad-Bowl-Tableware-4-300x300.webp 300w, https:\/\/www.chancescook.com\/wp-content\/uploads\/2025\/07\/Custom-Double-Layer-Salad-Bowl-Tableware-4-150x150.webp 150w, https:\/\/www.chancescook.com\/wp-content\/uploads\/2025\/07\/Custom-Double-Layer-Salad-Bowl-Tableware-4-768x768.webp 768w, https:\/\/www.chancescook.com\/wp-content\/uploads\/2025\/07\/Custom-Double-Layer-Salad-Bowl-Tableware-4-12x12.webp 12w, https:\/\/www.chancescook.com\/wp-content\/uploads\/2025\/07\/Custom-Double-Layer-Salad-Bowl-Tableware-4-285x285.webp 285w, https:\/\/www.chancescook.com\/wp-content\/uploads\/2025\/07\/Custom-Double-Layer-Salad-Bowl-Tableware-4-1600x1600.webp 1600w, https:\/\/www.chancescook.com\/wp-content\/uploads\/2025\/07\/Custom-Double-Layer-Salad-Bowl-Tableware-4-270x270.webp 270w, https:\/\/www.chancescook.com\/wp-content\/uploads\/2025\/07\/Custom-Double-Layer-Salad-Bowl-Tableware-4-540x540.webp 540w, https:\/\/www.chancescook.com\/wp-content\/uploads\/2025\/07\/Custom-Double-Layer-Salad-Bowl-Tableware-4-660x660.webp 660w\" sizes=\"(max-width: 1669px) 100vw, 1669px\" \/><\/figure>\n<\/div>\n\n\n\n<div class=\"wp-block-column is-layout-flow wp-block-column-is-layout-flow\">\n<figure class=\"wp-block-image size-full\"><img decoding=\"async\" width=\"1541\" height=\"1541\" src=\"https:\/\/www.chancescook.com\/wp-content\/uploads\/2025\/07\/Custom-Double-Layer-Salad-Bowl-Tableware-3.webp\" alt=\"Individuelles doppellagiges Salatsch\u00fcsselgeschirr (3)\" class=\"wp-image-5193\" srcset=\"https:\/\/www.chancescook.com\/wp-content\/uploads\/2025\/07\/Custom-Double-Layer-Salad-Bowl-Tableware-3.webp 1541w, https:\/\/www.chancescook.com\/wp-content\/uploads\/2025\/07\/Custom-Double-Layer-Salad-Bowl-Tableware-3-300x300.webp 300w, https:\/\/www.chancescook.com\/wp-content\/uploads\/2025\/07\/Custom-Double-Layer-Salad-Bowl-Tableware-3-150x150.webp 150w, https:\/\/www.chancescook.com\/wp-content\/uploads\/2025\/07\/Custom-Double-Layer-Salad-Bowl-Tableware-3-768x768.webp 768w, https:\/\/www.chancescook.com\/wp-content\/uploads\/2025\/07\/Custom-Double-Layer-Salad-Bowl-Tableware-3-12x12.webp 12w, https:\/\/www.chancescook.com\/wp-content\/uploads\/2025\/07\/Custom-Double-Layer-Salad-Bowl-Tableware-3-285x285.webp 285w, https:\/\/www.chancescook.com\/wp-content\/uploads\/2025\/07\/Custom-Double-Layer-Salad-Bowl-Tableware-3-270x270.webp 270w, https:\/\/www.chancescook.com\/wp-content\/uploads\/2025\/07\/Custom-Double-Layer-Salad-Bowl-Tableware-3-540x540.webp 540w, https:\/\/www.chancescook.com\/wp-content\/uploads\/2025\/07\/Custom-Double-Layer-Salad-Bowl-Tableware-3-660x660.webp 660w\" sizes=\"(max-width: 1541px) 100vw, 1541px\" \/><\/figure>\n<\/div>\n\n\n\n<div class=\"wp-block-column is-layout-flow wp-block-column-is-layout-flow\">\n<figure class=\"wp-block-image size-full\"><img decoding=\"async\" width=\"1421\" height=\"1421\" src=\"https:\/\/www.chancescook.com\/wp-content\/uploads\/2025\/07\/Custom-Double-Layer-Salad-Bowl-Tableware-5.webp\" alt=\"Individuelles doppellagiges Salatsch\u00fcsselgeschirr (5)\" class=\"wp-image-5195\" srcset=\"https:\/\/www.chancescook.com\/wp-content\/uploads\/2025\/07\/Custom-Double-Layer-Salad-Bowl-Tableware-5.webp 1421w, https:\/\/www.chancescook.com\/wp-content\/uploads\/2025\/07\/Custom-Double-Layer-Salad-Bowl-Tableware-5-300x300.webp 300w, https:\/\/www.chancescook.com\/wp-content\/uploads\/2025\/07\/Custom-Double-Layer-Salad-Bowl-Tableware-5-150x150.webp 150w, https:\/\/www.chancescook.com\/wp-content\/uploads\/2025\/07\/Custom-Double-Layer-Salad-Bowl-Tableware-5-768x768.webp 768w, https:\/\/www.chancescook.com\/wp-content\/uploads\/2025\/07\/Custom-Double-Layer-Salad-Bowl-Tableware-5-12x12.webp 12w, https:\/\/www.chancescook.com\/wp-content\/uploads\/2025\/07\/Custom-Double-Layer-Salad-Bowl-Tableware-5-285x285.webp 285w, https:\/\/www.chancescook.com\/wp-content\/uploads\/2025\/07\/Custom-Double-Layer-Salad-Bowl-Tableware-5-270x270.webp 270w, https:\/\/www.chancescook.com\/wp-content\/uploads\/2025\/07\/Custom-Double-Layer-Salad-Bowl-Tableware-5-540x540.webp 540w, https:\/\/www.chancescook.com\/wp-content\/uploads\/2025\/07\/Custom-Double-Layer-Salad-Bowl-Tableware-5-660x660.webp 660w\" sizes=\"(max-width: 1421px) 100vw, 1421px\" \/><\/figure>\n<\/div>\n<\/div>\n\n\n\n<p><\/p>","protected":false},"excerpt":{"rendered":"<p>Willkommen in unserem Gro\u00dfhandel kugelf\u00f6rmige doppelte Salatsch\u00fcssel Serie zu kaufen, sind diese Schalen mit exquisiter Handwerkskunst gemacht, sowohl sch\u00f6n und praktisch. Hergestellt aus hochwertigen Materialien, perfekt zum Servieren von Salaten, Obst und mehr. Das zweischichtige Design sorgt f\u00fcr Haltbarkeit und Isolierung. Wir bieten Gro\u00dflieferungen f\u00fcr Restaurants, Caf\u00e9s und Einzelhandelsgesch\u00e4fte. Bestellen Sie noch heute und kaufen Sie erschwingliches, stilvolles und sch\u00f6nes Geschirr, um Ihr Esserlebnis zu verbessern!<\/p>\n<h2>Gro\u00dfhandel kugelf\u00f6rmige Sch\u00fcssel Geschirr Merkmale<\/h2>\n<ul>\n<li><strong>Gro\u00dfhandel kugelf\u00f6rmige Geschirr-Set<\/strong>: Hergestellt aus lebensmittelechtem Edelstahl 304, mit einem geschwungenen Design, das der Ergonomie entspricht. Effiziente Aufbewahrung und \u00e4sthetische Wirkung. Kontaktieren Sie uns f\u00fcr ein Angebot.<\/li>\n<li><strong>Lebensmittelgeeignetes Material aus Edelstahl<\/strong>: Das kugelf\u00f6rmige Edelstahlgeschirr besteht aus hochwertigem 304er Edelstahl, der sich f\u00fcr die Reinigung in der Sp\u00fclmaschine, die Desinfektion bei hohen Temperaturen und f\u00fcr den t\u00e4glichen Gebrauch eignet.<\/li>\n<li><strong>Ergonomische Gestaltung<\/strong>: The curved design fits both hands better and reduces hand pressure<br \/>\nEfficient storage: The stainless steel spherical tableware set can be stored and stacked, allowing for efficient organization of the kitchen.<\/li>\n<li><strong>Multi-Funktion<\/strong>: Teller k\u00f6nnen als Essteller, Kochteller, Dessertteller, Sushi-Teller, Sch\u00fcsseln als Salatsch\u00fcsseln, Lamian-Nudelsch\u00fcsseln usw. verwendet werden. Ein Geschirrset ist vielseitig einsetzbar, kann aufbewahrt und als Dekoration verwendet werden.<\/li>\n<li><strong>Gro\u00dfhandelsdienstleistung<\/strong>: Wir bieten L\u00f6sungen f\u00fcr den Gro\u00dfhandel mit Kochgeschirr zu Fabrikpreisen an, die Ihnen helfen, Ihren Gewinn zu steigern, und die f\u00fcr Vertriebsh\u00e4ndler, Einzelh\u00e4ndler und Gro\u00dfh\u00e4ndler geeignet sind.<\/li>\n<\/ul>","protected":false},"featured_media":5203,"comment_status":"closed","ping_status":"closed","template":"","meta":{"_acf_changed":false},"product_brand":[],"product_cat":[55],"product_tag":[],"class_list":{"0":"post-5177","1":"product","2":"type-product","3":"status-publish","4":"has-post-thumbnail","6":"product_cat-tableware-wholesale","8":"first","9":"instock","10":"shipping-taxable","11":"product-type-simple"},"acf":[],"_links":{"self":[{"href":"https:\/\/www.chancescook.com\/de\/wp-json\/wp\/v2\/product\/5177","targetHints":{"allow":["GET"]}}],"collection":[{"href":"https:\/\/www.chancescook.com\/de\/wp-json\/wp\/v2\/product"}],"about":[{"href":"https:\/\/www.chancescook.com\/de\/wp-json\/wp\/v2\/types\/product"}],"replies":[{"embeddable":true,"href":"https:\/\/www.chancescook.com\/de\/wp-json\/wp\/v2\/comments?post=5177"}],"wp:featuredmedia":[{"embeddable":true,"href":"https:\/\/www.chancescook.com\/de\/wp-json\/wp\/v2\/media\/5203"}],"wp:attachment":[{"href":"https:\/\/www.chancescook.com\/de\/wp-json\/wp\/v2\/media?parent=5177"}],"wp:term":[{"taxonomy":"product_brand","embeddable":true,"href":"https:\/\/www.chancescook.com\/de\/wp-json\/wp\/v2\/product_brand?post=5177"},{"taxonomy":"product_cat","embeddable":true,"href":"https:\/\/www.chancescook.com\/de\/wp-json\/wp\/v2\/product_cat?post=5177"},{"taxonomy":"product_tag","embeddable":true,"href":"https:\/\/www.chancescook.com\/de\/wp-json\/wp\/v2\/product_tag?post=5177"}],"curies":[{"name":"wp","href":"https:\/\/api.w.org\/{rel}","templated":true}]}}