{"id":5204,"date":"2025-07-30T09:40:28","date_gmt":"2025-07-30T09:40:28","guid":{"rendered":"https:\/\/www.chancescook.com\/?post_type=product&#038;p=5204"},"modified":"2025-07-30T09:40:33","modified_gmt":"2025-07-30T09:40:33","slug":"stainless-steel-plates-bowls-wholesale","status":"publish","type":"product","link":"https:\/\/www.chancescook.com\/de\/produkt\/stainless-steel-plates-bowls-wholesale\/","title":{"rendered":"Edelstahlteller und -schalen Gro\u00dfhandel rundes kugelf\u00f6rmiges Geschirr Set"},"content":{"rendered":"<div class=\"wp-block-columns is-layout-flex wp-container-core-columns-is-layout-9d6595d7 wp-block-columns-is-layout-flex\">\n<div class=\"wp-block-column is-layout-flow wp-block-column-is-layout-flow\">\n<h2 class=\"wp-block-heading\">Parameter von Tellern und Sch\u00fcsseln aus Edelstahl<\/h2>\n\n\n\n<p>Produktname: Kugelf\u00f6rmiges Geschirr<br>Material: 304 rostfreier Stahl<br>Farbe: Silber\/Gold\/Farbig<br>Logo: Siebdruck, Lasergravur oder gepr\u00e4gtes Siegel<\/p>\n<\/div>\n\n\n\n<div class=\"wp-block-column is-layout-flow wp-block-column-is-layout-flow\">\n<h2 class=\"wp-block-heading\">Option f\u00fcr kugelf\u00f6rmiges Geschirr nach Ma\u00df<\/h2>\n\n\n\n<p>Logo: Passen Sie Ihr Markenlogo an<br>Verpacken: Farbige Schachtel\/Karton etc.<br>Muster: Passen Sie das gew\u00fcnschte Muster an.<br>MOQ: 500 St\u00fcck<br>OEM &amp; ODM kundenspezifische L\u00f6sungen f\u00fcr Dessertteller<\/p>\n<\/div>\n<\/div>\n\n\n\n<div class=\"wp-block-columns is-layout-flex wp-container-core-columns-is-layout-9d6595d7 wp-block-columns-is-layout-flex\">\n<div class=\"wp-block-column is-layout-flow wp-block-column-is-layout-flow\">\n<figure class=\"wp-block-image size-full\"><img decoding=\"async\" width=\"800\" height=\"800\" src=\"https:\/\/www.chancescook.com\/wp-content\/uploads\/2025\/07\/Stainless-Steel-Plates-and-Bowls-Wholesale-6.webp\" alt=\"Edelstahlteller und -schalen Gro\u00dfhandel (6)\" class=\"wp-image-5211\" srcset=\"https:\/\/www.chancescook.com\/wp-content\/uploads\/2025\/07\/Stainless-Steel-Plates-and-Bowls-Wholesale-6.webp 800w, https:\/\/www.chancescook.com\/wp-content\/uploads\/2025\/07\/Stainless-Steel-Plates-and-Bowls-Wholesale-6-300x300.webp 300w, https:\/\/www.chancescook.com\/wp-content\/uploads\/2025\/07\/Stainless-Steel-Plates-and-Bowls-Wholesale-6-150x150.webp 150w, https:\/\/www.chancescook.com\/wp-content\/uploads\/2025\/07\/Stainless-Steel-Plates-and-Bowls-Wholesale-6-768x768.webp 768w, https:\/\/www.chancescook.com\/wp-content\/uploads\/2025\/07\/Stainless-Steel-Plates-and-Bowls-Wholesale-6-12x12.webp 12w, https:\/\/www.chancescook.com\/wp-content\/uploads\/2025\/07\/Stainless-Steel-Plates-and-Bowls-Wholesale-6-285x285.webp 285w, https:\/\/www.chancescook.com\/wp-content\/uploads\/2025\/07\/Stainless-Steel-Plates-and-Bowls-Wholesale-6-270x270.webp 270w, https:\/\/www.chancescook.com\/wp-content\/uploads\/2025\/07\/Stainless-Steel-Plates-and-Bowls-Wholesale-6-540x540.webp 540w, https:\/\/www.chancescook.com\/wp-content\/uploads\/2025\/07\/Stainless-Steel-Plates-and-Bowls-Wholesale-6-660x660.webp 660w\" sizes=\"(max-width: 800px) 100vw, 800px\" \/><\/figure>\n<\/div>\n\n\n\n<div class=\"wp-block-column is-layout-flow wp-block-column-is-layout-flow\">\n<figure class=\"wp-block-image size-full\"><img decoding=\"async\" width=\"800\" height=\"800\" src=\"https:\/\/www.chancescook.com\/wp-content\/uploads\/2025\/07\/Custom-Stainless-Steel-Plates-and-Bowls-Wholesale-8.webp\" alt=\"Individuell gestaltete Edelstahlteller und -sch\u00fcsseln im Gro\u00dfhandel (8)\" class=\"wp-image-5205\" srcset=\"https:\/\/www.chancescook.com\/wp-content\/uploads\/2025\/07\/Custom-Stainless-Steel-Plates-and-Bowls-Wholesale-8.webp 800w, https:\/\/www.chancescook.com\/wp-content\/uploads\/2025\/07\/Custom-Stainless-Steel-Plates-and-Bowls-Wholesale-8-300x300.webp 300w, https:\/\/www.chancescook.com\/wp-content\/uploads\/2025\/07\/Custom-Stainless-Steel-Plates-and-Bowls-Wholesale-8-150x150.webp 150w, https:\/\/www.chancescook.com\/wp-content\/uploads\/2025\/07\/Custom-Stainless-Steel-Plates-and-Bowls-Wholesale-8-768x768.webp 768w, https:\/\/www.chancescook.com\/wp-content\/uploads\/2025\/07\/Custom-Stainless-Steel-Plates-and-Bowls-Wholesale-8-12x12.webp 12w, https:\/\/www.chancescook.com\/wp-content\/uploads\/2025\/07\/Custom-Stainless-Steel-Plates-and-Bowls-Wholesale-8-285x285.webp 285w, https:\/\/www.chancescook.com\/wp-content\/uploads\/2025\/07\/Custom-Stainless-Steel-Plates-and-Bowls-Wholesale-8-270x270.webp 270w, https:\/\/www.chancescook.com\/wp-content\/uploads\/2025\/07\/Custom-Stainless-Steel-Plates-and-Bowls-Wholesale-8-540x540.webp 540w, https:\/\/www.chancescook.com\/wp-content\/uploads\/2025\/07\/Custom-Stainless-Steel-Plates-and-Bowls-Wholesale-8-660x660.webp 660w\" sizes=\"(max-width: 800px) 100vw, 800px\" \/><\/figure>\n<\/div>\n<\/div>\n\n\n\n<p><\/p>","protected":false},"excerpt":{"rendered":"<p>Direkt von professionellen benutzerdefinierte Geschirr Hersteller, Edelstahl Teller und Schalen Gro\u00dfhandel Qualit\u00e4t garantiert ist, die glatte und gl\u00e4nzende Oberfl\u00e4che reflektiert das Licht sch\u00f6n, w\u00e4hrend die kugelf\u00f6rmige Design f\u00fcgt einen Hauch von Modernit\u00e4t zu Ihrem Tisch. Es ist die erste Wahl f\u00fcr Restaurant\/Caf\u00e9\/Einzelhandel! Bestellen Sie jetzt und verbessern Sie Ihre Essatmosph\u00e4re mit diesem exquisiten und langlebigen Geschirrset!<\/p>\n<h2>Edelstahlteller und -schalen Merkmale<\/h2>\n<ul>\n<li><strong>Elegantes Eierschalen-Design<\/strong>: Die schlanke, abgerundete Form und die glatten Linien machen aus jeder Umgebung ein Kunstwerk und verwandeln Ihren Esstisch in ein luxuri\u00f6ses Erlebnis!<\/li>\n<li><strong>Spiegel\u00e4hnlicher Glanz<\/strong>: Hergestellt aus hochwertigem, lebensmittelechtem Edelstahl, der so gut poliert ist, dass er einen Spiegel reflektieren kann! Im Licht glitzernd, macht er das Essen zu einem noch gr\u00f6\u00dferen Ritual!<\/li>\n<li><strong>Strapazierf\u00e4hig und langlebig<\/strong>: Widerstandsf\u00e4hig gegen St\u00fcrze, Verformung und Korrosion, l\u00e4sst es sich leicht abwaschen und sieht jahrelang wie neu aus! Deshalb sind unsere Edelstahlteller und -sch\u00fcsseln im Gro\u00dfhandel so beliebt.<\/li>\n<li><strong>Ein Muss f\u00fcr detailbewusste Verbraucher:<\/strong> Als professioneller Hersteller von kundenspezifischem Geschirr polieren wir jedes St\u00fcck auf ein ultraglattes Finish, das einen glatten und bequemen Griff gew\u00e4hrleistet. Genie\u00dfen Sie Ihren Komfort und bewirten Sie Ihre G\u00e4ste mit Stil!<\/li>\n<li><strong>Ein Kunstwerk auf dem Tisch<\/strong>: Elegant f\u00fcr Obst, Desserts oder als Tafelaufsatz, wird es sicher in Ihrem Instagram-Feed viral gehen!<\/li>\n<li><strong>\u00c4sthetisch ansprechend und praktisch zugleich:<\/strong> Dieses Set aus Edelstahltellern und -sch\u00fcsseln f\u00fcr den Gro\u00dfhandel ist sowohl sch\u00f6n als auch praktisch und macht jede Mahlzeit zu einem wahren Genuss.<\/li>\n<\/ul>","protected":false},"featured_media":5208,"comment_status":"closed","ping_status":"closed","template":"","meta":{"_acf_changed":false},"product_brand":[],"product_cat":[55],"product_tag":[],"class_list":{"0":"post-5204","1":"product","2":"type-product","3":"status-publish","4":"has-post-thumbnail","6":"product_cat-tableware-wholesale","8":"first","9":"instock","10":"shipping-taxable","11":"product-type-simple"},"acf":[],"_links":{"self":[{"href":"https:\/\/www.chancescook.com\/de\/wp-json\/wp\/v2\/product\/5204","targetHints":{"allow":["GET"]}}],"collection":[{"href":"https:\/\/www.chancescook.com\/de\/wp-json\/wp\/v2\/product"}],"about":[{"href":"https:\/\/www.chancescook.com\/de\/wp-json\/wp\/v2\/types\/product"}],"replies":[{"embeddable":true,"href":"https:\/\/www.chancescook.com\/de\/wp-json\/wp\/v2\/comments?post=5204"}],"wp:featuredmedia":[{"embeddable":true,"href":"https:\/\/www.chancescook.com\/de\/wp-json\/wp\/v2\/media\/5208"}],"wp:attachment":[{"href":"https:\/\/www.chancescook.com\/de\/wp-json\/wp\/v2\/media?parent=5204"}],"wp:term":[{"taxonomy":"product_brand","embeddable":true,"href":"https:\/\/www.chancescook.com\/de\/wp-json\/wp\/v2\/product_brand?post=5204"},{"taxonomy":"product_cat","embeddable":true,"href":"https:\/\/www.chancescook.com\/de\/wp-json\/wp\/v2\/product_cat?post=5204"},{"taxonomy":"product_tag","embeddable":true,"href":"https:\/\/www.chancescook.com\/de\/wp-json\/wp\/v2\/product_tag?post=5204"}],"curies":[{"name":"wp","href":"https:\/\/api.w.org\/{rel}","templated":true}]}}