{"id":5213,"date":"2025-07-30T16:39:25","date_gmt":"2025-07-30T16:39:25","guid":{"rendered":"https:\/\/www.chancescook.com\/?post_type=product&#038;p=5213"},"modified":"2025-07-30T16:40:25","modified_gmt":"2025-07-30T16:40:25","slug":"stainless-steel-dinner-plates-wholesale","status":"publish","type":"product","link":"https:\/\/www.chancescook.com\/de\/produkt\/stainless-steel-dinner-plates-wholesale\/","title":{"rendered":"Gro\u00dfhandel Edelstahl Teller Runde Tablett servieren Gericht in Bulk"},"content":{"rendered":"<div class=\"wp-block-columns is-layout-flex wp-container-core-columns-is-layout-9d6595d7 wp-block-columns-is-layout-flex\">\n<div class=\"wp-block-column is-layout-flow wp-block-column-is-layout-flow\">\n<h2 class=\"wp-block-heading\">Parameter von Speisetellern aus Edelstahl<\/h2>\n\n\n\n<ul class=\"wp-block-list\">\n<li>Produktname: Runder Teller<\/li>\n\n\n\n<li>Gr\u00f6\u00dfe\uff1a14\/17\/20\/23\/26\/30\/34 cm<\/li>\n\n\n\n<li>Material: 201\/304 Edelstahl<\/li>\n\n\n\n<li>Dicke 0,6 mm<\/li>\n\n\n\n<li>MOQ: 60 St\u00fcck<\/li>\n\n\n\n<li>Logo: Kundenspezifisches Logo akzeptiert<\/li>\n<\/ul>\n<\/div>\n\n\n\n<div class=\"wp-block-column is-layout-flow wp-block-column-is-layout-flow\">\n<h2 class=\"wp-block-heading\">Individuelle Speiseteller aus Edelstahl <\/h2>\n\n\n\n<ul class=\"wp-block-list\">\n<li>Logo: Passen Sie Ihr Markenlogo an<\/li>\n\n\n\n<li>Verpackung: Farbkasten\/Karton usw.<\/li>\n\n\n\n<li>Muster: Passen Sie das gew\u00fcnschte Muster an<\/li>\n\n\n\n<li>MOQ: 1000 St\u00fcck<\/li>\n\n\n\n<li>OEM &amp; ODM Kundenspezifische L\u00f6sungen f\u00fcr Speiseteller<\/li>\n<\/ul>\n<\/div>\n<\/div>\n\n\n\n<div class=\"wp-block-columns is-layout-flex wp-container-core-columns-is-layout-9d6595d7 wp-block-columns-is-layout-flex\">\n<div class=\"wp-block-column is-layout-flow wp-block-column-is-layout-flow\">\n<figure class=\"wp-block-image size-full\"><img decoding=\"async\" width=\"582\" height=\"582\" src=\"https:\/\/www.chancescook.com\/wp-content\/uploads\/2025\/07\/Stainless-Steel-Dinner-Plates-Wholesaler-2.webp\" alt=\"Edelstahl-Speiseteller Gro\u00dfh\u00e4ndler (2)\" class=\"wp-image-5215\" srcset=\"https:\/\/www.chancescook.com\/wp-content\/uploads\/2025\/07\/Stainless-Steel-Dinner-Plates-Wholesaler-2.webp 582w, https:\/\/www.chancescook.com\/wp-content\/uploads\/2025\/07\/Stainless-Steel-Dinner-Plates-Wholesaler-2-300x300.webp 300w, https:\/\/www.chancescook.com\/wp-content\/uploads\/2025\/07\/Stainless-Steel-Dinner-Plates-Wholesaler-2-150x150.webp 150w, https:\/\/www.chancescook.com\/wp-content\/uploads\/2025\/07\/Stainless-Steel-Dinner-Plates-Wholesaler-2-12x12.webp 12w, https:\/\/www.chancescook.com\/wp-content\/uploads\/2025\/07\/Stainless-Steel-Dinner-Plates-Wholesaler-2-285x285.webp 285w, https:\/\/www.chancescook.com\/wp-content\/uploads\/2025\/07\/Stainless-Steel-Dinner-Plates-Wholesaler-2-270x270.webp 270w, https:\/\/www.chancescook.com\/wp-content\/uploads\/2025\/07\/Stainless-Steel-Dinner-Plates-Wholesaler-2-540x540.webp 540w\" sizes=\"(max-width: 582px) 100vw, 582px\" \/><\/figure>\n<\/div>\n\n\n\n<div class=\"wp-block-column is-layout-flow wp-block-column-is-layout-flow\">\n<figure class=\"wp-block-image size-full\"><img decoding=\"async\" width=\"750\" height=\"750\" src=\"https:\/\/www.chancescook.com\/wp-content\/uploads\/2025\/07\/Stainless-Steel-Dinner-Plates-Wholesaler-4.webp\" alt=\"Edelstahl-Speiseteller Gro\u00dfh\u00e4ndler (4)\" class=\"wp-image-5217\" srcset=\"https:\/\/www.chancescook.com\/wp-content\/uploads\/2025\/07\/Stainless-Steel-Dinner-Plates-Wholesaler-4.webp 750w, https:\/\/www.chancescook.com\/wp-content\/uploads\/2025\/07\/Stainless-Steel-Dinner-Plates-Wholesaler-4-300x300.webp 300w, https:\/\/www.chancescook.com\/wp-content\/uploads\/2025\/07\/Stainless-Steel-Dinner-Plates-Wholesaler-4-150x150.webp 150w, https:\/\/www.chancescook.com\/wp-content\/uploads\/2025\/07\/Stainless-Steel-Dinner-Plates-Wholesaler-4-12x12.webp 12w, https:\/\/www.chancescook.com\/wp-content\/uploads\/2025\/07\/Stainless-Steel-Dinner-Plates-Wholesaler-4-285x285.webp 285w, https:\/\/www.chancescook.com\/wp-content\/uploads\/2025\/07\/Stainless-Steel-Dinner-Plates-Wholesaler-4-270x270.webp 270w, https:\/\/www.chancescook.com\/wp-content\/uploads\/2025\/07\/Stainless-Steel-Dinner-Plates-Wholesaler-4-540x540.webp 540w, https:\/\/www.chancescook.com\/wp-content\/uploads\/2025\/07\/Stainless-Steel-Dinner-Plates-Wholesaler-4-660x660.webp 660w\" sizes=\"(max-width: 750px) 100vw, 750px\" \/><\/figure>\n<\/div>\n<\/div>","protected":false},"excerpt":{"rendered":"<p>Gro\u00dfhandel Retro-Stil angepasst runde Edelstahl Essteller in der Masse. Die Essteller haben eine glatte Oberfl\u00e4che, verhindern Speiser\u00fcckst\u00e4nde, sind leicht zu reinigen, von Hand oder in der Sp\u00fclmaschine abwaschbar und sparen Zeit und Arbeit. Wir bieten ma\u00dfgeschneiderte L\u00f6sungen f\u00fcr Speiseteller. Bitte kontaktieren Sie uns f\u00fcr ein kostenloses Angebot.<\/p>\n<h2>Merkmale und Vorteile von Speisetellern aus Edelstahl<\/h2>\n<ul>\n<li><strong>Hochwertiger Edelstahl 304<\/strong>: aus lebensmittelechtem Edelstahl 304, rost- und korrosionsbest\u00e4ndig, robust und langlebig f\u00fcr den langfristigen Gebrauch, geeignet f\u00fcr den direkten Kontakt mit Lebensmitteln, zum Schutz der Gesundheit.<\/li>\n<li><strong>Mehrere Gr\u00f6\u00dfenoptionen<\/strong>: Erh\u00e4ltlich in den Gr\u00f6\u00dfen 14cm, 17cm, 20cm, 23cm, 26cm, 30cm und 34cm, um verschiedenen Bed\u00fcrfnissen und Anl\u00e4ssen gerecht zu werden, geeignet zum Servieren einer breiten Palette von Lebensmitteln wie Hauptgerichte, Beilagen und Desserts.<\/li>\n<li><strong>Kreisf\u00f6rmiges Design<\/strong>: klassisches, rundes Design, passt zu verschiedenen Essensstilen, l\u00e4sst sich gut mit anderem Geschirr kombinieren und unterstreicht die \u00c4sthetik des gesamten Tisches.<\/li>\n<li><strong>Einschichtige Struktur<\/strong>Leicht und einfach zu tragen, geeignet f\u00fcr den t\u00e4glichen Gebrauch und verschiedene Anl\u00e4sse zum Essen, bequem und praktisch.<\/li>\n<li><strong>Hochtemperaturbest\u00e4ndig<\/strong>Hervorragende Hochtemperaturbest\u00e4ndigkeit, geeignet f\u00fcr Ofen, Mikrowelle und andere Hochtemperaturumgebungen, nicht leicht zu verformen oder zu besch\u00e4digen.<\/li>\n<li><strong>Leicht zu reinigen<\/strong>: smooth surface design, prevents food residue, easy to clean, hand wash or dishwasher washable, saves time and labor.<br \/>\nHealthy and safe: non-coated design, does not contain harmful substances, to ensure the purity and safety of food, suitable for long-term use.<\/li>\n<li><strong>Dekorativ<\/strong>: Das einzigartige Design macht es nicht nur zu einem praktischen Geschirr, sondern auch zu einer farbenfrohen Kulisse auf dem Tisch, die die Sch\u00f6nheit der Essumgebung unterstreicht.<\/li>\n<li><strong>Bieten Sie eine ma\u00dfgeschneiderte L\u00f6sung f\u00fcr den Essteller an.<\/strong><\/li>\n<li><strong>Unterst\u00fctzt OEM&amp;ODM kundenspezifische Essteller.<\/strong><\/li>\n<\/ul>","protected":false},"featured_media":5218,"comment_status":"closed","ping_status":"closed","template":"","meta":{"_acf_changed":false},"product_brand":[],"product_cat":[55],"product_tag":[],"class_list":{"0":"post-5213","1":"product","2":"type-product","3":"status-publish","4":"has-post-thumbnail","6":"product_cat-tableware-wholesale","8":"first","9":"instock","10":"shipping-taxable","11":"product-type-simple"},"acf":[],"_links":{"self":[{"href":"https:\/\/www.chancescook.com\/de\/wp-json\/wp\/v2\/product\/5213","targetHints":{"allow":["GET"]}}],"collection":[{"href":"https:\/\/www.chancescook.com\/de\/wp-json\/wp\/v2\/product"}],"about":[{"href":"https:\/\/www.chancescook.com\/de\/wp-json\/wp\/v2\/types\/product"}],"replies":[{"embeddable":true,"href":"https:\/\/www.chancescook.com\/de\/wp-json\/wp\/v2\/comments?post=5213"}],"wp:featuredmedia":[{"embeddable":true,"href":"https:\/\/www.chancescook.com\/de\/wp-json\/wp\/v2\/media\/5218"}],"wp:attachment":[{"href":"https:\/\/www.chancescook.com\/de\/wp-json\/wp\/v2\/media?parent=5213"}],"wp:term":[{"taxonomy":"product_brand","embeddable":true,"href":"https:\/\/www.chancescook.com\/de\/wp-json\/wp\/v2\/product_brand?post=5213"},{"taxonomy":"product_cat","embeddable":true,"href":"https:\/\/www.chancescook.com\/de\/wp-json\/wp\/v2\/product_cat?post=5213"},{"taxonomy":"product_tag","embeddable":true,"href":"https:\/\/www.chancescook.com\/de\/wp-json\/wp\/v2\/product_tag?post=5213"}],"curies":[{"name":"wp","href":"https:\/\/api.w.org\/{rel}","templated":true}]}}