{"id":5219,"date":"2025-07-30T17:18:12","date_gmt":"2025-07-30T17:18:12","guid":{"rendered":"https:\/\/www.chancescook.com\/?post_type=product&#038;p=5219"},"modified":"2025-07-30T17:18:14","modified_gmt":"2025-07-30T17:18:14","slug":"stainless-steel-oval-tray-supplier","status":"publish","type":"product","link":"https:\/\/www.chancescook.com\/de\/produkt\/stainless-steel-oval-tray-supplier\/","title":{"rendered":"Bulk Edelstahl Oval Tablett Gold \/ Silber Dessertteller Sushi Tabletts Lieferant"},"content":{"rendered":"<div class=\"wp-block-columns is-layout-flex wp-container-core-columns-is-layout-9d6595d7 wp-block-columns-is-layout-flex\">\n<div class=\"wp-block-column is-layout-flow wp-block-column-is-layout-flow\">\n<h2 class=\"wp-block-heading\">Parameter des ovalen Tabletts aus Edelstahl<\/h2>\n\n\n\n<p>Produktname: Ovale Teller\/Sushi-Tabletts<br>Gr\u00f6\u00dfe: Min\/Mid\/Max-Gr\u00f6\u00dfen<br>Material: Sus 201<br>Farbe: Silber\/Gold<br>Logo: Kundenspezifisches Logo wird akzeptiert<\/p>\n<\/div>\n\n\n\n<div class=\"wp-block-column is-layout-flow wp-block-column-is-layout-flow\">\n<h2 class=\"wp-block-heading\">Individuelle Dessertteller\/Sushi-Tabletts<\/h2>\n\n\n\n<p>Logo: Passen Sie Ihr Markenlogo an<br>Verpackung: Farbkasten\/Karton usw.<br>Muster: Passen Sie das gew\u00fcnschte Muster an.<br>MOQ: 1000 St\u00fcck<br>OEM &amp; ODM kundenspezifische L\u00f6sungen f\u00fcr Dessertteller<\/p>\n<\/div>\n<\/div>\n\n\n\n<div class=\"wp-block-columns is-layout-flex wp-container-core-columns-is-layout-9d6595d7 wp-block-columns-is-layout-flex\">\n<div class=\"wp-block-column is-layout-flow wp-block-column-is-layout-flow\">\n<figure class=\"wp-block-image size-full\"><img decoding=\"async\" width=\"750\" height=\"750\" src=\"https:\/\/www.chancescook.com\/wp-content\/uploads\/2025\/07\/Bulk-Stainless-Steel-Oval-Tray-Wholesaler-2.webp\" alt=\"Bulk Edelstahl Oval Tablett Gro\u00dfh\u00e4ndler (2)\" class=\"wp-image-5222\" srcset=\"https:\/\/www.chancescook.com\/wp-content\/uploads\/2025\/07\/Bulk-Stainless-Steel-Oval-Tray-Wholesaler-2.webp 750w, https:\/\/www.chancescook.com\/wp-content\/uploads\/2025\/07\/Bulk-Stainless-Steel-Oval-Tray-Wholesaler-2-300x300.webp 300w, https:\/\/www.chancescook.com\/wp-content\/uploads\/2025\/07\/Bulk-Stainless-Steel-Oval-Tray-Wholesaler-2-150x150.webp 150w, https:\/\/www.chancescook.com\/wp-content\/uploads\/2025\/07\/Bulk-Stainless-Steel-Oval-Tray-Wholesaler-2-12x12.webp 12w, https:\/\/www.chancescook.com\/wp-content\/uploads\/2025\/07\/Bulk-Stainless-Steel-Oval-Tray-Wholesaler-2-285x285.webp 285w, https:\/\/www.chancescook.com\/wp-content\/uploads\/2025\/07\/Bulk-Stainless-Steel-Oval-Tray-Wholesaler-2-270x270.webp 270w, https:\/\/www.chancescook.com\/wp-content\/uploads\/2025\/07\/Bulk-Stainless-Steel-Oval-Tray-Wholesaler-2-540x540.webp 540w, https:\/\/www.chancescook.com\/wp-content\/uploads\/2025\/07\/Bulk-Stainless-Steel-Oval-Tray-Wholesaler-2-660x660.webp 660w\" sizes=\"(max-width: 750px) 100vw, 750px\" \/><\/figure>\n<\/div>\n\n\n\n<div class=\"wp-block-column is-layout-flow wp-block-column-is-layout-flow\">\n<figure class=\"wp-block-image size-full\"><img decoding=\"async\" width=\"749\" height=\"749\" src=\"https:\/\/www.chancescook.com\/wp-content\/uploads\/2025\/07\/Bulk-Stainless-Steel-Oval-Tray-Wholesaler-1.webp\" alt=\"Bulk Edelstahl Oval Tablett Gro\u00dfh\u00e4ndler (1)\" class=\"wp-image-5221\" srcset=\"https:\/\/www.chancescook.com\/wp-content\/uploads\/2025\/07\/Bulk-Stainless-Steel-Oval-Tray-Wholesaler-1.webp 749w, https:\/\/www.chancescook.com\/wp-content\/uploads\/2025\/07\/Bulk-Stainless-Steel-Oval-Tray-Wholesaler-1-300x300.webp 300w, https:\/\/www.chancescook.com\/wp-content\/uploads\/2025\/07\/Bulk-Stainless-Steel-Oval-Tray-Wholesaler-1-150x150.webp 150w, https:\/\/www.chancescook.com\/wp-content\/uploads\/2025\/07\/Bulk-Stainless-Steel-Oval-Tray-Wholesaler-1-12x12.webp 12w, https:\/\/www.chancescook.com\/wp-content\/uploads\/2025\/07\/Bulk-Stainless-Steel-Oval-Tray-Wholesaler-1-285x285.webp 285w, https:\/\/www.chancescook.com\/wp-content\/uploads\/2025\/07\/Bulk-Stainless-Steel-Oval-Tray-Wholesaler-1-270x270.webp 270w, https:\/\/www.chancescook.com\/wp-content\/uploads\/2025\/07\/Bulk-Stainless-Steel-Oval-Tray-Wholesaler-1-540x540.webp 540w, https:\/\/www.chancescook.com\/wp-content\/uploads\/2025\/07\/Bulk-Stainless-Steel-Oval-Tray-Wholesaler-1-660x660.webp 660w\" sizes=\"(max-width: 749px) 100vw, 749px\" \/><\/figure>\n<\/div>\n<\/div>\n\n\n\n<p><\/p>","protected":false},"excerpt":{"rendered":"<p>Willkommen bei unserer eleganten und praktischen Serie ovaler Tabletts aus Edelstahl, erh\u00e4ltlich in Gold und Silber, geeignet f\u00fcr Dessertteller, Sushi-Tabletts und andere Szenarien. Hergestellt aus hochwertigem Edelstahl, sind sie sowohl sch\u00f6n und langlebig, geeignet f\u00fcr Restaurants, Bankette und High-End-Catering-Locations. Als professioneller Anbieter bieten wir Ihnen einen stabilen und zuverl\u00e4ssigen Gro\u00dfeinkaufsservice!<\/p>\n<h3>Merkmale und Vorteile des ovalen Tabletts aus Edelstahl<\/h3>\n<ul>\n<li><strong>Hochwertiger rostfreier Stahl<\/strong>Hergestellt aus hochwertigem 201er Edelstahl, robust und langlebig, rost- und korrosionsbest\u00e4ndig, um eine langfristige Nutzung zu gew\u00e4hrleisten, geeignet f\u00fcr den h\u00e4ufigen Gebrauch in Hotels und Restaurants.<\/li>\n<li><strong>Gestaltung<\/strong>: simple and elegant style design enhances the aesthetics of the table, suitable for a variety of high-end dining venues, showing taste and style.<br \/>\nCustomized size: Provide a variety of size options to meet different dining needs, whether it\u2019s delicate desserts or diverse snacks, you can find the right size.<\/li>\n<li><strong>Ovale Form<\/strong>: Das Design des ovalen Tellers erh\u00f6ht die Flexibilit\u00e4t und Sch\u00f6nheit des Tellers und eignet sich f\u00fcr die Pr\u00e4sentation aller Arten von Desserts, Snacks und kleinen Gerichten vor dem Essen, wodurch der visuelle Effekt der Speisen verst\u00e4rkt wird.<\/li>\n<li><strong>Gesund und sicher<\/strong>: aus lebensmittelechtem Edelstahl, schadstofffrei, garantiert Lebensmittelsicherheit, sicherer Gebrauch, geeignet f\u00fcr den direkten Kontakt mit Lebensmitteln.<\/li>\n<li><strong>Leicht zu reinigen<\/strong>Die glatte Oberfl\u00e4che verhindert Speiser\u00fcckst\u00e4nde, ist leicht zu reinigen, kann mit der Hand oder in der Sp\u00fclmaschine gereinigt werden, spart Zeit und Arbeit und eignet sich f\u00fcr eine effiziente Speisenausgabe.<\/li>\n<li><strong>Lange Lebensdauer<\/strong>Edelstahl: Das Material ist temperatur- und sto\u00dfbest\u00e4ndig, l\u00e4sst sich nicht so leicht verformen oder besch\u00e4digen und eignet sich f\u00fcr den intensiven Einsatz in Gro\u00dfk\u00fcchen.<\/li>\n<li><strong>Multifunktionaler Einsatz<\/strong>: nicht nur f\u00fcr Desserts und Snacks, sondern auch f\u00fcr die Pr\u00e4sentation von Sushi, Sashimi, Vorspeisen und vielen anderen Gerichten, vielseitig und praktisch.<\/li>\n<li><strong>Modisches Aussehen<\/strong>: einfaches und gro\u00dfz\u00fcgiges Design, geeignet f\u00fcr eine Vielzahl von Catering-Stilen, ist ein praktisches und sch\u00f6nes Pr\u00e4sentationsmittel auf dem Tisch.<\/li>\n<li><strong>Professionelle Anpassung<\/strong>: Sie unterst\u00fctzen die individuelle Anpassung an die spezifischen Bed\u00fcrfnisse von Hotels und Restaurants und verbessern das Markenimage und die Kundenzufriedenheit.<\/li>\n<\/ul>\n<h3>vom Hersteller von Edelstahlgeschirr :<\/h3>\n<p>Direkte Lieferung zum Fabrikpreis, was Gro\u00dfhandelskunden hilft, h\u00f6here Gewinnspannen zu erzielen. Es kann Kunden mit Eigenmarken und Verpackungsanpassungen versorgen, exklusive Marken-Campingbecher kreieren und die Anerkennung und Wettbewerbsf\u00e4higkeit der Produkte auf dem Markt verbessern.<\/p>","protected":false},"featured_media":5220,"comment_status":"closed","ping_status":"closed","template":"","meta":{"_acf_changed":false},"product_brand":[],"product_cat":[55],"product_tag":[],"class_list":{"0":"post-5219","1":"product","2":"type-product","3":"status-publish","4":"has-post-thumbnail","6":"product_cat-tableware-wholesale","8":"first","9":"instock","10":"shipping-taxable","11":"product-type-simple"},"acf":[],"_links":{"self":[{"href":"https:\/\/www.chancescook.com\/de\/wp-json\/wp\/v2\/product\/5219","targetHints":{"allow":["GET"]}}],"collection":[{"href":"https:\/\/www.chancescook.com\/de\/wp-json\/wp\/v2\/product"}],"about":[{"href":"https:\/\/www.chancescook.com\/de\/wp-json\/wp\/v2\/types\/product"}],"replies":[{"embeddable":true,"href":"https:\/\/www.chancescook.com\/de\/wp-json\/wp\/v2\/comments?post=5219"}],"wp:featuredmedia":[{"embeddable":true,"href":"https:\/\/www.chancescook.com\/de\/wp-json\/wp\/v2\/media\/5220"}],"wp:attachment":[{"href":"https:\/\/www.chancescook.com\/de\/wp-json\/wp\/v2\/media?parent=5219"}],"wp:term":[{"taxonomy":"product_brand","embeddable":true,"href":"https:\/\/www.chancescook.com\/de\/wp-json\/wp\/v2\/product_brand?post=5219"},{"taxonomy":"product_cat","embeddable":true,"href":"https:\/\/www.chancescook.com\/de\/wp-json\/wp\/v2\/product_cat?post=5219"},{"taxonomy":"product_tag","embeddable":true,"href":"https:\/\/www.chancescook.com\/de\/wp-json\/wp\/v2\/product_tag?post=5219"}],"curies":[{"name":"wp","href":"https:\/\/api.w.org\/{rel}","templated":true}]}}