{"id":5287,"date":"2025-08-14T17:14:58","date_gmt":"2025-08-14T17:14:58","guid":{"rendered":"https:\/\/www.chancescook.com\/?post_type=product&#038;p=5287"},"modified":"2025-12-15T02:49:33","modified_gmt":"2025-12-15T02:49:33","slug":"custom-11-piece-cookware-set-wholesale","status":"publish","type":"product","link":"https:\/\/www.chancescook.com\/de\/produkt\/custom-11-piece-cookware-set-wholesale\/","title":{"rendered":"Benutzerdefinierte 11 St\u00fcck Kochgeschirr Set Gro\u00dfhandel, kompatibel mit verschiedenen \u00d6fen"},"content":{"rendered":"<div class=\"wp-block-columns is-layout-flex wp-container-core-columns-is-layout-9d6595d7 wp-block-columns-is-layout-flex\">\n<div class=\"wp-block-column is-layout-flow wp-block-column-is-layout-flow\">\n<h2 class=\"wp-block-heading\">Parameter des 11-teiligen Kochgeschirrsets<\/h2>\n\n\n\n<ul class=\"wp-block-list\">\n<li><strong>Material:<\/strong> SS201<\/li>\n\n\n\n<li><strong>Farbe<\/strong>: Silber<\/li>\n\n\n\n<li><strong>Unten<\/strong>: Gekapselter Boden (SUS+1,2mm Alu+SUS)<\/li>\n\n\n\n<li><strong>Deckel:<\/strong> Edelstahl-Deckel<\/li>\n\n\n\n<li><strong>Gr\u00f6\u00dfen<\/strong>:54\u00d733\u00d746cm<\/li>\n\n\n\n<li><strong>Anmerkung:<\/strong> Unterst\u00fctzung der Qualit\u00e4tskontrolle bei Kleinserienauftr\u00e4gen<\/li>\n<\/ul>\n<\/div>\n\n\n\n<div class=\"wp-block-column is-layout-flow wp-block-column-is-layout-flow\">\n<h2 class=\"wp-block-heading\">Individuelle Kochgeschirr-Optionen<\/h2>\n\n\n\n<ul class=\"wp-block-list\">\n<li><strong>Logo:<\/strong> Anpassbar mit Ihrem Markenlogo<\/li>\n\n\n\n<li><strong>Handgriff<\/strong>: Griffe f\u00fcr Ihren Stil<\/li>\n\n\n\n<li><strong>Verpackung<\/strong>: Farbige Schachtel\/Karton, etc<\/li>\n<\/ul>\n<\/div>\n<\/div>\n\n\n\n<p><strong><a href=\"https:\/\/www.chancescook.com\/de\/\">Chancescook Kochgeschirr Hersteller<\/a><\/strong> bietet Fabrikpreise und OEM-Anpassungsdienste. Kontaktieren Sie uns f\u00fcr das beste Angebot von einem zuverl\u00e4ssigen Kochgeschirrhersteller.<\/p>\n\n\n\n<div class=\"wp-block-columns is-layout-flex wp-container-core-columns-is-layout-9d6595d7 wp-block-columns-is-layout-flex\">\n<div class=\"wp-block-column is-layout-flow wp-block-column-is-layout-flow\">\n<figure class=\"wp-block-image size-full\"><img decoding=\"async\" width=\"800\" height=\"800\" src=\"https:\/\/www.chancescook.com\/wp-content\/uploads\/2025\/08\/Custom-11-Piece-Cookware-Set-Wholesale-Manufacturer-1.webp\" alt=\"Custom 11 St\u00fcck Kochgeschirr Set Gro\u00dfhandel Hersteller (1)\" class=\"wp-image-5701\" srcset=\"https:\/\/www.chancescook.com\/wp-content\/uploads\/2025\/08\/Custom-11-Piece-Cookware-Set-Wholesale-Manufacturer-1.webp 800w, https:\/\/www.chancescook.com\/wp-content\/uploads\/2025\/08\/Custom-11-Piece-Cookware-Set-Wholesale-Manufacturer-1-300x300.webp 300w, https:\/\/www.chancescook.com\/wp-content\/uploads\/2025\/08\/Custom-11-Piece-Cookware-Set-Wholesale-Manufacturer-1-150x150.webp 150w, https:\/\/www.chancescook.com\/wp-content\/uploads\/2025\/08\/Custom-11-Piece-Cookware-Set-Wholesale-Manufacturer-1-768x768.webp 768w, https:\/\/www.chancescook.com\/wp-content\/uploads\/2025\/08\/Custom-11-Piece-Cookware-Set-Wholesale-Manufacturer-1-12x12.webp 12w, https:\/\/www.chancescook.com\/wp-content\/uploads\/2025\/08\/Custom-11-Piece-Cookware-Set-Wholesale-Manufacturer-1-285x285.webp 285w, https:\/\/www.chancescook.com\/wp-content\/uploads\/2025\/08\/Custom-11-Piece-Cookware-Set-Wholesale-Manufacturer-1-270x270.webp 270w, https:\/\/www.chancescook.com\/wp-content\/uploads\/2025\/08\/Custom-11-Piece-Cookware-Set-Wholesale-Manufacturer-1-540x540.webp 540w, https:\/\/www.chancescook.com\/wp-content\/uploads\/2025\/08\/Custom-11-Piece-Cookware-Set-Wholesale-Manufacturer-1-660x660.webp 660w\" sizes=\"(max-width: 800px) 100vw, 800px\" \/><\/figure>\n<\/div>\n\n\n\n<div class=\"wp-block-column is-layout-flow wp-block-column-is-layout-flow\">\n<figure class=\"wp-block-image size-full\"><img decoding=\"async\" width=\"800\" height=\"800\" src=\"https:\/\/www.chancescook.com\/wp-content\/uploads\/2025\/08\/Custom-11-Piece-Cookware-Set-Wholesale-Manufacturer-2.webp\" alt=\"Ma\u00dfgeschneidertes 11-teiliges Kochgeschirrset Gro\u00dfhandelshersteller (2)\" class=\"wp-image-5702\" srcset=\"https:\/\/www.chancescook.com\/wp-content\/uploads\/2025\/08\/Custom-11-Piece-Cookware-Set-Wholesale-Manufacturer-2.webp 800w, https:\/\/www.chancescook.com\/wp-content\/uploads\/2025\/08\/Custom-11-Piece-Cookware-Set-Wholesale-Manufacturer-2-300x300.webp 300w, https:\/\/www.chancescook.com\/wp-content\/uploads\/2025\/08\/Custom-11-Piece-Cookware-Set-Wholesale-Manufacturer-2-150x150.webp 150w, https:\/\/www.chancescook.com\/wp-content\/uploads\/2025\/08\/Custom-11-Piece-Cookware-Set-Wholesale-Manufacturer-2-768x768.webp 768w, https:\/\/www.chancescook.com\/wp-content\/uploads\/2025\/08\/Custom-11-Piece-Cookware-Set-Wholesale-Manufacturer-2-12x12.webp 12w, https:\/\/www.chancescook.com\/wp-content\/uploads\/2025\/08\/Custom-11-Piece-Cookware-Set-Wholesale-Manufacturer-2-285x285.webp 285w, https:\/\/www.chancescook.com\/wp-content\/uploads\/2025\/08\/Custom-11-Piece-Cookware-Set-Wholesale-Manufacturer-2-270x270.webp 270w, https:\/\/www.chancescook.com\/wp-content\/uploads\/2025\/08\/Custom-11-Piece-Cookware-Set-Wholesale-Manufacturer-2-540x540.webp 540w, https:\/\/www.chancescook.com\/wp-content\/uploads\/2025\/08\/Custom-11-Piece-Cookware-Set-Wholesale-Manufacturer-2-660x660.webp 660w\" sizes=\"(max-width: 800px) 100vw, 800px\" \/><\/figure>\n<\/div>\n\n\n\n<div class=\"wp-block-column is-layout-flow wp-block-column-is-layout-flow\">\n<figure class=\"wp-block-image size-full\"><img decoding=\"async\" width=\"800\" height=\"800\" src=\"https:\/\/www.chancescook.com\/wp-content\/uploads\/2025\/08\/Custom-11-Piece-Cookware-Set-Wholesale-Manufacturer-3.webp\" alt=\"Ma\u00dfgeschneidertes 11-teiliges Kochgeschirrset Gro\u00dfhandelshersteller (3)\" class=\"wp-image-5703\" srcset=\"https:\/\/www.chancescook.com\/wp-content\/uploads\/2025\/08\/Custom-11-Piece-Cookware-Set-Wholesale-Manufacturer-3.webp 800w, https:\/\/www.chancescook.com\/wp-content\/uploads\/2025\/08\/Custom-11-Piece-Cookware-Set-Wholesale-Manufacturer-3-300x300.webp 300w, https:\/\/www.chancescook.com\/wp-content\/uploads\/2025\/08\/Custom-11-Piece-Cookware-Set-Wholesale-Manufacturer-3-150x150.webp 150w, https:\/\/www.chancescook.com\/wp-content\/uploads\/2025\/08\/Custom-11-Piece-Cookware-Set-Wholesale-Manufacturer-3-768x768.webp 768w, https:\/\/www.chancescook.com\/wp-content\/uploads\/2025\/08\/Custom-11-Piece-Cookware-Set-Wholesale-Manufacturer-3-12x12.webp 12w, https:\/\/www.chancescook.com\/wp-content\/uploads\/2025\/08\/Custom-11-Piece-Cookware-Set-Wholesale-Manufacturer-3-285x285.webp 285w, https:\/\/www.chancescook.com\/wp-content\/uploads\/2025\/08\/Custom-11-Piece-Cookware-Set-Wholesale-Manufacturer-3-270x270.webp 270w, https:\/\/www.chancescook.com\/wp-content\/uploads\/2025\/08\/Custom-11-Piece-Cookware-Set-Wholesale-Manufacturer-3-540x540.webp 540w, https:\/\/www.chancescook.com\/wp-content\/uploads\/2025\/08\/Custom-11-Piece-Cookware-Set-Wholesale-Manufacturer-3-660x660.webp 660w\" sizes=\"(max-width: 800px) 100vw, 800px\" \/><\/figure>\n<\/div>\n<\/div>","protected":false},"excerpt":{"rendered":"<p>11-teiliges Kochgeschirrset f\u00fcr den Gro\u00dfhandel. Dieses Set enth\u00e4lt einen Milchtopf, einen Suppentopf und eine Bratpfanne f\u00fcr verschiedene Kochbed\u00fcrfnisse wie Kochen, Schmoren und D\u00e4mpfen. Der dreischichtige Boden sorgt f\u00fcr eine schnelle W\u00e4rmeleitung. Sie sind aus robustem Edelstahl gefertigt, sp\u00fclmaschinenfest und sowohl f\u00fcr den gewerblichen als auch f\u00fcr den privaten Gebrauch geeignet. Kontaktieren Sie uns f\u00fcr den Produktkatalog und ein Angebot.<\/p>\n<p>&nbsp;<\/p>\n<h2>Merkmale des 11-teiligen Kochgeschirrsets<\/h2>\n<p>&nbsp;<\/p>\n<ul>\n<li><strong>Professionelle Kochleistung<\/strong>: Der Topfboden besteht aus dreifachem Material, das die W\u00e4rme gleichm\u00e4\u00dfig verteilt und eine \u00dcberhitzung wirksam verhindert und so f\u00fcr hervorragende Kochergebnisse sorgt.<\/li>\n<li><strong>Vielseitiges Set<\/strong>: Dieses komplette Kochgeschirrset besteht aus einem Suppentopf, einem Schmortopf und einer Bratpfanne, die verschiedene Kochbed\u00fcrfnisse wie Kochen, Schmoren und D\u00fcnsten abdecken und sich somit sowohl f\u00fcr Heimk\u00f6che als auch f\u00fcr Restaurants eignen.<\/li>\n<li><strong>Leicht zu reinigen und zu pflegen<\/strong>: Die unbeschichtete Edelstahloberfl\u00e4che ist kratzfest und schmutzabweisend, und das Kochgeschirr in diesem Set ist sp\u00fclmaschinenfest und damit f\u00fcr Gro\u00dfk\u00fcchen geeignet, die eine effiziente und bequeme Reinigung erfordern.<\/li>\n<li><strong>Ausgezeichneter detaillierter Entwurf<\/strong>: Der passgenaue Deckel sorgt f\u00fcr einen sicheren Verschluss und eine verbesserte W\u00e4rmespeicherung. Der vernietete Griff sorgt f\u00fcr zus\u00e4tzliche Festigkeit und Haltbarkeit bei langfristiger Verwendung.<\/li>\n<li><strong>Gro\u00dfhandel Kochgeschirr Service<\/strong>: Als zuverl\u00e4ssiger Hersteller von Kochgeschirr aus China bieten wir Gro\u00dfhandel Kochgeschirr f\u00fcr globale B2B-K\u00e4ufer in einer Vielzahl von Stilen zu Fabrikpreisen. Wir unterst\u00fctzen auch Marke OEM-Dienstleistungen.<\/li>\n<\/ul>","protected":false},"featured_media":5288,"comment_status":"closed","ping_status":"closed","template":"","meta":{"_acf_changed":false},"product_brand":[],"product_cat":[53],"product_tag":[],"class_list":{"0":"post-5287","1":"product","2":"type-product","3":"status-publish","4":"has-post-thumbnail","6":"product_cat-wholesale-cookware-sets","8":"first","9":"instock","10":"shipping-taxable","11":"product-type-simple"},"acf":[],"_links":{"self":[{"href":"https:\/\/www.chancescook.com\/de\/wp-json\/wp\/v2\/product\/5287","targetHints":{"allow":["GET"]}}],"collection":[{"href":"https:\/\/www.chancescook.com\/de\/wp-json\/wp\/v2\/product"}],"about":[{"href":"https:\/\/www.chancescook.com\/de\/wp-json\/wp\/v2\/types\/product"}],"replies":[{"embeddable":true,"href":"https:\/\/www.chancescook.com\/de\/wp-json\/wp\/v2\/comments?post=5287"}],"wp:featuredmedia":[{"embeddable":true,"href":"https:\/\/www.chancescook.com\/de\/wp-json\/wp\/v2\/media\/5288"}],"wp:attachment":[{"href":"https:\/\/www.chancescook.com\/de\/wp-json\/wp\/v2\/media?parent=5287"}],"wp:term":[{"taxonomy":"product_brand","embeddable":true,"href":"https:\/\/www.chancescook.com\/de\/wp-json\/wp\/v2\/product_brand?post=5287"},{"taxonomy":"product_cat","embeddable":true,"href":"https:\/\/www.chancescook.com\/de\/wp-json\/wp\/v2\/product_cat?post=5287"},{"taxonomy":"product_tag","embeddable":true,"href":"https:\/\/www.chancescook.com\/de\/wp-json\/wp\/v2\/product_tag?post=5287"}],"curies":[{"name":"wp","href":"https:\/\/api.w.org\/{rel}","templated":true}]}}