{"id":5289,"date":"2025-08-14T17:30:30","date_gmt":"2025-08-14T17:30:30","guid":{"rendered":"https:\/\/www.chancescook.com\/?post_type=product&#038;p=5289"},"modified":"2025-08-14T17:31:44","modified_gmt":"2025-08-14T17:31:44","slug":"12-piece-stainless-steel-cookware-set","status":"publish","type":"product","link":"https:\/\/www.chancescook.com\/de\/produkt\/12-piece-stainless-steel-cookware-set\/","title":{"rendered":"OEM 12 St\u00fcck Edelstahl Kochgeschirr Set Gro\u00dfhandel, kompatibel mit verschiedenen \u00d6fen"},"content":{"rendered":"<div class=\"wp-block-columns is-layout-flex wp-container-core-columns-is-layout-9d6595d7 wp-block-columns-is-layout-flex\">\n<div class=\"wp-block-column is-layout-flow wp-block-column-is-layout-flow\">\n<h2 class=\"wp-block-heading\">Parameter des 12-teiligen Kochgeschirrsets aus Edelstahl<\/h2>\n\n\n\n<ul class=\"wp-block-list\">\n<li><strong>Material<\/strong>: SS201<\/li>\n\n\n\n<li><strong>Farbe<\/strong>: Silber<\/li>\n\n\n\n<li><strong>Unten<\/strong>: Gekapselter Boden (SUS+1,2mm Alu+SUS)<\/li>\n\n\n\n<li><strong>Deckel<\/strong>: Edelstahl-Deckel<\/li>\n\n\n\n<li><strong>Gr\u00f6\u00dfen<\/strong>:53\u00d734\u00d738cm<\/li>\n\n\n\n<li><strong>Hinweis<\/strong>: Unterst\u00fctzung der Qualit\u00e4tskontrolle bei Kleinserienauftr\u00e4gen<\/li>\n<\/ul>\n<\/div>\n\n\n\n<div class=\"wp-block-column is-layout-flow wp-block-column-is-layout-flow\">\n<h2 class=\"wp-block-heading\"><mark style=\"background-color:rgba(0, 0, 0, 0)\" class=\"has-inline-color has-vivid-red-color\"><a href=\"https:\/\/www.chancescook.com\/de\/custom-cookware\/\">Individuelles Kochgeschirr<\/a><\/mark> Optionen<\/h2>\n\n\n\n<ul class=\"wp-block-list\">\n<li><strong>Logo<\/strong>: Anpassbar mit Ihrem Markenlogo<\/li>\n\n\n\n<li><strong>Handgriff<\/strong>: Griffe f\u00fcr Ihren Stil<\/li>\n\n\n\n<li><strong>Verpackung<\/strong>: Farbige Schachtel\/Karton, etc<\/li>\n<\/ul>\n<\/div>\n<\/div>\n\n\n\n<p><\/p>","protected":false},"excerpt":{"rendered":"<p>Wholesale 12 piece cookware set. This set includes a milk pot, a soup pot, and a fry pan for various cooking needs, including boiling, stewing, and steaming. The three-layer bottom ensures rapid heat conduction. Made of durable stainless steel, they are dishwasher-safe and suitable for both commercial and domestic use. Contact us for the product catalogue and quotation.<\/p>\n<p>Der Kochgeschirrhersteller Chancescook bietet Fabrikpreise und OEM-Anpassungsdienste. Kontaktieren Sie uns f\u00fcr das beste Angebot von einem zuverl\u00e4ssigen Kochgeschirrhersteller.<\/p>\n<p>&nbsp;<\/p>\n<h2>Merkmale des 12-teiligen Edelstahl-Kochgeschirrsets<\/h2>\n<p>&nbsp;<\/p>\n<ul>\n<li><strong>Professionelle Kochleistung<\/strong>: Der Topfboden besteht aus dreifachem Material, das die W\u00e4rme gleichm\u00e4\u00dfig verteilt und eine \u00dcberhitzung wirksam verhindert und so f\u00fcr hervorragende Kochergebnisse sorgt.<\/li>\n<li><strong>Vielseitiges Set<\/strong>: Dieses komplette Kochgeschirrset besteht aus einem Suppentopf, einem Schmortopf und einer Bratpfanne, die verschiedene Kochbed\u00fcrfnisse wie Kochen, Schmoren und D\u00e4mpfen abdecken und sich somit sowohl f\u00fcr Heimk\u00f6che als auch f\u00fcr Restaurants eignen.<\/li>\n<li><strong>Leicht zu reinigen und zu pflegen<\/strong>: Die unbeschichtete Edelstahloberfl\u00e4che ist sowohl kratzfest als auch fleckenunempfindlich. Das Kochgeschirr in diesem Set ist sp\u00fclmaschinenfest und eignet sich daher f\u00fcr Gro\u00dfk\u00fcchen, die eine effiziente und bequeme Reinigung erfordern.<\/li>\n<li><strong>Ausgezeichneter detaillierter Entwurf<\/strong>: Der passgenaue Deckel sorgt f\u00fcr einen sicheren Verschluss und eine verbesserte W\u00e4rmespeicherung. Der vernietete Griff sorgt f\u00fcr zus\u00e4tzliche Festigkeit und Haltbarkeit bei langfristiger Verwendung.<\/li>\n<li><strong>Gro\u00dfhandel Kochgeschirr Service<\/strong>: Als zuverl\u00e4ssiger Hersteller von Kochgeschirr aus China bieten wir Gro\u00dfhandel Kochgeschirr f\u00fcr globale B2B-K\u00e4ufer in einer Vielzahl von Stilen zu Fabrikpreisen. Wir unterst\u00fctzen auch Marke OEM-Dienstleistungen.<\/li>\n<\/ul>","protected":false},"featured_media":5290,"comment_status":"closed","ping_status":"closed","template":"","meta":{"_acf_changed":false},"product_brand":[],"product_cat":[53],"product_tag":[],"class_list":{"0":"post-5289","1":"product","2":"type-product","3":"status-publish","4":"has-post-thumbnail","6":"product_cat-wholesale-cookware-sets","8":"first","9":"instock","10":"shipping-taxable","11":"product-type-simple"},"acf":[],"_links":{"self":[{"href":"https:\/\/www.chancescook.com\/de\/wp-json\/wp\/v2\/product\/5289","targetHints":{"allow":["GET"]}}],"collection":[{"href":"https:\/\/www.chancescook.com\/de\/wp-json\/wp\/v2\/product"}],"about":[{"href":"https:\/\/www.chancescook.com\/de\/wp-json\/wp\/v2\/types\/product"}],"replies":[{"embeddable":true,"href":"https:\/\/www.chancescook.com\/de\/wp-json\/wp\/v2\/comments?post=5289"}],"wp:featuredmedia":[{"embeddable":true,"href":"https:\/\/www.chancescook.com\/de\/wp-json\/wp\/v2\/media\/5290"}],"wp:attachment":[{"href":"https:\/\/www.chancescook.com\/de\/wp-json\/wp\/v2\/media?parent=5289"}],"wp:term":[{"taxonomy":"product_brand","embeddable":true,"href":"https:\/\/www.chancescook.com\/de\/wp-json\/wp\/v2\/product_brand?post=5289"},{"taxonomy":"product_cat","embeddable":true,"href":"https:\/\/www.chancescook.com\/de\/wp-json\/wp\/v2\/product_cat?post=5289"},{"taxonomy":"product_tag","embeddable":true,"href":"https:\/\/www.chancescook.com\/de\/wp-json\/wp\/v2\/product_tag?post=5289"}],"curies":[{"name":"wp","href":"https:\/\/api.w.org\/{rel}","templated":true}]}}