{"id":5291,"date":"2025-08-14T18:10:25","date_gmt":"2025-08-14T18:10:25","guid":{"rendered":"https:\/\/www.chancescook.com\/?post_type=product&#038;p=5291"},"modified":"2025-12-22T06:42:32","modified_gmt":"2025-12-22T06:42:32","slug":"wholesale-korean-ramen-pot","status":"publish","type":"product","link":"https:\/\/www.chancescook.com\/de\/produkt\/wholesale-korean-ramen-pot\/","title":{"rendered":"Gro\u00dfhandel Koreanisch Ramen Topf Edelstahl Handcrafted Instant Suppe Topf Lieferant"},"content":{"rendered":"<div class=\"wp-block-columns is-layout-flex wp-container-core-columns-is-layout-9d6595d7 wp-block-columns-is-layout-flex\">\n<div class=\"wp-block-column is-layout-flow wp-block-column-is-layout-flow\">\n<h2 class=\"wp-block-heading\">Parameter des koreanischen Ramen-Topfes aus Edelstahl<\/h2>\n\n\n\n<ul class=\"wp-block-list\">\n<li><strong>Normale Dicke<\/strong>: 0,5 mm<\/li>\n\n\n\n<li><strong>Gr\u00f6\u00dfe<\/strong>: 18cm<\/li>\n\n\n\n<li>Logo: Lasergravur<\/li>\n\n\n\n<li>MOQ: 1000 St\u00fcck<\/li>\n<\/ul>\n<\/div>\n\n\n\n<div class=\"wp-block-column is-layout-flow wp-block-column-is-layout-flow\">\n<h2 class=\"wp-block-heading\">Kundenspezifischer Ramen-Topf aus Edelstahl<\/h2>\n\n\n\n<p>Logo: Passen Sie Ihr Markenlogo an<br>Material: Rostfreier Stahl SUS430<br>Materialst\u00e4rke: 0,5 mm<br>Verpackung: Farbkasten\/Karton, etc.<br>OEM &amp; ODM Kundenspezifische Kochtopf-L\u00f6sungen<\/p>\n<\/div>\n<\/div>\n\n\n\n<div class=\"wp-block-columns is-layout-flex wp-container-core-columns-is-layout-9d6595d7 wp-block-columns-is-layout-flex\">\n<div class=\"wp-block-column is-layout-flow wp-block-column-is-layout-flow\">\n<figure class=\"wp-block-image size-full\"><img decoding=\"async\" width=\"457\" height=\"457\" src=\"https:\/\/www.chancescook.com\/wp-content\/uploads\/2025\/08\/Custom-Korean-Ramen-Pot-Wholesale.webp\" alt=\"Benutzerdefinierte koreanische Ramen Topf Gro\u00dfhandel\" class=\"wp-image-5292\" srcset=\"https:\/\/www.chancescook.com\/wp-content\/uploads\/2025\/08\/Custom-Korean-Ramen-Pot-Wholesale.webp 457w, https:\/\/www.chancescook.com\/wp-content\/uploads\/2025\/08\/Custom-Korean-Ramen-Pot-Wholesale-300x300.webp 300w, https:\/\/www.chancescook.com\/wp-content\/uploads\/2025\/08\/Custom-Korean-Ramen-Pot-Wholesale-150x150.webp 150w, https:\/\/www.chancescook.com\/wp-content\/uploads\/2025\/08\/Custom-Korean-Ramen-Pot-Wholesale-12x12.webp 12w, https:\/\/www.chancescook.com\/wp-content\/uploads\/2025\/08\/Custom-Korean-Ramen-Pot-Wholesale-285x285.webp 285w, https:\/\/www.chancescook.com\/wp-content\/uploads\/2025\/08\/Custom-Korean-Ramen-Pot-Wholesale-270x270.webp 270w\" sizes=\"(max-width: 457px) 100vw, 457px\" \/><\/figure>\n<\/div>\n\n\n\n<div class=\"wp-block-column is-layout-flow wp-block-column-is-layout-flow\">\n<figure class=\"wp-block-image size-full\"><img decoding=\"async\" width=\"445\" height=\"445\" src=\"https:\/\/www.chancescook.com\/wp-content\/uploads\/2025\/08\/Custom-Korean-Ramen-Pot-Wholesaler.webp\" alt=\"Benutzerdefinierte koreanische Ramen Topf Gro\u00dfh\u00e4ndler\" class=\"wp-image-5293\" srcset=\"https:\/\/www.chancescook.com\/wp-content\/uploads\/2025\/08\/Custom-Korean-Ramen-Pot-Wholesaler.webp 445w, https:\/\/www.chancescook.com\/wp-content\/uploads\/2025\/08\/Custom-Korean-Ramen-Pot-Wholesaler-300x300.webp 300w, https:\/\/www.chancescook.com\/wp-content\/uploads\/2025\/08\/Custom-Korean-Ramen-Pot-Wholesaler-150x150.webp 150w, https:\/\/www.chancescook.com\/wp-content\/uploads\/2025\/08\/Custom-Korean-Ramen-Pot-Wholesaler-12x12.webp 12w, https:\/\/www.chancescook.com\/wp-content\/uploads\/2025\/08\/Custom-Korean-Ramen-Pot-Wholesaler-285x285.webp 285w, https:\/\/www.chancescook.com\/wp-content\/uploads\/2025\/08\/Custom-Korean-Ramen-Pot-Wholesaler-270x270.webp 270w\" sizes=\"(max-width: 445px) 100vw, 445px\" \/><\/figure>\n<\/div>\n<\/div>\n\n\n\n<p><\/p>","protected":false},"excerpt":{"rendered":"<p>Gro\u00dfhandel goldene Schneeflocke Muster Instant-Nudel-Topf, aus hochwertigem Edelstahl, umweltfreundlich und ohne Beschichtung, mit einem verdickten Anti-Verbr\u00fchung Edelstahlgriff und Nietverbindung ausgestattet, die einen bequemen und festen Griff, effektiv zu verhindern Verbr\u00fchungen. Dieser koreanische Ramen-Topf ist f\u00fcr chinesische Restaurants, Hotels und den Hausgebrauch geeignet. Willkommen bei uns. Chancescook Kochgeschirr Hersteller bietet Ihnen One-Stop-Gro\u00dfhandel und Anpassung Dienstleistungen.<\/p>\n<h2>Merkmale und Vorteile des koreanischen Ramen-Topfes<\/h2>\n<ul>\n<li><strong>Hochwertige Materialien<\/strong>: Aus hochwertigem Edelstahl gefertigt, ist es nicht anf\u00e4llig f\u00fcr Kratzer oder Verschlei\u00df, kann h\u00e4ufigen t\u00e4glichen Gebrauch aushalten, hat keine Beschichtung, ist hitzebest\u00e4ndig, und ist sicher und gesund zu verwenden.<\/li>\n<li><strong>Gute Hitzebest\u00e4ndigkeit<\/strong>: Edelstahl verf\u00fcgt \u00fcber eine hervorragende W\u00e4rmeleitf\u00e4higkeit, die eine schnelle und gleichm\u00e4\u00dfige Erw\u00e4rmung der Zutaten erm\u00f6glicht und die Speisen noch schmackhafter macht.<\/li>\n<li><strong>Leicht zu reinigen<\/strong>: Woks aus Edelstahl sind sehr leicht zu reinigen und k\u00f6nnen mit einem weichen Tuch abgewischt werden. Die starke Korrosionsbest\u00e4ndigkeit und die F\u00e4higkeit, sich nicht zu verformen, machen T\u00f6pfe aus Edelstahl auch nach langem Gebrauch so gut wie neu.<\/li>\n<li><strong>Gro\u00dfhandel Service<\/strong>: Als Hersteller von Kochgeschirr aus Edelstahl, <span style=\"color: #993300;\"><a style=\"color: #993300;\" href=\"https:\/\/www.chancescook.com\/de\/\"><strong>Chancescook<\/strong><\/a><\/span> bietet Gro\u00dfh\u00e4ndlern und Einzelh\u00e4ndlern goldene Instantnudelt\u00f6pfe an und bietet professionelle Anpassungsdienste.<\/li>\n<\/ul>\n<p>&nbsp;<\/p>","protected":false},"featured_media":5790,"comment_status":"closed","ping_status":"closed","template":"","meta":{"_acf_changed":false},"product_brand":[],"product_cat":[62,52],"product_tag":[],"class_list":{"0":"post-5291","1":"product","2":"type-product","3":"status-publish","4":"has-post-thumbnail","6":"product_cat-wholesale-soup-pot","7":"product_cat-cookware-wholesale","9":"first","10":"instock","11":"shipping-taxable","12":"product-type-simple"},"acf":[],"_links":{"self":[{"href":"https:\/\/www.chancescook.com\/de\/wp-json\/wp\/v2\/product\/5291","targetHints":{"allow":["GET"]}}],"collection":[{"href":"https:\/\/www.chancescook.com\/de\/wp-json\/wp\/v2\/product"}],"about":[{"href":"https:\/\/www.chancescook.com\/de\/wp-json\/wp\/v2\/types\/product"}],"replies":[{"embeddable":true,"href":"https:\/\/www.chancescook.com\/de\/wp-json\/wp\/v2\/comments?post=5291"}],"wp:featuredmedia":[{"embeddable":true,"href":"https:\/\/www.chancescook.com\/de\/wp-json\/wp\/v2\/media\/5790"}],"wp:attachment":[{"href":"https:\/\/www.chancescook.com\/de\/wp-json\/wp\/v2\/media?parent=5291"}],"wp:term":[{"taxonomy":"product_brand","embeddable":true,"href":"https:\/\/www.chancescook.com\/de\/wp-json\/wp\/v2\/product_brand?post=5291"},{"taxonomy":"product_cat","embeddable":true,"href":"https:\/\/www.chancescook.com\/de\/wp-json\/wp\/v2\/product_cat?post=5291"},{"taxonomy":"product_tag","embeddable":true,"href":"https:\/\/www.chancescook.com\/de\/wp-json\/wp\/v2\/product_tag?post=5291"}],"curies":[{"name":"wp","href":"https:\/\/api.w.org\/{rel}","templated":true}]}}