{"id":5298,"date":"2025-08-14T18:35:34","date_gmt":"2025-08-14T18:35:34","guid":{"rendered":"https:\/\/www.chancescook.com\/?post_type=product&#038;p=5298"},"modified":"2025-12-22T06:44:11","modified_gmt":"2025-12-22T06:44:11","slug":"stainless-steel-noodle-pot-wholesale","status":"publish","type":"product","link":"https:\/\/www.chancescook.com\/de\/produkt\/stainless-steel-noodle-pot-wholesale\/","title":{"rendered":"Gro\u00dfhandel Edelstahl Nudeltopf, koreanische Ramen Nudeltopf mit Griff"},"content":{"rendered":"<div class=\"wp-block-columns is-layout-flex wp-container-core-columns-is-layout-9d6595d7 wp-block-columns-is-layout-flex\">\n<div class=\"wp-block-column is-layout-flow wp-block-column-is-layout-flow\">\n<h2 class=\"wp-block-heading\">Parameter des Nudeltopfes aus Edelstahl<\/h2>\n\n\n\n<ul class=\"wp-block-list\">\n<li>Normale Dicke: 1 mm<\/li>\n\n\n\n<li>Gr\u00f6\u00dfe: 18cm<\/li>\n\n\n\n<li>Logo: Lasergravur<\/li>\n\n\n\n<li>MOQ: 1000 St\u00fcck<\/li>\n<\/ul>\n<\/div>\n\n\n\n<div class=\"wp-block-column is-layout-flow wp-block-column-is-layout-flow\">\n<h2 class=\"wp-block-heading\">Kundenspezifischer Nudeltopf aus Edelstahl<\/h2>\n\n\n\n<ul class=\"wp-block-list\">\n<li>Logo: Passen Sie Ihr Markenlogo an<\/li>\n\n\n\n<li>Material: Rostfreier Stahl SUS430<\/li>\n\n\n\n<li>Materialst\u00e4rke: 1 mm<\/li>\n\n\n\n<li>Verpackung: Farbkasten\/Karton, etc.<\/li>\n\n\n\n<li><strong><a href=\"https:\/\/www.chancescook.com\/de\/custom-cookware\/\">OEM &amp; ODM Kundenspezifische Kochtopf-L\u00f6sungen<\/a><\/strong><\/li>\n<\/ul>\n<\/div>\n<\/div>\n\n\n\n<div class=\"wp-block-columns is-layout-flex wp-container-core-columns-is-layout-9d6595d7 wp-block-columns-is-layout-flex\">\n<div class=\"wp-block-column is-layout-flow wp-block-column-is-layout-flow\" style=\"flex-basis:25%\"><\/div>\n\n\n\n<div class=\"wp-block-column is-layout-flow wp-block-column-is-layout-flow\" style=\"flex-basis:50%\">\n<figure class=\"wp-block-image size-full\"><img decoding=\"async\" width=\"749\" height=\"584\" src=\"https:\/\/www.chancescook.com\/wp-content\/uploads\/2025\/08\/Stainless-Steel-Noodle-Pot-Wholesale-Korean-Ramen-Noodle-Pot.webp\" alt=\"Edelstahl Nudeltopf Gro\u00dfhandel Koreanisch Ramen Nudeltopf\" class=\"wp-image-5299\" srcset=\"https:\/\/www.chancescook.com\/wp-content\/uploads\/2025\/08\/Stainless-Steel-Noodle-Pot-Wholesale-Korean-Ramen-Noodle-Pot.webp 749w, https:\/\/www.chancescook.com\/wp-content\/uploads\/2025\/08\/Stainless-Steel-Noodle-Pot-Wholesale-Korean-Ramen-Noodle-Pot-300x234.webp 300w, https:\/\/www.chancescook.com\/wp-content\/uploads\/2025\/08\/Stainless-Steel-Noodle-Pot-Wholesale-Korean-Ramen-Noodle-Pot-15x12.webp 15w, https:\/\/www.chancescook.com\/wp-content\/uploads\/2025\/08\/Stainless-Steel-Noodle-Pot-Wholesale-Korean-Ramen-Noodle-Pot-285x222.webp 285w, https:\/\/www.chancescook.com\/wp-content\/uploads\/2025\/08\/Stainless-Steel-Noodle-Pot-Wholesale-Korean-Ramen-Noodle-Pot-360x280.webp 360w, https:\/\/www.chancescook.com\/wp-content\/uploads\/2025\/08\/Stainless-Steel-Noodle-Pot-Wholesale-Korean-Ramen-Noodle-Pot-660x515.webp 660w, https:\/\/www.chancescook.com\/wp-content\/uploads\/2025\/08\/Stainless-Steel-Noodle-Pot-Wholesale-Korean-Ramen-Noodle-Pot-150x117.webp 150w\" sizes=\"(max-width: 749px) 100vw, 749px\" \/><\/figure>\n<\/div>\n\n\n\n<div class=\"wp-block-column is-layout-flow wp-block-column-is-layout-flow\" style=\"flex-basis:25%\"><\/div>\n<\/div>","protected":false},"excerpt":{"rendered":"<p>Gro\u00dfhandel goldenen Nudeltopf, aus hochwertigem Edelstahl, umweltfreundlich und unbeschichtet, mit verdickten Anti-Verbr\u00fchungs-Edelstahl-Griff und Niet-Verbindung, die einen komfortablen und festen Griff, effektiv zu verhindern Verbrennungen ausgestattet. Dieser goldene Nudeltopf ist f\u00fcr chinesische Restaurants, Hotels und den Hausgebrauch geeignet. Willkommen bei uns. Chancescook Kochgeschirr Hersteller bietet Ihnen One-Stop-Gro\u00dfhandel und Customization Services. \u00a0<\/p>\n<h2>Vorteile des Nudeltopfs aus Edelstahl<\/h2>\n<p>&nbsp;<\/p>\n<ul>\n<li><strong>Hochwertiges Material:<\/strong> Hergestellt aus hochwertigem Edelstahl, nicht leicht zerkratzt oder abgenutzt, kann h\u00e4ufigen t\u00e4glichen Gebrauch standhalten, unbeschichtet, hochtemperaturbest\u00e4ndig, sicher und gesund zu verwenden.<\/li>\n<li><strong>Gute Hitzebest\u00e4ndigkeit<\/strong>: Edelstahl hat eine gute W\u00e4rmeleitf\u00e4higkeit, wodurch die Zutaten schnell und gleichm\u00e4\u00dfig erhitzt werden k\u00f6nnen, was sie noch schmackhafter macht.<\/li>\n<li><strong>Leicht zu reinigen<\/strong>: Der Wok aus Edelstahl ist sehr leicht zu reinigen und kann mit einem weichen Tuch abgewischt werden. Die starke Korrosions- und Verformungsbest\u00e4ndigkeit von Edelstahlt\u00f6pfen sorgt daf\u00fcr, dass sie auch nach langem Gebrauch wie neu sind.<\/li>\n<li><strong>Gro\u00dfhandelsdienstleistung<\/strong>: Als Hersteller von Kochgeschirr aus rostfreiem Stahl bietet Chancescook Gro\u00dfh\u00e4ndlern und Einzelh\u00e4ndlern goldene Nudelt\u00f6pfe sowie einen professionellen Anpassungsservice.<\/li>\n<\/ul>","protected":false},"featured_media":5791,"comment_status":"closed","ping_status":"closed","template":"","meta":{"_acf_changed":false},"product_brand":[],"product_cat":[52,62],"product_tag":[],"class_list":{"0":"post-5298","1":"product","2":"type-product","3":"status-publish","4":"has-post-thumbnail","6":"product_cat-cookware-wholesale","7":"product_cat-wholesale-soup-pot","9":"first","10":"instock","11":"shipping-taxable","12":"product-type-simple"},"acf":[],"_links":{"self":[{"href":"https:\/\/www.chancescook.com\/de\/wp-json\/wp\/v2\/product\/5298","targetHints":{"allow":["GET"]}}],"collection":[{"href":"https:\/\/www.chancescook.com\/de\/wp-json\/wp\/v2\/product"}],"about":[{"href":"https:\/\/www.chancescook.com\/de\/wp-json\/wp\/v2\/types\/product"}],"replies":[{"embeddable":true,"href":"https:\/\/www.chancescook.com\/de\/wp-json\/wp\/v2\/comments?post=5298"}],"wp:featuredmedia":[{"embeddable":true,"href":"https:\/\/www.chancescook.com\/de\/wp-json\/wp\/v2\/media\/5791"}],"wp:attachment":[{"href":"https:\/\/www.chancescook.com\/de\/wp-json\/wp\/v2\/media?parent=5298"}],"wp:term":[{"taxonomy":"product_brand","embeddable":true,"href":"https:\/\/www.chancescook.com\/de\/wp-json\/wp\/v2\/product_brand?post=5298"},{"taxonomy":"product_cat","embeddable":true,"href":"https:\/\/www.chancescook.com\/de\/wp-json\/wp\/v2\/product_cat?post=5298"},{"taxonomy":"product_tag","embeddable":true,"href":"https:\/\/www.chancescook.com\/de\/wp-json\/wp\/v2\/product_tag?post=5298"}],"curies":[{"name":"wp","href":"https:\/\/api.w.org\/{rel}","templated":true}]}}