{"id":5357,"date":"2025-08-31T19:28:21","date_gmt":"2025-08-31T19:28:21","guid":{"rendered":"https:\/\/www.chancescook.com\/?post_type=product&#038;p=5357"},"modified":"2025-08-31T19:28:24","modified_gmt":"2025-08-31T19:28:24","slug":"wholesale-6-piece-cookware-set","status":"publish","type":"product","link":"https:\/\/www.chancescook.com\/de\/produkt\/wholesale-6-piece-cookware-set\/","title":{"rendered":"Gro\u00dfhandel 6 St\u00fcck Kochgeschirr Set - Kompatibel mit verschiedenen \u00d6fen"},"content":{"rendered":"<div class=\"wp-block-columns is-layout-flex wp-container-core-columns-is-layout-9d6595d7 wp-block-columns-is-layout-flex\">\n<div class=\"wp-block-column is-layout-flow wp-block-column-is-layout-flow\">\n<h3 class=\"wp-block-heading\">Parameter des 6-teiligen Kochgeschirrsets<\/h3>\n\n\n\n<ul class=\"wp-block-list\">\n<li>Material: SS201<\/li>\n\n\n\n<li>Farbe: Silber<\/li>\n\n\n\n<li>Boden: Gekapselter Boden (SUS+1,2 mm Alu+SUS)<\/li>\n\n\n\n<li>Deckel: Glasdeckel<\/li>\n\n\n\n<li>Ma\u00dfe: 56 \u00d7 35 \u00d7 72 cm<\/li>\n\n\n\n<li>Hinweis: Qualit\u00e4tspr\u00fcfung f\u00fcr Kleinserienauftr\u00e4ge unterst\u00fctzen<\/li>\n<\/ul>\n<\/div>\n\n\n\n<div class=\"wp-block-column is-layout-flow wp-block-column-is-layout-flow\">\n<h2 class=\"wp-block-heading\">Individuelle Kochgeschirr-Optionen<\/h2>\n\n\n\n<ul class=\"wp-block-list\">\n<li>Logo: Anpassbar mit Ihrem Markenlogo<\/li>\n\n\n\n<li>Griff: Griff passend zu Ihrem Stil<\/li>\n\n\n\n<li>Verpackung: Farbige Schachtel\/Karton usw.<\/li>\n<\/ul>\n<\/div>\n<\/div>\n\n\n\n<p><\/p>","protected":false},"excerpt":{"rendered":"<p>Gro\u00dfhandel 6-teiliges Kochgeschirrset. Der dreilagige Boden sorgt f\u00fcr eine schnelle W\u00e4rme\u00fcbertragung. Aus strapazierf\u00e4higem Edelstahl gefertigt, sind sie sp\u00fclmaschinenfest und sowohl f\u00fcr den gewerblichen als auch f\u00fcr den privaten Gebrauch geeignet. Kontaktieren Sie uns f\u00fcr den Produktkatalog und ein Angebot.<\/p>\n<p>Der Kochgeschirrhersteller Chancescook bietet Fabrikpreise und OEM-Anpassungsdienste. Kontaktieren Sie uns f\u00fcr das beste Angebot von einem zuverl\u00e4ssigen Kochgeschirrhersteller.<\/p>\n<h3>Merkmale des 6-teiligen Kochgeschirrsets<\/h3>\n<ul>\n<li><strong>Professionelle Kochleistung<\/strong>: Der Topfboden besteht aus dreifachem Material, das die W\u00e4rme gleichm\u00e4\u00dfig verteilt und eine \u00dcberhitzung wirksam verhindert und so f\u00fcr hervorragende Kochergebnisse sorgt.<\/li>\n<li><strong>Leicht zu reinigen und zu pflegen<\/strong>: Die unbeschichtete Edelstahloberfl\u00e4che ist kratzfest und schmutzabweisend, und das Kochgeschirr in diesem Set ist sp\u00fclmaschinenfest und damit f\u00fcr Gro\u00dfk\u00fcchen geeignet, die eine effiziente und bequeme Reinigung erfordern.<\/li>\n<li><strong>Ausgezeichneter detaillierter Entwurf<\/strong>: Der passgenaue Deckel sorgt f\u00fcr einen sicheren Verschluss und eine verbesserte W\u00e4rmespeicherung. Der vernietete Griff sorgt f\u00fcr zus\u00e4tzliche Festigkeit und Haltbarkeit bei langfristiger Verwendung.<\/li>\n<li><strong>Gro\u00dfhandel Kochgeschirr Service<\/strong>: Als zuverl\u00e4ssiger Hersteller von Kochgeschirr aus China bieten wir Gro\u00dfhandel Kochgeschirr f\u00fcr globale B2B-K\u00e4ufer in einer Vielzahl von Stilen zu Fabrikpreisen. Wir unterst\u00fctzen auch Marke OEM-Dienstleistungen.<\/li>\n<\/ul>","protected":false},"featured_media":5358,"comment_status":"closed","ping_status":"closed","template":"","meta":{"_acf_changed":false},"product_brand":[],"product_cat":[53],"product_tag":[],"class_list":{"0":"post-5357","1":"product","2":"type-product","3":"status-publish","4":"has-post-thumbnail","6":"product_cat-wholesale-cookware-sets","8":"first","9":"instock","10":"shipping-taxable","11":"product-type-simple"},"acf":[],"_links":{"self":[{"href":"https:\/\/www.chancescook.com\/de\/wp-json\/wp\/v2\/product\/5357","targetHints":{"allow":["GET"]}}],"collection":[{"href":"https:\/\/www.chancescook.com\/de\/wp-json\/wp\/v2\/product"}],"about":[{"href":"https:\/\/www.chancescook.com\/de\/wp-json\/wp\/v2\/types\/product"}],"replies":[{"embeddable":true,"href":"https:\/\/www.chancescook.com\/de\/wp-json\/wp\/v2\/comments?post=5357"}],"wp:featuredmedia":[{"embeddable":true,"href":"https:\/\/www.chancescook.com\/de\/wp-json\/wp\/v2\/media\/5358"}],"wp:attachment":[{"href":"https:\/\/www.chancescook.com\/de\/wp-json\/wp\/v2\/media?parent=5357"}],"wp:term":[{"taxonomy":"product_brand","embeddable":true,"href":"https:\/\/www.chancescook.com\/de\/wp-json\/wp\/v2\/product_brand?post=5357"},{"taxonomy":"product_cat","embeddable":true,"href":"https:\/\/www.chancescook.com\/de\/wp-json\/wp\/v2\/product_cat?post=5357"},{"taxonomy":"product_tag","embeddable":true,"href":"https:\/\/www.chancescook.com\/de\/wp-json\/wp\/v2\/product_tag?post=5357"}],"curies":[{"name":"wp","href":"https:\/\/api.w.org\/{rel}","templated":true}]}}