{"id":5359,"date":"2025-08-31T19:36:45","date_gmt":"2025-08-31T19:36:45","guid":{"rendered":"https:\/\/www.chancescook.com\/?post_type=product&#038;p=5359"},"modified":"2025-09-22T06:42:50","modified_gmt":"2025-09-22T06:42:50","slug":"bulk-pots-and-pans-12-piece","status":"publish","type":"product","link":"https:\/\/www.chancescook.com\/de\/produkt\/bulk-pots-and-pans-12-piece\/","title":{"rendered":"Bulk Pots and Pans 12 Piece Cookware Set - kompatibel mit verschiedenen Herden"},"content":{"rendered":"<div class=\"wp-block-columns is-layout-flex wp-container-core-columns-is-layout-9d6595d7 wp-block-columns-is-layout-flex\">\n<div class=\"wp-block-column is-layout-flow wp-block-column-is-layout-flow\">\n<h2 class=\"wp-block-heading\">Parameter des 12-teiligen Kochgeschirrsets<\/h2>\n\n\n\n<ul class=\"wp-block-list\">\n<li><strong>Material: <\/strong>SS201<\/li>\n\n\n\n<li><strong>Farbe: <\/strong>Silber<\/li>\n\n\n\n<li><strong>Unten<\/strong>: Gekapselter Boden (SUS+1,2mm Alu+SUS)<\/li>\n\n\n\n<li><strong>Deckel: <\/strong>Glas-Deckel<\/li>\n\n\n\n<li><strong>Gr\u00f6\u00dfen<\/strong>:51\u00d728\u00d747cm<\/li>\n\n\n\n<li><strong>Anmerkung:<\/strong> Unterst\u00fctzung der Qualit\u00e4tskontrolle bei Kleinserienauftr\u00e4gen<\/li>\n<\/ul>\n<\/div>\n\n\n\n<div class=\"wp-block-column is-layout-flow wp-block-column-is-layout-flow\">\n<h2 class=\"wp-block-heading\">Individuelle Kochgeschirr-Optionen<\/h2>\n\n\n\n<ul class=\"wp-block-list\">\n<li><strong>Logo:<\/strong> Anpassbar mit Ihrem Markenlogo<\/li>\n\n\n\n<li><strong>Handgriff:<\/strong> Griffe f\u00fcr Ihren Stil<\/li>\n\n\n\n<li><strong>Verpackung:<\/strong> Farbige Schachtel\/Karton, etc<\/li>\n<\/ul>\n<\/div>\n<\/div>\n\n\n\n<p><a href=\"https:\/\/www.chancescook.com\/de\/\"><strong>Chancescook Kochgeschirr Hersteller<\/strong> <\/a>bietet Fabrikpreise und OEM-Anpassungsdienste. Kontaktieren Sie uns f\u00fcr das beste Angebot von einem zuverl\u00e4ssigen Hersteller von T\u00f6pfen und Pfannen in gro\u00dfen Mengen.<\/p>\n\n\n\n<p><\/p>","protected":false},"excerpt":{"rendered":"<p>12-teiliges Kochgeschirrset f\u00fcr den Gro\u00dfhandel. Dieses gro\u00dfe Topf- und Pfannenset enth\u00e4lt einen Milchtopf, einen Suppentopf und einen Schmortopf f\u00fcr verschiedene Kochbed\u00fcrfnisse, einschlie\u00dflich Kochen, Schmoren und D\u00e4mpfen. Der dreischichtige Boden sorgt f\u00fcr eine schnelle W\u00e4rmeleitung. Die T\u00f6pfe sind aus robustem Edelstahl gefertigt, sp\u00fclmaschinenfest und sowohl f\u00fcr den gewerblichen als auch f\u00fcr den privaten Gebrauch geeignet. Kontaktieren Sie uns f\u00fcr den Produktkatalog und ein Angebot.<\/p>\n<h3>Bulk T\u00f6pfe und Pfannen Merkmale:<\/h3>\n<ul>\n<li><strong>Professionelle Kochleistung:<\/strong> Der Topfboden besteht aus dreifachem Material, das die W\u00e4rme gleichm\u00e4\u00dfig verteilt und eine \u00dcberhitzung wirksam verhindert, so dass hervorragende Kochergebnisse gew\u00e4hrleistet sind.<\/li>\n<li><strong>Vielseitiges Set:<\/strong> Dieses komplette Kochgeschirrset besteht aus einem Suppentopf, einem Schmortopf und einem Milchtopf, die verschiedene Kochbed\u00fcrfnisse abdecken, darunter Kochen, Schmoren und D\u00e4mpfen, und eignet sich somit f\u00fcr Heimk\u00f6che und Restaurants.<\/li>\n<li><strong>Leicht zu reinigen und zu pflegen:<\/strong> Die unbeschichtete Edelstahloberfl\u00e4che ist kratzfest und schmutzabweisend, und das Kochgeschirr in diesem Set ist sp\u00fclmaschinenfest und damit f\u00fcr Gro\u00dfk\u00fcchen geeignet, in denen eine effiziente und bequeme Reinigung erforderlich ist.<\/li>\n<li><strong>Ausgezeichneter detaillierter Entwurf:<\/strong> Der passgenaue Deckel sorgt f\u00fcr einen sicheren Verschluss und eine verbesserte W\u00e4rmespeicherung. Der genietete Griff sorgt f\u00fcr zus\u00e4tzliche Festigkeit und Haltbarkeit bei langfristigem Gebrauch.<\/li>\n<li><strong>Gro\u00dfhandel Kochgeschirr Service:<\/strong> Als zuverl\u00e4ssiger Hersteller von Kochgeschirr aus China bieten wir Gro\u00dfhandel Kochgeschirr f\u00fcr globale B2B-K\u00e4ufer in einer Vielzahl von Stilen zu Fabrikpreisen. Wir unterst\u00fctzen auch Marke OEM-Dienstleistungen.<\/li>\n<\/ul>","protected":false},"featured_media":5360,"comment_status":"closed","ping_status":"closed","template":"","meta":{"_acf_changed":false},"product_brand":[],"product_cat":[53],"product_tag":[],"class_list":{"0":"post-5359","1":"product","2":"type-product","3":"status-publish","4":"has-post-thumbnail","6":"product_cat-wholesale-cookware-sets","8":"first","9":"instock","10":"shipping-taxable","11":"product-type-simple"},"acf":[],"_links":{"self":[{"href":"https:\/\/www.chancescook.com\/de\/wp-json\/wp\/v2\/product\/5359","targetHints":{"allow":["GET"]}}],"collection":[{"href":"https:\/\/www.chancescook.com\/de\/wp-json\/wp\/v2\/product"}],"about":[{"href":"https:\/\/www.chancescook.com\/de\/wp-json\/wp\/v2\/types\/product"}],"replies":[{"embeddable":true,"href":"https:\/\/www.chancescook.com\/de\/wp-json\/wp\/v2\/comments?post=5359"}],"wp:featuredmedia":[{"embeddable":true,"href":"https:\/\/www.chancescook.com\/de\/wp-json\/wp\/v2\/media\/5360"}],"wp:attachment":[{"href":"https:\/\/www.chancescook.com\/de\/wp-json\/wp\/v2\/media?parent=5359"}],"wp:term":[{"taxonomy":"product_brand","embeddable":true,"href":"https:\/\/www.chancescook.com\/de\/wp-json\/wp\/v2\/product_brand?post=5359"},{"taxonomy":"product_cat","embeddable":true,"href":"https:\/\/www.chancescook.com\/de\/wp-json\/wp\/v2\/product_cat?post=5359"},{"taxonomy":"product_tag","embeddable":true,"href":"https:\/\/www.chancescook.com\/de\/wp-json\/wp\/v2\/product_tag?post=5359"}],"curies":[{"name":"wp","href":"https:\/\/api.w.org\/{rel}","templated":true}]}}