{"id":5414,"date":"2025-09-17T06:19:28","date_gmt":"2025-09-17T06:19:28","guid":{"rendered":"https:\/\/www.chancescook.com\/?post_type=product&#038;p=5414"},"modified":"2025-09-24T07:08:13","modified_gmt":"2025-09-24T07:08:13","slug":"12-piece-pot-and-pan-set-manufacturer","status":"publish","type":"product","link":"https:\/\/www.chancescook.com\/de\/produkt\/12-piece-pot-and-pan-set-manufacturer\/","title":{"rendered":"12-teiliges Topf- und Pfannenset Hersteller, Edelstahl-Kochgeschirr-Set Lieferant"},"content":{"rendered":"<div class=\"wp-block-columns is-layout-flex wp-container-core-columns-is-layout-9d6595d7 wp-block-columns-is-layout-flex\">\n<div class=\"wp-block-column is-layout-flow wp-block-column-is-layout-flow\">\n<h2 class=\"wp-block-heading\">Parameter des 12-teiligen Topf- und Pfannensets\uff1a<\/h2>\n\n\n\n<ul class=\"wp-block-list\">\n<li><strong>Material: <\/strong>SS410<\/li>\n\n\n\n<li><strong>Farbe:<\/strong> Silber<\/li>\n\n\n\n<li><strong>Unten<\/strong>: Gekapselter Boden (SUS+1,2mm Alu+SUS)<\/li>\n\n\n\n<li><strong>Deckel:<\/strong> Glas-Deckel<\/li>\n\n\n\n<li><strong>Gr\u00f6\u00dfen<\/strong>:54\u00d731\u00d752cm<\/li>\n\n\n\n<li><strong>Anmerkung:<\/strong> Unterst\u00fctzung der Qualit\u00e4tskontrolle bei Kleinserienauftr\u00e4gen<\/li>\n<\/ul>\n<\/div>\n\n\n\n<div class=\"wp-block-column is-layout-flow wp-block-column-is-layout-flow\">\n<h2 class=\"wp-block-heading\">Optionen f\u00fcr individuelle Topf- und Pfannensets\uff1a<\/h2>\n\n\n\n<ul class=\"wp-block-list\">\n<li><strong>Logo:<\/strong> Anpassbar mit Ihrem Markenlogo<\/li>\n\n\n\n<li><strong>Handgriff<\/strong>: Griffe f\u00fcr Ihren Stil<\/li>\n\n\n\n<li><strong>Verpackung: <\/strong>Farbige Schachtel\/Karton, etc<\/li>\n<\/ul>\n<\/div>\n<\/div>\n\n\n\n<p><em><a href=\"https:\/\/www.chancescook.com\/de\/contact\/\" data-type=\"page\" data-id=\"2990\">Der Kochgeschirrhersteller Chancescook bietet Fabrikpreise und OEM-Anpassungsdienste. Kontaktieren Sie uns f\u00fcr das beste Angebot von einem zuverl\u00e4ssigen Kochgeschirrhersteller.<\/a><\/em><\/p>\n\n\n\n<div class=\"wp-block-columns is-layout-flex wp-container-core-columns-is-layout-9d6595d7 wp-block-columns-is-layout-flex\">\n<div class=\"wp-block-column is-layout-flow wp-block-column-is-layout-flow\">\n<figure class=\"wp-block-image size-full\"><img decoding=\"async\" width=\"4608\" height=\"3456\" src=\"https:\/\/www.chancescook.com\/wp-content\/uploads\/2025\/07\/wholesale-cookware-manufacturer-chances-0-edited.webp\" alt=\"China K\u00fcchenger\u00e4te Hersteller-Chancescook\" class=\"wp-image-5085\" srcset=\"https:\/\/www.chancescook.com\/wp-content\/uploads\/2025\/07\/wholesale-cookware-manufacturer-chances-0-edited.webp 4608w, https:\/\/www.chancescook.com\/wp-content\/uploads\/2025\/07\/wholesale-cookware-manufacturer-chances-0-edited-300x225.webp 300w, https:\/\/www.chancescook.com\/wp-content\/uploads\/2025\/07\/wholesale-cookware-manufacturer-chances-0-edited-768x576.webp 768w, https:\/\/www.chancescook.com\/wp-content\/uploads\/2025\/07\/wholesale-cookware-manufacturer-chances-0-edited-16x12.webp 16w, https:\/\/www.chancescook.com\/wp-content\/uploads\/2025\/07\/wholesale-cookware-manufacturer-chances-0-edited-285x214.webp 285w, https:\/\/www.chancescook.com\/wp-content\/uploads\/2025\/07\/wholesale-cookware-manufacturer-chances-0-edited-1600x1200.webp 1600w, https:\/\/www.chancescook.com\/wp-content\/uploads\/2025\/07\/wholesale-cookware-manufacturer-chances-0-edited-800x600.webp 800w, https:\/\/www.chancescook.com\/wp-content\/uploads\/2025\/07\/wholesale-cookware-manufacturer-chances-0-edited-660x495.webp 660w, https:\/\/www.chancescook.com\/wp-content\/uploads\/2025\/07\/wholesale-cookware-manufacturer-chances-0-edited-150x113.webp 150w\" sizes=\"(max-width: 4608px) 100vw, 4608px\" \/><\/figure>\n<\/div>\n\n\n\n<div class=\"wp-block-column is-layout-flow wp-block-column-is-layout-flow\">\n<figure class=\"wp-block-image size-full\"><img decoding=\"async\" width=\"2755\" height=\"2066\" src=\"https:\/\/www.chancescook.com\/wp-content\/uploads\/2025\/07\/wholesale-cookware-manufacturer-kitchenware-manufacturer-chances-1_\u526f\u672c-edited.webp\" alt=\"Die g\u00e4ngigsten Kochgeschirr-Materialien - Chancescook\" class=\"wp-image-5084\" srcset=\"https:\/\/www.chancescook.com\/wp-content\/uploads\/2025\/07\/wholesale-cookware-manufacturer-kitchenware-manufacturer-chances-1_\u526f\u672c-edited.webp 2755w, https:\/\/www.chancescook.com\/wp-content\/uploads\/2025\/07\/wholesale-cookware-manufacturer-kitchenware-manufacturer-chances-1_\u526f\u672c-edited-300x225.webp 300w, https:\/\/www.chancescook.com\/wp-content\/uploads\/2025\/07\/wholesale-cookware-manufacturer-kitchenware-manufacturer-chances-1_\u526f\u672c-edited-768x576.webp 768w, https:\/\/www.chancescook.com\/wp-content\/uploads\/2025\/07\/wholesale-cookware-manufacturer-kitchenware-manufacturer-chances-1_\u526f\u672c-edited-16x12.webp 16w, https:\/\/www.chancescook.com\/wp-content\/uploads\/2025\/07\/wholesale-cookware-manufacturer-kitchenware-manufacturer-chances-1_\u526f\u672c-edited-285x214.webp 285w, https:\/\/www.chancescook.com\/wp-content\/uploads\/2025\/07\/wholesale-cookware-manufacturer-kitchenware-manufacturer-chances-1_\u526f\u672c-edited-1600x1200.webp 1600w, https:\/\/www.chancescook.com\/wp-content\/uploads\/2025\/07\/wholesale-cookware-manufacturer-kitchenware-manufacturer-chances-1_\u526f\u672c-edited-800x600.webp 800w, https:\/\/www.chancescook.com\/wp-content\/uploads\/2025\/07\/wholesale-cookware-manufacturer-kitchenware-manufacturer-chances-1_\u526f\u672c-edited-660x495.webp 660w, https:\/\/www.chancescook.com\/wp-content\/uploads\/2025\/07\/wholesale-cookware-manufacturer-kitchenware-manufacturer-chances-1_\u526f\u672c-edited-150x112.webp 150w\" sizes=\"(max-width: 2755px) 100vw, 2755px\" \/><\/figure>\n<\/div>\n<\/div>","protected":false},"excerpt":{"rendered":"<p>Als Hersteller eines 12-teiligen Topf- und Pfannensets f\u00fcr den Gro\u00dfhandel bieten wir langlebiges Kochgeschirr aus Edelstahl an, darunter einen Milchtopf, einen Suppentopf und einen Schmortopf mit einem 3-lagigen Boden f\u00fcr schnelles Erhitzen. Sp\u00fclmaschinenfest, ideal f\u00fcr Haushalte und Gro\u00dfk\u00fcchen. Kontaktieren Sie uns f\u00fcr den Katalog und ein Angebot.<\/p>\n<h3>Gro\u00dfhandel 12 St\u00fcck Topf und Pfanne Set Features:<\/h3>\n<ul>\n<li>\n<p><strong>Professionelle Kochleistung:<\/strong> Der dreifache Boden der T\u00f6pfe im 12-teiligen Topf- und Pfannenset f\u00fcr den Gro\u00dfhandel sorgt f\u00fcr eine schnelle und gleichm\u00e4\u00dfige W\u00e4rmeverteilung, verhindert effektiv eine \u00dcberhitzung und bietet eine gleichm\u00e4\u00dfige Kochleistung.<\/p>\n<p>&nbsp;<\/p>\n<\/li>\n<li>\n<p><strong>Multifunktions-Set:<\/strong> Das gesamte Kochgeschirrset umfasst einen Suppentopf, einen Schmortopf und einen Milchtopf und deckt damit eine Reihe von Kochaufgaben wie Kochen, Schmoren und D\u00e4mpfen ab. Das macht es ideal f\u00fcr den Einsatz in der heimischen K\u00fcche und in der Gastronomie.<\/p>\n<p>&nbsp;<\/p>\n<\/li>\n<li>\n<p><strong>Leicht zu reinigen und zu pflegen:<\/strong> Die unbeschichtete Edelstahloberfl\u00e4che ist kratzfest und fleckenunempfindlich. Das Kochgeschirr ist sp\u00fclmaschinengeeignet und erf\u00fcllt die Anforderungen vielbesch\u00e4ftigter Restaurantk\u00fcchen an Komfort und Effizienz.<\/p>\n<p>&nbsp;<\/p>\n<\/li>\n<li>\n<p><strong>Ausgezeichneter detaillierter Entwurf:<\/strong> Jeder Deckel ist pr\u00e4zise eingepasst, um W\u00e4rme und Geschmack zu speichern, und die genieteten Griffe sorgen f\u00fcr zus\u00e4tzliche Festigkeit und Haltbarkeit f\u00fcr den langfristigen t\u00e4glichen Gebrauch.<\/p>\n<p>&nbsp;<\/p>\n<\/li>\n<li>\n<p><strong>Energieeffiziente Leistung:<\/strong> Der dreischichtige, leitf\u00e4hige Boden sorgt f\u00fcr beste W\u00e4rmespeicherung und reduziert den Energieverlust, die Kochzeit und verbessert die Gesamteffizienz in privaten und gewerblichen K\u00fcchen.<\/p>\n<p>&nbsp;<\/p>\n<\/li>\n<li>\n<p><strong>Gro\u00dfhandel Kochgeschirr Service<\/strong>: Als eine solide chinesische Kochgeschirr Fabrik, liefern wir Gro\u00dfhandel 12 St\u00fcck Topf und Pfanne Sets f\u00fcr globale B2B-K\u00e4ufer zu Fabrikpreisen, mit voller Unterst\u00fctzung von Private Label und OEM-Anpassung Dienstleistungen.<\/p>\n<\/li>\n<\/ul>","protected":false},"featured_media":5418,"comment_status":"closed","ping_status":"closed","template":"","meta":{"_acf_changed":false},"product_brand":[],"product_cat":[53],"product_tag":[],"class_list":{"0":"post-5414","1":"product","2":"type-product","3":"status-publish","4":"has-post-thumbnail","6":"product_cat-wholesale-cookware-sets","8":"first","9":"instock","10":"shipping-taxable","11":"product-type-simple"},"acf":[],"_links":{"self":[{"href":"https:\/\/www.chancescook.com\/de\/wp-json\/wp\/v2\/product\/5414","targetHints":{"allow":["GET"]}}],"collection":[{"href":"https:\/\/www.chancescook.com\/de\/wp-json\/wp\/v2\/product"}],"about":[{"href":"https:\/\/www.chancescook.com\/de\/wp-json\/wp\/v2\/types\/product"}],"replies":[{"embeddable":true,"href":"https:\/\/www.chancescook.com\/de\/wp-json\/wp\/v2\/comments?post=5414"}],"wp:featuredmedia":[{"embeddable":true,"href":"https:\/\/www.chancescook.com\/de\/wp-json\/wp\/v2\/media\/5418"}],"wp:attachment":[{"href":"https:\/\/www.chancescook.com\/de\/wp-json\/wp\/v2\/media?parent=5414"}],"wp:term":[{"taxonomy":"product_brand","embeddable":true,"href":"https:\/\/www.chancescook.com\/de\/wp-json\/wp\/v2\/product_brand?post=5414"},{"taxonomy":"product_cat","embeddable":true,"href":"https:\/\/www.chancescook.com\/de\/wp-json\/wp\/v2\/product_cat?post=5414"},{"taxonomy":"product_tag","embeddable":true,"href":"https:\/\/www.chancescook.com\/de\/wp-json\/wp\/v2\/product_tag?post=5414"}],"curies":[{"name":"wp","href":"https:\/\/api.w.org\/{rel}","templated":true}]}}