{"id":5420,"date":"2025-09-17T06:43:54","date_gmt":"2025-09-17T06:43:54","guid":{"rendered":"https:\/\/www.chancescook.com\/?post_type=product&#038;p=5420"},"modified":"2025-09-24T07:08:22","modified_gmt":"2025-09-24T07:08:22","slug":"stainless-steel-cooking-pot-set-factory","status":"publish","type":"product","link":"https:\/\/www.chancescook.com\/de\/produkt\/stainless-steel-cooking-pot-set-factory\/","title":{"rendered":"Bestes Edelstahl Kochtopf Set, Asiatisches Kochgeschirr Set Hersteller"},"content":{"rendered":"<div class=\"wp-block-columns is-layout-flex wp-container-core-columns-is-layout-9d6595d7 wp-block-columns-is-layout-flex\">\n<div class=\"wp-block-column is-layout-flow wp-block-column-is-layout-flow\">\n<h2 class=\"wp-block-heading\">12 St\u00fcck Edelstahl Kochtopf Set Parameter\uff1a<\/h2>\n\n\n\n<ul class=\"wp-block-list\">\n<li><strong>Material: <\/strong>SS410<\/li>\n\n\n\n<li><strong>Farbe:<\/strong> Silber<\/li>\n\n\n\n<li><strong>Unten<\/strong>: Gekapselter Boden (SUS+1,2mm Alu+SUS)<\/li>\n\n\n\n<li><strong>Deckel:<\/strong> Glas-Deckel<\/li>\n\n\n\n<li><strong>Gr\u00f6\u00dfen<\/strong>:54\u00d731\u00d752cm<\/li>\n\n\n\n<li><strong>Anmerkung:<\/strong> Unterst\u00fctzung der Qualit\u00e4tskontrolle bei Kleinserienauftr\u00e4gen<\/li>\n<\/ul>\n<\/div>\n\n\n\n<div class=\"wp-block-column is-layout-flow wp-block-column-is-layout-flow\">\n<h2 class=\"wp-block-heading\">Kundenspezifische Edelstahl-Kochtopfset-Optionen\uff1a<\/h2>\n\n\n\n<ul class=\"wp-block-list\">\n<li><strong>Logo:<\/strong> Anpassbar mit Ihrem Markenlogo<\/li>\n\n\n\n<li><strong>Handgriff<\/strong>: Griffe f\u00fcr Ihren Stil<\/li>\n\n\n\n<li><strong>Verpackung: <\/strong>Farbige Schachtel\/Karton, etc<\/li>\n<\/ul>\n<\/div>\n<\/div>\n\n\n\n<p><em><a href=\"https:\/\/www.chancescook.com\/de\/contact\/\" data-type=\"page\" data-id=\"2990\">Der Kochgeschirrhersteller Chancescook bietet Fabrikpreise und OEM-Anpassungsdienste. Kontaktieren Sie uns f\u00fcr das beste Angebot von einem zuverl\u00e4ssigen Kochgeschirrhersteller.<\/a><\/em><\/p>\n\n\n\n<div class=\"wp-block-columns is-layout-flex wp-container-core-columns-is-layout-9d6595d7 wp-block-columns-is-layout-flex\">\n<div class=\"wp-block-column is-layout-flow wp-block-column-is-layout-flow\">\n<figure class=\"wp-block-image size-full\"><img decoding=\"async\" width=\"1000\" height=\"1000\" src=\"https:\/\/www.chancescook.com\/wp-content\/uploads\/2025\/09\/12-Piece-Pot-and-Pan-Set-Manufacturer-Chancescook.webp\" alt=\"12-teiliges Topf- und Pfannenset Hersteller - Chancescook\" class=\"wp-image-5418\" srcset=\"https:\/\/www.chancescook.com\/wp-content\/uploads\/2025\/09\/12-Piece-Pot-and-Pan-Set-Manufacturer-Chancescook.webp 1000w, https:\/\/www.chancescook.com\/wp-content\/uploads\/2025\/09\/12-Piece-Pot-and-Pan-Set-Manufacturer-Chancescook-300x300.webp 300w, https:\/\/www.chancescook.com\/wp-content\/uploads\/2025\/09\/12-Piece-Pot-and-Pan-Set-Manufacturer-Chancescook-150x150.webp 150w, https:\/\/www.chancescook.com\/wp-content\/uploads\/2025\/09\/12-Piece-Pot-and-Pan-Set-Manufacturer-Chancescook-768x768.webp 768w, https:\/\/www.chancescook.com\/wp-content\/uploads\/2025\/09\/12-Piece-Pot-and-Pan-Set-Manufacturer-Chancescook-12x12.webp 12w, https:\/\/www.chancescook.com\/wp-content\/uploads\/2025\/09\/12-Piece-Pot-and-Pan-Set-Manufacturer-Chancescook-285x285.webp 285w, https:\/\/www.chancescook.com\/wp-content\/uploads\/2025\/09\/12-Piece-Pot-and-Pan-Set-Manufacturer-Chancescook-270x270.webp 270w, https:\/\/www.chancescook.com\/wp-content\/uploads\/2025\/09\/12-Piece-Pot-and-Pan-Set-Manufacturer-Chancescook-540x540.webp 540w, https:\/\/www.chancescook.com\/wp-content\/uploads\/2025\/09\/12-Piece-Pot-and-Pan-Set-Manufacturer-Chancescook-660x660.webp 660w\" sizes=\"(max-width: 1000px) 100vw, 1000px\" \/><\/figure>\n<\/div>\n\n\n\n<div class=\"wp-block-column is-layout-flow wp-block-column-is-layout-flow\">\n<figure class=\"wp-block-image size-full\"><img decoding=\"async\" width=\"1000\" height=\"1000\" src=\"https:\/\/www.chancescook.com\/wp-content\/uploads\/2025\/08\/Bulk-Pots-and-Pans-12-Piece-Cookware-Set.webp\" alt=\"Bulk T\u00f6pfe und Pfannen 12 St\u00fcck Kochgeschirr Set\" class=\"wp-image-5360\" srcset=\"https:\/\/www.chancescook.com\/wp-content\/uploads\/2025\/08\/Bulk-Pots-and-Pans-12-Piece-Cookware-Set\u200b.webp 1000w, https:\/\/www.chancescook.com\/wp-content\/uploads\/2025\/08\/Bulk-Pots-and-Pans-12-Piece-Cookware-Set\u200b-300x300.webp 300w, https:\/\/www.chancescook.com\/wp-content\/uploads\/2025\/08\/Bulk-Pots-and-Pans-12-Piece-Cookware-Set\u200b-150x150.webp 150w, https:\/\/www.chancescook.com\/wp-content\/uploads\/2025\/08\/Bulk-Pots-and-Pans-12-Piece-Cookware-Set\u200b-768x768.webp 768w, https:\/\/www.chancescook.com\/wp-content\/uploads\/2025\/08\/Bulk-Pots-and-Pans-12-Piece-Cookware-Set\u200b-12x12.webp 12w, https:\/\/www.chancescook.com\/wp-content\/uploads\/2025\/08\/Bulk-Pots-and-Pans-12-Piece-Cookware-Set\u200b-285x285.webp 285w, https:\/\/www.chancescook.com\/wp-content\/uploads\/2025\/08\/Bulk-Pots-and-Pans-12-Piece-Cookware-Set\u200b-270x270.webp 270w, https:\/\/www.chancescook.com\/wp-content\/uploads\/2025\/08\/Bulk-Pots-and-Pans-12-Piece-Cookware-Set\u200b-540x540.webp 540w, https:\/\/www.chancescook.com\/wp-content\/uploads\/2025\/08\/Bulk-Pots-and-Pans-12-Piece-Cookware-Set\u200b-660x660.webp 660w\" sizes=\"(max-width: 1000px) 100vw, 1000px\" \/><\/figure>\n<\/div>\n\n\n\n<div class=\"wp-block-column is-layout-flow wp-block-column-is-layout-flow\">\n<figure class=\"wp-block-image size-full\"><img decoding=\"async\" width=\"3000\" height=\"3000\" src=\"https:\/\/www.chancescook.com\/wp-content\/uploads\/2025\/08\/OEM-12-Piece-Stainless-Steel-Cookware-Set-Wholesale.webp\" alt=\"OEM 12 St\u00fcck Edelstahl Kochgeschirr Set Gro\u00dfhandel\" class=\"wp-image-5290\" srcset=\"https:\/\/www.chancescook.com\/wp-content\/uploads\/2025\/08\/OEM-12-Piece-Stainless-Steel-Cookware-Set-Wholesale.webp 3000w, https:\/\/www.chancescook.com\/wp-content\/uploads\/2025\/08\/OEM-12-Piece-Stainless-Steel-Cookware-Set-Wholesale-300x300.webp 300w, https:\/\/www.chancescook.com\/wp-content\/uploads\/2025\/08\/OEM-12-Piece-Stainless-Steel-Cookware-Set-Wholesale-150x150.webp 150w, https:\/\/www.chancescook.com\/wp-content\/uploads\/2025\/08\/OEM-12-Piece-Stainless-Steel-Cookware-Set-Wholesale-768x768.webp 768w, https:\/\/www.chancescook.com\/wp-content\/uploads\/2025\/08\/OEM-12-Piece-Stainless-Steel-Cookware-Set-Wholesale-12x12.webp 12w, https:\/\/www.chancescook.com\/wp-content\/uploads\/2025\/08\/OEM-12-Piece-Stainless-Steel-Cookware-Set-Wholesale-285x285.webp 285w, https:\/\/www.chancescook.com\/wp-content\/uploads\/2025\/08\/OEM-12-Piece-Stainless-Steel-Cookware-Set-Wholesale-1600x1600.webp 1600w, https:\/\/www.chancescook.com\/wp-content\/uploads\/2025\/08\/OEM-12-Piece-Stainless-Steel-Cookware-Set-Wholesale-270x270.webp 270w, https:\/\/www.chancescook.com\/wp-content\/uploads\/2025\/08\/OEM-12-Piece-Stainless-Steel-Cookware-Set-Wholesale-540x540.webp 540w, https:\/\/www.chancescook.com\/wp-content\/uploads\/2025\/08\/OEM-12-Piece-Stainless-Steel-Cookware-Set-Wholesale-660x660.webp 660w\" sizes=\"(max-width: 3000px) 100vw, 3000px\" \/><\/figure>\n<\/div>\n<\/div>\n\n\n\n<p><\/p>","protected":false},"excerpt":{"rendered":"<p>Als vertrauensw\u00fcrdiger Hersteller von asiatischem Kochgeschirr liefern wir ein 12-teiliges Kochtopfset aus Edelstahl, bestehend aus Br\u00fche, Milchtopf, Schmortopf und Utensilien. Langlebig, sp\u00fclmaschinenfest, mit dreifachem Boden f\u00fcr schnelle Erw\u00e4rmung, ideal f\u00fcr den privaten und gewerblichen Gebrauch.<\/p>\n<h3>Edelstahl-Kochtopf-Set Eigenschaften:<\/h3>\n<ul>\n<li><strong>Ausgezeichnetes Material:<\/strong> Dieses Kochtopfset aus rostfreiem Edelstahl bietet Langlebigkeit, Korrosionsbest\u00e4ndigkeit und eine fein polierte Oberfl\u00e4che, die ideal f\u00fcr den Einsatz in der Gastronomie und zu Hause ist.<\/li>\n<li><strong>12-teiliges Komplettset<\/strong>: Kocht\u00f6pfe, Milchtopf, Schmortopf, Bratpfanne und einfache Kochutensilien sind vorhanden, um verschiedene Kochvorg\u00e4nge wie Kochen, Schmoren, Braten und D\u00e4mpfen zu erm\u00f6glichen.<\/li>\n<li><strong>Effiziente W\u00e4rme\u00fcbertragung:<\/strong> Dreifach beschichteter Boden f\u00fcr sofortige und gleichm\u00e4\u00dfige Erw\u00e4rmung, weniger Energieverbrauch und Vermeidung von hei\u00dfen Stellen f\u00fcr optimale Kochergebnisse.<\/li>\n<li><strong>Bequemes Design<\/strong>: Der genietete Griff sorgt f\u00fcr einen sicheren Halt, w\u00e4hrend die passgenauen Glasdeckel W\u00e4rme und Aromen bewahren. Sp\u00fclmaschinenfest f\u00fcr einfache Reinigung und Pflege.<\/li>\n<li><strong>Flexibilit\u00e4t in der Nutzung<\/strong>: Geeignet f\u00fcr Restaurants, Catering und Haushaltsk\u00fcchen, erf\u00fcllt die Anforderungen der internationalen Verbraucher an zuverl\u00e4ssiges Kochgeschirr.<\/li>\n<li><strong>Zuverl\u00e4ssige Herstellung<\/strong>: Als erfahrener Hersteller von asiatischem Kochgeschirr bieten wir OEM\/ODM-Anpassungen und Gro\u00dfhandelslieferungen zu einem Direktpreis an.<\/li>\n<\/ul>","protected":false},"featured_media":5423,"comment_status":"closed","ping_status":"closed","template":"","meta":{"_acf_changed":false},"product_brand":[],"product_cat":[53],"product_tag":[],"class_list":{"0":"post-5420","1":"product","2":"type-product","3":"status-publish","4":"has-post-thumbnail","6":"product_cat-wholesale-cookware-sets","8":"first","9":"instock","10":"shipping-taxable","11":"product-type-simple"},"acf":[],"_links":{"self":[{"href":"https:\/\/www.chancescook.com\/de\/wp-json\/wp\/v2\/product\/5420","targetHints":{"allow":["GET"]}}],"collection":[{"href":"https:\/\/www.chancescook.com\/de\/wp-json\/wp\/v2\/product"}],"about":[{"href":"https:\/\/www.chancescook.com\/de\/wp-json\/wp\/v2\/types\/product"}],"replies":[{"embeddable":true,"href":"https:\/\/www.chancescook.com\/de\/wp-json\/wp\/v2\/comments?post=5420"}],"wp:featuredmedia":[{"embeddable":true,"href":"https:\/\/www.chancescook.com\/de\/wp-json\/wp\/v2\/media\/5423"}],"wp:attachment":[{"href":"https:\/\/www.chancescook.com\/de\/wp-json\/wp\/v2\/media?parent=5420"}],"wp:term":[{"taxonomy":"product_brand","embeddable":true,"href":"https:\/\/www.chancescook.com\/de\/wp-json\/wp\/v2\/product_brand?post=5420"},{"taxonomy":"product_cat","embeddable":true,"href":"https:\/\/www.chancescook.com\/de\/wp-json\/wp\/v2\/product_cat?post=5420"},{"taxonomy":"product_tag","embeddable":true,"href":"https:\/\/www.chancescook.com\/de\/wp-json\/wp\/v2\/product_tag?post=5420"}],"curies":[{"name":"wp","href":"https:\/\/api.w.org\/{rel}","templated":true}]}}