{"id":5438,"date":"2025-09-26T09:36:29","date_gmt":"2025-09-26T09:36:29","guid":{"rendered":"https:\/\/www.chancescook.com\/?post_type=product&#038;p=5438"},"modified":"2025-09-26T10:01:42","modified_gmt":"2025-09-26T10:01:42","slug":"8-piece-cookware-set-manufacturer","status":"publish","type":"product","link":"https:\/\/www.chancescook.com\/de\/produkt\/8-piece-cookware-set-manufacturer\/","title":{"rendered":"Chances 8-teiliges Kochgeschirr Set Hersteller, Edelstahl Kochtopf Set Lieferant"},"content":{"rendered":"<div class=\"wp-block-columns is-layout-flex wp-container-core-columns-is-layout-9d6595d7 wp-block-columns-is-layout-flex\">\n<div class=\"wp-block-column is-layout-flow wp-block-column-is-layout-flow\">\n<h2 class=\"wp-block-heading\">Parameters of the 8 Piece Cookware Set\uff1a<\/h2>\n\n\n\n<ul class=\"wp-block-list\">\n<li><strong>Material: <\/strong>SS201<\/li>\n\n\n\n<li><strong>Farbe:<\/strong> Silber<\/li>\n\n\n\n<li><strong>Unten<\/strong>: Gekapselter Boden (SUS+1,2mm Alu+SUS)<\/li>\n\n\n\n<li><strong>Deckel:<\/strong> Glas-Deckel<\/li>\n\n\n\n<li><strong>Gr\u00f6\u00dfen<\/strong>:56\u00d735\u00d753cm<\/li>\n\n\n\n<li><strong>Anmerkung:<\/strong> Unterst\u00fctzung der Qualit\u00e4tskontrolle bei Kleinserienauftr\u00e4gen<\/li>\n<\/ul>\n<\/div>\n\n\n\n<div class=\"wp-block-column is-layout-flow wp-block-column-is-layout-flow\">\n<h2 class=\"wp-block-heading\">Custom 8 Piece Cookware Set Options\uff1a<\/h2>\n\n\n\n<ul class=\"wp-block-list\">\n<li><strong>Logo:<\/strong> Anpassbar mit Ihrem Markenlogo<\/li>\n\n\n\n<li><strong>Handgriff<\/strong>: Griffe f\u00fcr Ihren Stil<\/li>\n\n\n\n<li><strong>Verpackung: <\/strong>Farbige Schachtel\/Karton, etc<\/li>\n<\/ul>\n<\/div>\n<\/div>\n\n\n\n<p><em><a href=\"https:\/\/www.chancescook.com\/de\/contact\/\" data-type=\"page\" data-id=\"2990\">Der Kochgeschirrhersteller Chancescook bietet Fabrikpreise und OEM-Anpassungsdienste. Kontaktieren Sie uns f\u00fcr das beste Angebot von einem zuverl\u00e4ssigen Kochgeschirrhersteller.<\/a><\/em><\/p>\n\n\n\n<div class=\"wp-block-columns is-layout-flex wp-container-core-columns-is-layout-9d6595d7 wp-block-columns-is-layout-flex\">\n<div class=\"wp-block-column is-layout-flow wp-block-column-is-layout-flow\"><\/div>\n<\/div>\n\n\n\n<p><\/p>","protected":false},"excerpt":{"rendered":"<p>This durable eight-piece stainless steel cookware set from a well-established 8 piece cookware set company is perfect for residential or commercial kitchens. It has an electropolished finish that creates a professional, metallic appearance that is effortless to clean and dishwasher-safe.<\/p>\n<p>We support brand customization and offer large quantities. Global traders, wholesalers, and cookware brands are welcome to contact us.<\/p>\n<h3>Features and Benefits of the 8 Piece Cookware Set\uff1a<\/h3>\n<ul>\n<li><strong>Langlebigkeit:<\/strong> As a professional 8 piece cookware set manufacturer, we develop stainless steel cookware with long-lasting corrosion resistance and lasting durability. Unlike aluminum or other metals, our cookware does not dent, warp, or become cracked from high heat or heavy application, ensuring a long life.<\/li>\n<li><strong>Non-reactive Surface:<\/strong> Our stainless steel pots are not reactive with acidic or alkaline ingredients, preserving the natural taste of food without any metallic taste.<\/li>\n<li><strong>Complete Cooking Solution:<\/strong> This set of wholesale stainless steel cooking pots includes stock pots and soup pots in different sizes, providing a universal solution to many different types of cooking needs.<\/li>\n<li><strong>Leicht zu reinigen:<\/strong> 8-piece cookware set is easy to clean in a dishwasher. Stubborn stains are simple to remove by soaking or lightly scrubbing, and use will never dull its shiny, professional appearance.<\/li>\n<li><strong>Advanced Technology and Production:<\/strong> As a leading 8 piece cookware set manufacturer, we apply efficient production lines and advanced polishing technology to produce our cookware in its most beautiful yet useable form. We are capable of offering bulk order quantities of wholesale stainless steel cooking pot sets.<\/li>\n<\/ul>","protected":false},"featured_media":5439,"comment_status":"closed","ping_status":"closed","template":"","meta":{"_acf_changed":false},"product_brand":[],"product_cat":[53],"product_tag":[],"class_list":{"0":"post-5438","1":"product","2":"type-product","3":"status-publish","4":"has-post-thumbnail","6":"product_cat-wholesale-cookware-sets","8":"first","9":"instock","10":"shipping-taxable","11":"product-type-simple"},"acf":[],"_links":{"self":[{"href":"https:\/\/www.chancescook.com\/de\/wp-json\/wp\/v2\/product\/5438","targetHints":{"allow":["GET"]}}],"collection":[{"href":"https:\/\/www.chancescook.com\/de\/wp-json\/wp\/v2\/product"}],"about":[{"href":"https:\/\/www.chancescook.com\/de\/wp-json\/wp\/v2\/types\/product"}],"replies":[{"embeddable":true,"href":"https:\/\/www.chancescook.com\/de\/wp-json\/wp\/v2\/comments?post=5438"}],"wp:featuredmedia":[{"embeddable":true,"href":"https:\/\/www.chancescook.com\/de\/wp-json\/wp\/v2\/media\/5439"}],"wp:attachment":[{"href":"https:\/\/www.chancescook.com\/de\/wp-json\/wp\/v2\/media?parent=5438"}],"wp:term":[{"taxonomy":"product_brand","embeddable":true,"href":"https:\/\/www.chancescook.com\/de\/wp-json\/wp\/v2\/product_brand?post=5438"},{"taxonomy":"product_cat","embeddable":true,"href":"https:\/\/www.chancescook.com\/de\/wp-json\/wp\/v2\/product_cat?post=5438"},{"taxonomy":"product_tag","embeddable":true,"href":"https:\/\/www.chancescook.com\/de\/wp-json\/wp\/v2\/product_tag?post=5438"}],"curies":[{"name":"wp","href":"https:\/\/api.w.org\/{rel}","templated":true}]}}