{"id":5440,"date":"2025-09-26T10:05:35","date_gmt":"2025-09-26T10:05:35","guid":{"rendered":"https:\/\/www.chancescook.com\/?post_type=product&#038;p=5440"},"modified":"2025-09-26T11:16:19","modified_gmt":"2025-09-26T11:16:19","slug":"restaurant-supply-pots-and-pans-7-pcs","status":"publish","type":"product","link":"https:\/\/www.chancescook.com\/de\/produkt\/restaurant-supply-pots-and-pans-7-pcs\/","title":{"rendered":"Restaurant Supply T\u00f6pfe und Pfannen 7 St\u00fcck China Kochgeschirr Set Hersteller"},"content":{"rendered":"<div class=\"wp-block-columns is-layout-flex wp-container-core-columns-is-layout-9d6595d7 wp-block-columns-is-layout-flex\">\n<div class=\"wp-block-column is-layout-flow wp-block-column-is-layout-flow\">\n<h2 class=\"wp-block-heading\">7 Piece Restaurant Supply Pots and Pans Parameters\uff1a<\/h2>\n\n\n\n<ul class=\"wp-block-list\">\n<li><strong>Material: <\/strong>SS410<\/li>\n\n\n\n<li><strong>Farbe:<\/strong> Silber<\/li>\n\n\n\n<li><strong>Unten<\/strong>: Gekapselter Boden (SUS+1,2mm Alu+SUS)<\/li>\n\n\n\n<li><strong>Deckel:<\/strong> Glas-Deckel<\/li>\n\n\n\n<li><strong>Gr\u00f6\u00dfen<\/strong>:559\u00d749\u00d740cm<\/li>\n\n\n\n<li><strong>Anmerkung:<\/strong> Unterst\u00fctzung der Qualit\u00e4tskontrolle bei Kleinserienauftr\u00e4gen<\/li>\n<\/ul>\n<\/div>\n\n\n\n<div class=\"wp-block-column is-layout-flow wp-block-column-is-layout-flow\">\n<h2 class=\"wp-block-heading\">Optionen f\u00fcr ma\u00dfgefertigte T\u00f6pfe und Pfannen:<\/h2>\n\n\n\n<ul class=\"wp-block-list\">\n<li><strong>Logo:<\/strong> Anpassbar mit Ihrem Markenlogo<\/li>\n\n\n\n<li><strong>Handgriff<\/strong>: Griffe f\u00fcr Ihren Stil<\/li>\n\n\n\n<li><strong>Verpackung: <\/strong>Farbige Schachtel\/Karton, etc<\/li>\n<\/ul>\n<\/div>\n<\/div>\n\n\n\n<p><em><a href=\"https:\/\/www.chancescook.com\/de\/contact\/\" data-type=\"page\" data-id=\"2990\">Der Kochgeschirrhersteller Chancescook bietet Fabrikpreise und OEM-Anpassungsdienste. Kontaktieren Sie uns f\u00fcr das beste Angebot von einem zuverl\u00e4ssigen Kochgeschirrhersteller.<\/a><\/em><\/p>\n\n\n\n<div class=\"wp-block-columns is-layout-flex wp-container-core-columns-is-layout-9d6595d7 wp-block-columns-is-layout-flex\">\n<div class=\"wp-block-column is-layout-flow wp-block-column-is-layout-flow\">\n<figure class=\"wp-block-image size-full\"><img decoding=\"async\" width=\"4608\" height=\"3456\" src=\"https:\/\/www.chancescook.com\/wp-content\/uploads\/2025\/07\/wholesale-cookware-manufacturer-chances-0-edited.webp\" alt=\"China K\u00fcchenger\u00e4te Hersteller-Chancescook\" class=\"wp-image-5085\" srcset=\"https:\/\/www.chancescook.com\/wp-content\/uploads\/2025\/07\/wholesale-cookware-manufacturer-chances-0-edited.webp 4608w, https:\/\/www.chancescook.com\/wp-content\/uploads\/2025\/07\/wholesale-cookware-manufacturer-chances-0-edited-300x225.webp 300w, https:\/\/www.chancescook.com\/wp-content\/uploads\/2025\/07\/wholesale-cookware-manufacturer-chances-0-edited-768x576.webp 768w, https:\/\/www.chancescook.com\/wp-content\/uploads\/2025\/07\/wholesale-cookware-manufacturer-chances-0-edited-16x12.webp 16w, https:\/\/www.chancescook.com\/wp-content\/uploads\/2025\/07\/wholesale-cookware-manufacturer-chances-0-edited-285x214.webp 285w, https:\/\/www.chancescook.com\/wp-content\/uploads\/2025\/07\/wholesale-cookware-manufacturer-chances-0-edited-1600x1200.webp 1600w, https:\/\/www.chancescook.com\/wp-content\/uploads\/2025\/07\/wholesale-cookware-manufacturer-chances-0-edited-800x600.webp 800w, https:\/\/www.chancescook.com\/wp-content\/uploads\/2025\/07\/wholesale-cookware-manufacturer-chances-0-edited-660x495.webp 660w, https:\/\/www.chancescook.com\/wp-content\/uploads\/2025\/07\/wholesale-cookware-manufacturer-chances-0-edited-150x113.webp 150w\" sizes=\"(max-width: 4608px) 100vw, 4608px\" \/><\/figure>\n<\/div>\n\n\n\n<div class=\"wp-block-column is-layout-flow wp-block-column-is-layout-flow\">\n<figure class=\"wp-block-image size-full\"><img decoding=\"async\" width=\"2755\" height=\"2066\" src=\"https:\/\/www.chancescook.com\/wp-content\/uploads\/2025\/07\/wholesale-cookware-manufacturer-kitchenware-manufacturer-chances-1_\u526f\u672c-edited.webp\" alt=\"Die g\u00e4ngigsten Kochgeschirr-Materialien - Chancescook\" class=\"wp-image-5084\" srcset=\"https:\/\/www.chancescook.com\/wp-content\/uploads\/2025\/07\/wholesale-cookware-manufacturer-kitchenware-manufacturer-chances-1_\u526f\u672c-edited.webp 2755w, https:\/\/www.chancescook.com\/wp-content\/uploads\/2025\/07\/wholesale-cookware-manufacturer-kitchenware-manufacturer-chances-1_\u526f\u672c-edited-300x225.webp 300w, https:\/\/www.chancescook.com\/wp-content\/uploads\/2025\/07\/wholesale-cookware-manufacturer-kitchenware-manufacturer-chances-1_\u526f\u672c-edited-768x576.webp 768w, https:\/\/www.chancescook.com\/wp-content\/uploads\/2025\/07\/wholesale-cookware-manufacturer-kitchenware-manufacturer-chances-1_\u526f\u672c-edited-16x12.webp 16w, https:\/\/www.chancescook.com\/wp-content\/uploads\/2025\/07\/wholesale-cookware-manufacturer-kitchenware-manufacturer-chances-1_\u526f\u672c-edited-285x214.webp 285w, https:\/\/www.chancescook.com\/wp-content\/uploads\/2025\/07\/wholesale-cookware-manufacturer-kitchenware-manufacturer-chances-1_\u526f\u672c-edited-1600x1200.webp 1600w, https:\/\/www.chancescook.com\/wp-content\/uploads\/2025\/07\/wholesale-cookware-manufacturer-kitchenware-manufacturer-chances-1_\u526f\u672c-edited-800x600.webp 800w, https:\/\/www.chancescook.com\/wp-content\/uploads\/2025\/07\/wholesale-cookware-manufacturer-kitchenware-manufacturer-chances-1_\u526f\u672c-edited-660x495.webp 660w, https:\/\/www.chancescook.com\/wp-content\/uploads\/2025\/07\/wholesale-cookware-manufacturer-kitchenware-manufacturer-chances-1_\u526f\u672c-edited-150x112.webp 150w\" sizes=\"(max-width: 2755px) 100vw, 2755px\" \/><\/figure>\n<\/div>\n<\/div>\n\n\n\n<p><\/p>","protected":false},"excerpt":{"rendered":"<p>This durable seven-piece stainless steel cookware set is perfect for both home and commercial kitchens. The electropolished surface provides a professional, metallic finish that is easy to clean and dishwasher-safe. As a leading supplier of restaurant supply pots and pans, we support brand customization and offer large-quantity orders. Global traders, wholesalers, and cookware brands are welcome to contact us.<\/p>\n<h3>Restaurant Supply Pots and Pans Features:<\/h3>\n<ul>\n<li data-start=\"137\" data-end=\"411\"><strong data-start=\"137\" data-end=\"152\">Langlebigkeit:<\/strong> Our restaurant supply pots and pans offer excellent corrosion resistance and long-lasting durability. Unlike aluminum or other metals, stainless steel cookware will not dent, warp, or crack under high temperatures or frequent use, ensuring a long lifespan.<\/li>\n<li data-start=\"413\" data-end=\"584\"><strong data-start=\"413\" data-end=\"438\">Non-reactive Surface:<\/strong> Stainless steel cookware does not react with acidic or alkaline foods, preserving the natural flavor of ingredients without any metallic taste.<\/li>\n<li data-start=\"586\" data-end=\"833\"><strong data-start=\"586\" data-end=\"616\">Complete Cooking Solution:<\/strong> This 7-piece cookware set includes stock pots and soup pots in multiple sizes, providing a versatile solution for a variety of cooking tasks\u2014perfect for both home kitchens and restaurant supply pots and pans needs.<\/li>\n<li data-start=\"835\" data-end=\"1049\"><strong data-start=\"835\" data-end=\"856\">Einfach zu warten:<\/strong> The 7-piece cookware set is dishwasher-safe, and stubborn residues can be easily removed with soaking or a gentle scrub. Frequent use will not diminish its lustrous, professional appearance.<\/li>\n<li data-start=\"1051\" data-end=\"1340\"><strong data-start=\"1051\" data-end=\"1090\">Advanced Technology and Production:<\/strong> As a leading cookware manufacturer, we utilize efficient production lines and advanced polishing techniques to ensure our products are both beautiful and functional. Large-quantity supply is available for wholesale restaurant supply pots and pans.<\/li>\n<\/ul>","protected":false},"featured_media":5441,"comment_status":"closed","ping_status":"closed","template":"","meta":{"_acf_changed":false},"product_brand":[],"product_cat":[53],"product_tag":[],"class_list":{"0":"post-5440","1":"product","2":"type-product","3":"status-publish","4":"has-post-thumbnail","6":"product_cat-wholesale-cookware-sets","8":"first","9":"instock","10":"shipping-taxable","11":"product-type-simple"},"acf":[],"_links":{"self":[{"href":"https:\/\/www.chancescook.com\/de\/wp-json\/wp\/v2\/product\/5440","targetHints":{"allow":["GET"]}}],"collection":[{"href":"https:\/\/www.chancescook.com\/de\/wp-json\/wp\/v2\/product"}],"about":[{"href":"https:\/\/www.chancescook.com\/de\/wp-json\/wp\/v2\/types\/product"}],"replies":[{"embeddable":true,"href":"https:\/\/www.chancescook.com\/de\/wp-json\/wp\/v2\/comments?post=5440"}],"wp:featuredmedia":[{"embeddable":true,"href":"https:\/\/www.chancescook.com\/de\/wp-json\/wp\/v2\/media\/5441"}],"wp:attachment":[{"href":"https:\/\/www.chancescook.com\/de\/wp-json\/wp\/v2\/media?parent=5440"}],"wp:term":[{"taxonomy":"product_brand","embeddable":true,"href":"https:\/\/www.chancescook.com\/de\/wp-json\/wp\/v2\/product_brand?post=5440"},{"taxonomy":"product_cat","embeddable":true,"href":"https:\/\/www.chancescook.com\/de\/wp-json\/wp\/v2\/product_cat?post=5440"},{"taxonomy":"product_tag","embeddable":true,"href":"https:\/\/www.chancescook.com\/de\/wp-json\/wp\/v2\/product_tag?post=5440"}],"curies":[{"name":"wp","href":"https:\/\/api.w.org\/{rel}","templated":true}]}}