{"id":5455,"date":"2025-10-09T10:32:07","date_gmt":"2025-10-09T10:32:07","guid":{"rendered":"https:\/\/www.chancescook.com\/?post_type=product&#038;p=5455"},"modified":"2025-12-21T12:56:12","modified_gmt":"2025-12-21T12:56:12","slug":"custom-frying-pan-supplier","status":"publish","type":"product","link":"https:\/\/www.chancescook.com\/de\/produkt\/custom-frying-pan-supplier\/","title":{"rendered":"Benutzerdefinierte Bratpfanne, Gro\u00dfhandel Aluminium Bratpfannen Lieferant | Mehrere Gr\u00f6\u00dfen &amp; OEM\/ODM"},"content":{"rendered":"<div class=\"wp-block-columns is-layout-flex wp-container-core-columns-is-layout-9d6595d7 wp-block-columns-is-layout-flex\">\n<div class=\"wp-block-column is-layout-flow wp-block-column-is-layout-flow\">\n<h2 class=\"wp-block-heading\">Aluminium Bratpfannen Parameter:<\/h2>\n\n\n\n<ul class=\"wp-block-list\">\n<li><strong>Material: <\/strong>304 Tri-Ply-Edelstahl<\/li>\n\n\n\n<li><strong>Normale Dicke<\/strong>: 3,0 mm<\/li>\n\n\n\n<li><strong>Gr\u00f6\u00dfe:<\/strong> 18\/20\/22\/24\/26\/28\/30\/32\/34\/36\/38\/40cm<\/li>\n\n\n\n<li><strong>Logo<\/strong>: Lasergravur\/gepr\u00e4gter Stempel<\/li>\n\n\n\n<li><strong>MOQ:<\/strong> 300 St\u00fcck<\/li>\n<\/ul>\n<\/div>\n\n\n\n<div class=\"wp-block-column is-layout-flow wp-block-column-is-layout-flow\">\n<h2 class=\"wp-block-heading\">Individuelle Bratpfannen-Optionen<\/h2>\n\n\n\n<ul class=\"wp-block-list\">\n<li><strong>Logo:<\/strong> Ihr Markenlogo anpassen<\/li>\n\n\n\n<li><strong>Material:<\/strong> Aluminium<\/li>\n\n\n\n<li><strong>Handgriff: <\/strong>Stil\/Material<\/li>\n\n\n\n<li><strong>Behandlung der Kontaktfl\u00e4che:<\/strong> Unbeschichtete\/nicht haftende Beschichtung<\/li>\n\n\n\n<li><strong>Verpackung:<\/strong> Farbkasten\/Karton, etc<\/li>\n\n\n\n<li><strong><a href=\"https:\/\/www.chancescook.com\/de\/custom-cookware\/\">OEM &amp; ODM Kundenspezifische Kochtopf-L\u00f6sungen<\/a><\/strong><\/li>\n<\/ul>\n<\/div>\n<\/div>\n\n\n\n<div class=\"wp-block-columns is-layout-flex wp-container-core-columns-is-layout-9d6595d7 wp-block-columns-is-layout-flex\">\n<div class=\"wp-block-column is-layout-flow wp-block-column-is-layout-flow\">\n<figure class=\"wp-block-image size-full\"><img decoding=\"async\" width=\"4096\" height=\"4096\" src=\"https:\/\/www.chancescook.com\/wp-content\/uploads\/2025\/10\/Custom-Frying-Pan-Wholesale-3.webp\" alt=\"Benutzerdefinierte Bratpfanne Gro\u00dfhandel (3)\" class=\"wp-image-5464\" srcset=\"https:\/\/www.chancescook.com\/wp-content\/uploads\/2025\/10\/Custom-Frying-Pan-Wholesale-3.webp 4096w, https:\/\/www.chancescook.com\/wp-content\/uploads\/2025\/10\/Custom-Frying-Pan-Wholesale-3-300x300.webp 300w, https:\/\/www.chancescook.com\/wp-content\/uploads\/2025\/10\/Custom-Frying-Pan-Wholesale-3-150x150.webp 150w, https:\/\/www.chancescook.com\/wp-content\/uploads\/2025\/10\/Custom-Frying-Pan-Wholesale-3-768x768.webp 768w, https:\/\/www.chancescook.com\/wp-content\/uploads\/2025\/10\/Custom-Frying-Pan-Wholesale-3-12x12.webp 12w, https:\/\/www.chancescook.com\/wp-content\/uploads\/2025\/10\/Custom-Frying-Pan-Wholesale-3-285x285.webp 285w, https:\/\/www.chancescook.com\/wp-content\/uploads\/2025\/10\/Custom-Frying-Pan-Wholesale-3-1600x1600.webp 1600w, https:\/\/www.chancescook.com\/wp-content\/uploads\/2025\/10\/Custom-Frying-Pan-Wholesale-3-270x270.webp 270w, https:\/\/www.chancescook.com\/wp-content\/uploads\/2025\/10\/Custom-Frying-Pan-Wholesale-3-540x540.webp 540w, https:\/\/www.chancescook.com\/wp-content\/uploads\/2025\/10\/Custom-Frying-Pan-Wholesale-3-660x660.webp 660w\" sizes=\"(max-width: 4096px) 100vw, 4096px\" \/><\/figure>\n<\/div>\n\n\n\n<div class=\"wp-block-column is-layout-flow wp-block-column-is-layout-flow\">\n<figure class=\"wp-block-image size-full\"><img decoding=\"async\" width=\"4096\" height=\"4096\" src=\"https:\/\/www.chancescook.com\/wp-content\/uploads\/2025\/10\/Custom-Frying-Pan-Wholesale-2.webp\" alt=\"Benutzerdefinierte Bratpfanne Gro\u00dfhandel (2)\" class=\"wp-image-5463\" srcset=\"https:\/\/www.chancescook.com\/wp-content\/uploads\/2025\/10\/Custom-Frying-Pan-Wholesale-2.webp 4096w, https:\/\/www.chancescook.com\/wp-content\/uploads\/2025\/10\/Custom-Frying-Pan-Wholesale-2-300x300.webp 300w, https:\/\/www.chancescook.com\/wp-content\/uploads\/2025\/10\/Custom-Frying-Pan-Wholesale-2-150x150.webp 150w, https:\/\/www.chancescook.com\/wp-content\/uploads\/2025\/10\/Custom-Frying-Pan-Wholesale-2-768x768.webp 768w, https:\/\/www.chancescook.com\/wp-content\/uploads\/2025\/10\/Custom-Frying-Pan-Wholesale-2-12x12.webp 12w, https:\/\/www.chancescook.com\/wp-content\/uploads\/2025\/10\/Custom-Frying-Pan-Wholesale-2-285x285.webp 285w, https:\/\/www.chancescook.com\/wp-content\/uploads\/2025\/10\/Custom-Frying-Pan-Wholesale-2-1600x1600.webp 1600w, https:\/\/www.chancescook.com\/wp-content\/uploads\/2025\/10\/Custom-Frying-Pan-Wholesale-2-270x270.webp 270w, https:\/\/www.chancescook.com\/wp-content\/uploads\/2025\/10\/Custom-Frying-Pan-Wholesale-2-540x540.webp 540w, https:\/\/www.chancescook.com\/wp-content\/uploads\/2025\/10\/Custom-Frying-Pan-Wholesale-2-660x660.webp 660w\" sizes=\"(max-width: 4096px) 100vw, 4096px\" \/><\/figure>\n<\/div>\n<\/div>","protected":false},"excerpt":{"rendered":"<p>Gro\u00dfhandel anpassbare Edelstahl Bratpfanne, klassisches Design, PFOA frei. Hergestellt aus Aluminium, hat es eine bessere W\u00e4rmeleitf\u00e4higkeit und Haltbarkeit, und der Griff ist hohl f\u00fcr eine einfachere Bedienung. Chancescook bietet professionelle kundenspezifische Bratpfanne Dienstleistungen, willkommen, uns zu kontaktieren.<\/p>\n<p><a href=\"https:\/\/www.chancescook.com\/de\/custom-cookware\/\"><strong>Chancescook bietet OEM- und ODM-L\u00f6sungen f\u00fcr kundenspezifische Bratpfannen an.<\/strong><\/a><\/p>\n<h2>Merkmale und Vorteile von <a href=\"https:\/\/www.chancescook.com\/de\/produkt-kategorie\/cookware-wholesale\/frying-pan-wholesale\/\">Bratpfanne<\/a><\/h2>\n<ul>\n<li><strong>Hochwertige Materialien:<\/strong> Hergestellt aus verdicktem Aluminium und PFOA-frei, um die Sicherheit beim Kontakt mit Lebensmitteln zu gew\u00e4hrleisten. Der Griff ist geschwei\u00dft, um die Haltbarkeit der Pfanne insgesamt zu gew\u00e4hrleisten.<\/li>\n<li><strong>Gleichm\u00e4\u00dfige W\u00e4rmeleitf\u00e4higkeit:<\/strong> Der Boden dieser Bratpfanne besteht aus einem mehrschichtigen Verbundwerkstoff, der die W\u00e4rme schnell und gleichm\u00e4\u00dfig \u00fcbertr\u00e4gt und ein lokales \u00dcberhitzen oder Festkleben der Zutaten verhindert und f\u00fcr verschiedene Kochmethoden geeignet ist.<\/li>\n<li><strong>Mehrere Spezifikationen:<\/strong> Wir bieten eine Vielzahl von Gr\u00f6\u00dfen von 18 cm bis 40 cm an und k\u00f6nnen die Anforderungen der verschiedenen Spezifikationen erf\u00fcllen.<\/li>\n<li><strong>Geeignet f\u00fcr verschiedene Herdarten:<\/strong> Das Material des Hauptk\u00f6rpers der Bratpfanne ist hochtemperaturbest\u00e4ndig und eignet sich f\u00fcr eine Vielzahl von W\u00e4rmequellen, darunter Gasherde, Induktionsherde, Keramikherde usw., die f\u00fcr den t\u00e4glichen Familiengebrauch geeignet sind.<\/li>\n<li><strong>OEM- und ODM-Service:<\/strong> Wir bieten ma\u00dfgeschneiderte L\u00f6sungen f\u00fcr Bratpfannen aus einer Hand, und die Art des Bratpfannenk\u00f6rpers, das Material des K\u00f6rpers, das Material des Griffs, das externe Logo und die Art der Verpackung k\u00f6nnen alle angepasst werden.<\/li>\n<\/ul>","protected":false},"featured_media":5758,"comment_status":"closed","ping_status":"closed","template":"","meta":{"_acf_changed":false},"product_brand":[],"product_cat":[52,66],"product_tag":[],"class_list":{"0":"post-5455","1":"product","2":"type-product","3":"status-publish","4":"has-post-thumbnail","6":"product_cat-cookware-wholesale","7":"product_cat-frying-pan-wholesale","9":"first","10":"instock","11":"shipping-taxable","12":"product-type-simple"},"acf":[],"_links":{"self":[{"href":"https:\/\/www.chancescook.com\/de\/wp-json\/wp\/v2\/product\/5455","targetHints":{"allow":["GET"]}}],"collection":[{"href":"https:\/\/www.chancescook.com\/de\/wp-json\/wp\/v2\/product"}],"about":[{"href":"https:\/\/www.chancescook.com\/de\/wp-json\/wp\/v2\/types\/product"}],"replies":[{"embeddable":true,"href":"https:\/\/www.chancescook.com\/de\/wp-json\/wp\/v2\/comments?post=5455"}],"wp:featuredmedia":[{"embeddable":true,"href":"https:\/\/www.chancescook.com\/de\/wp-json\/wp\/v2\/media\/5758"}],"wp:attachment":[{"href":"https:\/\/www.chancescook.com\/de\/wp-json\/wp\/v2\/media?parent=5455"}],"wp:term":[{"taxonomy":"product_brand","embeddable":true,"href":"https:\/\/www.chancescook.com\/de\/wp-json\/wp\/v2\/product_brand?post=5455"},{"taxonomy":"product_cat","embeddable":true,"href":"https:\/\/www.chancescook.com\/de\/wp-json\/wp\/v2\/product_cat?post=5455"},{"taxonomy":"product_tag","embeddable":true,"href":"https:\/\/www.chancescook.com\/de\/wp-json\/wp\/v2\/product_tag?post=5455"}],"curies":[{"name":"wp","href":"https:\/\/api.w.org\/{rel}","templated":true}]}}