{"id":5510,"date":"2025-11-04T18:15:04","date_gmt":"2025-11-04T18:15:04","guid":{"rendered":"https:\/\/www.chancescook.com\/?post_type=product&#038;p=5510"},"modified":"2025-11-04T18:38:22","modified_gmt":"2025-11-04T18:38:22","slug":"7-piece-stainless-steel-cookware-set","status":"publish","type":"product","link":"https:\/\/www.chancescook.com\/de\/produkt\/7-piece-stainless-steel-cookware-set\/","title":{"rendered":"7 St\u00fcck Edelstahl Kochgeschirr Set Hersteller China T\u00f6pfe und Pfannen"},"content":{"rendered":"<div class=\"wp-block-columns is-layout-flex wp-container-core-columns-is-layout-9d6595d7 wp-block-columns-is-layout-flex\">\n<div class=\"wp-block-column is-layout-flow wp-block-column-is-layout-flow\">\n<h2 class=\"wp-block-heading\">7-teiliges Edelstahl-Kochgeschirrset Parameter:<\/h2>\n\n\n\n<ul class=\"wp-block-list\">\n<li><strong>Material: <\/strong>SS304<\/li>\n\n\n\n<li><strong>Farbe:<\/strong> Silber<\/li>\n\n\n\n<li><strong>Unten<\/strong>: Gekapselter Boden (SUS+1,2mm Alu+SUS)<\/li>\n\n\n\n<li><strong>Deckel:<\/strong> Edelstahl-Deckel<\/li>\n\n\n\n<li><strong>Gr\u00f6\u00dfen<\/strong>59 \u00d7 49 \u00d7 40 cm<\/li>\n\n\n\n<li><strong>Anmerkung:<\/strong> Unterst\u00fctzung der Qualit\u00e4tskontrolle bei Kleinserienauftr\u00e4gen<\/li>\n<\/ul>\n<\/div>\n\n\n\n<div class=\"wp-block-column is-layout-flow wp-block-column-is-layout-flow\">\n<h2 class=\"wp-block-heading\">Optionen f\u00fcr ma\u00dfgefertigte T\u00f6pfe und Pfannen:<\/h2>\n\n\n\n<ul class=\"wp-block-list\">\n<li><strong>Logo:<\/strong> Anpassbar mit Ihrem Markenlogo<\/li>\n\n\n\n<li><strong>Handgriff<\/strong>: Griffe f\u00fcr Ihren Stil<\/li>\n\n\n\n<li><strong>Verpackung: <\/strong>Farbige Schachtel\/Karton, etc<\/li>\n<\/ul>\n<\/div>\n<\/div>\n\n\n\n<p><em><a href=\"https:\/\/www.chancescook.com\/de\/contact\/\" data-type=\"page\" data-id=\"2990\">Der Kochgeschirrhersteller Chancescook bietet Fabrikpreise und OEM-Anpassungsdienste. Kontaktieren Sie uns f\u00fcr das beste Angebot von einem zuverl\u00e4ssigen Kochgeschirrhersteller.<\/a><\/em><\/p>\n\n\n\n<div class=\"wp-block-columns is-layout-flex wp-container-core-columns-is-layout-9d6595d7 wp-block-columns-is-layout-flex\">\n<div class=\"wp-block-column is-layout-flow wp-block-column-is-layout-flow\">\n<figure class=\"wp-block-image size-full\"><img decoding=\"async\" width=\"4608\" height=\"3456\" src=\"https:\/\/www.chancescook.com\/wp-content\/uploads\/2025\/07\/wholesale-cookware-manufacturer-chances-0-edited.webp\" alt=\"China K\u00fcchenger\u00e4te Hersteller-Chancescook\" class=\"wp-image-5085\" srcset=\"https:\/\/www.chancescook.com\/wp-content\/uploads\/2025\/07\/wholesale-cookware-manufacturer-chances-0-edited.webp 4608w, https:\/\/www.chancescook.com\/wp-content\/uploads\/2025\/07\/wholesale-cookware-manufacturer-chances-0-edited-300x225.webp 300w, https:\/\/www.chancescook.com\/wp-content\/uploads\/2025\/07\/wholesale-cookware-manufacturer-chances-0-edited-768x576.webp 768w, https:\/\/www.chancescook.com\/wp-content\/uploads\/2025\/07\/wholesale-cookware-manufacturer-chances-0-edited-16x12.webp 16w, https:\/\/www.chancescook.com\/wp-content\/uploads\/2025\/07\/wholesale-cookware-manufacturer-chances-0-edited-285x214.webp 285w, https:\/\/www.chancescook.com\/wp-content\/uploads\/2025\/07\/wholesale-cookware-manufacturer-chances-0-edited-1600x1200.webp 1600w, https:\/\/www.chancescook.com\/wp-content\/uploads\/2025\/07\/wholesale-cookware-manufacturer-chances-0-edited-800x600.webp 800w, https:\/\/www.chancescook.com\/wp-content\/uploads\/2025\/07\/wholesale-cookware-manufacturer-chances-0-edited-660x495.webp 660w, https:\/\/www.chancescook.com\/wp-content\/uploads\/2025\/07\/wholesale-cookware-manufacturer-chances-0-edited-150x113.webp 150w\" sizes=\"(max-width: 4608px) 100vw, 4608px\" \/><\/figure>\n<\/div>\n\n\n\n<div class=\"wp-block-column is-layout-flow wp-block-column-is-layout-flow\">\n<figure class=\"wp-block-image size-full\"><img decoding=\"async\" width=\"2755\" height=\"2066\" src=\"https:\/\/www.chancescook.com\/wp-content\/uploads\/2025\/07\/wholesale-cookware-manufacturer-kitchenware-manufacturer-chances-1_\u526f\u672c-edited.webp\" alt=\"Die g\u00e4ngigsten Kochgeschirr-Materialien - Chancescook\" class=\"wp-image-5084\" srcset=\"https:\/\/www.chancescook.com\/wp-content\/uploads\/2025\/07\/wholesale-cookware-manufacturer-kitchenware-manufacturer-chances-1_\u526f\u672c-edited.webp 2755w, https:\/\/www.chancescook.com\/wp-content\/uploads\/2025\/07\/wholesale-cookware-manufacturer-kitchenware-manufacturer-chances-1_\u526f\u672c-edited-300x225.webp 300w, https:\/\/www.chancescook.com\/wp-content\/uploads\/2025\/07\/wholesale-cookware-manufacturer-kitchenware-manufacturer-chances-1_\u526f\u672c-edited-768x576.webp 768w, https:\/\/www.chancescook.com\/wp-content\/uploads\/2025\/07\/wholesale-cookware-manufacturer-kitchenware-manufacturer-chances-1_\u526f\u672c-edited-16x12.webp 16w, https:\/\/www.chancescook.com\/wp-content\/uploads\/2025\/07\/wholesale-cookware-manufacturer-kitchenware-manufacturer-chances-1_\u526f\u672c-edited-285x214.webp 285w, https:\/\/www.chancescook.com\/wp-content\/uploads\/2025\/07\/wholesale-cookware-manufacturer-kitchenware-manufacturer-chances-1_\u526f\u672c-edited-1600x1200.webp 1600w, https:\/\/www.chancescook.com\/wp-content\/uploads\/2025\/07\/wholesale-cookware-manufacturer-kitchenware-manufacturer-chances-1_\u526f\u672c-edited-800x600.webp 800w, https:\/\/www.chancescook.com\/wp-content\/uploads\/2025\/07\/wholesale-cookware-manufacturer-kitchenware-manufacturer-chances-1_\u526f\u672c-edited-660x495.webp 660w, https:\/\/www.chancescook.com\/wp-content\/uploads\/2025\/07\/wholesale-cookware-manufacturer-kitchenware-manufacturer-chances-1_\u526f\u672c-edited-150x112.webp 150w\" sizes=\"(max-width: 2755px) 100vw, 2755px\" \/><\/figure>\n<\/div>\n<\/div>\n\n\n\n<p><\/p>","protected":false},"excerpt":{"rendered":"<p>Dieses 7-teilige Edelstahl-Kochgeschirrset im Gro\u00dfhandel ist ideal f\u00fcr Privat- und Gro\u00dfk\u00fcchen. Die elektropolierte Oberfl\u00e4che sorgt f\u00fcr ein elegantes, professionelles Metallic-Finish. Es ist leicht zu reinigen und sp\u00fclmaschinenfest und garantiert dauerhaften Glanz und Leistung. Wir unterst\u00fctzen die Anpassung von Marken und den Gro\u00dfhandel \u2013 globale Eink\u00e4ufer und Gro\u00dfh\u00e4ndler f\u00fcr Kochgeschirr k\u00f6nnen sich gerne an uns wenden, um L\u00f6sungen f\u00fcr 7-teilige Edelstahl-Kochgeschirrsets im Gro\u00dfhandel zu erhalten.<\/p>\n<h3>7-teiliges Edelstahl-Kochgeschirrset Eigenschaften:<\/h3>\n<ul>\n<li><strong>Sehr langlebig:<\/strong> Dieses 7-teilige Edelstahl-Kochgeschirrset aus hochwertigem Edelstahl zeichnet sich durch hervorragende Korrosionsbest\u00e4ndigkeit und ausgezeichnete Haltbarkeit aus. Im Vergleich zu Aluminium oder anderen Metallen verbeult, verformt oder bricht dieses Kochgeschirrset bei hohen Temperaturen oder h\u00e4ufigem Gebrauch nicht so leicht und kann daher l\u00e4nger verwendet werden.<\/li>\n<li><strong>Nicht reaktiv und sicher<\/strong>Edelstahl reagiert beim Garen von sauren oder alkalischen Lebensmitteln nicht und bewahrt somit den urspr\u00fcnglichen Geschmack der Zutaten, da er keinen metallischen Geschmack hinterl\u00e4sst.<\/li>\n<li><strong>Multifunktionales Kochset:<\/strong> Dieses 7-teilige Gro\u00dfhandelsset aus Edelstahl umfasst verschiedene Gr\u00f6\u00dfen von Kocht\u00f6pfen und Schmort\u00f6pfen f\u00fcr unterschiedliche Anforderungen, von der Hausmannskost bis hin zur Gastronomie, und erm\u00f6glicht die einfache Bew\u00e4ltigung mehrerer Kochaufgaben mit einem einzigen Set.<\/li>\n<li><strong>Leicht zu reinigen und zu pflegen:<\/strong> Das gesamte Set ist sp\u00fclmaschinenfest, und hartn\u00e4ckige Flecken lassen sich durch Einweichen oder leichtes Schrubben leicht entfernen. Selbst nach h\u00e4ufigem Gebrauch beh\u00e4lt es seinen professionellen Glanz.<\/li>\n<li><strong>Fortschrittliche Fertigungstechnologie:<\/strong> Als professioneller Hersteller von Edelstahlkochgeschirr setzen wir effiziente automatisierte Produktionslinien und fortschrittliche Polierverfahren ein, um unsere Produkte optisch ansprechend und haptisch glatt zu gestalten, benutzerfreundlich zu machen und gleichzeitig den hohen Lieferbedarf f\u00fcr den Gro\u00dfhandel zu decken.<\/li>\n<\/ul>","protected":false},"featured_media":5513,"comment_status":"closed","ping_status":"closed","template":"","meta":{"_acf_changed":false},"product_brand":[],"product_cat":[53],"product_tag":[],"class_list":{"0":"post-5510","1":"product","2":"type-product","3":"status-publish","4":"has-post-thumbnail","6":"product_cat-wholesale-cookware-sets","8":"first","9":"instock","10":"shipping-taxable","11":"product-type-simple"},"acf":[],"_links":{"self":[{"href":"https:\/\/www.chancescook.com\/de\/wp-json\/wp\/v2\/product\/5510","targetHints":{"allow":["GET"]}}],"collection":[{"href":"https:\/\/www.chancescook.com\/de\/wp-json\/wp\/v2\/product"}],"about":[{"href":"https:\/\/www.chancescook.com\/de\/wp-json\/wp\/v2\/types\/product"}],"replies":[{"embeddable":true,"href":"https:\/\/www.chancescook.com\/de\/wp-json\/wp\/v2\/comments?post=5510"}],"wp:featuredmedia":[{"embeddable":true,"href":"https:\/\/www.chancescook.com\/de\/wp-json\/wp\/v2\/media\/5513"}],"wp:attachment":[{"href":"https:\/\/www.chancescook.com\/de\/wp-json\/wp\/v2\/media?parent=5510"}],"wp:term":[{"taxonomy":"product_brand","embeddable":true,"href":"https:\/\/www.chancescook.com\/de\/wp-json\/wp\/v2\/product_brand?post=5510"},{"taxonomy":"product_cat","embeddable":true,"href":"https:\/\/www.chancescook.com\/de\/wp-json\/wp\/v2\/product_cat?post=5510"},{"taxonomy":"product_tag","embeddable":true,"href":"https:\/\/www.chancescook.com\/de\/wp-json\/wp\/v2\/product_tag?post=5510"}],"curies":[{"name":"wp","href":"https:\/\/api.w.org\/{rel}","templated":true}]}}