{"id":5516,"date":"2025-11-04T18:42:43","date_gmt":"2025-11-04T18:42:43","guid":{"rendered":"https:\/\/www.chancescook.com\/?post_type=product&#038;p=5516"},"modified":"2025-12-24T08:48:53","modified_gmt":"2025-12-24T08:48:53","slug":"10-piece-stainless-steel-cookware-set","status":"publish","type":"product","link":"https:\/\/www.chancescook.com\/de\/produkt\/10-piece-stainless-steel-cookware-set\/","title":{"rendered":"10 St\u00fcck Edelstahl Kochgeschirr Set Gro\u00dfh\u00e4ndler, Beste Kochtopf Set Hersteller"},"content":{"rendered":"<div class=\"wp-block-columns is-layout-flex wp-container-core-columns-is-layout-9d6595d7 wp-block-columns-is-layout-flex\">\n<div class=\"wp-block-column is-layout-flow wp-block-column-is-layout-flow\">\n<h2 class=\"wp-block-heading\">10-teiliges Edelstahl-Kochgeschirrset Parameter:<\/h2>\n\n\n\n<ul class=\"wp-block-list\">\n<li><strong>Material: <\/strong>SS410<\/li>\n\n\n\n<li><strong>Farbe:<\/strong> Silber<\/li>\n\n\n\n<li><strong>Unten<\/strong>: Gekapselter Boden (SUS+1,2mm Alu+SUS)<\/li>\n\n\n\n<li><strong>Deckel:<\/strong> Glas-Deckel<\/li>\n\n\n\n<li><strong>Gr\u00f6\u00dfen<\/strong>:54\u00d731\u00d752cm<\/li>\n\n\n\n<li><strong>Anmerkung:<\/strong> Unterst\u00fctzung der Qualit\u00e4tskontrolle bei Kleinserienauftr\u00e4gen<\/li>\n<\/ul>\n<\/div>\n\n\n\n<div class=\"wp-block-column is-layout-flow wp-block-column-is-layout-flow\">\n<h2 class=\"wp-block-heading\">Kundenspezifische Kochtopf-Set-Optionen\uff1a<\/h2>\n\n\n\n<ul class=\"wp-block-list\">\n<li><strong>Logo:<\/strong> Anpassbar mit Ihrem Markenlogo<\/li>\n\n\n\n<li><strong>Handgriff<\/strong>: Griffe f\u00fcr Ihren Stil<\/li>\n\n\n\n<li><strong>Verpackung: <\/strong>Farbige Schachtel\/Karton, etc<\/li>\n<\/ul>\n<\/div>\n<\/div>\n\n\n\n<p><em><a href=\"https:\/\/www.chancescook.com\/de\/contact\/\" data-type=\"page\" data-id=\"2990\">Der Kochgeschirrhersteller Chancescook bietet Fabrikpreise und OEM-Anpassungsdienste. Kontaktieren Sie uns f\u00fcr das beste Angebot von einem zuverl\u00e4ssigen Kochgeschirrhersteller.<\/a><\/em><\/p>\n\n\n\n<div class=\"wp-block-columns is-layout-flex wp-container-core-columns-is-layout-9d6595d7 wp-block-columns-is-layout-flex\">\n<div class=\"wp-block-column is-layout-flow wp-block-column-is-layout-flow\">\n<figure class=\"wp-block-image size-full\"><img decoding=\"async\" width=\"800\" height=\"800\" src=\"https:\/\/www.chancescook.com\/wp-content\/uploads\/2025\/11\/10-Piece-Stainless-Steel-Cookware-Set-Wholesaler-5.webp\" alt=\"10-teiliges Edelstahl-Kochgeschirrset Gro\u00dfh\u00e4ndler (5)\" class=\"wp-image-5521\" srcset=\"https:\/\/www.chancescook.com\/wp-content\/uploads\/2025\/11\/10-Piece-Stainless-Steel-Cookware-Set-Wholesaler-5.webp 800w, https:\/\/www.chancescook.com\/wp-content\/uploads\/2025\/11\/10-Piece-Stainless-Steel-Cookware-Set-Wholesaler-5-300x300.webp 300w, https:\/\/www.chancescook.com\/wp-content\/uploads\/2025\/11\/10-Piece-Stainless-Steel-Cookware-Set-Wholesaler-5-150x150.webp 150w, https:\/\/www.chancescook.com\/wp-content\/uploads\/2025\/11\/10-Piece-Stainless-Steel-Cookware-Set-Wholesaler-5-768x768.webp 768w, https:\/\/www.chancescook.com\/wp-content\/uploads\/2025\/11\/10-Piece-Stainless-Steel-Cookware-Set-Wholesaler-5-12x12.webp 12w, https:\/\/www.chancescook.com\/wp-content\/uploads\/2025\/11\/10-Piece-Stainless-Steel-Cookware-Set-Wholesaler-5-285x285.webp 285w, https:\/\/www.chancescook.com\/wp-content\/uploads\/2025\/11\/10-Piece-Stainless-Steel-Cookware-Set-Wholesaler-5-270x270.webp 270w, https:\/\/www.chancescook.com\/wp-content\/uploads\/2025\/11\/10-Piece-Stainless-Steel-Cookware-Set-Wholesaler-5-540x540.webp 540w, https:\/\/www.chancescook.com\/wp-content\/uploads\/2025\/11\/10-Piece-Stainless-Steel-Cookware-Set-Wholesaler-5-660x660.webp 660w\" sizes=\"(max-width: 800px) 100vw, 800px\" \/><\/figure>\n<\/div>\n\n\n\n<div class=\"wp-block-column is-layout-flow wp-block-column-is-layout-flow\">\n<figure class=\"wp-block-image size-full\"><img decoding=\"async\" width=\"800\" height=\"800\" src=\"https:\/\/www.chancescook.com\/wp-content\/uploads\/2025\/11\/10-Piece-Stainless-Steel-Cookware-Set-Wholesaler-4.webp\" alt=\"10-teiliges Edelstahl-Kochgeschirrset Gro\u00dfh\u00e4ndler (4)\" class=\"wp-image-5520\" srcset=\"https:\/\/www.chancescook.com\/wp-content\/uploads\/2025\/11\/10-Piece-Stainless-Steel-Cookware-Set-Wholesaler-4.webp 800w, https:\/\/www.chancescook.com\/wp-content\/uploads\/2025\/11\/10-Piece-Stainless-Steel-Cookware-Set-Wholesaler-4-300x300.webp 300w, https:\/\/www.chancescook.com\/wp-content\/uploads\/2025\/11\/10-Piece-Stainless-Steel-Cookware-Set-Wholesaler-4-150x150.webp 150w, https:\/\/www.chancescook.com\/wp-content\/uploads\/2025\/11\/10-Piece-Stainless-Steel-Cookware-Set-Wholesaler-4-768x768.webp 768w, https:\/\/www.chancescook.com\/wp-content\/uploads\/2025\/11\/10-Piece-Stainless-Steel-Cookware-Set-Wholesaler-4-12x12.webp 12w, https:\/\/www.chancescook.com\/wp-content\/uploads\/2025\/11\/10-Piece-Stainless-Steel-Cookware-Set-Wholesaler-4-285x285.webp 285w, https:\/\/www.chancescook.com\/wp-content\/uploads\/2025\/11\/10-Piece-Stainless-Steel-Cookware-Set-Wholesaler-4-270x270.webp 270w, https:\/\/www.chancescook.com\/wp-content\/uploads\/2025\/11\/10-Piece-Stainless-Steel-Cookware-Set-Wholesaler-4-540x540.webp 540w, https:\/\/www.chancescook.com\/wp-content\/uploads\/2025\/11\/10-Piece-Stainless-Steel-Cookware-Set-Wholesaler-4-660x660.webp 660w\" sizes=\"(max-width: 800px) 100vw, 800px\" \/><\/figure>\n<\/div>\n\n\n\n<div class=\"wp-block-column is-layout-flow wp-block-column-is-layout-flow\">\n<figure class=\"wp-block-image size-full\"><img decoding=\"async\" width=\"800\" height=\"800\" src=\"https:\/\/www.chancescook.com\/wp-content\/uploads\/2025\/11\/10-Piece-Stainless-Steel-Cookware-Set-Wholesaler-3.webp\" alt=\"10-teiliges Edelstahl-Kochgeschirrset Gro\u00dfh\u00e4ndler (3)\" class=\"wp-image-5519\" srcset=\"https:\/\/www.chancescook.com\/wp-content\/uploads\/2025\/11\/10-Piece-Stainless-Steel-Cookware-Set-Wholesaler-3.webp 800w, https:\/\/www.chancescook.com\/wp-content\/uploads\/2025\/11\/10-Piece-Stainless-Steel-Cookware-Set-Wholesaler-3-300x300.webp 300w, https:\/\/www.chancescook.com\/wp-content\/uploads\/2025\/11\/10-Piece-Stainless-Steel-Cookware-Set-Wholesaler-3-150x150.webp 150w, https:\/\/www.chancescook.com\/wp-content\/uploads\/2025\/11\/10-Piece-Stainless-Steel-Cookware-Set-Wholesaler-3-768x768.webp 768w, https:\/\/www.chancescook.com\/wp-content\/uploads\/2025\/11\/10-Piece-Stainless-Steel-Cookware-Set-Wholesaler-3-12x12.webp 12w, https:\/\/www.chancescook.com\/wp-content\/uploads\/2025\/11\/10-Piece-Stainless-Steel-Cookware-Set-Wholesaler-3-285x285.webp 285w, https:\/\/www.chancescook.com\/wp-content\/uploads\/2025\/11\/10-Piece-Stainless-Steel-Cookware-Set-Wholesaler-3-270x270.webp 270w, https:\/\/www.chancescook.com\/wp-content\/uploads\/2025\/11\/10-Piece-Stainless-Steel-Cookware-Set-Wholesaler-3-540x540.webp 540w, https:\/\/www.chancescook.com\/wp-content\/uploads\/2025\/11\/10-Piece-Stainless-Steel-Cookware-Set-Wholesaler-3-660x660.webp 660w\" sizes=\"(max-width: 800px) 100vw, 800px\" \/><\/figure>\n<\/div>\n<\/div>\n\n\n\n<p><\/p>","protected":false},"excerpt":{"rendered":"<p>Willkommen zu unserem 10-teiligen Edelstahl-Kochgeschirrset f\u00fcr den Gro\u00dfhandel, das f\u00fcr die vielf\u00e4ltigen Anforderungen moderner K\u00fcchen entwickelt wurde. Das Set umfasst drei Suppent\u00f6pfe in verschiedenen Gr\u00f6\u00dfen (alle mit Glasdeckel), einen Milchtopf mit Glasdeckel, eine Bratpfanne und einen Wasserkocher und bietet Ihnen somit eine Komplettl\u00f6sung f\u00fcr Ihre K\u00fcche. Der Kochgeschirrhersteller Chancescook bietet Fabrikpreise und OEM-Anpassungsdienste. Kontaktieren Sie uns f\u00fcr das beste Angebot.<\/p>\n<h3>10-teiliges Edelstahl-Kochgeschirrset Eigenschaften:<\/h3>\n<ul>\n<li><strong>Hervorragende Haltbarkeit:<\/strong> Kochgeschirr aus Edelstahl ist bekannt f\u00fcr seine Korrosionsbest\u00e4ndigkeit und Langlebigkeit. Im Gegensatz zu den meisten Metallen verbeult, verzieht oder bricht Edelstahl nicht so leicht bei hohen Temperaturen und h\u00e4ufigem Gebrauch und hat daher eine l\u00e4ngere Lebensdauer.<\/li>\n<li><strong>Gesundheit und Sicherheit<\/strong>Unser 10-teiliges Edelstahl-Kochgeschirrset aus lebensmittelechtem Edelstahl verf\u00fcgt \u00fcber eine nicht reaktive Oberfl\u00e4che, die nicht mit sauren oder alkalischen Lebensmitteln reagiert. Das bedeutet, dass es den nat\u00fcrlichen Geschmack der Zutaten bewahrt, ohne ihnen einen metallischen Geschmack zu verleihen.<\/li>\n<li><strong>Umfassende Kochl\u00f6sung:<\/strong> Das folgende 10-teilige Kochgeschirrset aus Edelstahl erf\u00fcllt dank seines multifunktionalen Designs, das alle Herausforderungen des t\u00e4glichen Kochens m\u00fchelos meistert, mit Sicherheit alle vielf\u00e4ltigen Kochanforderungen, sei es zum Kochen, Schmoren, Braten, Wasserkochen und vieles mehr.<\/li>\n<li><strong>Einfach zu warten:<\/strong> Kochgeschirr aus Edelstahl ist leicht zu reinigen und sp\u00fclmaschinenfest. Hartn\u00e4ckige Speisereste m\u00fcssen in der Regel nur eingeweicht oder h\u00f6chstens leicht abgeschrubbt werden, um sie zu entfernen, sodass das Kochgeschirr auch nach mehreren Jahren noch gl\u00e4nzend und professionell aussieht.<\/li>\n<li><strong>Pr\u00e4zisionsfertigungsprozess:<\/strong> Wir verwenden fortschrittliche Produktionstechnologien und pr\u00e4zise Poliertechniken, um sicherzustellen, dass jedes Produkt nicht nur ein sch\u00f6nes Aussehen hat, sondern auch eine hervorragende Benutzererfahrung bietet. Wir bieten auch OEM\/ODM-Anpassungsdienste an, um den Markenanforderungen verschiedener Kunden gerecht zu werden.<\/li>\n<li>Wir bieten wettbewerbsf\u00e4hige Herstellerpreise und ma\u00dfgeschneiderte L\u00f6sungen. Wir freuen uns \u00fcber Anfragen von H\u00e4ndlern, Gro\u00dfh\u00e4ndlern und Kochgeschirrmarken aus aller Welt, um Ihnen die besten Angebote zu unterbreiten.<\/li>\n<\/ul>","protected":false},"featured_media":5911,"comment_status":"closed","ping_status":"closed","template":"","meta":{"_acf_changed":false},"product_brand":[],"product_cat":[53],"product_tag":[],"class_list":{"0":"post-5516","1":"product","2":"type-product","3":"status-publish","4":"has-post-thumbnail","6":"product_cat-wholesale-cookware-sets","8":"first","9":"instock","10":"shipping-taxable","11":"product-type-simple"},"acf":[],"_links":{"self":[{"href":"https:\/\/www.chancescook.com\/de\/wp-json\/wp\/v2\/product\/5516","targetHints":{"allow":["GET"]}}],"collection":[{"href":"https:\/\/www.chancescook.com\/de\/wp-json\/wp\/v2\/product"}],"about":[{"href":"https:\/\/www.chancescook.com\/de\/wp-json\/wp\/v2\/types\/product"}],"replies":[{"embeddable":true,"href":"https:\/\/www.chancescook.com\/de\/wp-json\/wp\/v2\/comments?post=5516"}],"wp:featuredmedia":[{"embeddable":true,"href":"https:\/\/www.chancescook.com\/de\/wp-json\/wp\/v2\/media\/5911"}],"wp:attachment":[{"href":"https:\/\/www.chancescook.com\/de\/wp-json\/wp\/v2\/media?parent=5516"}],"wp:term":[{"taxonomy":"product_brand","embeddable":true,"href":"https:\/\/www.chancescook.com\/de\/wp-json\/wp\/v2\/product_brand?post=5516"},{"taxonomy":"product_cat","embeddable":true,"href":"https:\/\/www.chancescook.com\/de\/wp-json\/wp\/v2\/product_cat?post=5516"},{"taxonomy":"product_tag","embeddable":true,"href":"https:\/\/www.chancescook.com\/de\/wp-json\/wp\/v2\/product_tag?post=5516"}],"curies":[{"name":"wp","href":"https:\/\/api.w.org\/{rel}","templated":true}]}}