{"id":5533,"date":"2025-11-05T01:40:26","date_gmt":"2025-11-05T01:40:26","guid":{"rendered":"https:\/\/www.chancescook.com\/?post_type=product&#038;p=5533"},"modified":"2025-12-21T13:15:12","modified_gmt":"2025-12-21T13:15:12","slug":"apple-shaped-milk-pan-wholesale","status":"publish","type":"product","link":"https:\/\/www.chancescook.com\/de\/produkt\/apple-shaped-milk-pan-wholesale\/","title":{"rendered":"Apfel-f\u00f6rmige Milch Pfanne Gro\u00dfhandel, SUS316 Apfel Topf dreilagig Kochtopf Lieferant"},"content":{"rendered":"<div class=\"wp-block-columns is-layout-flex wp-container-core-columns-is-layout-9d6595d7 wp-block-columns-is-layout-flex\">\n<div class=\"wp-block-column is-layout-flow wp-block-column-is-layout-flow\">\n<h2 class=\"wp-block-heading\">Edelstahl apfelf\u00f6rmige Milchpfanne Parameter:<\/h2>\n\n\n\n<ul class=\"wp-block-list\">\n<li><strong>Material:<\/strong> SS316 Dreilagig<\/li>\n\n\n\n<li><strong>Farbe:<\/strong> Silber<\/li>\n\n\n\n<li><strong>Unten: <\/strong>Gekapselter Boden (SUS+1,2mm Alu+SUS)<\/li>\n\n\n\n<li><strong>Deckel:<\/strong> Edelstahl-Deckel<\/li>\n\n\n\n<li><strong>Gr\u00f6\u00dfen:<\/strong>16cm<\/li>\n\n\n\n<li><strong>Anmerkung:<\/strong> Unterst\u00fctzung der Qualit\u00e4tskontrolle bei Kleinserienauftr\u00e4gen<\/li>\n<\/ul>\n<\/div>\n\n\n\n<div class=\"wp-block-column is-layout-flow wp-block-column-is-layout-flow\">\n<h2 class=\"wp-block-heading\">Kundenspezifische Milchpfannen-Optionen:<\/h2>\n\n\n\n<ul class=\"wp-block-list\">\n<li><strong>Logo:<\/strong> Anpassbar mit Ihrem Markenlogo<\/li>\n\n\n\n<li><strong>Handgriff: <\/strong>Griffe f\u00fcr Ihren Stil<\/li>\n\n\n\n<li><strong>Verpackung: <\/strong>Farbige Schachtel\/Karton, etc<\/li>\n\n\n\n<li><strong><a href=\"https:\/\/www.chancescook.com\/de\/custom-cookware\/\">OEM &amp; ODM Kundenspezifische Kochtopf-L\u00f6sungen<\/a><\/strong><\/li>\n<\/ul>\n<\/div>\n<\/div>\n\n\n\n<p><em><a href=\"https:\/\/www.chancescook.com\/de\/contact\/\">Der Kochgeschirrhersteller Chancescook bietet Fabrikpreise und OEM-Anpassungsdienste. Kontaktieren Sie uns f\u00fcr das beste Angebot von einem zuverl\u00e4ssigen Kochgeschirrhersteller.<\/a><\/em><\/p>\n\n\n\n<div class=\"wp-block-columns is-layout-flex wp-container-core-columns-is-layout-9d6595d7 wp-block-columns-is-layout-flex\">\n<div class=\"wp-block-column is-layout-flow wp-block-column-is-layout-flow\">\n<figure class=\"wp-block-image size-full\"><img decoding=\"async\" width=\"1600\" height=\"1067\" src=\"https:\/\/www.chancescook.com\/wp-content\/uploads\/2025\/07\/wholesale-cookware-manufacturer-chances-0-1600x1067-1.webp\" alt=\"Gro\u00dfhandel-Kochgeschirr-Hersteller-Chancen-0-1600x1067\" class=\"wp-image-5233\" srcset=\"https:\/\/www.chancescook.com\/wp-content\/uploads\/2025\/07\/wholesale-cookware-manufacturer-chances-0-1600x1067-1.webp 1600w, https:\/\/www.chancescook.com\/wp-content\/uploads\/2025\/07\/wholesale-cookware-manufacturer-chances-0-1600x1067-1-300x200.webp 300w, https:\/\/www.chancescook.com\/wp-content\/uploads\/2025\/07\/wholesale-cookware-manufacturer-chances-0-1600x1067-1-768x512.webp 768w, https:\/\/www.chancescook.com\/wp-content\/uploads\/2025\/07\/wholesale-cookware-manufacturer-chances-0-1600x1067-1-18x12.webp 18w, https:\/\/www.chancescook.com\/wp-content\/uploads\/2025\/07\/wholesale-cookware-manufacturer-chances-0-1600x1067-1-285x190.webp 285w, https:\/\/www.chancescook.com\/wp-content\/uploads\/2025\/07\/wholesale-cookware-manufacturer-chances-0-1600x1067-1-660x440.webp 660w, https:\/\/www.chancescook.com\/wp-content\/uploads\/2025\/07\/wholesale-cookware-manufacturer-chances-0-1600x1067-1-150x100.webp 150w\" sizes=\"(max-width: 1600px) 100vw, 1600px\" \/><\/figure>\n<\/div>\n\n\n\n<div class=\"wp-block-column is-layout-flow wp-block-column-is-layout-flow\">\n<figure class=\"wp-block-image size-full\"><img decoding=\"async\" width=\"3807\" height=\"2538\" src=\"https:\/\/www.chancescook.com\/wp-content\/uploads\/2024\/08\/wholesale-cookware-manufacturer-kitchenware-manufacturer-chances-1.webp\" alt=\"Induktionskochgeschirr aus Edelstahl Hersteller\" class=\"wp-image-3446\" srcset=\"https:\/\/www.chancescook.com\/wp-content\/uploads\/2024\/08\/wholesale-cookware-manufacturer-kitchenware-manufacturer-chances-1.webp 3807w, https:\/\/www.chancescook.com\/wp-content\/uploads\/2024\/08\/wholesale-cookware-manufacturer-kitchenware-manufacturer-chances-1-300x200.webp 300w, https:\/\/www.chancescook.com\/wp-content\/uploads\/2024\/08\/wholesale-cookware-manufacturer-kitchenware-manufacturer-chances-1-768x512.webp 768w, https:\/\/www.chancescook.com\/wp-content\/uploads\/2024\/08\/wholesale-cookware-manufacturer-kitchenware-manufacturer-chances-1-18x12.webp 18w, https:\/\/www.chancescook.com\/wp-content\/uploads\/2024\/08\/wholesale-cookware-manufacturer-kitchenware-manufacturer-chances-1-285x190.webp 285w, https:\/\/www.chancescook.com\/wp-content\/uploads\/2024\/08\/wholesale-cookware-manufacturer-kitchenware-manufacturer-chances-1-1600x1067.webp 1600w, https:\/\/www.chancescook.com\/wp-content\/uploads\/2024\/08\/wholesale-cookware-manufacturer-kitchenware-manufacturer-chances-1-660x440.webp 660w, https:\/\/www.chancescook.com\/wp-content\/uploads\/2024\/08\/wholesale-cookware-manufacturer-kitchenware-manufacturer-chances-1-150x100.webp 150w\" sizes=\"(max-width: 3807px) 100vw, 3807px\" \/><\/figure>\n<\/div>\n<\/div>\n\n\n\n<p><\/p>","protected":false},"excerpt":{"rendered":"<p>Unsere apfelf\u00f6rmige Milchpfanne aus der Gro\u00dfhandelskollektion besteht aus hochwertigem 316er-Edelstahl, der Langlebigkeit, gleichm\u00e4\u00dfige Erhitzung und Lebensmittelsicherheit gew\u00e4hrleistet. Der dreilagige Boden bietet eine hervorragende W\u00e4rmeverteilung f\u00fcr effizientes Kochen. Dieser PFOA-freie, ungiftige Kochtopf ist f\u00fcr 2-3 Portionen geeignet und eignet sich perfekt f\u00fcr die t\u00e4gliche K\u00fcche zu Hause oder in Gro\u00dfk\u00fcchen. Als zuverl\u00e4ssiger Lieferant f\u00fcr dreilagige Kocht\u00f6pfe bieten wir OEM\/ODM-Anpassungen, kostenlose Muster und Direktpreise - ideal f\u00fcr Catering-Unternehmen, Hoteliers und Kochgeschirr-Gro\u00dfh\u00e4ndler. Kontaktieren Sie uns noch heute f\u00fcr Massenangebote!<\/p>\n<h2>Merkmale und Vorteile der apfelf\u00f6rmigen Milchpfanne<\/h2>\n<ul>\n<li data-pm-slice=\"1 1 []\"><strong>Medizinischer Edelstahl 316:<\/strong> Edelstahl 316 zeichnet sich durch seine Langlebigkeit und gesundheitliche Unbedenklichkeit aus. Unser Gro\u00dfhandel apfelf\u00f6rmigen Milchpfanne ist aus diesem Material zeichnet sich in Korrosion von sauren oder alkalischen Zutaten widerstehen.<\/li>\n<li><strong>Geeignet f\u00fcr 2-3 Personen:<\/strong> Das Fassungsverm\u00f6gen ist sehr gut geeignet f\u00fcr das t\u00e4gliche Kochen in der Familie und f\u00fcr die Kochbed\u00fcrfnisse von Kleinfamilien oder Einzelpersonen.<\/li>\n<li><strong>Geeignet f\u00fcr verschiedene \u00d6fen:<\/strong> Der Milchtopf aus rostfreiem Stahl in Form eines Apfels ist mit einer Vielzahl von Kochger\u00e4ten kompatibel, darunter Induktionsherde, Gasherde und Ceranfelder, und bietet somit gro\u00dfen Komfort.<\/li>\n<li><strong>Ma\u00dfgeschneiderter Service:<\/strong> Chancescook bietet eine breite Palette an ma\u00dfgeschneiderten Kochgeschirr-Services, um Unternehmen bei der Personalisierung ihrer Marke zu helfen, wenn sie in gro\u00dfen Mengen einkaufen, geeignet f\u00fcr Hotels, Catering-Unternehmen und H\u00e4ndler, die in gro\u00dfen Mengen einkaufen.<\/li>\n<\/ul>","protected":false},"featured_media":5764,"comment_status":"closed","ping_status":"closed","template":"","meta":{"_acf_changed":false},"product_brand":[],"product_cat":[52,67],"product_tag":[],"class_list":{"0":"post-5533","1":"product","2":"type-product","3":"status-publish","4":"has-post-thumbnail","6":"product_cat-cookware-wholesale","7":"product_cat-saucepan-manufacturer","9":"first","10":"instock","11":"shipping-taxable","12":"product-type-simple"},"acf":[],"_links":{"self":[{"href":"https:\/\/www.chancescook.com\/de\/wp-json\/wp\/v2\/product\/5533","targetHints":{"allow":["GET"]}}],"collection":[{"href":"https:\/\/www.chancescook.com\/de\/wp-json\/wp\/v2\/product"}],"about":[{"href":"https:\/\/www.chancescook.com\/de\/wp-json\/wp\/v2\/types\/product"}],"replies":[{"embeddable":true,"href":"https:\/\/www.chancescook.com\/de\/wp-json\/wp\/v2\/comments?post=5533"}],"wp:featuredmedia":[{"embeddable":true,"href":"https:\/\/www.chancescook.com\/de\/wp-json\/wp\/v2\/media\/5764"}],"wp:attachment":[{"href":"https:\/\/www.chancescook.com\/de\/wp-json\/wp\/v2\/media?parent=5533"}],"wp:term":[{"taxonomy":"product_brand","embeddable":true,"href":"https:\/\/www.chancescook.com\/de\/wp-json\/wp\/v2\/product_brand?post=5533"},{"taxonomy":"product_cat","embeddable":true,"href":"https:\/\/www.chancescook.com\/de\/wp-json\/wp\/v2\/product_cat?post=5533"},{"taxonomy":"product_tag","embeddable":true,"href":"https:\/\/www.chancescook.com\/de\/wp-json\/wp\/v2\/product_tag?post=5533"}],"curies":[{"name":"wp","href":"https:\/\/api.w.org\/{rel}","templated":true}]}}