{"id":5565,"date":"2025-11-15T07:53:27","date_gmt":"2025-11-15T07:05:06","guid":{"rendered":"https:\/\/www.chancescook.com\/?post_type=product&#038;p=5565"},"modified":"2025-12-24T08:47:53","modified_gmt":"2025-12-24T08:47:53","slug":"6-piece-stainless-steel-cookware-set","status":"publish","type":"product","link":"https:\/\/www.chancescook.com\/de\/produkt\/6-piece-stainless-steel-cookware-set\/","title":{"rendered":"6-teiliges Edelstahl-Kochgeschirr-Set Produktionsanlage, kundenspezifisches Kochtopf-Set Gro\u00dfh\u00e4ndler"},"content":{"rendered":"<div class=\"wp-block-columns is-layout-flex wp-container-core-columns-is-layout-9d6595d7 wp-block-columns-is-layout-flex\">\n<div class=\"wp-block-column is-layout-flow wp-block-column-is-layout-flow\">\n<h2 class=\"wp-block-heading\">6-teiliges Kochgeschirr-Set aus Edelstahl Parameter\uff1a<\/h2>\n\n\n\n<ul class=\"wp-block-list\">\n<li><strong>Material:<\/strong> Rostfreier Stahl<\/li>\n\n\n\n<li><strong>Normale Dicke:<\/strong> 0,5 mm<\/li>\n\n\n\n<li><strong>Deckel: <\/strong>Glas-Deckel<\/li>\n\n\n\n<li><strong>Unten: <\/strong>Induktion Sandwichboden (SUS+2mm Alu+SUS)<\/li>\n\n\n\n<li><strong>Logo:<\/strong> Siebdruck\/Lasergravur\/gepr\u00e4gter Stempel<\/li>\n\n\n\n<li><strong>Griff &amp;Deckelknopf:<\/strong> rostfreier Stahl<\/li>\n\n\n\n<li><strong>Einschlie\u00dfen:<\/strong> Milchtopf ,Suppentopf ,Bratpfanne<\/li>\n\n\n\n<li><strong>Milchtopf Gr\u00f6\u00dfe:<\/strong> 18cm<\/li>\n\n\n\n<li><strong>Suppentopf:<\/strong> 24cm<\/li>\n\n\n\n<li><strong>Bratpfanne:<\/strong> 24cm<\/li>\n\n\n\n<li><strong>MOQ: <\/strong>1000S\u00e4tze<\/li>\n<\/ul>\n<\/div>\n\n\n\n<div class=\"wp-block-column is-layout-flow wp-block-column-is-layout-flow\">\n<h2 class=\"wp-block-heading\">Kundenspezifische Kochtopf-Set-Optionen\uff1a<\/h2>\n\n\n\n<p>Werten Sie Ihr Catering-Gesch\u00e4ft mit unseren unbegrenzten Anpassungsm\u00f6glichkeiten und innovativen Designs auf.<\/p>\n\n\n\n<ul class=\"wp-block-list\">\n<li><strong>Farbe: <\/strong>Beige\/Gr\u00fcn\/Rosa<\/li>\n\n\n\n<li><strong>Material:<\/strong> Rostfreier Stahl SUS#201\/304\/410\/430<\/li>\n\n\n\n<li><strong>Griffe f\u00fcr Ihren Stil<\/strong><\/li>\n\n\n\n<li><strong>Logo: <\/strong>Ihr individuelles Markenlogo<\/li>\n\n\n\n<li><strong>Paket:<\/strong> Farbkasten\/Briefkasten, etc.<\/li>\n\n\n\n<li><strong><a href=\"https:\/\/www.chancescook.com\/de\/custom-cookware\/\">OEM &amp; ODM Kundenspezifische L\u00f6sungen<\/a><\/strong><\/li>\n<\/ul>\n<\/div>\n<\/div>\n\n\n\n<p><em><a href=\"https:\/\/www.chancescook.com\/de\/contact\/\" data-type=\"page\" data-id=\"2990\">Der Kochgeschirrhersteller Chancescook bietet Fabrikpreise und OEM-Anpassungsdienste. Kontaktieren Sie uns f\u00fcr das beste Angebot von einem zuverl\u00e4ssigen Kochgeschirrhersteller.<\/a><\/em><\/p>\n\n\n\n<div class=\"wp-block-columns is-layout-flex wp-container-core-columns-is-layout-9d6595d7 wp-block-columns-is-layout-flex\">\n<div class=\"wp-block-column is-layout-flow wp-block-column-is-layout-flow\">\n<figure class=\"wp-block-image size-full\"><img decoding=\"async\" width=\"800\" height=\"800\" src=\"https:\/\/www.chancescook.com\/wp-content\/uploads\/2025\/11\/6-Piece-Stainless-Steel-Cookware-Set-Manufacturer-chancescook-4.webp\" alt=\"6-teiliges Edelstahl-Kochgeschirr-Set Hersteller - chancescook (4)\" class=\"wp-image-5571\" srcset=\"https:\/\/www.chancescook.com\/wp-content\/uploads\/2025\/11\/6-Piece-Stainless-Steel-Cookware-Set-Manufacturer-chancescook-4.webp 800w, https:\/\/www.chancescook.com\/wp-content\/uploads\/2025\/11\/6-Piece-Stainless-Steel-Cookware-Set-Manufacturer-chancescook-4-300x300.webp 300w, https:\/\/www.chancescook.com\/wp-content\/uploads\/2025\/11\/6-Piece-Stainless-Steel-Cookware-Set-Manufacturer-chancescook-4-150x150.webp 150w, https:\/\/www.chancescook.com\/wp-content\/uploads\/2025\/11\/6-Piece-Stainless-Steel-Cookware-Set-Manufacturer-chancescook-4-768x768.webp 768w, https:\/\/www.chancescook.com\/wp-content\/uploads\/2025\/11\/6-Piece-Stainless-Steel-Cookware-Set-Manufacturer-chancescook-4-12x12.webp 12w, https:\/\/www.chancescook.com\/wp-content\/uploads\/2025\/11\/6-Piece-Stainless-Steel-Cookware-Set-Manufacturer-chancescook-4-285x285.webp 285w, https:\/\/www.chancescook.com\/wp-content\/uploads\/2025\/11\/6-Piece-Stainless-Steel-Cookware-Set-Manufacturer-chancescook-4-270x270.webp 270w, https:\/\/www.chancescook.com\/wp-content\/uploads\/2025\/11\/6-Piece-Stainless-Steel-Cookware-Set-Manufacturer-chancescook-4-540x540.webp 540w, https:\/\/www.chancescook.com\/wp-content\/uploads\/2025\/11\/6-Piece-Stainless-Steel-Cookware-Set-Manufacturer-chancescook-4-660x660.webp 660w\" sizes=\"(max-width: 800px) 100vw, 800px\" \/><\/figure>\n<\/div>\n\n\n\n<div class=\"wp-block-column is-layout-flow wp-block-column-is-layout-flow\">\n<figure class=\"wp-block-image size-full\"><img decoding=\"async\" width=\"800\" height=\"800\" src=\"https:\/\/www.chancescook.com\/wp-content\/uploads\/2025\/11\/6-Piece-Stainless-Steel-Cookware-Set-Manufacturer-chancescook-1.webp\" alt=\"6-teiliges Edelstahl-Kochgeschirr-Set Hersteller - chancescook (1)\" class=\"wp-image-5567\" srcset=\"https:\/\/www.chancescook.com\/wp-content\/uploads\/2025\/11\/6-Piece-Stainless-Steel-Cookware-Set-Manufacturer-chancescook-1.webp 800w, https:\/\/www.chancescook.com\/wp-content\/uploads\/2025\/11\/6-Piece-Stainless-Steel-Cookware-Set-Manufacturer-chancescook-1-300x300.webp 300w, https:\/\/www.chancescook.com\/wp-content\/uploads\/2025\/11\/6-Piece-Stainless-Steel-Cookware-Set-Manufacturer-chancescook-1-150x150.webp 150w, https:\/\/www.chancescook.com\/wp-content\/uploads\/2025\/11\/6-Piece-Stainless-Steel-Cookware-Set-Manufacturer-chancescook-1-768x768.webp 768w, https:\/\/www.chancescook.com\/wp-content\/uploads\/2025\/11\/6-Piece-Stainless-Steel-Cookware-Set-Manufacturer-chancescook-1-12x12.webp 12w, https:\/\/www.chancescook.com\/wp-content\/uploads\/2025\/11\/6-Piece-Stainless-Steel-Cookware-Set-Manufacturer-chancescook-1-285x285.webp 285w, https:\/\/www.chancescook.com\/wp-content\/uploads\/2025\/11\/6-Piece-Stainless-Steel-Cookware-Set-Manufacturer-chancescook-1-270x270.webp 270w, https:\/\/www.chancescook.com\/wp-content\/uploads\/2025\/11\/6-Piece-Stainless-Steel-Cookware-Set-Manufacturer-chancescook-1-540x540.webp 540w, https:\/\/www.chancescook.com\/wp-content\/uploads\/2025\/11\/6-Piece-Stainless-Steel-Cookware-Set-Manufacturer-chancescook-1-660x660.webp 660w\" sizes=\"(max-width: 800px) 100vw, 800px\" \/><\/figure>\n<\/div>\n\n\n\n<div class=\"wp-block-column is-layout-flow wp-block-column-is-layout-flow\">\n<figure class=\"wp-block-image size-full\"><img decoding=\"async\" width=\"800\" height=\"800\" src=\"https:\/\/www.chancescook.com\/wp-content\/uploads\/2025\/11\/6-Piece-Stainless-Steel-Cookware-Set-Manufacturer-chancescook-2.webp\" alt=\"6-teiliges Edelstahl-Kochgeschirr-Set Hersteller - chancescook (2)\" class=\"wp-image-5569\" srcset=\"https:\/\/www.chancescook.com\/wp-content\/uploads\/2025\/11\/6-Piece-Stainless-Steel-Cookware-Set-Manufacturer-chancescook-2.webp 800w, https:\/\/www.chancescook.com\/wp-content\/uploads\/2025\/11\/6-Piece-Stainless-Steel-Cookware-Set-Manufacturer-chancescook-2-300x300.webp 300w, https:\/\/www.chancescook.com\/wp-content\/uploads\/2025\/11\/6-Piece-Stainless-Steel-Cookware-Set-Manufacturer-chancescook-2-150x150.webp 150w, https:\/\/www.chancescook.com\/wp-content\/uploads\/2025\/11\/6-Piece-Stainless-Steel-Cookware-Set-Manufacturer-chancescook-2-768x768.webp 768w, https:\/\/www.chancescook.com\/wp-content\/uploads\/2025\/11\/6-Piece-Stainless-Steel-Cookware-Set-Manufacturer-chancescook-2-12x12.webp 12w, https:\/\/www.chancescook.com\/wp-content\/uploads\/2025\/11\/6-Piece-Stainless-Steel-Cookware-Set-Manufacturer-chancescook-2-285x285.webp 285w, https:\/\/www.chancescook.com\/wp-content\/uploads\/2025\/11\/6-Piece-Stainless-Steel-Cookware-Set-Manufacturer-chancescook-2-270x270.webp 270w, https:\/\/www.chancescook.com\/wp-content\/uploads\/2025\/11\/6-Piece-Stainless-Steel-Cookware-Set-Manufacturer-chancescook-2-540x540.webp 540w, https:\/\/www.chancescook.com\/wp-content\/uploads\/2025\/11\/6-Piece-Stainless-Steel-Cookware-Set-Manufacturer-chancescook-2-660x660.webp 660w\" sizes=\"(max-width: 800px) 100vw, 800px\" \/><\/figure>\n<\/div>\n<\/div>\n\n\n\n<div class=\"wp-block-columns is-layout-flex wp-container-core-columns-is-layout-9d6595d7 wp-block-columns-is-layout-flex\">\n<div class=\"wp-block-column is-layout-flow wp-block-column-is-layout-flow\" style=\"flex-basis:40%\">\n<figure class=\"wp-block-image size-full\"><img decoding=\"async\" width=\"4608\" height=\"3456\" src=\"https:\/\/www.chancescook.com\/wp-content\/uploads\/2025\/07\/wholesale-cookware-manufacturer-chances-0-edited.webp\" alt=\"China K\u00fcchenger\u00e4te Hersteller-Chancescook\" class=\"wp-image-5085\" srcset=\"https:\/\/www.chancescook.com\/wp-content\/uploads\/2025\/07\/wholesale-cookware-manufacturer-chances-0-edited.webp 4608w, https:\/\/www.chancescook.com\/wp-content\/uploads\/2025\/07\/wholesale-cookware-manufacturer-chances-0-edited-300x225.webp 300w, https:\/\/www.chancescook.com\/wp-content\/uploads\/2025\/07\/wholesale-cookware-manufacturer-chances-0-edited-768x576.webp 768w, https:\/\/www.chancescook.com\/wp-content\/uploads\/2025\/07\/wholesale-cookware-manufacturer-chances-0-edited-16x12.webp 16w, https:\/\/www.chancescook.com\/wp-content\/uploads\/2025\/07\/wholesale-cookware-manufacturer-chances-0-edited-285x214.webp 285w, https:\/\/www.chancescook.com\/wp-content\/uploads\/2025\/07\/wholesale-cookware-manufacturer-chances-0-edited-1600x1200.webp 1600w, https:\/\/www.chancescook.com\/wp-content\/uploads\/2025\/07\/wholesale-cookware-manufacturer-chances-0-edited-800x600.webp 800w, https:\/\/www.chancescook.com\/wp-content\/uploads\/2025\/07\/wholesale-cookware-manufacturer-chances-0-edited-660x495.webp 660w, https:\/\/www.chancescook.com\/wp-content\/uploads\/2025\/07\/wholesale-cookware-manufacturer-chances-0-edited-150x113.webp 150w\" sizes=\"(max-width: 4608px) 100vw, 4608px\" \/><\/figure>\n<\/div>\n\n\n\n<div class=\"wp-block-column is-layout-flow wp-block-column-is-layout-flow\">\n<figure class=\"wp-block-embed is-type-video is-provider-youtube wp-block-embed-youtube wp-embed-aspect-16-9 wp-has-aspect-ratio\"><div class=\"wp-block-embed__wrapper\">\n<iframe title=\"Wie Kochgeschirr in der Fabrik hergestellt wird || Kochgeschirr-Massenproduktion in China\" width=\"940\" height=\"529\" src=\"https:\/\/www.youtube.com\/embed\/isoIOWUCi5s?start=2&#038;feature=oembed\" frameborder=\"0\" allow=\"accelerometer; autoplay; clipboard-write; encrypted-media; gyroscope; picture-in-picture; web-share\" referrerpolicy=\"strict-origin-when-cross-origin\" allowfullscreen><\/iframe>\n<\/div><\/figure>\n<\/div>\n<\/div>","protected":false},"excerpt":{"rendered":"<p>Als professioneller Hersteller des 6-teiligen Edelstahl-Kochgeschirrsets bieten wir ein hochwertiges, individuelles Kochtopfset, das langlebig, sicher und effizient f\u00fcr den t\u00e4glichen Gebrauch ist. Das Kochgeschirr-Set ist Gro\u00dfhandel und aus umweltfreundlichem, ungiftigem Edelstahl mit hervorragender W\u00e4rmeleitf\u00e4higkeit f\u00fcr schnelle und gleichm\u00e4\u00dfige Erw\u00e4rmung hergestellt. Aufgrund seines eleganten Aussehens und seiner robusten Struktur ist es eine hervorragende Erg\u00e4nzung f\u00fcr Ihre K\u00fcche zu Hause oder f\u00fcr den gewerblichen Einsatz.<\/p>\n<h3>6-teiliges Edelstahl-Kochgeschirr-Set Eigenschaften:<\/h3>\n<ul>\n<li><strong>Umweltfreundliches, ungiftiges und sicheres Material:<\/strong> Dieses Produkt wird von einem der f\u00fchrenden Hersteller von 6-teiligem Edelstahl-Kochgeschirr unter strengen Produktionsstandards aus hochwertigem Edelstahl hergestellt, um sicherzustellen, dass dieses Kochgeschirr die internationalen Sicherheitsstandards f\u00fcr Lebensmittel erf\u00fcllt. Ungiftig und sicher.<\/li>\n<li><strong>Hervorragende W\u00e4rmeleitf\u00e4higkeit f\u00fcr effizientes Garen<\/strong>: Gleichm\u00e4\u00dfiges und schnelles Erhitzen erh\u00f6ht die Kocheffizienz von Chancescook-Kochgeschirr. Die bedeutenden Vorteile dieser Funktion sind ideal f\u00fcr K\u00e4ufer, die sich f\u00fcr individuelle Kochgeschirr-Sets f\u00fcr die t\u00e4gliche Hausmannskost entscheiden, z. B. f\u00fcr das Schmoren von Suppen, das Garen von Gerichten und das Kochen von Nudeln.<\/li>\n<li><strong>Es erm\u00f6glicht eine einfache Reinigung und Wartung:<\/strong> Die hochwertige Edelstahloberfl\u00e4che ist glatt und widerstandsf\u00e4hig gegen Fettablagerungen sowie flecken- und geruchsresistent. Die Reinigung im t\u00e4glichen Gebrauch ist einfacher und weniger zeitaufw\u00e4ndig, weshalb sie bei Haushalts- und Gro\u00dfhandelskunden gleicherma\u00dfen beliebt ist.<\/li>\n<li><strong>Korrosionsbest\u00e4ndiges Kochen:<\/strong> Das 6-teilige Gro\u00dfhandels-Kochgeschirr aus Edelstahl ist sehr widerstandsf\u00e4hig gegen Rost und Verf\u00e4rbungen. Es verschlechtert sich nicht, egal ob man es st\u00e4ndig benutzt oder viele Male w\u00e4scht. Daher verbessert dies die sichere und hygienische K\u00fcche.<\/li>\n<li><strong>Anpassungsdienste<\/strong>: Unser Unternehmen bietet OEM\/ODM-Dienstleistungen an, bei denen Farbe, Material, Topfdicke, Griffmaterial\/-design und Abmessungen individuell angepasst werden k\u00f6nnen, um ma\u00dfgeschneiderte Kochgeschirr-Sets gem\u00e4\u00df Ihrer Markenidentit\u00e4t herzustellen.<\/li>\n<li><strong>Gesundes Material 100% PFOA-frei:<\/strong> Hergestellt aus streng PFOA-freien, umweltfreundlichen Materialien, die den internationalen Lebensmittelsicherheitsstandards entsprechen. Es ist die ideale Wahl f\u00fcr K\u00fcchenartikelmarken, denen Gesundheit und Nachhaltigkeit wichtig sind.<\/li>\n<\/ul>","protected":false},"featured_media":5910,"comment_status":"closed","ping_status":"closed","template":"","meta":{"_acf_changed":false},"product_brand":[],"product_cat":[53],"product_tag":[],"class_list":{"0":"post-5565","1":"product","2":"type-product","3":"status-publish","4":"has-post-thumbnail","6":"product_cat-wholesale-cookware-sets","8":"first","9":"instock","10":"shipping-taxable","11":"product-type-simple"},"acf":[],"_links":{"self":[{"href":"https:\/\/www.chancescook.com\/de\/wp-json\/wp\/v2\/product\/5565","targetHints":{"allow":["GET"]}}],"collection":[{"href":"https:\/\/www.chancescook.com\/de\/wp-json\/wp\/v2\/product"}],"about":[{"href":"https:\/\/www.chancescook.com\/de\/wp-json\/wp\/v2\/types\/product"}],"replies":[{"embeddable":true,"href":"https:\/\/www.chancescook.com\/de\/wp-json\/wp\/v2\/comments?post=5565"}],"wp:featuredmedia":[{"embeddable":true,"href":"https:\/\/www.chancescook.com\/de\/wp-json\/wp\/v2\/media\/5910"}],"wp:attachment":[{"href":"https:\/\/www.chancescook.com\/de\/wp-json\/wp\/v2\/media?parent=5565"}],"wp:term":[{"taxonomy":"product_brand","embeddable":true,"href":"https:\/\/www.chancescook.com\/de\/wp-json\/wp\/v2\/product_brand?post=5565"},{"taxonomy":"product_cat","embeddable":true,"href":"https:\/\/www.chancescook.com\/de\/wp-json\/wp\/v2\/product_cat?post=5565"},{"taxonomy":"product_tag","embeddable":true,"href":"https:\/\/www.chancescook.com\/de\/wp-json\/wp\/v2\/product_tag?post=5565"}],"curies":[{"name":"wp","href":"https:\/\/api.w.org\/{rel}","templated":true}]}}