{"id":5572,"date":"2025-11-15T08:34:01","date_gmt":"2025-11-15T08:07:58","guid":{"rendered":"https:\/\/www.chancescook.com\/?post_type=product&#038;p=5572"},"modified":"2025-12-22T09:33:59","modified_gmt":"2025-12-22T09:33:59","slug":"custom-food-storage-containers-bulk","status":"publish","type":"product","link":"https:\/\/www.chancescook.com\/de\/produkt\/custom-food-storage-containers-bulk\/","title":{"rendered":"Benutzerdefinierte Lebensmittel Lagerung Container Gro\u00dfhandel Mittagessen Boxen mit Glasdeckel"},"content":{"rendered":"<div class=\"wp-block-columns is-layout-flex wp-container-core-columns-is-layout-9d6595d7 wp-block-columns-is-layout-flex\">\n<div class=\"wp-block-column is-layout-flow wp-block-column-is-layout-flow\">\n<h3 class=\"wp-block-heading\">Benutzerdefinierte Lebensmittelbeh\u00e4lter Parameter:<\/h3>\n\n\n\n<ul class=\"wp-block-list\">\n<li><strong>Materialien:<\/strong> ss304\/ss201<\/li>\n\n\n\n<li><strong>Die Dicke: <\/strong>0.6mm\uff1b<\/li>\n\n\n\n<li><strong>Deckel: <\/strong>Silikon-Glasdeckel\uff1b<\/li>\n\n\n\n<li><strong>Exterior Handwerkskunst:<\/strong> Innen- und Au\u00dfenelektrolyse<\/li>\n\n\n\n<li><strong>SKU:<\/strong> 700\/1200\/1900\/1000\/1800\/3000ml<br>700ML:15.9x12x4.6cm<br>1200ML:19.5\u00d714.8\u00d75.1cm<br>1900ML:23.6\u00d718.2\u00d75.5cm<br>1000ML:15.9x12x7cm<br>1800ML:19.5\u00d714.8x8cm<br>3000ML:23.61\u00d78.4x90cm<\/li>\n<\/ul>\n<\/div>\n\n\n\n<div class=\"wp-block-column is-layout-flow wp-block-column-is-layout-flow\">\n<h3 class=\"wp-block-heading\">Optionen f\u00fcr individuelle Lebensmittelbeh\u00e4lter\uff1a<\/h3>\n\n\n\n<p>Werten Sie Ihr Catering-Gesch\u00e4ft mit unseren unbegrenzten Anpassungsm\u00f6glichkeiten und innovativen Designs auf.<\/p>\n\n\n\n<p><strong>Materialien: <\/strong>ss304\/ss201<br><strong>Paket:<\/strong> Karton\/Farbkasten<br><strong>Gr\u00f6\u00dfe: <\/strong>700ML\/1200ML\/1900ML\/1000ML\/1800ML\/3000ML<br><strong><a href=\"https:\/\/www.chancescook.com\/de\/custom-cookware\/\" target=\"_blank\" rel=\"noreferrer noopener\">OEM &amp; ODM Kundenspezifische L\u00f6sungen<\/a><\/strong><\/p>\n<\/div>\n<\/div>\n\n\n\n<figure class=\"wp-block-image size-full\"><img decoding=\"async\" width=\"1135\" height=\"382\" src=\"https:\/\/www.chancescook.com\/wp-content\/uploads\/2025\/11\/Custom-Food-Storage-Containers-Size.webp\" alt=\"Benutzerdefinierte Lebensmittelbeh\u00e4lter Gr\u00f6\u00dfe\" class=\"wp-image-5573\" srcset=\"https:\/\/www.chancescook.com\/wp-content\/uploads\/2025\/11\/Custom-Food-Storage-Containers-Size.webp 1135w, https:\/\/www.chancescook.com\/wp-content\/uploads\/2025\/11\/Custom-Food-Storage-Containers-Size-300x101.webp 300w, https:\/\/www.chancescook.com\/wp-content\/uploads\/2025\/11\/Custom-Food-Storage-Containers-Size-768x258.webp 768w, https:\/\/www.chancescook.com\/wp-content\/uploads\/2025\/11\/Custom-Food-Storage-Containers-Size-18x6.webp 18w, https:\/\/www.chancescook.com\/wp-content\/uploads\/2025\/11\/Custom-Food-Storage-Containers-Size-285x96.webp 285w, https:\/\/www.chancescook.com\/wp-content\/uploads\/2025\/11\/Custom-Food-Storage-Containers-Size-660x222.webp 660w, https:\/\/www.chancescook.com\/wp-content\/uploads\/2025\/11\/Custom-Food-Storage-Containers-Size-150x50.webp 150w\" sizes=\"(max-width: 1135px) 100vw, 1135px\" \/><\/figure>\n\n\n\n<div class=\"wp-block-columns is-layout-flex wp-container-core-columns-is-layout-9d6595d7 wp-block-columns-is-layout-flex\">\n<div class=\"wp-block-column is-layout-flow wp-block-column-is-layout-flow\">\n<figure class=\"wp-block-image size-full\"><img decoding=\"async\" width=\"2364\" height=\"1665\" src=\"https:\/\/www.chancescook.com\/wp-content\/uploads\/2025\/11\/Custom-Food-Storage-Containers-Wholesaler-chancescook-1.webp\" alt=\"\" class=\"wp-image-5574\" srcset=\"https:\/\/www.chancescook.com\/wp-content\/uploads\/2025\/11\/Custom-Food-Storage-Containers-Wholesaler-chancescook-1.webp 2364w, https:\/\/www.chancescook.com\/wp-content\/uploads\/2025\/11\/Custom-Food-Storage-Containers-Wholesaler-chancescook-1-300x211.webp 300w, https:\/\/www.chancescook.com\/wp-content\/uploads\/2025\/11\/Custom-Food-Storage-Containers-Wholesaler-chancescook-1-768x541.webp 768w, https:\/\/www.chancescook.com\/wp-content\/uploads\/2025\/11\/Custom-Food-Storage-Containers-Wholesaler-chancescook-1-18x12.webp 18w, https:\/\/www.chancescook.com\/wp-content\/uploads\/2025\/11\/Custom-Food-Storage-Containers-Wholesaler-chancescook-1-285x201.webp 285w, https:\/\/www.chancescook.com\/wp-content\/uploads\/2025\/11\/Custom-Food-Storage-Containers-Wholesaler-chancescook-1-1600x1127.webp 1600w, https:\/\/www.chancescook.com\/wp-content\/uploads\/2025\/11\/Custom-Food-Storage-Containers-Wholesaler-chancescook-1-660x465.webp 660w, https:\/\/www.chancescook.com\/wp-content\/uploads\/2025\/11\/Custom-Food-Storage-Containers-Wholesaler-chancescook-1-150x106.webp 150w\" sizes=\"(max-width: 2364px) 100vw, 2364px\" \/><\/figure>\n<\/div>\n\n\n\n<div class=\"wp-block-column is-layout-flow wp-block-column-is-layout-flow\">\n<figure class=\"wp-block-image size-full\"><img decoding=\"async\" width=\"2048\" height=\"1463\" src=\"https:\/\/www.chancescook.com\/wp-content\/uploads\/2025\/11\/Custom-Food-Storage-Containers-Wholesaler-chancescook-2.webp\" alt=\"Custom Food Storage Containers Gro\u00dfh\u00e4ndler - chancescook (2)\" class=\"wp-image-5575\" srcset=\"https:\/\/www.chancescook.com\/wp-content\/uploads\/2025\/11\/Custom-Food-Storage-Containers-Wholesaler-chancescook-2.webp 2048w, https:\/\/www.chancescook.com\/wp-content\/uploads\/2025\/11\/Custom-Food-Storage-Containers-Wholesaler-chancescook-2-300x214.webp 300w, https:\/\/www.chancescook.com\/wp-content\/uploads\/2025\/11\/Custom-Food-Storage-Containers-Wholesaler-chancescook-2-768x549.webp 768w, https:\/\/www.chancescook.com\/wp-content\/uploads\/2025\/11\/Custom-Food-Storage-Containers-Wholesaler-chancescook-2-18x12.webp 18w, https:\/\/www.chancescook.com\/wp-content\/uploads\/2025\/11\/Custom-Food-Storage-Containers-Wholesaler-chancescook-2-285x204.webp 285w, https:\/\/www.chancescook.com\/wp-content\/uploads\/2025\/11\/Custom-Food-Storage-Containers-Wholesaler-chancescook-2-1600x1143.webp 1600w, https:\/\/www.chancescook.com\/wp-content\/uploads\/2025\/11\/Custom-Food-Storage-Containers-Wholesaler-chancescook-2-660x471.webp 660w, https:\/\/www.chancescook.com\/wp-content\/uploads\/2025\/11\/Custom-Food-Storage-Containers-Wholesaler-chancescook-2-150x107.webp 150w\" sizes=\"(max-width: 2048px) 100vw, 2048px\" \/><\/figure>\n<\/div>\n<\/div>","protected":false},"excerpt":{"rendered":"<p>Chance's kundenspezifische Lebensmittelbeh\u00e4lter bieten vielseitige Aufbewahrungsm\u00f6glichkeiten aus Edelstahl mit fortschrittlicher Versiegelung und mikrowellengeeignetem Gebrauch. Ideal f\u00fcr Mahlzeiten und Reste, bieten wir Fabrik Gro\u00dfhandelspreise, kostenlose Proben, und die vollst\u00e4ndige Anpassung f\u00fcr globale K\u00e4ufer.<\/p>\n<h3>Merkmale und Vorteile von Lebensmittelbeh\u00e4ltern<\/h3>\n<ul>\n<li><strong>Fortschrittliche Dichtungstechnologie:<\/strong> enth\u00e4lt einen personalisierten Silikon-Dichtring, der f\u00fcr einen luftdichten Verschluss sorgt und so die Frische, den Geschmack und die N\u00e4hrstoffe der Lebensmittel perfekt bewahrt. Es ist sehr von den K\u00e4ufern f\u00fcr benutzerdefinierte Lebensmittel Lagerung Container Gro\u00dfhandel gefragt.<\/li>\n<li><strong>Mikrowellensicheres Design:<\/strong> Erhitzen Sie Ihre Speisen sicher in der Mikrowelle (ohne Deckel), was Ihnen mehr Flexibilit\u00e4t bei der t\u00e4glichen Arbeit mit Lebensmitteln bietet und dieses Produkt zu einem idealen Beh\u00e4lter f\u00fcr die Aufbewahrung von Lebensmitteln im Gro\u00dfhandel macht.<\/li>\n<li><strong><b>Vielseitige Anwendungen: <\/b><\/strong>Von Resten und Marinieren bis hin zum Vorbereiten von Mahlzeiten oder sogar zum Mitnehmen von Mahlzeiten sind die M\u00f6glichkeiten mit diesen Ger\u00e4ten endlos.<\/li>\n<li><strong>Hohe Temperaturbest\u00e4ndigkeit:<\/strong> Entwickelt, um einem breiten Temperaturspektrum standzuhalten, geeignet f\u00fcr K\u00fchlschr\u00e4nke, Gefrierschr\u00e4nke und \u00d6fen - mit abgenommenem Deckel.<\/li>\n<li><strong>Leicht zu reinigen:<\/strong> Sowohl der Edelstahlboden als auch der Glasdeckel sind sp\u00fclmaschinengeeignet, was eine m\u00fchelose Reinigung und dauerhafte Hygiene gew\u00e4hrleistet.<\/li>\n<li><strong>Elegantes und praktisches Design:<\/strong> Das moderne Design mit dem transparenten Deckel sorgt f\u00fcr eine gute Sichtbarkeit des Inhalts und tr\u00e4gt zur \u00c4sthetik Ihrer K\u00fcche bei.<\/li>\n<\/ul>\n<p><strong>Bereit zur Bestellung?<\/strong> F\u00fcr diese exzellenten Lebensmittelbeh\u00e4lter bieten wir Gro\u00dfhandelsoptionen an. Kontaktieren Sie uns noch heute, um Ihre Bestellung zu individualisieren und Ihre Lebensmittelaufbewahrung auf die n\u00e4chste Stufe zu heben.<\/p>","protected":false},"featured_media":5803,"comment_status":"closed","ping_status":"closed","template":"","meta":{"_acf_changed":false},"product_brand":[],"product_cat":[56],"product_tag":[],"class_list":{"0":"post-5572","1":"product","2":"type-product","3":"status-publish","4":"has-post-thumbnail","6":"product_cat-wholesale-kitchen-utensils","8":"first","9":"instock","10":"shipping-taxable","11":"product-type-simple"},"acf":[],"_links":{"self":[{"href":"https:\/\/www.chancescook.com\/de\/wp-json\/wp\/v2\/product\/5572","targetHints":{"allow":["GET"]}}],"collection":[{"href":"https:\/\/www.chancescook.com\/de\/wp-json\/wp\/v2\/product"}],"about":[{"href":"https:\/\/www.chancescook.com\/de\/wp-json\/wp\/v2\/types\/product"}],"replies":[{"embeddable":true,"href":"https:\/\/www.chancescook.com\/de\/wp-json\/wp\/v2\/comments?post=5572"}],"wp:featuredmedia":[{"embeddable":true,"href":"https:\/\/www.chancescook.com\/de\/wp-json\/wp\/v2\/media\/5803"}],"wp:attachment":[{"href":"https:\/\/www.chancescook.com\/de\/wp-json\/wp\/v2\/media?parent=5572"}],"wp:term":[{"taxonomy":"product_brand","embeddable":true,"href":"https:\/\/www.chancescook.com\/de\/wp-json\/wp\/v2\/product_brand?post=5572"},{"taxonomy":"product_cat","embeddable":true,"href":"https:\/\/www.chancescook.com\/de\/wp-json\/wp\/v2\/product_cat?post=5572"},{"taxonomy":"product_tag","embeddable":true,"href":"https:\/\/www.chancescook.com\/de\/wp-json\/wp\/v2\/product_tag?post=5572"}],"curies":[{"name":"wp","href":"https:\/\/api.w.org\/{rel}","templated":true}]}}