{"id":5580,"date":"2025-11-15T08:52:43","date_gmt":"2025-11-15T08:52:43","guid":{"rendered":"https:\/\/www.chancescook.com\/?post_type=product&#038;p=5580"},"modified":"2025-12-22T09:28:57","modified_gmt":"2025-12-22T09:28:57","slug":"bulk-food-storage-containers-supplier","status":"publish","type":"product","link":"https:\/\/www.chancescook.com\/de\/produkt\/bulk-food-storage-containers-supplier\/","title":{"rendered":"China Bulk Food Storage Containers, K\u00fchlschrank Storage Box, Mahlzeit Prep Container Hersteller"},"content":{"rendered":"<div class=\"wp-block-columns is-layout-flex wp-container-core-columns-is-layout-9d6595d7 wp-block-columns-is-layout-flex\">\n<div class=\"wp-block-column is-layout-flow wp-block-column-is-layout-flow\">\n<h3 class=\"wp-block-heading\">Gro\u00dfbeh\u00e4lter f\u00fcr Lebensmittel Parameter:<\/h3>\n\n\n\n<ul class=\"wp-block-list\">\n<li><strong>Modellnummer:<\/strong> ch5<\/li>\n\n\n\n<li><strong>Name:<\/strong> Sicherungskasten<\/li>\n\n\n\n<li><strong>Stil: <\/strong>dunkel\/hell<\/li>\n\n\n\n<li><strong>Material: <\/strong>201\/304 rostfreier Stahl<\/li>\n\n\n\n<li><strong>Deckel: <\/strong>Glas+Silikon<\/li>\n\n\n\n<li><strong>Kapazit\u00e4t:<\/strong> 700ml-3000ml<\/li>\n\n\n\n<li><strong>Farbe:<\/strong> milchig wei\u00df\/silbern<\/li>\n\n\n\n<li><strong>Oberfl\u00e4che:<\/strong> poliert\/elektrolytisch<\/li>\n\n\n\n<li><strong>Logo: <\/strong>anpassbar<\/li>\n\n\n\n<li><strong>MOQ<\/strong>\uff1a100St\u00fcck<\/li>\n<\/ul>\n<\/div>\n\n\n\n<div class=\"wp-block-column is-layout-flow wp-block-column-is-layout-flow\">\n<h3 class=\"wp-block-heading\">Optionen f\u00fcr individuelle Lebensmittelbeh\u00e4lter\uff1a<\/h3>\n\n\n\n<p>Werten Sie Ihr Catering-Gesch\u00e4ft mit unseren unbegrenzten Anpassungsm\u00f6glichkeiten und innovativen Designs auf.<\/p>\n\n\n\n<p><strong>Logo:<\/strong> Passen Sie Ihr Markenlogo an<br><strong>Verpackung:<\/strong> Farbige Schachtel\/Karton, etc.<br>Bestellmenge 1000 St\u00fcck<br><strong><a href=\"https:\/\/www.chancescook.com\/de\/custom-cookware\/\" target=\"_blank\" rel=\"noreferrer noopener\">OEM &amp; ODM Kundenspezifische L\u00f6sungen<\/a><\/strong><\/p>\n<\/div>\n<\/div>\n\n\n\n<div class=\"wp-block-columns is-layout-flex wp-container-core-columns-is-layout-9d6595d7 wp-block-columns-is-layout-flex\">\n<div class=\"wp-block-column is-layout-flow wp-block-column-is-layout-flow\">\n<figure class=\"wp-block-image size-full\"><img decoding=\"async\" width=\"800\" height=\"800\" src=\"https:\/\/www.chancescook.com\/wp-content\/uploads\/2025\/11\/kitchenware-factory-bulk-food-storage-container-supplies.\uff083\uff09.webp\" alt=\"k\u00fcchenartikel-fabrik-sch\u00fcttgut-lebensmittel-aufbewahrungscontainer-lieferungen.\uff083\uff09\" class=\"wp-image-5582\" srcset=\"https:\/\/www.chancescook.com\/wp-content\/uploads\/2025\/11\/kitchenware-factory-bulk-food-storage-container-supplies.\uff083\uff09.webp 800w, https:\/\/www.chancescook.com\/wp-content\/uploads\/2025\/11\/kitchenware-factory-bulk-food-storage-container-supplies.\uff083\uff09-300x300.webp 300w, https:\/\/www.chancescook.com\/wp-content\/uploads\/2025\/11\/kitchenware-factory-bulk-food-storage-container-supplies.\uff083\uff09-150x150.webp 150w, https:\/\/www.chancescook.com\/wp-content\/uploads\/2025\/11\/kitchenware-factory-bulk-food-storage-container-supplies.\uff083\uff09-768x768.webp 768w, https:\/\/www.chancescook.com\/wp-content\/uploads\/2025\/11\/kitchenware-factory-bulk-food-storage-container-supplies.\uff083\uff09-12x12.webp 12w, https:\/\/www.chancescook.com\/wp-content\/uploads\/2025\/11\/kitchenware-factory-bulk-food-storage-container-supplies.\uff083\uff09-285x285.webp 285w, https:\/\/www.chancescook.com\/wp-content\/uploads\/2025\/11\/kitchenware-factory-bulk-food-storage-container-supplies.\uff083\uff09-270x270.webp 270w, https:\/\/www.chancescook.com\/wp-content\/uploads\/2025\/11\/kitchenware-factory-bulk-food-storage-container-supplies.\uff083\uff09-540x540.webp 540w, https:\/\/www.chancescook.com\/wp-content\/uploads\/2025\/11\/kitchenware-factory-bulk-food-storage-container-supplies.\uff083\uff09-660x660.webp 660w\" sizes=\"(max-width: 800px) 100vw, 800px\" \/><\/figure>\n<\/div>\n\n\n\n<div class=\"wp-block-column is-layout-flow wp-block-column-is-layout-flow\">\n<figure class=\"wp-block-image size-full\"><img decoding=\"async\" width=\"800\" height=\"800\" src=\"https:\/\/www.chancescook.com\/wp-content\/uploads\/2025\/11\/bulk-food-storage-containers-supplier\uff084\uff09.webp\" alt=\"Anbieter von Lebensmittelbeh\u00e4ltern f\u00fcr den Gro\u00dfhandel\uff084\uff09\" class=\"wp-image-5581\" srcset=\"https:\/\/www.chancescook.com\/wp-content\/uploads\/2025\/11\/bulk-food-storage-containers-supplier\uff084\uff09.webp 800w, https:\/\/www.chancescook.com\/wp-content\/uploads\/2025\/11\/bulk-food-storage-containers-supplier\uff084\uff09-300x300.webp 300w, https:\/\/www.chancescook.com\/wp-content\/uploads\/2025\/11\/bulk-food-storage-containers-supplier\uff084\uff09-150x150.webp 150w, https:\/\/www.chancescook.com\/wp-content\/uploads\/2025\/11\/bulk-food-storage-containers-supplier\uff084\uff09-768x768.webp 768w, https:\/\/www.chancescook.com\/wp-content\/uploads\/2025\/11\/bulk-food-storage-containers-supplier\uff084\uff09-12x12.webp 12w, https:\/\/www.chancescook.com\/wp-content\/uploads\/2025\/11\/bulk-food-storage-containers-supplier\uff084\uff09-285x285.webp 285w, https:\/\/www.chancescook.com\/wp-content\/uploads\/2025\/11\/bulk-food-storage-containers-supplier\uff084\uff09-270x270.webp 270w, https:\/\/www.chancescook.com\/wp-content\/uploads\/2025\/11\/bulk-food-storage-containers-supplier\uff084\uff09-540x540.webp 540w, https:\/\/www.chancescook.com\/wp-content\/uploads\/2025\/11\/bulk-food-storage-containers-supplier\uff084\uff09-660x660.webp 660w\" sizes=\"(max-width: 800px) 100vw, 800px\" \/><\/figure>\n<\/div>\n<\/div>\n\n\n\n<p><\/p>","protected":false},"excerpt":{"rendered":"<p>Als einer der gr\u00f6\u00dften Hersteller von Lebensmittelbeh\u00e4ltern in China bieten wir eine breite Palette an hochwertigen Lebensmittelbeh\u00e4ltern f\u00fcr die Lagerung von Lebensmitteln an, die alle Anforderungen in der K\u00fcche und im Handel perfekt erf\u00fcllen. Hergestellt aus lebensmittelechtem Edelstahl 304 und beschichtet mit Hochtemperatur-Keramik, sind diese Beh\u00e4lter extrem langlebig und gew\u00e4hrleisten Sicherheit und lange Leistung. Sie sind f\u00fcr die Verwendung im Gefrierschrank, im K\u00fchlschrank und in der Mikrowelle konzipiert und somit vielseitig einsetzbar - f\u00fcr die Zubereitung von Mahlzeiten, die t\u00e4gliche Aufbewahrung und f\u00fcr unterwegs. Mit wettbewerbsf\u00e4higen Gro\u00dfhandelspreisen und zuverl\u00e4ssigem Support f\u00fcr Gro\u00dfbestellungen sind unsere Vorratsbeh\u00e4lter f\u00fcr Lebensmittel ideal f\u00fcr Marken, die zuverl\u00e4ssige Qualit\u00e4t mit individuellen Anpassungsm\u00f6glichkeiten suchen.<\/p>\n<h3>Merkmale und Vorteile von Lebensmittelbeh\u00e4ltern<\/h3>\n<ul>\n<li><strong>Mehrzwecknutzung:<\/strong> Er eignet sich hervorragend f\u00fcr die Aufbewahrung verschiedener Lebensmittel wie Gem\u00fcse, Hauptgerichte, gekochte Lebensmittel, eingelegte Lebensmittel und \u00e4hnliches. Dieser Beh\u00e4lter ist einfach zu benutzen und zu reinigen und eignet sich f\u00fcr die Aufbewahrung von Lebensmitteln in Gro\u00dfmengen in privaten K\u00fcchen und in der gewerblichen Gastronomie.<\/li>\n<li><strong>Lagerung im Freien und Langzeitlagerung<\/strong>: Die robuste Konstruktion verhindert Verformungen, w\u00e4hrend die au\u00dfergew\u00f6hnliche Versiegelungsleistung die Frische der Zutaten effektiv bewahrt. Dies macht sie zu einer idealen L\u00f6sung f\u00fcr Verbraucher, die eine langfristige Lagerung oder den Transport im Freien ben\u00f6tigen.<\/li>\n<li><strong>Geruchssicherer Deckel:<\/strong> Der integrierte Anti-Geruchs-Deckel verhindert, dass starke Ger\u00fcche nach au\u00dfen dringen, so dass K\u00fchlschr\u00e4nke oder Vorratskammern sauber und geruchsfrei bleiben.<\/li>\n<li><strong>Deckel aus bruchfestem, transparentem Glas:<\/strong> Das Material aus hochwertigem, geh\u00e4rtetem Glas ist hitzebest\u00e4ndig und bruchsicher. Es erm\u00f6glicht eine klare Beobachtung der Lebensmittel w\u00e4hrend des Erhitzens f\u00fcr Sicherheit und Komfort.<\/li>\n<li><strong>Hitzebest\u00e4ndige \u00e4u\u00dfere Beschichtung:<\/strong> Die \u00e4u\u00dfere Schicht ist mit hochtemperaturbest\u00e4ndiger Farbe behandelt, die nicht abbl\u00e4ttert und keine Risse bekommt. Sie beh\u00e4lt ihre Farbstabilit\u00e4t und Langlebigkeit auch nach sehr h\u00e4ufigem Erhitzen bei.<\/li>\n<li><strong>Optionales \u00d6labscheidegestell:<\/strong> Das optionale \u00d6l-Wasser-Trenngitter hilft, das Oberfl\u00e4chenfett und die Feuchtigkeit von den Speisen zu entfernen, so dass die Gerichte ges\u00fcnder werden und der Geschmack erhalten bleibt.<\/li>\n<li><strong>Design f\u00fcr Lunchboxen f\u00fcr Erwachsene:<\/strong> Das gro\u00dfe Fassungsverm\u00f6gen eignet sich f\u00fcr t\u00e4gliche Mahlzeiten, Fitness-Mahlzeiten, Bento und das Portionieren verschiedener Lebensmittel. Der Deckel l\u00e4sst sich mit einem Schnappverschluss gut verschlie\u00dfen und bietet somit eine hervorragende Dichtungsleistung als Vorteil, um die Benutzererfahrung von Vorratsbeh\u00e4ltern f\u00fcr lose Lebensmittel zu verbessern.<\/li>\n<li><strong>Anpassungsdienste:<\/strong> Wir bieten wettbewerbsf\u00e4hige Gro\u00dfhandelspreise f\u00fcr kundenspezifische Lebensmittelbeh\u00e4lterl\u00f6sungen. Nehmen Sie noch heute Kontakt mit uns auf, um Ihre Bestellung aufzugeben und Ihre Produktlinie f\u00fcr die Aufbewahrung zu erweitern.<\/li>\n<\/ul>","protected":false},"featured_media":5799,"comment_status":"closed","ping_status":"closed","template":"","meta":{"_acf_changed":false},"product_brand":[],"product_cat":[56],"product_tag":[],"class_list":{"0":"post-5580","1":"product","2":"type-product","3":"status-publish","4":"has-post-thumbnail","6":"product_cat-wholesale-kitchen-utensils","8":"first","9":"instock","10":"shipping-taxable","11":"product-type-simple"},"acf":[],"_links":{"self":[{"href":"https:\/\/www.chancescook.com\/de\/wp-json\/wp\/v2\/product\/5580","targetHints":{"allow":["GET"]}}],"collection":[{"href":"https:\/\/www.chancescook.com\/de\/wp-json\/wp\/v2\/product"}],"about":[{"href":"https:\/\/www.chancescook.com\/de\/wp-json\/wp\/v2\/types\/product"}],"replies":[{"embeddable":true,"href":"https:\/\/www.chancescook.com\/de\/wp-json\/wp\/v2\/comments?post=5580"}],"wp:featuredmedia":[{"embeddable":true,"href":"https:\/\/www.chancescook.com\/de\/wp-json\/wp\/v2\/media\/5799"}],"wp:attachment":[{"href":"https:\/\/www.chancescook.com\/de\/wp-json\/wp\/v2\/media?parent=5580"}],"wp:term":[{"taxonomy":"product_brand","embeddable":true,"href":"https:\/\/www.chancescook.com\/de\/wp-json\/wp\/v2\/product_brand?post=5580"},{"taxonomy":"product_cat","embeddable":true,"href":"https:\/\/www.chancescook.com\/de\/wp-json\/wp\/v2\/product_cat?post=5580"},{"taxonomy":"product_tag","embeddable":true,"href":"https:\/\/www.chancescook.com\/de\/wp-json\/wp\/v2\/product_tag?post=5580"}],"curies":[{"name":"wp","href":"https:\/\/api.w.org\/{rel}","templated":true}]}}