{"id":5636,"date":"2025-11-22T02:15:59","date_gmt":"2025-11-22T02:15:59","guid":{"rendered":"https:\/\/www.chancescook.com\/?post_type=product&#038;p=5636"},"modified":"2025-12-18T06:56:00","modified_gmt":"2025-12-18T06:56:00","slug":"wholesale-stainless-steel-stock-pots","status":"publish","type":"product","link":"https:\/\/www.chancescook.com\/de\/produkt\/wholesale-stainless-steel-stock-pots\/","title":{"rendered":"Gro\u00dfhandel Edelstahl Stock Topf - gro\u00dfe Kapazit\u00e4t und langlebig"},"content":{"rendered":"<div class=\"wp-block-columns is-layout-flex wp-container-core-columns-is-layout-9d6595d7 wp-block-columns-is-layout-flex\">\n<div class=\"wp-block-column is-layout-flow wp-block-column-is-layout-flow\">\n<h2 class=\"wp-block-heading\">Parameter des Edelstahltopfes<\/h2>\n\n\n\n<ul class=\"wp-block-list\">\n<li><strong>Material:<\/strong> SS201\/SS304<\/li>\n\n\n\n<li><strong>Farbe: <\/strong>Silber<\/li>\n\n\n\n<li><strong>Die Form:<\/strong> S\u00e4ule<\/li>\n\n\n\n<li><strong>Durchmesser:<\/strong> 24cm\/26cm\/28cm\/30cm\/32cm<\/li>\n\n\n\n<li><strong>H\u00f6he: <\/strong>14,5 cm<\/li>\n<\/ul>\n<\/div>\n\n\n\n<div class=\"wp-block-column is-layout-flow wp-block-column-is-layout-flow\">\n<h2 class=\"wp-block-heading\">Kundenspezifische Optionen f\u00fcr Lagert\u00f6pfe<\/h2>\n\n\n\n<ul class=\"wp-block-list\">\n<li><strong>Logo:<\/strong> Anpassbar mit Ihrem Markenlogo<\/li>\n\n\n\n<li><strong>Farbe:<\/strong> Anpassbar<\/li>\n\n\n\n<li><strong>Verpackung<\/strong>: Farbige Schachtel\/Karton, etc<\/li>\n<\/ul>\n<\/div>\n<\/div>\n\n\n\n<div class=\"wp-block-columns is-layout-flex wp-container-core-columns-is-layout-9d6595d7 wp-block-columns-is-layout-flex\">\n<div class=\"wp-block-column is-layout-flow wp-block-column-is-layout-flow\">\n<figure class=\"wp-block-image size-full\"><img decoding=\"async\" width=\"848\" height=\"800\" src=\"https:\/\/www.chancescook.com\/wp-content\/uploads\/2025\/11\/Wholesale-Stainless-Steel-Stock-Pot-Supplier-chancescook-3.webp\" alt=\"Gro\u00dfhandel Edelstahl Stock Pot Lieferant - chancescook (3)\" class=\"wp-image-5642\" srcset=\"https:\/\/www.chancescook.com\/wp-content\/uploads\/2025\/11\/Wholesale-Stainless-Steel-Stock-Pot-Supplier-chancescook-3.webp 848w, https:\/\/www.chancescook.com\/wp-content\/uploads\/2025\/11\/Wholesale-Stainless-Steel-Stock-Pot-Supplier-chancescook-3-300x283.webp 300w, https:\/\/www.chancescook.com\/wp-content\/uploads\/2025\/11\/Wholesale-Stainless-Steel-Stock-Pot-Supplier-chancescook-3-768x725.webp 768w, https:\/\/www.chancescook.com\/wp-content\/uploads\/2025\/11\/Wholesale-Stainless-Steel-Stock-Pot-Supplier-chancescook-3-13x12.webp 13w, https:\/\/www.chancescook.com\/wp-content\/uploads\/2025\/11\/Wholesale-Stainless-Steel-Stock-Pot-Supplier-chancescook-3-285x269.webp 285w, https:\/\/www.chancescook.com\/wp-content\/uploads\/2025\/11\/Wholesale-Stainless-Steel-Stock-Pot-Supplier-chancescook-3-660x623.webp 660w, https:\/\/www.chancescook.com\/wp-content\/uploads\/2025\/11\/Wholesale-Stainless-Steel-Stock-Pot-Supplier-chancescook-3-150x142.webp 150w\" sizes=\"(max-width: 848px) 100vw, 848px\" \/><\/figure>\n<\/div>\n\n\n\n<div class=\"wp-block-column is-layout-flow wp-block-column-is-layout-flow\">\n<figure class=\"wp-block-image size-full\"><img decoding=\"async\" width=\"849\" height=\"800\" src=\"https:\/\/www.chancescook.com\/wp-content\/uploads\/2025\/11\/Wholesale-Stainless-Steel-Stock-Pot-Supplier-chancescook-1.webp\" alt=\"Gro\u00dfhandel Edelstahl Stock Pot Lieferant - chancescook (1)\" class=\"wp-image-5640\" srcset=\"https:\/\/www.chancescook.com\/wp-content\/uploads\/2025\/11\/Wholesale-Stainless-Steel-Stock-Pot-Supplier-chancescook-1.webp 849w, https:\/\/www.chancescook.com\/wp-content\/uploads\/2025\/11\/Wholesale-Stainless-Steel-Stock-Pot-Supplier-chancescook-1-300x283.webp 300w, https:\/\/www.chancescook.com\/wp-content\/uploads\/2025\/11\/Wholesale-Stainless-Steel-Stock-Pot-Supplier-chancescook-1-768x724.webp 768w, https:\/\/www.chancescook.com\/wp-content\/uploads\/2025\/11\/Wholesale-Stainless-Steel-Stock-Pot-Supplier-chancescook-1-13x12.webp 13w, https:\/\/www.chancescook.com\/wp-content\/uploads\/2025\/11\/Wholesale-Stainless-Steel-Stock-Pot-Supplier-chancescook-1-285x269.webp 285w, https:\/\/www.chancescook.com\/wp-content\/uploads\/2025\/11\/Wholesale-Stainless-Steel-Stock-Pot-Supplier-chancescook-1-660x622.webp 660w, https:\/\/www.chancescook.com\/wp-content\/uploads\/2025\/11\/Wholesale-Stainless-Steel-Stock-Pot-Supplier-chancescook-1-150x141.webp 150w\" sizes=\"(max-width: 849px) 100vw, 849px\" \/><\/figure>\n<\/div>\n<\/div>\n\n\n\n<div class=\"wp-block-columns is-layout-flex wp-container-core-columns-is-layout-9d6595d7 wp-block-columns-is-layout-flex\">\n<div class=\"wp-block-column is-layout-flow wp-block-column-is-layout-flow\" style=\"flex-basis:40%\">\n<figure class=\"wp-block-image size-full\"><a href=\"https:\/\/www.chancescook.com\/de\/\"><img decoding=\"async\" width=\"4608\" height=\"3456\" src=\"https:\/\/www.chancescook.com\/wp-content\/uploads\/2025\/07\/wholesale-cookware-manufacturer-chances-0-edited.webp\" alt=\"China K\u00fcchenger\u00e4te Hersteller-Chancescook\" class=\"wp-image-5085\" srcset=\"https:\/\/www.chancescook.com\/wp-content\/uploads\/2025\/07\/wholesale-cookware-manufacturer-chances-0-edited.webp 4608w, https:\/\/www.chancescook.com\/wp-content\/uploads\/2025\/07\/wholesale-cookware-manufacturer-chances-0-edited-300x225.webp 300w, https:\/\/www.chancescook.com\/wp-content\/uploads\/2025\/07\/wholesale-cookware-manufacturer-chances-0-edited-768x576.webp 768w, https:\/\/www.chancescook.com\/wp-content\/uploads\/2025\/07\/wholesale-cookware-manufacturer-chances-0-edited-16x12.webp 16w, https:\/\/www.chancescook.com\/wp-content\/uploads\/2025\/07\/wholesale-cookware-manufacturer-chances-0-edited-285x214.webp 285w, https:\/\/www.chancescook.com\/wp-content\/uploads\/2025\/07\/wholesale-cookware-manufacturer-chances-0-edited-1600x1200.webp 1600w, https:\/\/www.chancescook.com\/wp-content\/uploads\/2025\/07\/wholesale-cookware-manufacturer-chances-0-edited-800x600.webp 800w, https:\/\/www.chancescook.com\/wp-content\/uploads\/2025\/07\/wholesale-cookware-manufacturer-chances-0-edited-660x495.webp 660w, https:\/\/www.chancescook.com\/wp-content\/uploads\/2025\/07\/wholesale-cookware-manufacturer-chances-0-edited-150x113.webp 150w\" sizes=\"(max-width: 4608px) 100vw, 4608px\" \/><\/a><figcaption class=\"wp-element-caption\">Chancescook Hersteller<\/figcaption><\/figure>\n<\/div>\n\n\n\n<div class=\"wp-block-column is-layout-flow wp-block-column-is-layout-flow\" style=\"flex-basis:60%\">\n<figure class=\"wp-block-embed is-type-video is-provider-youtube wp-block-embed-youtube wp-embed-aspect-16-9 wp-has-aspect-ratio\"><div class=\"wp-block-embed__wrapper\">\n<iframe title=\"Wie Kochgeschirr in der Fabrik hergestellt wird || Kochgeschirr-Massenproduktion in China\" width=\"940\" height=\"529\" src=\"https:\/\/www.youtube.com\/embed\/isoIOWUCi5s?feature=oembed\" frameborder=\"0\" allow=\"accelerometer; autoplay; clipboard-write; encrypted-media; gyroscope; picture-in-picture; web-share\" referrerpolicy=\"strict-origin-when-cross-origin\" allowfullscreen><\/iframe>\n<\/div><\/figure>\n<\/div>\n<\/div>\n\n\n\n<p><\/p>","protected":false},"excerpt":{"rendered":"<p>Gro\u00dfhandels-Edelstahltopf aus hochwertigem Edelstahl, der sowohl stilvoll als auch langlebig ist und eine lange Lebensdauer garantiert. Der passgenaue Deckel schlie\u00dft den Geschmack ein und ist daher ideal f\u00fcr langsames Kochen, Suppen und Eint\u00f6pfe. Sein gro\u00dfes Fassungsverm\u00f6gen ist sowohl f\u00fcr den gewerblichen als auch f\u00fcr den famili\u00e4ren Gebrauch geeignet. <a href=\"https:\/\/www.chancescook.com\/de\/\"><strong>Chancescook Kochgeschirr Hersteller<\/strong> <\/a>bietet werksseitige Direktpreise und OEM-Anpassungsdienste. F\u00fcr das beste Angebot wenden Sie sich bitte an einen zuverl\u00e4ssigen Kochgeschirrlieferanten.<\/p>\n<h2><strong><b>Merkmale und Vorteile des Gro\u00dfhandels <\/b><\/strong><strong><b>Edelstahl-Stocktopf<\/b><\/strong><\/h2>\n<ul>\n<li><strong data-start=\"107\" data-end=\"128\">Hochwertiges Material:<\/strong> Das Material dieses Gro\u00dfhandels-Edelstahl-Bouillon-Topfes besteht aus hochwertigem Edelstahl. Dieses Material erm\u00f6glicht es dem Produkt, glatt und frei von Graten oder Unvollkommenheiten zu sein.<\/li>\n<li><strong data-start=\"303\" data-end=\"321\">Pr\u00e4zisions-Deckel:<\/strong> Wenn er geschlossen ist, liegt er genau am Topf an und schlie\u00dft die Feuchtigkeit und den Geschmack Ihrer Mahlzeiten ein. Und das Ventil kann den Dampf effizient ablassen, was das Kochen sicherer und kontrollierter macht.<\/li>\n<li><strong data-start=\"514\" data-end=\"540\">Benutzerfreundliche Griffe:<\/strong> Der gebogene Metallgriff bietet einen bequemen Griff und sorgt gleichzeitig f\u00fcr Sicherheit, um Verbrennungen bei der Handhabung zu vermeiden.<\/li>\n<li><strong data-start=\"671\" data-end=\"689\">Leicht zu reinigen:<\/strong> Die Edelstahloberfl\u00e4che verhindert das Anhaften von Speiseresten und ist daher sehr leicht zu reinigen; ein einfaches Absp\u00fclen mit Wasser und Sp\u00fclmittel reicht aus.<\/li>\n<li><strong data-start=\"858\" data-end=\"890\">Gro\u00dfhandel Stock Pot Service:<\/strong> Als Hersteller von Edelstahlkochgeschirr bieten wir Gro\u00dfhandelsservices f\u00fcr Edelstahlt\u00f6pfe zu Fabrikpreisen, unterst\u00fctzen OEM- und ODM-Services und bieten umfangreiche Anpassungsm\u00f6glichkeiten an Ihre Marke und Marktpr\u00e4ferenzen.<\/li>\n<\/ul>","protected":false},"featured_media":5719,"comment_status":"closed","ping_status":"closed","template":"","meta":{"_acf_changed":false},"product_brand":[],"product_cat":[52,63],"product_tag":[],"class_list":{"0":"post-5636","1":"product","2":"type-product","3":"status-publish","4":"has-post-thumbnail","6":"product_cat-cookware-wholesale","7":"product_cat-stock-pot-wholesale","9":"first","10":"instock","11":"shipping-taxable","12":"product-type-simple"},"acf":[],"_links":{"self":[{"href":"https:\/\/www.chancescook.com\/de\/wp-json\/wp\/v2\/product\/5636","targetHints":{"allow":["GET"]}}],"collection":[{"href":"https:\/\/www.chancescook.com\/de\/wp-json\/wp\/v2\/product"}],"about":[{"href":"https:\/\/www.chancescook.com\/de\/wp-json\/wp\/v2\/types\/product"}],"replies":[{"embeddable":true,"href":"https:\/\/www.chancescook.com\/de\/wp-json\/wp\/v2\/comments?post=5636"}],"wp:featuredmedia":[{"embeddable":true,"href":"https:\/\/www.chancescook.com\/de\/wp-json\/wp\/v2\/media\/5719"}],"wp:attachment":[{"href":"https:\/\/www.chancescook.com\/de\/wp-json\/wp\/v2\/media?parent=5636"}],"wp:term":[{"taxonomy":"product_brand","embeddable":true,"href":"https:\/\/www.chancescook.com\/de\/wp-json\/wp\/v2\/product_brand?post=5636"},{"taxonomy":"product_cat","embeddable":true,"href":"https:\/\/www.chancescook.com\/de\/wp-json\/wp\/v2\/product_cat?post=5636"},{"taxonomy":"product_tag","embeddable":true,"href":"https:\/\/www.chancescook.com\/de\/wp-json\/wp\/v2\/product_tag?post=5636"}],"curies":[{"name":"wp","href":"https:\/\/api.w.org\/{rel}","templated":true}]}}