{"id":5643,"date":"2025-11-22T03:42:28","date_gmt":"2025-11-22T03:42:28","guid":{"rendered":"https:\/\/www.chancescook.com\/?post_type=product&#038;p=5643"},"modified":"2025-12-22T06:49:54","modified_gmt":"2025-12-22T06:49:54","slug":"wholesale-stainless-steel-sauce-pot","status":"publish","type":"product","link":"https:\/\/www.chancescook.com\/de\/produkt\/wholesale-stainless-steel-sauce-pot\/","title":{"rendered":"Gro\u00dfhandel Edelstahl So\u00dfentopf mit Deckel, OEM Kochgeschirr Hersteller"},"content":{"rendered":"<div class=\"wp-block-columns is-layout-flex wp-container-core-columns-is-layout-9d6595d7 wp-block-columns-is-layout-flex\">\n<div class=\"wp-block-column is-layout-flow wp-block-column-is-layout-flow\">\n<h2 class=\"wp-block-heading\">Parameter des Edelstahl-Saucenkochtopfs:<\/h2>\n\n\n\n<ul class=\"wp-block-list\">\n<li><strong>Material:<\/strong> SS201\/SS304<\/li>\n\n\n\n<li><strong>Farbe:<\/strong> Silber<\/li>\n\n\n\n<li><strong>Durchmesser<\/strong>: 20 cm\/22 cm\/24 cm<\/li>\n\n\n\n<li><strong>H\u00f6he:<\/strong> 11,5 cm<\/li>\n<\/ul>\n<\/div>\n\n\n\n<div class=\"wp-block-column is-layout-flow wp-block-column-is-layout-flow\">\n<h2 class=\"wp-block-heading\">Optionen f\u00fcr individuelle So\u00dfent\u00f6pfe:<\/h2>\n\n\n\n<ul class=\"wp-block-list\">\n<li><strong>Logo:<\/strong> Anpassbar mit Ihrem Markenlogo<\/li>\n\n\n\n<li><strong>Farbe: <\/strong>Anpassbar<\/li>\n\n\n\n<li><strong>Verpackung:<\/strong> Farbige Schachtel\/Karton, etc<\/li>\n<\/ul>\n<\/div>\n<\/div>\n\n\n\n<div class=\"wp-block-columns is-layout-flex wp-container-core-columns-is-layout-9d6595d7 wp-block-columns-is-layout-flex\">\n<div class=\"wp-block-column is-layout-flow wp-block-column-is-layout-flow\">\n<figure class=\"wp-block-image size-full\"><img decoding=\"async\" width=\"2048\" height=\"1920\" src=\"https:\/\/www.chancescook.com\/wp-content\/uploads\/2025\/11\/Wholesale-Stainless-Steel-Sauce-Pot-Manufacturer-chancescook-2.webp\" alt=\"Gro\u00dfhandel Hersteller von Edelstahl-Saucen-T\u00f6pfen \u2013 chancescook (2)\" class=\"wp-image-5647\" srcset=\"https:\/\/www.chancescook.com\/wp-content\/uploads\/2025\/11\/Wholesale-Stainless-Steel-Sauce-Pot-Manufacturer-chancescook-2.webp 2048w, https:\/\/www.chancescook.com\/wp-content\/uploads\/2025\/11\/Wholesale-Stainless-Steel-Sauce-Pot-Manufacturer-chancescook-2-300x281.webp 300w, https:\/\/www.chancescook.com\/wp-content\/uploads\/2025\/11\/Wholesale-Stainless-Steel-Sauce-Pot-Manufacturer-chancescook-2-768x720.webp 768w, https:\/\/www.chancescook.com\/wp-content\/uploads\/2025\/11\/Wholesale-Stainless-Steel-Sauce-Pot-Manufacturer-chancescook-2-13x12.webp 13w, https:\/\/www.chancescook.com\/wp-content\/uploads\/2025\/11\/Wholesale-Stainless-Steel-Sauce-Pot-Manufacturer-chancescook-2-285x267.webp 285w, https:\/\/www.chancescook.com\/wp-content\/uploads\/2025\/11\/Wholesale-Stainless-Steel-Sauce-Pot-Manufacturer-chancescook-2-1600x1500.webp 1600w, https:\/\/www.chancescook.com\/wp-content\/uploads\/2025\/11\/Wholesale-Stainless-Steel-Sauce-Pot-Manufacturer-chancescook-2-660x619.webp 660w, https:\/\/www.chancescook.com\/wp-content\/uploads\/2025\/11\/Wholesale-Stainless-Steel-Sauce-Pot-Manufacturer-chancescook-2-150x141.webp 150w\" sizes=\"(max-width: 2048px) 100vw, 2048px\" \/><\/figure>\n<\/div>\n\n\n\n<div class=\"wp-block-column is-layout-flow wp-block-column-is-layout-flow\">\n<figure class=\"wp-block-image size-full\"><img decoding=\"async\" width=\"2048\" height=\"1934\" src=\"https:\/\/www.chancescook.com\/wp-content\/uploads\/2025\/11\/Wholesale-Stainless-Steel-Sauce-Pot-Manufacturer-chancescook-1_1.webp\" alt=\"Gro\u00dfhandel Hersteller von Edelstahl-Saucen-T\u00f6pfen \u2013 chancescook (1)_1\" class=\"wp-image-5646\" srcset=\"https:\/\/www.chancescook.com\/wp-content\/uploads\/2025\/11\/Wholesale-Stainless-Steel-Sauce-Pot-Manufacturer-chancescook-1_1.webp 2048w, https:\/\/www.chancescook.com\/wp-content\/uploads\/2025\/11\/Wholesale-Stainless-Steel-Sauce-Pot-Manufacturer-chancescook-1_1-300x283.webp 300w, https:\/\/www.chancescook.com\/wp-content\/uploads\/2025\/11\/Wholesale-Stainless-Steel-Sauce-Pot-Manufacturer-chancescook-1_1-768x725.webp 768w, https:\/\/www.chancescook.com\/wp-content\/uploads\/2025\/11\/Wholesale-Stainless-Steel-Sauce-Pot-Manufacturer-chancescook-1_1-13x12.webp 13w, https:\/\/www.chancescook.com\/wp-content\/uploads\/2025\/11\/Wholesale-Stainless-Steel-Sauce-Pot-Manufacturer-chancescook-1_1-285x269.webp 285w, https:\/\/www.chancescook.com\/wp-content\/uploads\/2025\/11\/Wholesale-Stainless-Steel-Sauce-Pot-Manufacturer-chancescook-1_1-1600x1511.webp 1600w, https:\/\/www.chancescook.com\/wp-content\/uploads\/2025\/11\/Wholesale-Stainless-Steel-Sauce-Pot-Manufacturer-chancescook-1_1-660x623.webp 660w, https:\/\/www.chancescook.com\/wp-content\/uploads\/2025\/11\/Wholesale-Stainless-Steel-Sauce-Pot-Manufacturer-chancescook-1_1-150x142.webp 150w\" sizes=\"(max-width: 2048px) 100vw, 2048px\" \/><\/figure>\n<\/div>\n<\/div>","protected":false},"excerpt":{"rendered":"<p>Dieser Edelstahl-Saucentopf f\u00fcr den Gro\u00dfhandel ist aus hochwertigem Edelstahl gefertigt und bietet gleichm\u00e4\u00dfige Hitze und lange Haltbarkeit. Der passgenaue Deckel sorgt daf\u00fcr, dass die Feuchtigkeit erhalten bleibt und So\u00dfen, Bratenso\u00dfen und Reduktionen besser zur Geltung kommen. Er ist kompakt und dennoch effizient und eignet sich sowohl f\u00fcr die professionelle K\u00fcche als auch f\u00fcr das Kochen zu Hause. Chancescook ist ein zuverl\u00e4ssiger <a href=\"https:\/\/www.chancescook.com\/de\/about-chances\/\"><strong>Kochgeschirrhersteller<\/strong><\/a> Wir bieten Fabrikpreise und vollst\u00e4ndige OEM-Anpassung. Kontaktieren Sie uns f\u00fcr das beste Angebot von Ihrem vertrauensw\u00fcrdigen Kochgeschirrhersteller.<\/p>\n<h2><strong><b>Gro\u00dfhandel Edelstahl-Saucenpfanne <\/b><\/strong><strong><b>Merkmale und Vorteile:<\/b><\/strong><\/h2>\n<ul>\n<li><strong>Hochwertige Edelstahlkonstruktion<\/strong>Dieser aus hochwertigem Edelstahl gefertigte Edelstahl-Saucenkochtopf f\u00fcr den Gro\u00dfhandel verf\u00fcgt \u00fcber eine glatte und widerstandsf\u00e4hige Oberfl\u00e4che ohne Grate oder andere M\u00e4ngel, die seine Leistungsf\u00e4higkeit beim t\u00e4glichen Kochen beeintr\u00e4chtigen k\u00f6nnten.<\/li>\n<li><strong>Feuchtigkeit einschlie\u00dfen f\u00fcr mehr Geschmack:<\/strong> Der Deckel ist pr\u00e4zisionsgefertigt, sodass er fest auf dem Topf sitzt und die gesamte Feuchtigkeit und das Aroma im Inneren bewahrt. Ein integriertes Dampfablassventil sorgt f\u00fcr eine sichere Druckkontrolle w\u00e4hrend des Kochvorgangs.<\/li>\n<li><strong>Kratzfeste und hitzebest\u00e4ndige ergonomische Griffe:<\/strong> Die gebogenen Metallgriffe sorgen f\u00fcr einen sicheren, rutschfesten Halt und minimieren gleichzeitig die Verbrennungsgefahr, sodass sich der Topf leicht anheben und handhaben l\u00e4sst.<\/li>\n<li><strong>Einfache Reinigung und Wartung<\/strong>: Das Innere ist mit poliertem Edelstahl ausgekleidet, der das Anhaften von Speiseresten verhindert. Durch einfaches Absp\u00fclen mit Wasser und einem milden Reinigungsmittel wird der Saucen-Topf wieder makellos sauber.<\/li>\n<li><strong>Fabrikgro\u00dfhandelsservice und Anpassung:<\/strong> Als professioneller Kochgeschirrhersteller bieten wir Gro\u00dfhandelsdienstleistungen f\u00fcr Edelstahl-Saucenpfannen zu wettbewerbsf\u00e4higen Fabrikpreisen an. Als erfahrener Kochgeschirrhersteller unterst\u00fctzen wir die OEM\/ODM-Anpassung, einschlie\u00dflich Gr\u00f6\u00dfe, Dicke, Logo und Verpackung, unter anderem entsprechend den Marken- und Marktanforderungen unserer Kunden.<\/li>\n<\/ul>","protected":false},"featured_media":5794,"comment_status":"closed","ping_status":"closed","template":"","meta":{"_acf_changed":false},"product_brand":[],"product_cat":[52,62],"product_tag":[],"class_list":{"0":"post-5643","1":"product","2":"type-product","3":"status-publish","4":"has-post-thumbnail","6":"product_cat-cookware-wholesale","7":"product_cat-wholesale-soup-pot","9":"first","10":"instock","11":"shipping-taxable","12":"product-type-simple"},"acf":[],"_links":{"self":[{"href":"https:\/\/www.chancescook.com\/de\/wp-json\/wp\/v2\/product\/5643","targetHints":{"allow":["GET"]}}],"collection":[{"href":"https:\/\/www.chancescook.com\/de\/wp-json\/wp\/v2\/product"}],"about":[{"href":"https:\/\/www.chancescook.com\/de\/wp-json\/wp\/v2\/types\/product"}],"replies":[{"embeddable":true,"href":"https:\/\/www.chancescook.com\/de\/wp-json\/wp\/v2\/comments?post=5643"}],"wp:featuredmedia":[{"embeddable":true,"href":"https:\/\/www.chancescook.com\/de\/wp-json\/wp\/v2\/media\/5794"}],"wp:attachment":[{"href":"https:\/\/www.chancescook.com\/de\/wp-json\/wp\/v2\/media?parent=5643"}],"wp:term":[{"taxonomy":"product_brand","embeddable":true,"href":"https:\/\/www.chancescook.com\/de\/wp-json\/wp\/v2\/product_brand?post=5643"},{"taxonomy":"product_cat","embeddable":true,"href":"https:\/\/www.chancescook.com\/de\/wp-json\/wp\/v2\/product_cat?post=5643"},{"taxonomy":"product_tag","embeddable":true,"href":"https:\/\/www.chancescook.com\/de\/wp-json\/wp\/v2\/product_tag?post=5643"}],"curies":[{"name":"wp","href":"https:\/\/api.w.org\/{rel}","templated":true}]}}