{"id":5649,"date":"2025-11-22T04:04:50","date_gmt":"2025-11-22T04:04:50","guid":{"rendered":"https:\/\/www.chancescook.com\/?post_type=product&#038;p=5649"},"modified":"2025-11-22T04:04:52","modified_gmt":"2025-11-22T04:04:52","slug":"stainless-steel-tri-ply-cookware-set","status":"publish","type":"product","link":"https:\/\/www.chancescook.com\/de\/produkt\/stainless-steel-tri-ply-cookware-set\/","title":{"rendered":"Gro\u00dfhandel Edelstahl Tri Ply Kochgeschirr Set mit abnehmbaren Griffen"},"content":{"rendered":"<div class=\"wp-block-columns is-layout-flex wp-container-core-columns-is-layout-9d6595d7 wp-block-columns-is-layout-flex\">\n<div class=\"wp-block-column is-layout-flow wp-block-column-is-layout-flow\">\n<h2 class=\"wp-block-heading\">Parameter des Edelstahl-Kochgeschirrsets mit dreifacher Beschichtung <\/h2>\n\n\n\n<ul class=\"wp-block-list\">\n<li><strong>Modellnummer:<\/strong> HH-065<\/li>\n\n\n\n<li><strong>Material: <\/strong>304 Dreifachlagiger Stahl<\/li>\n\n\n\n<li><strong>Normale Dicke:<\/strong> 2,0 mm<\/li>\n\n\n\n<li><strong>Gr\u00f6\u00dfe<\/strong>: 20\/24\/26\/28 cm<\/li>\n\n\n\n<li><strong>Gewicht: <\/strong>4,5 kg<\/li>\n\n\n\n<li><strong>Logo: <\/strong>Lasergravur\/Pr\u00e4gestempel<\/li>\n\n\n\n<li><strong>MOQ:<\/strong> 1000 St\u00fcck<\/li>\n<\/ul>\n<\/div>\n\n\n\n<div class=\"wp-block-column is-layout-flow wp-block-column-is-layout-flow\">\n<h2 class=\"wp-block-heading\">Individuell angepasste Optionen f\u00fcr dreilagige Kochgeschirrsets<\/h2>\n\n\n\n<ul class=\"wp-block-list\">\n<li><strong>Logo: <\/strong>Ihr Markenlogo anpassen<\/li>\n\n\n\n<li><strong>Material:<\/strong> SUS304\/SUS316 Dreischichtiger Edelstahl<\/li>\n\n\n\n<li><strong>Materialst\u00e4rke:<\/strong> 2,0 mm\/2,3 mm<\/li>\n\n\n\n<li><strong>Deckel: <\/strong>Stil\/Material<\/li>\n\n\n\n<li><strong>Handgriff:<\/strong> Stil\/Material<\/li>\n\n\n\n<li><strong>Behandlung der Kontaktfl\u00e4che:<\/strong> Unbeschichtete\/nicht haftende Beschichtung<\/li>\n\n\n\n<li><strong>Verpackung:<\/strong> Farbkasten\/Karton, etc<\/li>\n\n\n\n<li><strong><a href=\"https:\/\/www.chancescook.com\/de\/custom-cookware\/\">OEM- und ODM-L\u00f6sungen f\u00fcr ma\u00dfgeschneiderte Kochgeschirrsets<\/a><\/strong><\/li>\n<\/ul>\n<\/div>\n<\/div>\n\n\n\n<p><\/p>","protected":false},"excerpt":{"rendered":"<p>Gro\u00dfhandel mit anpassbarem dreilagigem Edelstahl-Kochgeschirrset mit abnehmbaren Griffen. Das Kochgeschirrset besteht aus hochwertigem dreilagigem Edelstahl mit einer hochtemperaturbest\u00e4ndigen Keramikbeschichtung. Mit seiner exquisiten und modischen Form eignet es sich f\u00fcr den Familiengebrauch. Gro\u00dfh\u00e4ndler sind herzlich eingeladen, sich mit uns in Verbindung zu setzen.<\/p>\n<h2>Edelstahl-Kochgeschirrset mit dreifacher Beschichtung <strong><b>Eigenschaften:<\/b><\/strong><\/h2>\n<ul>\n<li><strong>Hochwertige Materialien:<\/strong>\u00a0Dieses Kochgeschirrset besteht aus verdicktem 304-fach dreifach rostfreiem Stahl und ist auf der Au\u00dfenseite mit hochwertiger Keramikfarbe beschichtet, die eine ausgezeichnete W\u00e4rmeleitf\u00e4higkeit und Haltbarkeit aufweist.<\/li>\n<li><strong>Abnehmbarer Griff:<\/strong>\u00a0Dieses Kochgeschirrset verf\u00fcgt \u00fcber einen abnehmbaren Griff, der die Aufbewahrung und Reinigung erleichtert. Der Griff l\u00e4sst sich leicht abnehmen und wieder anbringen.<\/li>\n<li><strong>3-teiliges Set:<\/strong>\u00a0Dieses 3-teilige Kochgeschirrset umfasst eine Bratpfanne, einen Suppentopf und einen Milchtopf, die den Bed\u00fcrfnissen der meisten Familien gerecht werden und frei mit anderen T\u00f6pfen von Chanceaccok kombiniert werden k\u00f6nnen.<\/li>\n<li><strong>Geeignet f\u00fcr verschiedene \u00d6fen:<\/strong>\u00a0Durch die Verwendung von dreifach rostfreiem Stahl eignet sich dieses Kochgeschirrset f\u00fcr verschiedene Heizmethoden, wie offene Flammen, Induktionsherde, elektrische Cerankochfelder usw.<\/li>\n<li><strong>Vielf\u00e4ltige Anpassungsm\u00f6glichkeiten:<\/strong>\u00a0Chancescook bietet OEM- und ODM-Dienstleistungen f\u00fcr ma\u00dfgeschneiderte Kochgeschirre an. Das Design, das Material des Kochgeschirrs, das Material der Griffe, das Logo auf der Au\u00dfenseite und die Verpackung k\u00f6nnen individuell angepasst werden.<\/li>\n<\/ul>\n<p><a href=\"https:\/\/www.chancescook.com\/de\/custom-cookware\/\"><u>Erfahren Sie mehr \u00fcber unsere OEM- und ODM-L\u00f6sungen f\u00fcr ma\u00dfgeschneidertes Kochgeschirr.<\/u><\/a><\/p>","protected":false},"featured_media":5653,"comment_status":"closed","ping_status":"closed","template":"","meta":{"_acf_changed":false},"product_brand":[],"product_cat":[52,53],"product_tag":[],"class_list":{"0":"post-5649","1":"product","2":"type-product","3":"status-publish","4":"has-post-thumbnail","6":"product_cat-cookware-wholesale","7":"product_cat-wholesale-cookware-sets","9":"first","10":"instock","11":"shipping-taxable","12":"product-type-simple"},"acf":[],"_links":{"self":[{"href":"https:\/\/www.chancescook.com\/de\/wp-json\/wp\/v2\/product\/5649","targetHints":{"allow":["GET"]}}],"collection":[{"href":"https:\/\/www.chancescook.com\/de\/wp-json\/wp\/v2\/product"}],"about":[{"href":"https:\/\/www.chancescook.com\/de\/wp-json\/wp\/v2\/types\/product"}],"replies":[{"embeddable":true,"href":"https:\/\/www.chancescook.com\/de\/wp-json\/wp\/v2\/comments?post=5649"}],"wp:featuredmedia":[{"embeddable":true,"href":"https:\/\/www.chancescook.com\/de\/wp-json\/wp\/v2\/media\/5653"}],"wp:attachment":[{"href":"https:\/\/www.chancescook.com\/de\/wp-json\/wp\/v2\/media?parent=5649"}],"wp:term":[{"taxonomy":"product_brand","embeddable":true,"href":"https:\/\/www.chancescook.com\/de\/wp-json\/wp\/v2\/product_brand?post=5649"},{"taxonomy":"product_cat","embeddable":true,"href":"https:\/\/www.chancescook.com\/de\/wp-json\/wp\/v2\/product_cat?post=5649"},{"taxonomy":"product_tag","embeddable":true,"href":"https:\/\/www.chancescook.com\/de\/wp-json\/wp\/v2\/product_tag?post=5649"}],"curies":[{"name":"wp","href":"https:\/\/api.w.org\/{rel}","templated":true}]}}