{"id":5676,"date":"2025-12-08T03:17:19","date_gmt":"2025-12-08T03:17:19","guid":{"rendered":"https:\/\/www.chancescook.com\/?post_type=product&#038;p=5676"},"modified":"2025-12-08T03:36:11","modified_gmt":"2025-12-08T03:36:11","slug":"custom-stock-pot-stainless-steel","status":"publish","type":"product","link":"https:\/\/www.chancescook.com\/de\/produkt\/custom-stock-pot-stainless-steel\/","title":{"rendered":"Ma\u00dfgefertigter Suppentopf aus Edelstahl, OEM-Hersteller von Suppent\u00f6pfen mit geraden Seitenw\u00e4nden"},"content":{"rendered":"<div class=\"wp-block-columns is-layout-flex wp-container-core-columns-is-layout-9d6595d7 wp-block-columns-is-layout-flex\">\n<div class=\"wp-block-column is-layout-flow wp-block-column-is-layout-flow\">\n<h2 class=\"wp-block-heading\">Parameter des Edelstahl-Suppentopfs:<\/h2>\n\n\n\n<ul class=\"wp-block-list\">\n<li><strong>Material:<\/strong> Edelstahl 201\/304<\/li>\n\n\n\n<li><strong>Normale Dicke:<\/strong> 0,5 mm<\/li>\n\n\n\n<li><strong>Gr\u00f6\u00dfe:<\/strong> 20\/22\/24\/26 cm<\/li>\n\n\n\n<li><strong>Farbe:<\/strong> Silber<\/li>\n<\/ul>\n<\/div>\n\n\n\n<div class=\"wp-block-column is-layout-flow wp-block-column-is-layout-flow\">\n<h2 class=\"wp-block-heading\">Optionen f\u00fcr ma\u00dfgefertigte Suppent\u00f6pfe:<\/h2>\n\n\n\n<ul class=\"wp-block-list\">\n<li><strong>Logo:<\/strong> Anpassbar mit Ihrem Markenlogo<\/li>\n\n\n\n<li><strong>Farbe: <\/strong>Anpassbar<\/li>\n\n\n\n<li><strong>Verpackung:<\/strong> Farbige Schachtel\/Karton, etc<\/li>\n\n\n\n<li><strong>Handgriff:<\/strong> Griffe f\u00fcr Ihren Stil<\/li>\n<\/ul>\n<\/div>\n<\/div>\n\n\n\n<div class=\"wp-block-columns is-layout-flex wp-container-core-columns-is-layout-9d6595d7 wp-block-columns-is-layout-flex\">\n<div class=\"wp-block-column is-layout-flow wp-block-column-is-layout-flow\">\n<figure class=\"wp-block-image size-full\"><img decoding=\"async\" width=\"2048\" height=\"1932\" src=\"https:\/\/www.chancescook.com\/wp-content\/uploads\/2025\/12\/Custom-Stock-Pot-Stainless-Steel-Straight-sided-Soup-Pot-Manufacturer-2_1.webp\" alt=\"Hersteller von ma\u00dfgefertigten Suppent\u00f6pfen aus Edelstahl mit geraden Seitenw\u00e4nden (2)_1\" class=\"wp-image-5680\" srcset=\"https:\/\/www.chancescook.com\/wp-content\/uploads\/2025\/12\/Custom-Stock-Pot-Stainless-Steel-Straight-sided-Soup-Pot-Manufacturer-2_1.webp 2048w, https:\/\/www.chancescook.com\/wp-content\/uploads\/2025\/12\/Custom-Stock-Pot-Stainless-Steel-Straight-sided-Soup-Pot-Manufacturer-2_1-300x283.webp 300w, https:\/\/www.chancescook.com\/wp-content\/uploads\/2025\/12\/Custom-Stock-Pot-Stainless-Steel-Straight-sided-Soup-Pot-Manufacturer-2_1-768x725.webp 768w, https:\/\/www.chancescook.com\/wp-content\/uploads\/2025\/12\/Custom-Stock-Pot-Stainless-Steel-Straight-sided-Soup-Pot-Manufacturer-2_1-13x12.webp 13w, https:\/\/www.chancescook.com\/wp-content\/uploads\/2025\/12\/Custom-Stock-Pot-Stainless-Steel-Straight-sided-Soup-Pot-Manufacturer-2_1-285x269.webp 285w, https:\/\/www.chancescook.com\/wp-content\/uploads\/2025\/12\/Custom-Stock-Pot-Stainless-Steel-Straight-sided-Soup-Pot-Manufacturer-2_1-1600x1509.webp 1600w, https:\/\/www.chancescook.com\/wp-content\/uploads\/2025\/12\/Custom-Stock-Pot-Stainless-Steel-Straight-sided-Soup-Pot-Manufacturer-2_1-660x623.webp 660w, https:\/\/www.chancescook.com\/wp-content\/uploads\/2025\/12\/Custom-Stock-Pot-Stainless-Steel-Straight-sided-Soup-Pot-Manufacturer-2_1-150x142.webp 150w\" sizes=\"(max-width: 2048px) 100vw, 2048px\" \/><\/figure>\n<\/div>\n\n\n\n<div class=\"wp-block-column is-layout-flow wp-block-column-is-layout-flow\">\n<figure class=\"wp-block-image size-full\"><img decoding=\"async\" width=\"2044\" height=\"1928\" src=\"https:\/\/www.chancescook.com\/wp-content\/uploads\/2025\/12\/Custom-Stock-Pot-Stainless-Steel-Straight-sided-Soup-Pot-Manufacturer-1_1.webp\" alt=\"Hersteller von ma\u00dfgefertigten Suppent\u00f6pfen aus Edelstahl mit geraden Seitenw\u00e4nden (1)_1\" class=\"wp-image-5678\" srcset=\"https:\/\/www.chancescook.com\/wp-content\/uploads\/2025\/12\/Custom-Stock-Pot-Stainless-Steel-Straight-sided-Soup-Pot-Manufacturer-1_1.webp 2044w, https:\/\/www.chancescook.com\/wp-content\/uploads\/2025\/12\/Custom-Stock-Pot-Stainless-Steel-Straight-sided-Soup-Pot-Manufacturer-1_1-300x283.webp 300w, https:\/\/www.chancescook.com\/wp-content\/uploads\/2025\/12\/Custom-Stock-Pot-Stainless-Steel-Straight-sided-Soup-Pot-Manufacturer-1_1-768x724.webp 768w, https:\/\/www.chancescook.com\/wp-content\/uploads\/2025\/12\/Custom-Stock-Pot-Stainless-Steel-Straight-sided-Soup-Pot-Manufacturer-1_1-13x12.webp 13w, https:\/\/www.chancescook.com\/wp-content\/uploads\/2025\/12\/Custom-Stock-Pot-Stainless-Steel-Straight-sided-Soup-Pot-Manufacturer-1_1-285x269.webp 285w, https:\/\/www.chancescook.com\/wp-content\/uploads\/2025\/12\/Custom-Stock-Pot-Stainless-Steel-Straight-sided-Soup-Pot-Manufacturer-1_1-1600x1509.webp 1600w, https:\/\/www.chancescook.com\/wp-content\/uploads\/2025\/12\/Custom-Stock-Pot-Stainless-Steel-Straight-sided-Soup-Pot-Manufacturer-1_1-660x623.webp 660w, https:\/\/www.chancescook.com\/wp-content\/uploads\/2025\/12\/Custom-Stock-Pot-Stainless-Steel-Straight-sided-Soup-Pot-Manufacturer-1_1-150x141.webp 150w\" sizes=\"(max-width: 2044px) 100vw, 2044px\" \/><\/figure>\n<\/div>\n<\/div>","protected":false},"excerpt":{"rendered":"<p>Unser ma\u00dfgefertigter Edelstahltopf verf\u00fcgt \u00fcber eine robuste, gerade Struktur, einen mehrschichtigen Boden, vernietete Griffe und kann als OEM\/ODM-Produkt individuell angepasst werden. Damit eignet er sich ideal f\u00fcr die K\u00fcche zu Hause, f\u00fcr Restaurants und f\u00fcr internationale Gro\u00dfhandelsbestellungen. Chancescook ist ein zuverl\u00e4ssiger <a href=\"https:\/\/www.chancescook.com\/de\/about-chances\/\"><strong>Kochgeschirrhersteller<\/strong><\/a> Wir bieten Preise direkt ab Werk und vollst\u00e4ndige OEM-Anpassung. Kontaktieren Sie uns f\u00fcr das beste Angebot von Ihrem vertrauensw\u00fcrdigen Kochgeschirrhersteller.<\/p>\n<h2><strong><b>Merkmale und Vorteile von Edelstahl-Suppent\u00f6pfen:<\/b><\/strong><\/h2>\n<ul>\n<li><strong>Hochwertige Edelstahlkonstruktion:<\/strong> Der gesamte Topf ist aus lebensmittelechtem Edelstahl gefertigt, der korrosionsbest\u00e4ndig und hochtemperaturbest\u00e4ndig ist und sich durch Langlebigkeit auszeichnet, um Sicherheit und Stabilit\u00e4t beim t\u00e4glichen Kochen zu gew\u00e4hrleisten.<\/li>\n<li><strong>Geradliniges Design:<\/strong> Das vertikale Design der Topfw\u00e4nde erh\u00f6ht die effektive Kapazit\u00e4t und eignet sich daher ideal f\u00fcr das Kochen gro\u00dfer Mengen sowie f\u00fcr Haushalte, Catering, Vertrieb und Gro\u00dfhandel.<\/li>\n<li><strong>Gleichm\u00e4\u00dfig leitf\u00e4higer Boden:<\/strong> Die mehrschichtige Verbundbodenstruktur beschleunigt die W\u00e4rmeleitung und -speicherung, wodurch das Schmoren und K\u00f6cheln energieeffizienter wird und die Garzeit verk\u00fcrzt wird.<\/li>\n<li><strong>Entspricht den Anforderungen f\u00fcr die OEM\/ODM-Produktion im Werk:<\/strong> Die vollst\u00e4ndige Anpassung von Abmessungen, Dicke, B\u00fcrstfinish, Polierverfahren und Griffausf\u00fchrung kann gem\u00e4\u00df den Kundenanforderungen f\u00fcr ma\u00dfgefertigte Edelstahl-Suppent\u00f6pfe erfolgen.<\/li>\n<li><strong>Robuste genietete Griffkonstruktion:<\/strong> Ausgestattet mit einem verdickten, vernieteten Griff garantiert der Topfk\u00f6rper Stabilit\u00e4t beim Kochen gro\u00dfer Mengen und ist hitzebest\u00e4ndig f\u00fcr eine einfache Handhabung.<\/li>\n<li><strong>Optionaler transparenter Deckel:<\/strong> Stahl- oder Glasdeckel erf\u00fcllen die Anforderungen verschiedener M\u00e4rkte, verbessern die Attraktivit\u00e4t der Produkte und erweitern deren Anwendungsm\u00f6glichkeiten.<\/li>\n<li><strong>Multikocher-Topf f\u00fcr Gas-, Induktions- und Cerankochfelder:<\/strong> Aufgrund seiner Kompatibilit\u00e4t mit den meisten Kochfeld-Heizmethoden ist dieses Kochgeschirr in vielen privaten und gewerblichen K\u00fcchen vielseitig einsetzbar.<\/li>\n<li><strong>Es eignet sich f\u00fcr den internationalen Gro\u00dfhandel:<\/strong> Als professionelle OEM-Fabrik k\u00f6nnen wir unseren Kunden komplette Markenverpackungen, Parameteranpassungen und Massenproduktion anbieten, um den globalen Beschaffungsbedarf zu decken und die Wettbewerbsf\u00e4higkeit von ma\u00dfgeschneiderten Edelstahlprodukten weiter zu verbessern.<\/li>\n<\/ul>","protected":false},"featured_media":5677,"comment_status":"closed","ping_status":"closed","template":"","meta":{"_acf_changed":false},"product_brand":[],"product_cat":[52,63],"product_tag":[],"class_list":{"0":"post-5676","1":"product","2":"type-product","3":"status-publish","4":"has-post-thumbnail","6":"product_cat-cookware-wholesale","7":"product_cat-stock-pot-wholesale","9":"first","10":"instock","11":"shipping-taxable","12":"product-type-simple"},"acf":[],"_links":{"self":[{"href":"https:\/\/www.chancescook.com\/de\/wp-json\/wp\/v2\/product\/5676","targetHints":{"allow":["GET"]}}],"collection":[{"href":"https:\/\/www.chancescook.com\/de\/wp-json\/wp\/v2\/product"}],"about":[{"href":"https:\/\/www.chancescook.com\/de\/wp-json\/wp\/v2\/types\/product"}],"replies":[{"embeddable":true,"href":"https:\/\/www.chancescook.com\/de\/wp-json\/wp\/v2\/comments?post=5676"}],"wp:featuredmedia":[{"embeddable":true,"href":"https:\/\/www.chancescook.com\/de\/wp-json\/wp\/v2\/media\/5677"}],"wp:attachment":[{"href":"https:\/\/www.chancescook.com\/de\/wp-json\/wp\/v2\/media?parent=5676"}],"wp:term":[{"taxonomy":"product_brand","embeddable":true,"href":"https:\/\/www.chancescook.com\/de\/wp-json\/wp\/v2\/product_brand?post=5676"},{"taxonomy":"product_cat","embeddable":true,"href":"https:\/\/www.chancescook.com\/de\/wp-json\/wp\/v2\/product_cat?post=5676"},{"taxonomy":"product_tag","embeddable":true,"href":"https:\/\/www.chancescook.com\/de\/wp-json\/wp\/v2\/product_tag?post=5676"}],"curies":[{"name":"wp","href":"https:\/\/api.w.org\/{rel}","templated":true}]}}