{"id":5681,"date":"2025-12-08T03:43:20","date_gmt":"2025-12-08T03:43:20","guid":{"rendered":"https:\/\/www.chancescook.com\/?post_type=product&#038;p=5681"},"modified":"2026-03-24T08:47:37","modified_gmt":"2026-03-24T08:47:37","slug":"stainless-steel-stock-pot-set-wholesale","status":"publish","type":"product","link":"https:\/\/www.chancescook.com\/de\/produkt\/stainless-steel-stock-pot-set-wholesale\/","title":{"rendered":"Edelstahl-Suppentopf-Set Gro\u00dfhandel, 6-teiliges Kochgeschirrset mit geraden Seitenw\u00e4nden Hersteller"},"content":{"rendered":"<div class=\"wp-block-columns is-layout-flex wp-container-core-columns-is-layout-9d6595d7 wp-block-columns-is-layout-flex\">\n<div class=\"wp-block-column is-layout-flow wp-block-column-is-layout-flow\">\n<h2 class=\"wp-block-heading\">Parameter des Edelstahl-Suppentopf-Sets:<\/h2>\n\n\n\n<ul class=\"wp-block-list\">\n<li><strong>Material: <\/strong>rostfreier Stahl<\/li>\n\n\n\n<li><strong>Normale Dicke<\/strong>:0,5 mm<\/li>\n\n\n\n<li><strong>Deckel: <\/strong>Glas-Deckel<\/li>\n\n\n\n<li><strong>Unten:<\/strong>Induktion Sandwichboden (SUS+2mm Alu+SUS)<\/li>\n\n\n\n<li><strong>Logo: <\/strong>Siebdruck\/Lasergravur\/Pr\u00e4gestempel<\/li>\n\n\n\n<li><strong>Griff &amp; Deckelknopf: <\/strong>Rostfreier Stahl<\/li>\n\n\n\n<li><strong>Einschlie\u00dfen: <\/strong>Milchk\u00e4nnchen, Suppentopf, Bratpfanne<\/li>\n\n\n\n<li><strong>Milchtopf Gr\u00f6\u00dfe:<\/strong>16cm<\/li>\n\n\n\n<li><strong>Suppentopf:<\/strong>20\/24 cm<\/li>\n\n\n\n<li><strong>MOQ:<\/strong>1000S\u00e4tze<\/li>\n<\/ul>\n<\/div>\n\n\n\n<div class=\"wp-block-column is-layout-flow wp-block-column-is-layout-flow\">\n<h2 class=\"wp-block-heading\">Optionen f\u00fcr ma\u00dfgefertigte Edelstahl-Suppentopf-Sets:<\/h2>\n\n\n\n<p>Werten Sie Ihr Catering-Gesch\u00e4ft mit unseren unbegrenzten Anpassungsm\u00f6glichkeiten und innovativen Designs auf.<\/p>\n\n\n\n<ul class=\"wp-block-list\">\n<li><strong>Farbe<\/strong>Beige\/Gr\u00fcn\/Rosa<\/li>\n\n\n\n<li><strong>Material: <\/strong>Rostfreier Stahl SUS#201\/304\/410\/430<\/li>\n\n\n\n<li>Griffe f\u00fcr Ihren Stil<\/li>\n\n\n\n<li><strong>Logo: <\/strong>Passen Sie Ihr Markenlogo an<\/li>\n\n\n\n<li><strong>Paket: <\/strong>Farbkasten\/Briefkasten usw.<\/li>\n\n\n\n<li><strong><em><a href=\"https:\/\/www.chancescook.com\/de\/custom-cookware\/\" data-type=\"page\" data-id=\"2987\">OEM &amp; ODM Kundenspezifische L\u00f6sungen<\/a><\/em><\/strong><\/li>\n<\/ul>\n<\/div>\n<\/div>\n\n\n\n<div class=\"wp-block-columns is-layout-flex wp-container-core-columns-is-layout-9d6595d7 wp-block-columns-is-layout-flex\">\n<div class=\"wp-block-column is-layout-flow wp-block-column-is-layout-flow\">\n<figure class=\"wp-block-image size-full\"><img decoding=\"async\" width=\"800\" height=\"800\" src=\"https:\/\/www.chancescook.com\/wp-content\/uploads\/2025\/12\/Stainless-Steel-Stock-Pot-Set-Wholesale-Manufacturer-4.webp\" alt=\"Gro\u00dfhandelshersteller von Edelstahl-Suppentopf-Sets (4)\" class=\"wp-image-5687\" srcset=\"https:\/\/www.chancescook.com\/wp-content\/uploads\/2025\/12\/Stainless-Steel-Stock-Pot-Set-Wholesale-Manufacturer-4.webp 800w, https:\/\/www.chancescook.com\/wp-content\/uploads\/2025\/12\/Stainless-Steel-Stock-Pot-Set-Wholesale-Manufacturer-4-300x300.webp 300w, https:\/\/www.chancescook.com\/wp-content\/uploads\/2025\/12\/Stainless-Steel-Stock-Pot-Set-Wholesale-Manufacturer-4-150x150.webp 150w, https:\/\/www.chancescook.com\/wp-content\/uploads\/2025\/12\/Stainless-Steel-Stock-Pot-Set-Wholesale-Manufacturer-4-768x768.webp 768w, https:\/\/www.chancescook.com\/wp-content\/uploads\/2025\/12\/Stainless-Steel-Stock-Pot-Set-Wholesale-Manufacturer-4-12x12.webp 12w, https:\/\/www.chancescook.com\/wp-content\/uploads\/2025\/12\/Stainless-Steel-Stock-Pot-Set-Wholesale-Manufacturer-4-285x285.webp 285w, https:\/\/www.chancescook.com\/wp-content\/uploads\/2025\/12\/Stainless-Steel-Stock-Pot-Set-Wholesale-Manufacturer-4-270x270.webp 270w, https:\/\/www.chancescook.com\/wp-content\/uploads\/2025\/12\/Stainless-Steel-Stock-Pot-Set-Wholesale-Manufacturer-4-540x540.webp 540w, https:\/\/www.chancescook.com\/wp-content\/uploads\/2025\/12\/Stainless-Steel-Stock-Pot-Set-Wholesale-Manufacturer-4-660x660.webp 660w\" sizes=\"(max-width: 800px) 100vw, 800px\" \/><\/figure>\n<\/div>\n\n\n\n<div class=\"wp-block-column is-layout-flow wp-block-column-is-layout-flow\">\n<figure class=\"wp-block-image size-full\"><img decoding=\"async\" width=\"800\" height=\"800\" src=\"https:\/\/www.chancescook.com\/wp-content\/uploads\/2025\/12\/Stainless-Steel-Stock-Pot-Set-Wholesale-Manufacturer-1.webp\" alt=\"Gro\u00dfhandelshersteller von Edelstahl-Suppent\u00f6pfen (1)\" class=\"wp-image-5685\" srcset=\"https:\/\/www.chancescook.com\/wp-content\/uploads\/2025\/12\/Stainless-Steel-Stock-Pot-Set-Wholesale-Manufacturer-1.webp 800w, https:\/\/www.chancescook.com\/wp-content\/uploads\/2025\/12\/Stainless-Steel-Stock-Pot-Set-Wholesale-Manufacturer-1-300x300.webp 300w, https:\/\/www.chancescook.com\/wp-content\/uploads\/2025\/12\/Stainless-Steel-Stock-Pot-Set-Wholesale-Manufacturer-1-150x150.webp 150w, https:\/\/www.chancescook.com\/wp-content\/uploads\/2025\/12\/Stainless-Steel-Stock-Pot-Set-Wholesale-Manufacturer-1-768x768.webp 768w, https:\/\/www.chancescook.com\/wp-content\/uploads\/2025\/12\/Stainless-Steel-Stock-Pot-Set-Wholesale-Manufacturer-1-12x12.webp 12w, https:\/\/www.chancescook.com\/wp-content\/uploads\/2025\/12\/Stainless-Steel-Stock-Pot-Set-Wholesale-Manufacturer-1-285x285.webp 285w, https:\/\/www.chancescook.com\/wp-content\/uploads\/2025\/12\/Stainless-Steel-Stock-Pot-Set-Wholesale-Manufacturer-1-270x270.webp 270w, https:\/\/www.chancescook.com\/wp-content\/uploads\/2025\/12\/Stainless-Steel-Stock-Pot-Set-Wholesale-Manufacturer-1-540x540.webp 540w, https:\/\/www.chancescook.com\/wp-content\/uploads\/2025\/12\/Stainless-Steel-Stock-Pot-Set-Wholesale-Manufacturer-1-660x660.webp 660w\" sizes=\"(max-width: 800px) 100vw, 800px\" \/><\/figure>\n<\/div>\n\n\n\n<div class=\"wp-block-column is-layout-flow wp-block-column-is-layout-flow\">\n<figure class=\"wp-block-image size-full\"><img decoding=\"async\" width=\"800\" height=\"800\" src=\"https:\/\/www.chancescook.com\/wp-content\/uploads\/2025\/12\/Stainless-Steel-Stock-Pot-Set-Wholesale-Manufacturer-2.webp\" alt=\"Gro\u00dfhandelshersteller von Edelstahl-Suppent\u00f6pfen (2)\" class=\"wp-image-5683\" srcset=\"https:\/\/www.chancescook.com\/wp-content\/uploads\/2025\/12\/Stainless-Steel-Stock-Pot-Set-Wholesale-Manufacturer-2.webp 800w, https:\/\/www.chancescook.com\/wp-content\/uploads\/2025\/12\/Stainless-Steel-Stock-Pot-Set-Wholesale-Manufacturer-2-300x300.webp 300w, https:\/\/www.chancescook.com\/wp-content\/uploads\/2025\/12\/Stainless-Steel-Stock-Pot-Set-Wholesale-Manufacturer-2-150x150.webp 150w, https:\/\/www.chancescook.com\/wp-content\/uploads\/2025\/12\/Stainless-Steel-Stock-Pot-Set-Wholesale-Manufacturer-2-768x768.webp 768w, https:\/\/www.chancescook.com\/wp-content\/uploads\/2025\/12\/Stainless-Steel-Stock-Pot-Set-Wholesale-Manufacturer-2-12x12.webp 12w, https:\/\/www.chancescook.com\/wp-content\/uploads\/2025\/12\/Stainless-Steel-Stock-Pot-Set-Wholesale-Manufacturer-2-285x285.webp 285w, https:\/\/www.chancescook.com\/wp-content\/uploads\/2025\/12\/Stainless-Steel-Stock-Pot-Set-Wholesale-Manufacturer-2-270x270.webp 270w, https:\/\/www.chancescook.com\/wp-content\/uploads\/2025\/12\/Stainless-Steel-Stock-Pot-Set-Wholesale-Manufacturer-2-540x540.webp 540w, https:\/\/www.chancescook.com\/wp-content\/uploads\/2025\/12\/Stainless-Steel-Stock-Pot-Set-Wholesale-Manufacturer-2-660x660.webp 660w\" sizes=\"(max-width: 800px) 100vw, 800px\" \/><\/figure>\n<\/div>\n<\/div>\n\n\n\n<p><\/p>","protected":false},"excerpt":{"rendered":"<p>Unser 6-teiliges Kochgeschirrset mit geraden Seitenw\u00e4nden bietet erstklassige Haltbarkeit, Vielseitigkeit durch verschiedene Gr\u00f6\u00dfen und OEM\/ODM-Anpassungsm\u00f6glichkeiten und eignet sich somit perfekt f\u00fcr den Gro\u00dfhandel mit Edelstahl-Suppent\u00f6pfen und den internationalen Bedarf von Restaurants oder Einzelhandelsgesch\u00e4ften. Chancescook ist ein zuverl\u00e4ssiger <a href=\"https:\/\/www.chancescook.com\/de\/about-chances\/\"><strong>Kochgeschirrhersteller<\/strong><\/a> Wir bieten Preise direkt ab Werk und vollst\u00e4ndige OEM-Anpassung. Kontaktieren Sie uns f\u00fcr das beste Angebot von Ihrem vertrauensw\u00fcrdigen Kochgeschirrhersteller.<\/p>\n<h2><strong><b>Merkmale und Vorteile des Edelstahl-Suppentopf-Sets:<\/b><\/strong><\/h2>\n<ul>\n<li><strong>Sechsteiliges Kochgeschirrset mit geradem K\u00f6rper<\/strong>Es ist in verschiedenen Gr\u00f6\u00dfen erh\u00e4ltlich und eignet sich sowohl f\u00fcr den privaten Gebrauch als auch f\u00fcr Gro\u00dfk\u00fcchen, wodurch die Produktpalette und die Verkaufsabdeckung f\u00fcr K\u00e4ufer erweitert werden.<\/li>\n<li><strong>Hochwertige Edelstahlkonstruktion:<\/strong> Die T\u00f6pfe bestehen aus lebensmittelechtem Edelstahl, der korrosionsbest\u00e4ndig und hitzebest\u00e4ndig ist und sich nicht leicht verformt, um langfristige Sicherheit und Stabilit\u00e4t zu gew\u00e4hrleisten.<\/li>\n<li><strong>Das geradlinige Design f\u00fcr mehr Kapazit\u00e4t: <\/strong>bedeutet, dass das vertikale Topfwanddesign bei gleichem Durchmesser eine h\u00f6here effektive Kapazit\u00e4t bietet, was sich f\u00fcr das Kochen von Suppen, das Schmoren von Zutaten oder das Hochfrequenzkochen in Gro\u00dfk\u00fcchen eignet.<\/li>\n<li><strong>Leitf\u00e4higer Verbundboden:<\/strong> Die neue mehrschichtige Verbundbodenkonstruktion erh\u00f6ht die Effizienz der W\u00e4rme\u00fcbertragung, wodurch das Schmoren wirtschaftlicher wird, ohne dass etwas anbrennt. Dieses Design mit stabiler Leistung wird von Kunden aus der Gastronomie und dem Gro\u00dfhandel bevorzugt.<\/li>\n<li><strong>Robuste, vernietete Griffkonstruktion<\/strong>Die Griffe sind mit verst\u00e4rkten Nieten befestigt, um Ersch\u00fctterungen und hohen Temperaturen standzuhalten. Dies verl\u00e4ngert die Lebensdauer des Kochgeschirrs und macht es sicherer und zuverl\u00e4ssiger beim Transportieren von T\u00f6pfen mit gro\u00dfem Fassungsverm\u00f6gen.<\/li>\n<li><strong>Kompatibel mit verschiedenen Heizger\u00e4ten<\/strong>Das gesamte Set ist mit verschiedenen Kochfeldern kompatibel, darunter Gasherde, Induktionskochfelder und Cerankochfelder. Dies erh\u00f6ht die Vielseitigkeit und Anpassungsf\u00e4higkeit des Produkts f\u00fcr den weltweiten Vertrieb.<\/li>\n<li><strong>Geeignet f\u00fcr grenz\u00fcberschreitende Gro\u00dfhandels- und Markenkooperationen:<\/strong> OEM\/ODM-Anpassungen werden unterst\u00fctzt, darunter Gr\u00f6\u00dfenanpassungen, Kit-Kombinationen, Oberfl\u00e4chenbehandlungen und Verpackungsl\u00f6sungen, um die Flexibilit\u00e4t beim Einkauf f\u00fcr Gro\u00dfh\u00e4ndler von Edelstahl-Suppent\u00f6pfen weiter zu verbessern.<\/li>\n<li><strong>Hochwertige Gro\u00dfhandelssets:<\/strong> 6-teilige Sets helfen H\u00e4ndlern, die Gewinnstruktur pro Bestellung zu verbessern und gleichzeitig die Lager- und Transporteffizienz zu optimieren. Damit w\u00e4ren sie die ideale Produktl\u00f6sung f\u00fcr Gro\u00dfh\u00e4ndler von Edelstahl-Suppent\u00f6pfen.<\/li>\n<\/ul>","protected":false},"featured_media":5688,"comment_status":"closed","ping_status":"closed","template":"","meta":{"_acf_changed":false},"product_brand":[],"product_cat":[53],"product_tag":[],"class_list":{"0":"post-5681","1":"product","2":"type-product","3":"status-publish","4":"has-post-thumbnail","6":"product_cat-wholesale-cookware-sets","8":"first","9":"instock","10":"shipping-taxable","11":"product-type-simple"},"acf":[],"_links":{"self":[{"href":"https:\/\/www.chancescook.com\/de\/wp-json\/wp\/v2\/product\/5681","targetHints":{"allow":["GET"]}}],"collection":[{"href":"https:\/\/www.chancescook.com\/de\/wp-json\/wp\/v2\/product"}],"about":[{"href":"https:\/\/www.chancescook.com\/de\/wp-json\/wp\/v2\/types\/product"}],"replies":[{"embeddable":true,"href":"https:\/\/www.chancescook.com\/de\/wp-json\/wp\/v2\/comments?post=5681"}],"wp:featuredmedia":[{"embeddable":true,"href":"https:\/\/www.chancescook.com\/de\/wp-json\/wp\/v2\/media\/5688"}],"wp:attachment":[{"href":"https:\/\/www.chancescook.com\/de\/wp-json\/wp\/v2\/media?parent=5681"}],"wp:term":[{"taxonomy":"product_brand","embeddable":true,"href":"https:\/\/www.chancescook.com\/de\/wp-json\/wp\/v2\/product_brand?post=5681"},{"taxonomy":"product_cat","embeddable":true,"href":"https:\/\/www.chancescook.com\/de\/wp-json\/wp\/v2\/product_cat?post=5681"},{"taxonomy":"product_tag","embeddable":true,"href":"https:\/\/www.chancescook.com\/de\/wp-json\/wp\/v2\/product_tag?post=5681"}],"curies":[{"name":"wp","href":"https:\/\/api.w.org\/{rel}","templated":true}]}}