{"id":5962,"date":"2026-01-19T08:19:14","date_gmt":"2026-01-19T08:19:14","guid":{"rendered":"https:\/\/www.chancescook.com\/?post_type=product&#038;p=5962"},"modified":"2026-01-19T08:19:16","modified_gmt":"2026-01-19T08:19:16","slug":"custom-stainless-steel-measuring-cup","status":"publish","type":"product","link":"https:\/\/www.chancescook.com\/de\/produkt\/custom-stainless-steel-measuring-cup\/","title":{"rendered":"Benutzerdefinierte Edelstahl Messbecher Gro\u00dfhandel, Milch Krug Fabrik Direktvertrieb"},"content":{"rendered":"<div class=\"wp-block-columns is-layout-flex wp-container-core-columns-is-layout-9d6595d7 wp-block-columns-is-layout-flex\">\n<div class=\"wp-block-column is-layout-flow wp-block-column-is-layout-flow\">\n<h2 class=\"wp-block-heading\">Messbecher aus Edelstahl Parameter<\/h2>\n\n\n\n<ul class=\"wp-block-list\">\n<li><strong>Material<\/strong>: SS430+Al+SS304<\/li>\n\n\n\n<li><strong>Farbe<\/strong>: Silber<\/li>\n\n\n\n<li><strong>Durchmesser: <\/strong>15,5cm\/17,5m<\/li>\n\n\n\n<li><strong>H\u00f6he: <\/strong>12,4 cm\/13,7 cm<\/li>\n<\/ul>\n<\/div>\n\n\n\n<div class=\"wp-block-column is-layout-flow wp-block-column-is-layout-flow\">\n<h2 class=\"wp-block-heading\">Individuelle Messbecher-Optionen<\/h2>\n\n\n\n<ul class=\"wp-block-list\">\n<li><strong>Logo: <\/strong>Anpassbar mit Ihrem Markenlogo<\/li>\n\n\n\n<li><strong>Farbe: <\/strong>Anpassbar<\/li>\n\n\n\n<li><strong>Verpackung: <\/strong>Farbige Schachtel\/Karton, etc<\/li>\n<\/ul>\n<\/div>\n<\/div>\n\n\n\n<div class=\"wp-block-columns is-layout-flex wp-container-core-columns-is-layout-9d6595d7 wp-block-columns-is-layout-flex\">\n<div class=\"wp-block-column is-layout-flow wp-block-column-is-layout-flow\">\n<figure class=\"wp-block-image size-full\"><img decoding=\"async\" width=\"2048\" height=\"2048\" src=\"https:\/\/www.chancescook.com\/wp-content\/uploads\/2026\/01\/Custom-Stainless-Steel-Measuring-Cup-Wholesale-4.webp\" alt=\"Benutzerdefinierte Edelstahl Messbecher Gro\u00dfhandel (4)\" class=\"wp-image-5966\" srcset=\"https:\/\/www.chancescook.com\/wp-content\/uploads\/2026\/01\/Custom-Stainless-Steel-Measuring-Cup-Wholesale-4.webp 2048w, https:\/\/www.chancescook.com\/wp-content\/uploads\/2026\/01\/Custom-Stainless-Steel-Measuring-Cup-Wholesale-4-300x300.webp 300w, https:\/\/www.chancescook.com\/wp-content\/uploads\/2026\/01\/Custom-Stainless-Steel-Measuring-Cup-Wholesale-4-150x150.webp 150w, https:\/\/www.chancescook.com\/wp-content\/uploads\/2026\/01\/Custom-Stainless-Steel-Measuring-Cup-Wholesale-4-768x768.webp 768w, https:\/\/www.chancescook.com\/wp-content\/uploads\/2026\/01\/Custom-Stainless-Steel-Measuring-Cup-Wholesale-4-12x12.webp 12w, https:\/\/www.chancescook.com\/wp-content\/uploads\/2026\/01\/Custom-Stainless-Steel-Measuring-Cup-Wholesale-4-285x285.webp 285w, https:\/\/www.chancescook.com\/wp-content\/uploads\/2026\/01\/Custom-Stainless-Steel-Measuring-Cup-Wholesale-4-1600x1600.webp 1600w, https:\/\/www.chancescook.com\/wp-content\/uploads\/2026\/01\/Custom-Stainless-Steel-Measuring-Cup-Wholesale-4-270x270.webp 270w, https:\/\/www.chancescook.com\/wp-content\/uploads\/2026\/01\/Custom-Stainless-Steel-Measuring-Cup-Wholesale-4-540x540.webp 540w, https:\/\/www.chancescook.com\/wp-content\/uploads\/2026\/01\/Custom-Stainless-Steel-Measuring-Cup-Wholesale-4-660x660.webp 660w\" sizes=\"(max-width: 2048px) 100vw, 2048px\" \/><\/figure>\n<\/div>\n\n\n\n<div class=\"wp-block-column is-layout-flow wp-block-column-is-layout-flow\">\n<figure class=\"wp-block-image size-full\"><img decoding=\"async\" width=\"723\" height=\"723\" src=\"https:\/\/www.chancescook.com\/wp-content\/uploads\/2026\/01\/Custom-Stainless-Steel-Measuring-Cup-Wholesale-3.webp\" alt=\"Benutzerdefinierte Edelstahl Messbecher Gro\u00dfhandel (3)\" class=\"wp-image-5965\" srcset=\"https:\/\/www.chancescook.com\/wp-content\/uploads\/2026\/01\/Custom-Stainless-Steel-Measuring-Cup-Wholesale-3.webp 723w, https:\/\/www.chancescook.com\/wp-content\/uploads\/2026\/01\/Custom-Stainless-Steel-Measuring-Cup-Wholesale-3-300x300.webp 300w, https:\/\/www.chancescook.com\/wp-content\/uploads\/2026\/01\/Custom-Stainless-Steel-Measuring-Cup-Wholesale-3-150x150.webp 150w, https:\/\/www.chancescook.com\/wp-content\/uploads\/2026\/01\/Custom-Stainless-Steel-Measuring-Cup-Wholesale-3-12x12.webp 12w, https:\/\/www.chancescook.com\/wp-content\/uploads\/2026\/01\/Custom-Stainless-Steel-Measuring-Cup-Wholesale-3-285x285.webp 285w, https:\/\/www.chancescook.com\/wp-content\/uploads\/2026\/01\/Custom-Stainless-Steel-Measuring-Cup-Wholesale-3-270x270.webp 270w, https:\/\/www.chancescook.com\/wp-content\/uploads\/2026\/01\/Custom-Stainless-Steel-Measuring-Cup-Wholesale-3-540x540.webp 540w, https:\/\/www.chancescook.com\/wp-content\/uploads\/2026\/01\/Custom-Stainless-Steel-Measuring-Cup-Wholesale-3-660x660.webp 660w\" sizes=\"(max-width: 723px) 100vw, 723px\" \/><\/figure>\n<\/div>\n<\/div>","protected":false},"excerpt":{"rendered":"<p>Fabrik direkt benutzerdefinierte Edelstahl Messbecher Gro\u00dfhandel mit OEM &amp; ODM-Service. Flexible MOQ, stabile Qualit\u00e4tskontrolle, und schnelle Vorlaufzeit. Exportiert in \u00fcber 200 L\u00e4nder mit reicher Exporterfahrung, zuverl\u00e4ssige Produktionskapazit\u00e4t und schnelle globale Lieferung f\u00fcr H\u00e4ndler und Marken.<\/p>\n<h2>Merkmale und Vorteile des kundenspezifischen Messbechers aus Edelstahl<\/h2>\n<ol>\n<li><strong>Hochwertiger Edelstahl<\/strong>: Dieser Messbecher aus hochwertigem Edelstahl ist langlebig und korrosionsbest\u00e4ndig. Er verformt sich nicht und rostet nicht, so dass er auch bei l\u00e4ngerem Gebrauch zuverl\u00e4ssig und langlebig ist.<\/li>\n<li><strong>Mehrere Gr\u00f6\u00dfen zur Auswahl:<\/strong> Mehrere Gr\u00f6\u00dfen stehen zur Auswahl, um unterschiedlichen Anforderungen gerecht zu werden, ob f\u00fcr den Heimgebrauch oder den professionellen Einsatz in einem Caf\u00e9, Sie k\u00f6nnen die richtige Kapazit\u00e4t finden.<\/li>\n<li><strong>Skala Design:<\/strong> Eingebaute Skalenmarkierungen zur pr\u00e4zisen Kontrolle der verwendeten Milch- oder Kaffeemenge, einfache Herstellung und Gew\u00e4hrleistung eines perfekten Kaffee- oder Milchschaums bei jeder Zubereitung.<\/li>\n<li><strong>Professionelles Coffee Art Tool:<\/strong> Das stromlinienf\u00f6rmige Design der D\u00fcse wurde f\u00fcr Kaffeek\u00fcnstler und Baristas entwickelt und erm\u00f6glicht ein einfaches Ziehen von Kreationen und eine verbesserte Kaffeekunst.<\/li>\n<li><strong>Multifunktionale Verwendung:<\/strong> Nicht nur zum Milchaufsch\u00e4umen geeignet, sondern auch zum Erhitzen von Milch, zum Zubereiten von Kaffee, zur Herstellung von hei\u00dfer Schokolade usw., ein Ger\u00e4t f\u00fcr mehrere Zwecke.<\/li>\n<li><strong>Bequemer Handgriff<\/strong>: Ergonomisch gestalteter Griff, bequemer Halt, einfache Bedienung, weniger Erm\u00fcdung bei l\u00e4ngerem Gebrauch.<\/li>\n<li><strong>Modisches Auftreten<\/strong>: Silber\/Schwarz\/Gold und andere klassische Farben stehen zur Verf\u00fcgung, einfach und gro\u00dfz\u00fcgig, passend f\u00fcr eine Vielzahl von K\u00fcchen und Caf\u00e9s \u2019dekorativen Stil.<\/li>\n<li><strong>Leicht zu reinigen:<\/strong> Das Edelstahlmaterial hat eine glatte Oberfl\u00e4che, verhindert R\u00fcckst\u00e4nde, ist leicht zu reinigen und kann von Hand oder in der Sp\u00fclmaschine gewaschen werden, was Zeit und Arbeit spart.<\/li>\n<li><strong>Unverzichtbares Kaffee-Werkzeug:<\/strong> Egal, ob Sie ein professioneller Barista oder ein Kaffeeliebhaber sind, dieser Messbecher aus Edelstahl in verschiedenen Gr\u00f6\u00dfen ist ein unverzichtbares Werkzeug f\u00fcr die Zubereitung von hochwertigem Kaffee und Milchgetr\u00e4nken.<\/li>\n<\/ol>\n<p data-start=\"2026\" data-end=\"2052\"><strong data-start=\"2026\" data-end=\"2052\">Anpassung &amp; Lieferung<\/strong><\/p>\n<ul>\n<li data-start=\"2055\" data-end=\"2097\">Ma\u00dfgeschneiderte Messbecherl\u00f6sungen anbieten<\/li>\n<li data-start=\"2055\" data-end=\"2097\">Unterst\u00fctzung der OEM- und ODM-Produktion von Messbechern aus Edelstahl<\/li>\n<\/ul>","protected":false},"featured_media":5967,"comment_status":"closed","ping_status":"closed","template":"","meta":{"_acf_changed":false},"product_brand":[],"product_cat":[56],"product_tag":[],"class_list":{"0":"post-5962","1":"product","2":"type-product","3":"status-publish","4":"has-post-thumbnail","6":"product_cat-wholesale-kitchen-utensils","8":"first","9":"instock","10":"shipping-taxable","11":"product-type-simple"},"acf":[],"_links":{"self":[{"href":"https:\/\/www.chancescook.com\/de\/wp-json\/wp\/v2\/product\/5962","targetHints":{"allow":["GET"]}}],"collection":[{"href":"https:\/\/www.chancescook.com\/de\/wp-json\/wp\/v2\/product"}],"about":[{"href":"https:\/\/www.chancescook.com\/de\/wp-json\/wp\/v2\/types\/product"}],"replies":[{"embeddable":true,"href":"https:\/\/www.chancescook.com\/de\/wp-json\/wp\/v2\/comments?post=5962"}],"wp:featuredmedia":[{"embeddable":true,"href":"https:\/\/www.chancescook.com\/de\/wp-json\/wp\/v2\/media\/5967"}],"wp:attachment":[{"href":"https:\/\/www.chancescook.com\/de\/wp-json\/wp\/v2\/media?parent=5962"}],"wp:term":[{"taxonomy":"product_brand","embeddable":true,"href":"https:\/\/www.chancescook.com\/de\/wp-json\/wp\/v2\/product_brand?post=5962"},{"taxonomy":"product_cat","embeddable":true,"href":"https:\/\/www.chancescook.com\/de\/wp-json\/wp\/v2\/product_cat?post=5962"},{"taxonomy":"product_tag","embeddable":true,"href":"https:\/\/www.chancescook.com\/de\/wp-json\/wp\/v2\/product_tag?post=5962"}],"curies":[{"name":"wp","href":"https:\/\/api.w.org\/{rel}","templated":true}]}}