{"id":5972,"date":"2026-01-31T09:05:29","date_gmt":"2026-01-31T09:05:29","guid":{"rendered":"https:\/\/www.chancescook.com\/?post_type=product&#038;p=5972"},"modified":"2026-01-31T10:22:36","modified_gmt":"2026-01-31T10:22:36","slug":"wholesale-25-piece-kitchenware-set","status":"publish","type":"product","link":"https:\/\/www.chancescook.com\/de\/produkt\/wholesale-25-piece-kitchenware-set\/","title":{"rendered":"Gro\u00dfhandel 25-teiliges K\u00fcchengeschirr Set: T\u00f6pfe mit Deckel, Bratpfanne &amp; Utensilien f\u00fcr Bulk Supply"},"content":{"rendered":"<div class=\"wp-block-columns is-layout-flex wp-container-core-columns-is-layout-9d6595d7 wp-block-columns-is-layout-flex\">\n<div class=\"wp-block-column is-layout-flow wp-block-column-is-layout-flow\">\n<h2 class=\"wp-block-heading\">Premium 25-teiliges K\u00fcchengeschirr-Set Parameter\uff1a<\/h2>\n\n\n\n<ul class=\"wp-block-list\">\n<li><strong>Material<\/strong>: SS304<\/li>\n\n\n\n<li><strong>Farbe<\/strong>: Silber<\/li>\n\n\n\n<li><strong>Unten:<\/strong> Gekapselter Boden (SUS+ Alu+SUS)<\/li>\n\n\n\n<li><strong>Deckel:<\/strong> Glas-Deckel<\/li>\n<\/ul>\n<\/div>\n\n\n\n<div class=\"wp-block-column is-layout-flow wp-block-column-is-layout-flow\">\n<h2 class=\"wp-block-heading\">Optionen f\u00fcr individuelle Kochgeschirr-Sets\uff1a<\/h2>\n\n\n\n<ul class=\"wp-block-list\">\n<li><strong>Logo:<\/strong> Anpassbar mit Ihrem Markenlogo<\/li>\n\n\n\n<li><strong>Handgriff<\/strong>: Griffe f\u00fcr Ihren Stil<\/li>\n\n\n\n<li><strong>Verpackung:<\/strong> Farbige Schachtel\/Karton, etc<\/li>\n\n\n\n<li><strong><a href=\"https:\/\/www.chancescook.com\/de\/custom-cookware\/\">OEM &amp; ODM Kundenspezifische L\u00f6sungen<\/a><\/strong><\/li>\n<\/ul>\n<\/div>\n<\/div>\n\n\n\n<h2 class=\"wp-block-heading\">Detaillierte Aufschl\u00fcsselung des 25-teiligen Sets:<\/h2>\n\n\n\n<h3 class=\"wp-block-heading\">15-teiliges Multi-Size-Topfset mit Deckeln:<\/h3>\n\n\n\n<p>Unser Kernsortiment an Kochgeschirr bietet abgestufte Gr\u00f6\u00dfen f\u00fcr die vielseitige Zubereitung von Speisen, vom Garen von Saucen bis zum Kochen gro\u00dfer Mengen.<\/p>\n\n\n\n<ul class=\"wp-block-list\">\n<li>18cm Topf mit Deckel<\/li>\n\n\n\n<li>20cm Topf mit Deckel<\/li>\n\n\n\n<li>22cm Topf mit Deckel<\/li>\n\n\n\n<li>26cm Topf mit Deckel<\/li>\n\n\n\n<li>28cm Topf mit Deckel<\/li>\n\n\n\n<li>30cm Topf mit Deckel<\/li>\n\n\n\n<li>32cm Topf mit Deckel<\/li>\n<\/ul>\n\n\n\n<h3 class=\"wp-block-heading\">1-tlg. Hochleistungs-Bratpfanne:<\/h3>\n\n\n\n<ul class=\"wp-block-list\">\n<li>24cm Bratpfanne. Eine vielseitige Pfanne, die sich perfekt f\u00fcr allt\u00e4gliche Sautier- und Brataufgaben eignet.<\/li>\n<\/ul>\n\n\n\n<h3 class=\"wp-block-heading\">10-teiliges Essential Utensil Set (Edelstahl):<\/h3>\n\n\n\n<p>Dieses umfangreiche Utensilienset deckt alle grundlegenden Bed\u00fcrfnisse im Umgang mit Lebensmitteln ab.<\/p>\n\n\n\n<ul class=\"wp-block-list\">\n<li>3 x Gro\u00dfe L\u00f6ffel<\/li>\n\n\n\n<li>4 x Gabeln<\/li>\n\n\n\n<li>2 x Messer<\/li>\n\n\n\n<li>1 x Absch\u00e4umer\/Sieb<\/li>\n<\/ul>\n\n\n\n<h2 class=\"wp-block-heading\">Das ultimative 25-teilige K\u00fcchengeschirr-Set f\u00fcr Gro\u00dfabnehmer und H\u00e4ndler<\/h2>\n\n\n\n<p>Optimieren Sie Ihre Lieferkette mit unserem 25-teiligen Gro\u00dfhandelsset, das speziell f\u00fcr Gro\u00dfk\u00fcchenausr\u00fcster, Restaurantausstatter und Hotelbeschaffungsnetzwerke entwickelt wurde. Dieses umfassende Paket bietet einen au\u00dfergew\u00f6hnlichen Wert und deckt die grundlegenden Bed\u00fcrfnisse jeder professionellen K\u00fcche mit einer einzigen, hochwertigen SKU ab.<\/p>\n\n\n\n<p><em><a href=\"https:\/\/www.chancescook.com\/de\/contact\/\" data-type=\"page\" data-id=\"2990\">Der Kochgeschirrhersteller Chancescook bietet Fabrikpreise und OEM-Anpassungsdienste. Kontaktieren Sie uns f\u00fcr das beste Angebot von einem zuverl\u00e4ssigen Kochgeschirrhersteller.<\/a><\/em><\/p>\n\n\n\n<div class=\"wp-block-columns is-layout-flex wp-container-core-columns-is-layout-9d6595d7 wp-block-columns-is-layout-flex\">\n<div class=\"wp-block-column is-layout-flow wp-block-column-is-layout-flow\" style=\"flex-basis:40%\">\n<figure class=\"wp-block-image size-full\"><img decoding=\"async\" width=\"4608\" height=\"3456\" src=\"https:\/\/www.chancescook.com\/wp-content\/uploads\/2025\/07\/wholesale-cookware-manufacturer-chances-0-edited.webp\" alt=\"China K\u00fcchenger\u00e4te Hersteller-Chancescook\" class=\"wp-image-5085\" srcset=\"https:\/\/www.chancescook.com\/wp-content\/uploads\/2025\/07\/wholesale-cookware-manufacturer-chances-0-edited.webp 4608w, https:\/\/www.chancescook.com\/wp-content\/uploads\/2025\/07\/wholesale-cookware-manufacturer-chances-0-edited-300x225.webp 300w, https:\/\/www.chancescook.com\/wp-content\/uploads\/2025\/07\/wholesale-cookware-manufacturer-chances-0-edited-768x576.webp 768w, https:\/\/www.chancescook.com\/wp-content\/uploads\/2025\/07\/wholesale-cookware-manufacturer-chances-0-edited-16x12.webp 16w, https:\/\/www.chancescook.com\/wp-content\/uploads\/2025\/07\/wholesale-cookware-manufacturer-chances-0-edited-285x214.webp 285w, https:\/\/www.chancescook.com\/wp-content\/uploads\/2025\/07\/wholesale-cookware-manufacturer-chances-0-edited-1600x1200.webp 1600w, https:\/\/www.chancescook.com\/wp-content\/uploads\/2025\/07\/wholesale-cookware-manufacturer-chances-0-edited-800x600.webp 800w, https:\/\/www.chancescook.com\/wp-content\/uploads\/2025\/07\/wholesale-cookware-manufacturer-chances-0-edited-660x495.webp 660w, https:\/\/www.chancescook.com\/wp-content\/uploads\/2025\/07\/wholesale-cookware-manufacturer-chances-0-edited-150x113.webp 150w\" sizes=\"(max-width: 4608px) 100vw, 4608px\" \/><\/figure>\n<\/div>\n\n\n\n<div class=\"wp-block-column is-layout-flow wp-block-column-is-layout-flow\">\n<figure class=\"wp-block-embed is-type-video is-provider-youtube wp-block-embed-youtube wp-embed-aspect-16-9 wp-has-aspect-ratio\"><div class=\"wp-block-embed__wrapper\">\n<iframe title=\"Wie Kochgeschirr in der Fabrik hergestellt wird || Kochgeschirr-Massenproduktion in China\" width=\"940\" height=\"529\" src=\"https:\/\/www.youtube.com\/embed\/isoIOWUCi5s?feature=oembed\" frameborder=\"0\" allow=\"accelerometer; autoplay; clipboard-write; encrypted-media; gyroscope; picture-in-picture; web-share\" referrerpolicy=\"strict-origin-when-cross-origin\" allowfullscreen><\/iframe>\n<\/div><\/figure>\n<\/div>\n<\/div>\n\n\n\n<p><\/p>","protected":false},"excerpt":{"rendered":"<p>Kaufen Sie komplette 25-teilige Gro\u00dfk\u00fcchengeschirr-Sets im Gro\u00dfhandel! Unser B2B-Paket umfasst 7 T\u00f6pfe mit Deckel, eine Bratpfanne und 17 wichtige Utensilien. Ideal f\u00fcr Restaurantanbieter und Hotelketten. Erhalten Sie Gro\u00dfhandelspreise f\u00fcr K\u00fcchensets.<\/p>\n<h3>25-teiliges K\u00fcchengeschirr-Set Merkmale:<\/h3>\n<ul>\n<li><strong>All-in-One-Inventarisierungsl\u00f6sung:<\/strong> Vereinfachen Sie Bestellung und Lagerhaltung mit einem einzigen, umfassenden 25-teiligen K\u00fcchenset f\u00fcr den Gro\u00dfhandel. Perfekt f\u00fcr Exporteure von K\u00fcchenutensilien und Gro\u00dflieferanten.<\/li>\n<li><strong>Unmittelbar einsatzbereit<\/strong>: Enth\u00e4lt alles, was f\u00fcr die Einrichtung einer neuen K\u00fcchenstation ben\u00f6tigt wird, und ist somit ideal f\u00fcr Restaurant-Startup-Kits, Catering-Unternehmen und Hotel-Apartment-Suiten.<\/li>\n<li><strong>Kosteneffizienz und h\u00f6here Margen<\/strong>: Profitieren Sie von erheblichen Einsparungen durch geb\u00fcndelte Gro\u00dfhandelspreise. Attraktive Palettenpreise und MOQ-Rabatte f\u00fcr gro\u00dfe Bestellmengen.<\/li>\n<li><strong>Garantierte Langlebigkeit:<\/strong> Sie werden so hergestellt, dass sie den Anforderungen des gewerblichen Einsatzes standhalten, eine lange Lebensdauer gew\u00e4hrleisten und die H\u00e4ufigkeit des Austauschs f\u00fcr den Endnutzer verringern.<\/li>\n<\/ul>\n<h3>Zielm\u00e4rkte f\u00fcr dieses 25-teilige Set:<\/h3>\n<ul>\n<li>Lebensmitteldienstleistungs-Vertriebsh\u00e4ndler und -Gro\u00dfh\u00e4ndler<\/li>\n<li>Gastgewerbegruppen und Hotelketten<\/li>\n<li>Restaurant- und Caf\u00e9-Franchiseunternehmen<\/li>\n<li>Firmenb\u00fcros und institutionelle Caterer<\/li>\n<li>K\u00fcchen f\u00fcr Beh\u00f6rden und Bildungseinrichtungen<\/li>\n<li>Exporteure auf den globalen K\u00fcchenausstattungsm\u00e4rkten<\/li>\n<li>Ihr Partner f\u00fcr gewinnbringende B\u00fcndel von K\u00fcchenger\u00e4ten<\/li>\n<\/ul>\n<p>Wir sind ein zuverl\u00e4ssiger Hersteller und Lieferant von Gro\u00dfk\u00fcchenpaketen. Unser Schwerpunkt liegt auf der Bereitstellung zuverl\u00e4ssiger Produkte, nahtloser Logistik und wettbewerbsf\u00e4higer B2B-Preise f\u00fcr K\u00fcchensets, um Ihnen zu helfen, Ihr Gesch\u00e4ft auszubauen.<\/p>\n<p>&nbsp;<\/p>\n<p>&nbsp;<\/p>","protected":false},"featured_media":5973,"comment_status":"closed","ping_status":"closed","template":"","meta":{"_acf_changed":false},"product_brand":[],"product_cat":[53],"product_tag":[],"class_list":{"0":"post-5972","1":"product","2":"type-product","3":"status-publish","4":"has-post-thumbnail","6":"product_cat-wholesale-cookware-sets","8":"first","9":"instock","10":"shipping-taxable","11":"product-type-simple"},"acf":[],"_links":{"self":[{"href":"https:\/\/www.chancescook.com\/de\/wp-json\/wp\/v2\/product\/5972","targetHints":{"allow":["GET"]}}],"collection":[{"href":"https:\/\/www.chancescook.com\/de\/wp-json\/wp\/v2\/product"}],"about":[{"href":"https:\/\/www.chancescook.com\/de\/wp-json\/wp\/v2\/types\/product"}],"replies":[{"embeddable":true,"href":"https:\/\/www.chancescook.com\/de\/wp-json\/wp\/v2\/comments?post=5972"}],"wp:featuredmedia":[{"embeddable":true,"href":"https:\/\/www.chancescook.com\/de\/wp-json\/wp\/v2\/media\/5973"}],"wp:attachment":[{"href":"https:\/\/www.chancescook.com\/de\/wp-json\/wp\/v2\/media?parent=5972"}],"wp:term":[{"taxonomy":"product_brand","embeddable":true,"href":"https:\/\/www.chancescook.com\/de\/wp-json\/wp\/v2\/product_brand?post=5972"},{"taxonomy":"product_cat","embeddable":true,"href":"https:\/\/www.chancescook.com\/de\/wp-json\/wp\/v2\/product_cat?post=5972"},{"taxonomy":"product_tag","embeddable":true,"href":"https:\/\/www.chancescook.com\/de\/wp-json\/wp\/v2\/product_tag?post=5972"}],"curies":[{"name":"wp","href":"https:\/\/api.w.org\/{rel}","templated":true}]}}