{"id":6006,"date":"2026-02-24T07:09:01","date_gmt":"2026-02-24T07:09:01","guid":{"rendered":"https:\/\/www.chancescook.com\/?post_type=product&#038;p=6006"},"modified":"2026-03-11T09:03:52","modified_gmt":"2026-03-11T09:03:52","slug":"stainless-steel-cutlery-set-wholesale","status":"publish","type":"product","link":"https:\/\/www.chancescook.com\/de\/produkt\/stainless-steel-cutlery-set-wholesale\/","title":{"rendered":"Edelstahl-Bestecksatz Gro\u00dfhandel 6-teilig (2 Messer, 4 Gabeln)"},"content":{"rendered":"<div class=\"wp-block-columns is-layout-flex wp-container-core-columns-is-layout-9d6595d7 wp-block-columns-is-layout-flex\">\n<div class=\"wp-block-column is-layout-flow wp-block-column-is-layout-flow\">\n<h2 class=\"wp-block-heading\">Parameters of the Premium Stainless Steel Cutlery Set<\/h2>\n\n\n\n<ul class=\"wp-block-list\">\n<li><strong>Material<\/strong>: Knives:420,Fork:304<\/li>\n\n\n\n<li><strong>Normale Dicke<\/strong>: 3,0 mm<\/li>\n\n\n\n<li><strong>Gr\u00f6\u00dfe:<\/strong>Knives:23cm,Fork:22cm<\/li>\n\n\n\n<li><strong>Farbe:<\/strong> Silber<\/li>\n\n\n\n<li><strong>Logo<\/strong>: Lasergravur<\/li>\n\n\n\n<li><strong>Anmerkung: <\/strong>Unterst\u00fctzung der Qualit\u00e4tskontrolle bei Kleinserienauftr\u00e4gen<\/li>\n<\/ul>\n<\/div>\n\n\n\n<div class=\"wp-block-column is-layout-flow wp-block-column-is-layout-flow\">\n<h2 class=\"wp-block-heading\">Custom Cutlery Set Options<\/h2>\n\n\n\n<ul class=\"wp-block-list\">\n<li><strong>Rostfreier Stahl:<\/strong>\u00a0Rostfreier Stahl 18\/10, 304, 316, 410, 430, 420<\/li>\n\n\n\n<li><strong>Logo:<\/strong>\u00a0Lasergravur, Siebdruck, UV-Druck, Thermotransferdruck, Pr\u00e4gung, usw.<\/li>\n\n\n\n<li><strong>Verpacken:<\/strong>\u00a04\/8\/12\/16\/20\/24\/45\/48\/72pcs set<\/li>\n\n\n\n<li><strong>Oberfl\u00e4chenausf\u00fchrungen:<\/strong>\u00a0Hochglanzpoliert, mattiert, wasserpoliert, Titanbeschichtung<\/li>\n\n\n\n<li><strong>Verpackung:<\/strong>\u00a0Bulk, Opp Tasche, Farbe Box, Geschenk-Box, ma\u00dfgeschneiderte<\/li>\n<\/ul>\n<\/div>\n<\/div>\n\n\n\n<div class=\"wp-block-columns is-layout-flex wp-container-core-columns-is-layout-9d6595d7 wp-block-columns-is-layout-flex\">\n<div class=\"wp-block-column is-layout-flow wp-block-column-is-layout-flow\">\n<h2 class=\"wp-block-heading\"><strong>Ideal f\u00fcr B2B-Eink\u00e4ufer<\/strong><\/h2>\n\n\n\n<p><strong>Restaurants und Caf\u00e9s<\/strong>: Elevate table presentation while ensuring durability for high-volume service.<\/p>\n\n\n\n<p><strong>Hotels und Gastst\u00e4tten<\/strong>: Impress guests with premium, functional cutlery that aligns with luxury hospitality standards.<\/p>\n\n\n\n<p><strong>Institutional Dining<\/strong>: Meet hygiene and durability requirements for schools, hospitals, and corporate cafeterias.<\/p>\n\n\n\n<p>This cutlery set is more than just tableware\u2014it\u2019s a strategic investment in operational efficiency, customer satisfaction, and brand reputation for your foodservice business.<\/p>\n<\/div>\n\n\n\n<div class=\"wp-block-column is-layout-flow wp-block-column-is-layout-flow\"><\/div>\n<\/div>","protected":false},"excerpt":{"rendered":"<p>Welcome to purchase our stainless steel cutlery set wholesale. This 6-piece set (2 knives, 4 forks) is made of durable, rust-resistant stainless steel with an elegant finish, ideal for restaurants, catering, and home use. OEM\/ODM supported with bulk discounts. Contact us for a quote!<\/p>\n<h2 class=\"wp-block-heading\">Stainless Steel Cutlery Set Features:<\/h2>\n<p>&nbsp;<\/p>\n<ol>\n<li><strong>Premium 304 Stainless Steel Construction<\/strong>: Made from high-quality 304 food-grade stainless steel, this stainless steel cutlery set wholesale option offers excellent corrosion resistance, durability, and long service life. Designed to withstand heavy daily use and frequent commercial dishwashing, it helps reduce replacement costs for restaurants and catering businesses.<\/li>\n<li><strong>Unique Textured Handle Design:<\/strong> The elegant fish scale textured handle enhances grip comfort while adding a distinctive, premium visual appeal. The ergonomic, non-slip design improves the dining experience and complements modern table settings.<\/li>\n<li><strong>Polished &amp; Easy to Maintain:<\/strong> Featuring a smooth, mirror-polished surface, this stainless steel cutlery set resists food residue buildup and supports commercial dishwasher cleaning. It ensures efficient sanitation and meets strict hygiene standards in foodservice environments.<\/li>\n<li><strong>Multiple Color Options &amp; Customization:<\/strong> Available in classic silver, elegant rose gold, modern black, rainbow, and other customizable finishes. We support OEM\/ODM services including logo engraving, laser marking, and custom packaging to meet wholesale buyers\u2019 branding needs.<\/li>\n<li><strong>Versatile Commercial Applications:<\/strong> This 6-piece set (2 steak knives + 4 dinner forks) is ideal for hotels, restaurants, cafes, banquet halls, and catering services. Perfect for bulk procurement and multi-location standardization.<\/li>\n<li><strong>Cost-Effective Bulk Purchasing:<\/strong> As a professional stainless steel cutlery set wholesale supplier, we offer competitive factory-direct pricing, stable quality, and reliable large-scale production capacity. Contact us today for bulk discounts and customization solutions.<\/li>\n<\/ol>","protected":false},"featured_media":6007,"comment_status":"closed","ping_status":"closed","template":"","meta":{"_acf_changed":false},"product_brand":[],"product_cat":[55],"product_tag":[],"class_list":{"0":"post-6006","1":"product","2":"type-product","3":"status-publish","4":"has-post-thumbnail","6":"product_cat-tableware-wholesale","8":"first","9":"instock","10":"shipping-taxable","11":"product-type-simple"},"acf":[],"_links":{"self":[{"href":"https:\/\/www.chancescook.com\/de\/wp-json\/wp\/v2\/product\/6006","targetHints":{"allow":["GET"]}}],"collection":[{"href":"https:\/\/www.chancescook.com\/de\/wp-json\/wp\/v2\/product"}],"about":[{"href":"https:\/\/www.chancescook.com\/de\/wp-json\/wp\/v2\/types\/product"}],"replies":[{"embeddable":true,"href":"https:\/\/www.chancescook.com\/de\/wp-json\/wp\/v2\/comments?post=6006"}],"wp:featuredmedia":[{"embeddable":true,"href":"https:\/\/www.chancescook.com\/de\/wp-json\/wp\/v2\/media\/6007"}],"wp:attachment":[{"href":"https:\/\/www.chancescook.com\/de\/wp-json\/wp\/v2\/media?parent=6006"}],"wp:term":[{"taxonomy":"product_brand","embeddable":true,"href":"https:\/\/www.chancescook.com\/de\/wp-json\/wp\/v2\/product_brand?post=6006"},{"taxonomy":"product_cat","embeddable":true,"href":"https:\/\/www.chancescook.com\/de\/wp-json\/wp\/v2\/product_cat?post=6006"},{"taxonomy":"product_tag","embeddable":true,"href":"https:\/\/www.chancescook.com\/de\/wp-json\/wp\/v2\/product_tag?post=6006"}],"curies":[{"name":"wp","href":"https:\/\/api.w.org\/{rel}","templated":true}]}}