{"id":6008,"date":"2026-02-24T07:13:08","date_gmt":"2026-02-24T07:13:08","guid":{"rendered":"https:\/\/www.chancescook.com\/?post_type=product&#038;p=6008"},"modified":"2026-03-11T09:02:26","modified_gmt":"2026-03-11T09:02:26","slug":"wholesale-kitchen-serving-utensils","status":"publish","type":"product","link":"https:\/\/www.chancescook.com\/de\/produkt\/wholesale-kitchen-serving-utensils\/","title":{"rendered":"Gro\u00dfhandel K\u00fcche servieren Utensilien f\u00fcr Parteien, Edelstahl servieren L\u00f6ffel Set 3-teilig"},"content":{"rendered":"<div class=\"wp-block-columns is-layout-flex wp-container-core-columns-is-layout-9d6595d7 wp-block-columns-is-layout-flex\">\n<div class=\"wp-block-column is-layout-flow wp-block-column-is-layout-flow\">\n<h2 class=\"wp-block-heading\">Gro\u00dfhandel f\u00fcr K\u00fcchenutensilien Parameter <\/h2>\n\n\n\n<ul class=\"wp-block-list\">\n<li><strong>Material:<\/strong> 304\/201<\/li>\n\n\n\n<li><strong>Normale Dicke<\/strong>: 2,0 mm<\/li>\n\n\n\n<li><strong>Gr\u00f6\u00dfe:<\/strong>23cm<\/li>\n\n\n\n<li><strong>Farbe:<\/strong> Silber<\/li>\n\n\n\n<li><strong>Logo:<\/strong> Lasergravur<\/li>\n\n\n\n<li><strong>Anmerkung: <\/strong>Unterst\u00fctzung der Qualit\u00e4tskontrolle bei Kleinserienauftr\u00e4gen<\/li>\n<\/ul>\n<\/div>\n\n\n\n<div class=\"wp-block-column is-layout-flow wp-block-column-is-layout-flow\">\n<h2 class=\"wp-block-heading\">Individuelle Optionen f\u00fcr K\u00fcchenutensilien<\/h2>\n\n\n\n<ul class=\"wp-block-list\">\n<li><strong>Rostfreier Stahl:<\/strong>&nbsp;Rostfreier Stahl 18\/10, 304, 316, 410, 430, 420<\/li>\n\n\n\n<li><strong>Logo:<\/strong>&nbsp;Lasergravur, Siebdruck, UV-Druck, Thermotransferdruck, Pr\u00e4gung, usw.<\/li>\n\n\n\n<li><strong>Verpacken:<\/strong>&nbsp;4\/8\/12\/16\/20\/24\/45\/48\/72pcs set<\/li>\n\n\n\n<li><strong>Oberfl\u00e4chenausf\u00fchrungen:<\/strong>&nbsp;Hochglanzpoliert, mattiert, wasserpoliert, Titanbeschichtung<\/li>\n\n\n\n<li><strong>Verpackung:<\/strong>&nbsp;Bulk, Opp Tasche, Farbe Box, Geschenk-Box, ma\u00dfgeschneiderte<\/li>\n<\/ul>\n<\/div>\n<\/div>\n\n\n\n<div class=\"wp-block-columns is-layout-flex wp-container-core-columns-is-layout-9d6595d7 wp-block-columns-is-layout-flex\">\n<div class=\"wp-block-column is-layout-flow wp-block-column-is-layout-flow\">\n<h2 class=\"wp-block-heading\"><strong>Ideal f\u00fcr B2B-Eink\u00e4ufer<\/strong><\/h2>\n\n\n\n<p><strong>Restaurants und Caf\u00e9s<\/strong>: Rationalisieren Sie Koch- und Servierprozesse mit langlebigen, vielseitigen Ger\u00e4ten, die auch bei hohen St\u00fcckzahlen einsetzbar sind.<\/p>\n\n\n\n<p><strong>Hotels und Gastst\u00e4tten<\/strong>: Beeindrucken Sie Ihre G\u00e4ste mit professionellen Utensilien, die die Pr\u00e4sentation der Speisen und die betriebliche Effizienz verbessern.<\/p>\n\n\n\n<p><strong>Institutionelle K\u00fcchen<\/strong>: Erf\u00fcllen die Anforderungen an Haltbarkeit und Hygiene in Schulen, Krankenh\u00e4usern und Betriebskantinen.<\/p>\n\n\n\n<p>Dieses K\u00fcchenutensilien-Set ist eine strategische Investition in die betriebliche Effizienz, die Lebensmittelsicherheit und den Ruf Ihrer Marke f\u00fcr Ihr Foodservice-Unternehmen.<\/p>\n<\/div>\n\n\n\n<div class=\"wp-block-column is-layout-flow wp-block-column-is-layout-flow\">\n<figure class=\"wp-block-image size-full\"><img decoding=\"async\" width=\"800\" height=\"800\" src=\"https:\/\/www.chancescook.com\/wp-content\/uploads\/2026\/02\/Wholesale-Kitchen-Serving-Utensils-for-Parties.webp\" alt=\"Gro\u00dfhandel K\u00fcche servieren Utensilien f\u00fcr Parteien\" class=\"wp-image-6009\" srcset=\"https:\/\/www.chancescook.com\/wp-content\/uploads\/2026\/02\/Wholesale-Kitchen-Serving-Utensils-for-Parties.webp 800w, https:\/\/www.chancescook.com\/wp-content\/uploads\/2026\/02\/Wholesale-Kitchen-Serving-Utensils-for-Parties-300x300.webp 300w, https:\/\/www.chancescook.com\/wp-content\/uploads\/2026\/02\/Wholesale-Kitchen-Serving-Utensils-for-Parties-150x150.webp 150w, https:\/\/www.chancescook.com\/wp-content\/uploads\/2026\/02\/Wholesale-Kitchen-Serving-Utensils-for-Parties-768x768.webp 768w, https:\/\/www.chancescook.com\/wp-content\/uploads\/2026\/02\/Wholesale-Kitchen-Serving-Utensils-for-Parties-12x12.webp 12w, https:\/\/www.chancescook.com\/wp-content\/uploads\/2026\/02\/Wholesale-Kitchen-Serving-Utensils-for-Parties-285x285.webp 285w, https:\/\/www.chancescook.com\/wp-content\/uploads\/2026\/02\/Wholesale-Kitchen-Serving-Utensils-for-Parties-270x270.webp 270w, https:\/\/www.chancescook.com\/wp-content\/uploads\/2026\/02\/Wholesale-Kitchen-Serving-Utensils-for-Parties-540x540.webp 540w, https:\/\/www.chancescook.com\/wp-content\/uploads\/2026\/02\/Wholesale-Kitchen-Serving-Utensils-for-Parties-660x660.webp 660w\" sizes=\"(max-width: 800px) 100vw, 800px\" \/><\/figure>\n<\/div>\n<\/div>","protected":false},"excerpt":{"rendered":"<p>Willkommen bei unserem Gro\u00dfhandel K\u00fcche servieren Utensilien f\u00fcr Parteien, diese 3-teilige Edelstahl servieren L\u00f6ffel Set enth\u00e4lt einen geschlitzten L\u00f6ffel, festen L\u00f6ffel und Schauml\u00f6ffel zu kaufen. Hergestellt aus langlebigem, lebensmittelechtem Edelstahl mit einer polierten Oberfl\u00e4che, ist es rostbest\u00e4ndig, leicht zu reinigen und geeignet f\u00fcr Buffets, Catering, Restaurants und Party-Events. OEM\/ODM-Anpassung und Mengenrabatte m\u00f6glich. Kontaktieren Sie uns f\u00fcr ein Angebot!<\/p>\n<h2 class=\"wp-block-heading\">Gro\u00dfhandel K\u00fcche servieren Utensilien Merkmale:<\/h2>\n<p>&nbsp;<\/p>\n<ol>\n<li>\n<p data-start=\"98\" data-end=\"495\"><strong data-start=\"98\" data-end=\"132\">Langlebigkeit auf kommerzieller Ebene<\/strong><br data-start=\"132\" data-end=\"135\" \/>Diese aus lebensmittelechtem, korrosionsbest\u00e4ndigem Edelstahl gefertigten <strong data-start=\"203\" data-end=\"253\">Gro\u00dfhandel mit K\u00fcchenutensilien f\u00fcr Partys<\/strong> sind f\u00fcr den t\u00e4glichen Gebrauch, das Kochen bei hohen Temperaturen und wiederholte Sp\u00fclg\u00e4nge in der Sp\u00fclmaschine ausgelegt. Die robuste, verdickte Konstruktion sorgt f\u00fcr eine lange Lebensdauer und senkt die Ersatzteilkosten in der Gastronomie und im Gastgewerbe.<\/p>\n<\/li>\n<li>\n<p data-start=\"98\" data-end=\"495\"><strong data-start=\"497\" data-end=\"535\">Vielseitige 3-Teil-Funktionalit\u00e4t<\/strong><br data-start=\"535\" data-end=\"538\" \/>Dieses Set enth\u00e4lt:<\/p>\n<ul data-start=\"559\" data-end=\"821\">\n<li data-start=\"559\" data-end=\"637\">\n<p data-start=\"561\" data-end=\"637\"><strong data-start=\"561\" data-end=\"578\">Schauml\u00f6ffel<\/strong> - Ideal zum Abtropfen von Nudeln, Gem\u00fcse und frittierten Lebensmitteln.<\/p>\n<\/li>\n<li data-start=\"638\" data-end=\"718\">\n<p data-start=\"640\" data-end=\"718\"><strong data-start=\"640\" data-end=\"663\">Massiver Servierl\u00f6ffel<\/strong> - Perfekt f\u00fcr Suppen, Reis, Eint\u00f6pfe und Saucengerichte.<\/p>\n<\/li>\n<li data-start=\"719\" data-end=\"821\">\n<p data-start=\"721\" data-end=\"821\"><strong data-start=\"721\" data-end=\"732\">Absch\u00e4umer<\/strong> - Entwickelt zum Entfernen von Schaum, \u00d6l oder kleinen Lebensmittelpartikeln aus Br\u00fchen und Frittier\u00f6l.<\/p>\n<\/li>\n<\/ul>\n<p data-start=\"823\" data-end=\"988\">Als Profi <strong data-start=\"839\" data-end=\"889\">Gro\u00dfhandel mit K\u00fcchenutensilien f\u00fcr Partys<\/strong>, Mit diesem umfassenden Set lassen sich die Arbeitsabl\u00e4ufe in der K\u00fcche rationalisieren und der Bedarf an mehreren Werkzeugen reduzieren.<\/p>\n<\/li>\n<li>\n<p data-start=\"823\" data-end=\"988\"><strong data-start=\"990\" data-end=\"1024\">Ergonomisches und hygienisches Design<\/strong><br data-start=\"1024\" data-end=\"1027\" \/>Lange, konturierte Griffe bieten einen sicheren, komfortablen Halt, auch bei l\u00e4ngerem Gebrauch. Die nahtlose, hochglanzpolierte Oberfl\u00e4che verhindert die Ablagerung von Lebensmittelr\u00fcckst\u00e4nden und erf\u00fcllt strenge Hygienestandards. Jeder Griff verf\u00fcgt \u00fcber ein Aufh\u00e4ngeloch f\u00fcr einfache Aufbewahrung und schnellen Zugriff.<\/p>\n<\/li>\n<li>\n<p data-start=\"823\" data-end=\"988\"><strong data-start=\"1294\" data-end=\"1324\">Professionelles Auftreten<\/strong><br data-start=\"1324\" data-end=\"1327\" \/>Die glatte, polierte Oberfl\u00e4che wertet Buffetreihen, Bankettservice und Pr\u00e4sentationen in der offenen K\u00fcche auf. Das einheitliche und moderne Design passt zu Hotels, Restaurants, Catering-Events und Partyservice-Einrichtungen.<\/p>\n<\/li>\n<li>\n<p data-start=\"823\" data-end=\"988\"><strong data-start=\"1534\" data-end=\"1567\">Kosteneffiziente Gro\u00dfmengenversorgung<\/strong><br data-start=\"1567\" data-end=\"1570\" \/>Dieses Utensilienset ist f\u00fcr Gro\u00dfbestellungen zu Direktpreisen erh\u00e4ltlich und eignet sich ideal f\u00fcr die Standardisierung von K\u00fcchenwerkzeugen in gro\u00dfen Betrieben. OEM\/ODM-Kundenanpassung, Logogravur und Verpackungsdienstleistungen werden unterst\u00fctzt, um Ihren Gro\u00dfhandelsbedarf zu decken.<\/p>\n<\/li>\n<\/ol>","protected":false},"featured_media":6009,"comment_status":"closed","ping_status":"closed","template":"","meta":{"_acf_changed":false},"product_brand":[],"product_cat":[55],"product_tag":[],"class_list":{"0":"post-6008","1":"product","2":"type-product","3":"status-publish","4":"has-post-thumbnail","6":"product_cat-tableware-wholesale","8":"first","9":"instock","10":"shipping-taxable","11":"product-type-simple"},"acf":[],"_links":{"self":[{"href":"https:\/\/www.chancescook.com\/de\/wp-json\/wp\/v2\/product\/6008","targetHints":{"allow":["GET"]}}],"collection":[{"href":"https:\/\/www.chancescook.com\/de\/wp-json\/wp\/v2\/product"}],"about":[{"href":"https:\/\/www.chancescook.com\/de\/wp-json\/wp\/v2\/types\/product"}],"replies":[{"embeddable":true,"href":"https:\/\/www.chancescook.com\/de\/wp-json\/wp\/v2\/comments?post=6008"}],"wp:featuredmedia":[{"embeddable":true,"href":"https:\/\/www.chancescook.com\/de\/wp-json\/wp\/v2\/media\/6009"}],"wp:attachment":[{"href":"https:\/\/www.chancescook.com\/de\/wp-json\/wp\/v2\/media?parent=6008"}],"wp:term":[{"taxonomy":"product_brand","embeddable":true,"href":"https:\/\/www.chancescook.com\/de\/wp-json\/wp\/v2\/product_brand?post=6008"},{"taxonomy":"product_cat","embeddable":true,"href":"https:\/\/www.chancescook.com\/de\/wp-json\/wp\/v2\/product_cat?post=6008"},{"taxonomy":"product_tag","embeddable":true,"href":"https:\/\/www.chancescook.com\/de\/wp-json\/wp\/v2\/product_tag?post=6008"}],"curies":[{"name":"wp","href":"https:\/\/api.w.org\/{rel}","templated":true}]}}