{"id":6065,"date":"2026-03-14T03:35:13","date_gmt":"2026-03-14T02:45:35","guid":{"rendered":"https:\/\/www.chancescook.com\/?post_type=product&#038;p=6065"},"modified":"2026-03-26T02:11:26","modified_gmt":"2026-03-26T02:11:26","slug":"oem-stock-pot-restaurant-supply","status":"publish","type":"product","link":"https:\/\/www.chancescook.com\/de\/produkt\/oem-stock-pot-restaurant-supply\/","title":{"rendered":"OEM Stock Pot Restaurant Supply, Edelstahl-Kochgeschirr mit Deckel"},"content":{"rendered":"<div class=\"wp-block-columns is-layout-flex wp-container-core-columns-is-layout-9d6595d7 wp-block-columns-is-layout-flex\">\n<div class=\"wp-block-column is-layout-flow wp-block-column-is-layout-flow\">\n<h2 class=\"wp-block-heading\">Parameter des Premium-Edelstahl-Fondtopfs mit Deckel (Commercial Grade):<\/h2>\n\n\n\n<ul class=\"wp-block-list\">\n<li><strong>Material:<\/strong> 304\/201<\/li>\n\n\n\n<li><strong>Normale Dicke<\/strong>: 0,5 mm<\/li>\n\n\n\n<li><strong>Gr\u00f6\u00dfe:<\/strong>26\/28\/30\/32cm<\/li>\n\n\n\n<li><strong>Farbe:<\/strong> Silber<\/li>\n\n\n\n<li><strong>Logo:<\/strong> Lasergravur<\/li>\n\n\n\n<li><strong>Anmerkung: <\/strong>Unterst\u00fctzung der Qualit\u00e4tskontrolle bei Kleinserienauftr\u00e4gen<\/li>\n<\/ul>\n<\/div>\n\n\n\n<div class=\"wp-block-column is-layout-flow wp-block-column-is-layout-flow\">\n<h2 class=\"wp-block-heading\">Optionen f\u00fcr ma\u00dfgefertigte Suppent\u00f6pfe:<\/h2>\n\n\n\n<ul class=\"wp-block-list\">\n<li><strong>Logo:<\/strong> Anpassbar mit Ihrem Markenlogo<\/li>\n\n\n\n<li><strong>Farbe: <\/strong>Anpassbar<\/li>\n\n\n\n<li><strong>Verpackung:<\/strong> Farbige Schachtel\/Karton, etc<\/li>\n\n\n\n<li><strong>Handgriff:<\/strong> Griffe f\u00fcr Ihren Stil<\/li>\n<\/ul>\n<\/div>\n<\/div>\n\n\n\n<div class=\"wp-block-columns is-layout-flex wp-container-core-columns-is-layout-9d6595d7 wp-block-columns-is-layout-flex\">\n<div class=\"wp-block-column is-layout-flow wp-block-column-is-layout-flow\">\n<figure class=\"wp-block-image size-full\"><img decoding=\"async\" width=\"2508\" height=\"1552\" src=\"https:\/\/www.chancescook.com\/wp-content\/uploads\/2026\/03\/OEM-Stock-Pot-Restaurant-Supply-1.webp\" alt=\"OEM Lager Topf Restaurant Versorgung -2\" class=\"wp-image-6090\" srcset=\"https:\/\/www.chancescook.com\/wp-content\/uploads\/2026\/03\/OEM-Stock-Pot-Restaurant-Supply-1.webp 2508w, https:\/\/www.chancescook.com\/wp-content\/uploads\/2026\/03\/OEM-Stock-Pot-Restaurant-Supply-1-300x186.webp 300w, https:\/\/www.chancescook.com\/wp-content\/uploads\/2026\/03\/OEM-Stock-Pot-Restaurant-Supply-1-768x475.webp 768w, https:\/\/www.chancescook.com\/wp-content\/uploads\/2026\/03\/OEM-Stock-Pot-Restaurant-Supply-1-18x12.webp 18w, https:\/\/www.chancescook.com\/wp-content\/uploads\/2026\/03\/OEM-Stock-Pot-Restaurant-Supply-1-285x176.webp 285w, https:\/\/www.chancescook.com\/wp-content\/uploads\/2026\/03\/OEM-Stock-Pot-Restaurant-Supply-1-1600x990.webp 1600w, https:\/\/www.chancescook.com\/wp-content\/uploads\/2026\/03\/OEM-Stock-Pot-Restaurant-Supply-1-660x408.webp 660w, https:\/\/www.chancescook.com\/wp-content\/uploads\/2026\/03\/OEM-Stock-Pot-Restaurant-Supply-1-150x93.webp 150w\" sizes=\"(max-width: 2508px) 100vw, 2508px\" \/><\/figure>\n<\/div>\n\n\n\n<div class=\"wp-block-column is-layout-flow wp-block-column-is-layout-flow\">\n<figure class=\"wp-block-image size-full\"><img decoding=\"async\" width=\"2508\" height=\"1554\" src=\"https:\/\/www.chancescook.com\/wp-content\/uploads\/2026\/03\/OEM-Stock-Pot-Restaurant-Supply_1.webp\" alt=\"OEM Lager Topf Restaurant Supply_1\" class=\"wp-image-6091\" srcset=\"https:\/\/www.chancescook.com\/wp-content\/uploads\/2026\/03\/OEM-Stock-Pot-Restaurant-Supply_1.webp 2508w, https:\/\/www.chancescook.com\/wp-content\/uploads\/2026\/03\/OEM-Stock-Pot-Restaurant-Supply_1-300x186.webp 300w, https:\/\/www.chancescook.com\/wp-content\/uploads\/2026\/03\/OEM-Stock-Pot-Restaurant-Supply_1-768x476.webp 768w, https:\/\/www.chancescook.com\/wp-content\/uploads\/2026\/03\/OEM-Stock-Pot-Restaurant-Supply_1-18x12.webp 18w, https:\/\/www.chancescook.com\/wp-content\/uploads\/2026\/03\/OEM-Stock-Pot-Restaurant-Supply_1-285x177.webp 285w, https:\/\/www.chancescook.com\/wp-content\/uploads\/2026\/03\/OEM-Stock-Pot-Restaurant-Supply_1-1600x991.webp 1600w, https:\/\/www.chancescook.com\/wp-content\/uploads\/2026\/03\/OEM-Stock-Pot-Restaurant-Supply_1-660x409.webp 660w, https:\/\/www.chancescook.com\/wp-content\/uploads\/2026\/03\/OEM-Stock-Pot-Restaurant-Supply_1-150x93.webp 150w\" sizes=\"(max-width: 2508px) 100vw, 2508px\" \/><\/figure>\n<\/div>\n<\/div>\n\n\n\n<p><\/p>","protected":false},"excerpt":{"rendered":"<p>Dieser robuste Br\u00fchebeh\u00e4lter aus Edelstahl ist f\u00fcr anspruchsvolle Gro\u00dfk\u00fcchen konzipiert. Als Teil unserer OEM-Stocktopf-L\u00f6sungen f\u00fcr die Gastronomie verf\u00fcgt er \u00fcber ein hochglanzpoliertes Geh\u00e4use, einen sicheren Deckel und ergonomische Griffe f\u00fcr das Kochen in gro\u00dfen Mengen. Er ist ideal f\u00fcr Restaurants, Hotels und Catering und bietet eine dauerhafte, effiziente Leistung f\u00fcr Suppen, Br\u00fchen, Pasta und gro\u00dfe Mengen an Gerichten.<\/p>\n<h2><strong><b>Merkmale und Vorteile von <\/b><\/strong><strong><b>OEM <\/b><\/strong><strong><b>Vorratstopf aus Edelstahl:<\/b><\/strong><\/h2>\n<h3 data-section-id=\"1mqog13\" data-start=\"874\" data-end=\"923\">1. Langlebigkeit und Konstruktion in Gewerbequalit\u00e4t<\/h3>\n<p data-start=\"924\" data-end=\"1330\">Dieser aus lebensmittelechtem, korrosionsbest\u00e4ndigem Edelstahl gefertigte Suppentopf widersteht hoher Hitze, wiederholtem Gebrauch und h\u00e4ufigen Sp\u00fclg\u00e4ngen in der Sp\u00fclmaschine. Der verst\u00e4rkte Boden verhindert Verformungen und sorgt f\u00fcr eine gleichm\u00e4\u00dfige W\u00e4rmeverteilung, wodurch hei\u00dfe Stellen vermieden werden und die Qualit\u00e4t der Speisen erhalten bleibt. Als zuverl\u00e4ssiger <strong data-start=\"1222\" data-end=\"1257\">OEM Lager Topf Restaurant Versorgung<\/strong>, Sie bietet eine Langlebigkeit, die langfristig die Kosten f\u00fcr den Austausch von Ger\u00e4ten senkt.<\/p>\n<h3 data-section-id=\"9dy02w\" data-start=\"1332\" data-end=\"1364\">2. Effizientes W\u00e4rmemanagement<\/h3>\n<p data-start=\"1365\" data-end=\"1661\">Der optimierte Boden sorgt f\u00fcr eine gleichm\u00e4\u00dfige W\u00e4rmeleitung und ist mit Gas-, Elektro-, Induktions- und Keramikkochfeldern kompatibel. Der dicht schlie\u00dfende Edelstahldeckel hilft, W\u00e4rme, Feuchtigkeit und Geschmack zu bewahren, was die Kocheffizienz verbessert und die Konsistenz in Gro\u00dfk\u00fcchen erh\u00e4lt.<\/p>\n<h3 data-section-id=\"1uyheyi\" data-start=\"1663\" data-end=\"1695\">3. Ergonomische und sichere Handhabung<\/h3>\n<p data-start=\"1696\" data-end=\"1917\">Zwei genietete Seitengriffe und ein stabiler Deckelgriff bieten einen sicheren, bequemen Halt, auch wenn der Topf voll beladen ist. Die Griffe aus hitzebest\u00e4ndigem Edelstahl bleiben l\u00e4nger k\u00fchl und tragen dazu bei, das Risiko von Verbrennungen in stark frequentierten K\u00fcchen zu verringern.<\/p>\n<h3 data-section-id=\"1mlgf0o\" data-start=\"1919\" data-end=\"1953\">4. Hygienisch und leicht zu pflegen<\/h3>\n<p data-start=\"1954\" data-end=\"2197\">Die hochglanzpolierte Innen- und Au\u00dfenseite ist resistent gegen Lebensmittelr\u00fcckst\u00e4nde und leicht zu reinigen. Die Oberfl\u00e4chen aus rostfreiem Stahl sind porenfrei und verhindern das Festhalten von Aromen und Kreuzkontaminationen. Das Ger\u00e4t ist sp\u00fclmaschinenfest und tr\u00e4gt zur Rationalisierung von Reinigungsprozessen bei.<\/p>\n<h3 data-section-id=\"rmdzks\" data-start=\"2199\" data-end=\"2238\">5. Vielseitige kommerzielle Anwendung<\/h3>\n<p data-start=\"2239\" data-end=\"2377\">Erh\u00e4ltlich in verschiedenen Gr\u00f6\u00dfen (bei Gro\u00dfbestellungen auch in Sondergr\u00f6\u00dfen), ist dieses <strong data-start=\"2319\" data-end=\"2354\">OEM Lager Topf Restaurant Versorgung<\/strong> L\u00f6sung ist ideal f\u00fcr:<\/p>\n<ul data-start=\"2379\" data-end=\"2542\">\n<li data-section-id=\"1h1b3g0\" data-start=\"2379\" data-end=\"2435\">\n<p data-start=\"2381\" data-end=\"2435\">Zubereitung gro\u00dfer Mengen von Suppen, Vorr\u00e4ten und Br\u00fchen<\/p>\n<\/li>\n<li data-section-id=\"1ys24ak\" data-start=\"2436\" data-end=\"2474\">\n<p data-start=\"2438\" data-end=\"2474\">Kochen von Nudeln, K\u00f6rnern und H\u00fclsenfr\u00fcchten<\/p>\n<\/li>\n<li data-section-id=\"kt2c91\" data-start=\"2475\" data-end=\"2509\">\n<p data-start=\"2477\" data-end=\"2509\">Langsam k\u00f6chelnde Eint\u00f6pfe und Chili<\/p>\n<\/li>\n<li data-section-id=\"yordhj\" data-start=\"2510\" data-end=\"2542\">\n<p data-start=\"2512\" data-end=\"2542\">Catering und Bankettservice<\/p>\n<\/li>\n<\/ul>\n<p data-start=\"2544\" data-end=\"2638\">Er ist ein vielseitiges K\u00fcchenutensil, das den Bedarf an mehreren Kochgef\u00e4\u00dfen reduziert.<\/p>\n<h3 data-section-id=\"l2qrzw\" data-start=\"2640\" data-end=\"2675\">6. Kosteneffiziente Bulk-L\u00f6sung<\/h3>\n<p data-start=\"2676\" data-end=\"2936\">Dieser Suppentopf wurde f\u00fcr Restaurants, Hotelketten und Lebensmittelh\u00e4ndler entwickelt und ist f\u00fcr den Gro\u00dfeinkauf mit gleichbleibenden Qualit\u00e4ts- und Designstandards erh\u00e4ltlich. Die Standardisierung von Kochgeschirr in allen Betrieben tr\u00e4gt zur Verbesserung der K\u00fccheneffizienz und der Zuverl\u00e4ssigkeit der Marke bei.<\/p>","protected":false},"featured_media":6066,"comment_status":"closed","ping_status":"closed","template":"","meta":{"_acf_changed":false},"product_brand":[],"product_cat":[52,63],"product_tag":[],"class_list":{"0":"post-6065","1":"product","2":"type-product","3":"status-publish","4":"has-post-thumbnail","6":"product_cat-cookware-wholesale","7":"product_cat-stock-pot-wholesale","9":"first","10":"instock","11":"shipping-taxable","12":"product-type-simple"},"acf":[],"_links":{"self":[{"href":"https:\/\/www.chancescook.com\/de\/wp-json\/wp\/v2\/product\/6065","targetHints":{"allow":["GET"]}}],"collection":[{"href":"https:\/\/www.chancescook.com\/de\/wp-json\/wp\/v2\/product"}],"about":[{"href":"https:\/\/www.chancescook.com\/de\/wp-json\/wp\/v2\/types\/product"}],"replies":[{"embeddable":true,"href":"https:\/\/www.chancescook.com\/de\/wp-json\/wp\/v2\/comments?post=6065"}],"wp:featuredmedia":[{"embeddable":true,"href":"https:\/\/www.chancescook.com\/de\/wp-json\/wp\/v2\/media\/6066"}],"wp:attachment":[{"href":"https:\/\/www.chancescook.com\/de\/wp-json\/wp\/v2\/media?parent=6065"}],"wp:term":[{"taxonomy":"product_brand","embeddable":true,"href":"https:\/\/www.chancescook.com\/de\/wp-json\/wp\/v2\/product_brand?post=6065"},{"taxonomy":"product_cat","embeddable":true,"href":"https:\/\/www.chancescook.com\/de\/wp-json\/wp\/v2\/product_cat?post=6065"},{"taxonomy":"product_tag","embeddable":true,"href":"https:\/\/www.chancescook.com\/de\/wp-json\/wp\/v2\/product_tag?post=6065"}],"curies":[{"name":"wp","href":"https:\/\/api.w.org\/{rel}","templated":true}]}}