{"id":6069,"date":"2026-03-14T04:06:54","date_gmt":"2026-03-14T04:06:54","guid":{"rendered":"https:\/\/www.chancescook.com\/?post_type=product&#038;p=6069"},"modified":"2026-03-14T06:15:38","modified_gmt":"2026-03-14T06:15:38","slug":"pasta-food-strainer-basket-wholesale","status":"publish","type":"product","link":"https:\/\/www.chancescook.com\/de\/produkt\/pasta-food-strainer-basket-wholesale\/","title":{"rendered":"Pasta \/ Lebensmittel Sieb Korb Gro\u00dfhandel, Edelstahl Friteuse Korb"},"content":{"rendered":"<div class=\"wp-block-columns is-layout-flex wp-container-core-columns-is-layout-9d6595d7 wp-block-columns-is-layout-flex\">\n<div class=\"wp-block-column is-layout-flow wp-block-column-is-layout-flow\">\n<h2 class=\"wp-block-heading\">Parameter des Premium Nudel- und Lebensmittelsiebs:<\/h2>\n\n\n\n<ul class=\"wp-block-list\">\n<li><strong>Material: <\/strong>Rostfreier Stahl 304<\/li>\n\n\n\n<li><strong>Die Dicke:<\/strong> 0,5 mm<\/li>\n\n\n\n<li><strong>Gr\u00f6\u00dfe:<\/strong>19,5 cm<\/li>\n\n\n\n<li><strong>Farbe<\/strong>: Silber<\/li>\n\n\n\n<li><strong>Hinweis<\/strong>: Unterst\u00fctzung der Qualit\u00e4tskontrolle bei Kleinserienauftr\u00e4gen<\/li>\n<\/ul>\n<\/div>\n\n\n\n<div class=\"wp-block-column is-layout-flow wp-block-column-is-layout-flow\">\n<h2 class=\"wp-block-heading\">Benutzerdefinierte Optionen:<\/h2>\n\n\n\n<ul class=\"wp-block-list\">\n<li><strong>Logo:<\/strong> Anpassbar mit Ihrem Markenlogo<\/li>\n\n\n\n<li><strong>Farbe: <\/strong>Anpassbar<\/li>\n\n\n\n<li><strong>Verpackung:<\/strong> Farbige Schachtel\/Karton, etc<\/li>\n\n\n\n<li><strong>Handgriff:<\/strong> Griffe f\u00fcr Ihren Stil<\/li>\n<\/ul>\n<\/div>\n<\/div>\n\n\n\n<h3 class=\"wp-block-heading\">Ideal f\u00fcr B2B-Eink\u00e4ufer<\/h3>\n\n\n\n<ul class=\"wp-block-list\">\n<li><strong>Restaurants und Caf\u00e9s<\/strong>: Rationalisieren Sie die Zubereitung von Nudeln und Gem\u00fcse mit einem langlebigen, effizienten Ger\u00e4t, das auch bei hohen St\u00fcckzahlen funktioniert.<\/li>\n\n\n\n<li><strong>Hotels und Gastst\u00e4tten<\/strong>: Beeindrucken Sie Ihre G\u00e4ste mit einer gleichbleibend hohen Qualit\u00e4t der zubereiteten Speisen bei gleichzeitiger Aufrechterhaltung der betrieblichen Effizienz.<\/li>\n\n\n\n<li><strong>Institutionelle K\u00fcchen<\/strong>: Erf\u00fcllen die Anforderungen an Haltbarkeit und Hygiene in Schulen, Krankenh\u00e4usern und Betriebskantinen.<\/li>\n<\/ul>\n\n\n\n<p>Dieser perforierte Siebkorb ist eine strategische Investition in die Betriebseffizienz, Lebensmittelsicherheit und K\u00fcchenproduktivit\u00e4t Ihres Gastronomiebetriebs.<\/p>","protected":false},"excerpt":{"rendered":"<p data-start=\"192\" data-end=\"584\">Dieser perforierte Siebkorb f\u00fcr den gewerblichen Einsatz ist aus langlebigem Edelstahl f\u00fcr die professionelle K\u00fcche gefertigt. Als Teil unseres Gro\u00dfhandelssortiments an Pasta- und Lebensmittel-Siebk\u00f6rben verf\u00fcgt er \u00fcber einen stabilen langen Griff und eine gleichm\u00e4\u00dfige Mikroperforation zum schnellen Abtropfen, D\u00e4mpfen und Blanchieren. Ideal f\u00fcr Nudeln, Gem\u00fcse, Meeresfr\u00fcchte und andere Zutaten in Gro\u00dfk\u00fcchen.<\/p>\n<h2><strong><b>Eigenschaften und Vorteile des Nudel- und Lebensmittelsiebs <\/b><\/strong><strong><b>:<\/b><\/strong><\/h2>\n<h3 data-section-id=\"1m4go2k\" data-start=\"818\" data-end=\"854\">1. Langlebigkeit der Handelsklasse<\/h3>\n<p data-start=\"855\" data-end=\"1192\">Dieser Siebkorb aus lebensmittelechtem, korrosionsbest\u00e4ndigem Edelstahl h\u00e4lt wiederholter Einwirkung von kochenden Fl\u00fcssigkeiten, hohen Temperaturen und gewerblichen Sp\u00fclmaschineng\u00e4ngen stand. Als zuverl\u00e4ssiger <strong data-start=\"1050\" data-end=\"1092\">Nudel-\/Lebensmittel-Siebkorb Gro\u00dfhandel<\/strong> Die robuste Konstruktion ist widerstandsf\u00e4hig gegen Verbiegen, Verbeulen und Rost und gew\u00e4hrleistet so eine langfristige Leistung.<\/p>\n<h3 data-section-id=\"1kq8c1d\" data-start=\"1194\" data-end=\"1246\">2. Effiziente Drainage &amp; Pr\u00e4zisionsperforation<\/h3>\n<p data-start=\"1247\" data-end=\"1502\">Das gleichm\u00e4\u00dfige mikroperforierte Design erm\u00f6glicht ein schnelles und gr\u00fcndliches Abtropfen von Fl\u00fcssigkeiten und verhindert gleichzeitig, dass kleine Lebensmittelpartikel austreten. Es eignet sich perfekt zum Abgie\u00dfen von Nudeln, Blanchieren von Gem\u00fcse und Abseihen von Br\u00fchen und verbessert die Effizienz und die Pr\u00e4sentation von Speisen.<\/p>\n<h3 data-section-id=\"13f9662\" data-start=\"1504\" data-end=\"1538\">3. Ergonomische und sichere Handhabung<\/h3>\n<p data-start=\"1539\" data-end=\"1745\">Der verl\u00e4ngerte Edelstahlgriff bietet einen bequemen und sicheren Halt und h\u00e4lt die H\u00e4nde sicher von hei\u00dfen Fl\u00fcssigkeiten und Dampf fern. Die verst\u00e4rkte Griffbefestigung sorgt f\u00fcr Stabilit\u00e4t bei starker Beanspruchung in der K\u00fcche.<\/p>\n<h3 data-section-id=\"pah24o\" data-start=\"1747\" data-end=\"1783\">4. Hygienisch und leicht zu pflegen<\/h3>\n<p data-start=\"1784\" data-end=\"2001\">Die polierte Edelstahloberfl\u00e4che ist resistent gegen R\u00fcckst\u00e4nde und l\u00e4sst sich leicht reinigen. Die perforierte Struktur verhindert, dass sich Ablagerungen festsetzen, und unterst\u00fctzt die effiziente Reinigung und Hygiene in gewerblichen Geschirrsp\u00fclern.<\/p>\n<h3 data-section-id=\"y6i0rg\" data-start=\"2003\" data-end=\"2044\">5. Vielseitige kommerzielle Anwendung<\/h3>\n<p data-start=\"2045\" data-end=\"2164\">Kompatibel mit den meisten Standardt\u00f6pfen und -kochgeschirren. <strong data-start=\"2099\" data-end=\"2141\">Nudel-\/Nahrungsmittelsiebkorb Gro\u00dfhandel<\/strong> L\u00f6sung ist ideal f\u00fcr:<\/p>\n<ul data-start=\"2166\" data-end=\"2287\">\n<li data-section-id=\"1fkgl1o\" data-start=\"2166\" data-end=\"2196\">\n<p data-start=\"2168\" data-end=\"2196\">Nudeln kochen und abtropfen lassen<\/p>\n<\/li>\n<li data-section-id=\"1gjxle0\" data-start=\"2197\" data-end=\"2233\">\n<p data-start=\"2199\" data-end=\"2233\">Blanchieren und D\u00fcnsten von Gem\u00fcse<\/p>\n<\/li>\n<li data-section-id=\"1tllxc4\" data-start=\"2234\" data-end=\"2257\">\n<p data-start=\"2236\" data-end=\"2257\">Zubereitung von Meeresfr\u00fcchten<\/p>\n<\/li>\n<li data-section-id=\"1q5nrsj\" data-start=\"2258\" data-end=\"2287\">\n<p data-start=\"2260\" data-end=\"2287\">Abseihen von Fond und Br\u00fche<\/p>\n<\/li>\n<\/ul>\n<p data-start=\"2289\" data-end=\"2358\">Es ist ein praktisches Mehrzweckwerkzeug f\u00fcr die professionelle K\u00fcche.<\/p>\n<h3 data-section-id=\"90n5to\" data-start=\"2360\" data-end=\"2397\">6. Kosteneffiziente Bulk-L\u00f6sung<\/h3>\n<p data-start=\"2398\" data-end=\"2587\">Dieser Siebkorb, der f\u00fcr den Gro\u00dfeinkauf erh\u00e4ltlich ist, tr\u00e4gt dazu bei, K\u00fcchenger\u00e4te in Restaurants, Hotels und Catering-Betrieben zu standardisieren und gleichzeitig eine gleichbleibende Qualit\u00e4t und Zuverl\u00e4ssigkeit zu gew\u00e4hrleisten.<\/p>","protected":false},"featured_media":6070,"comment_status":"closed","ping_status":"closed","template":"","meta":{"_acf_changed":false},"product_brand":[],"product_cat":[56],"product_tag":[],"class_list":{"0":"post-6069","1":"product","2":"type-product","3":"status-publish","4":"has-post-thumbnail","6":"product_cat-wholesale-kitchen-utensils","8":"first","9":"instock","10":"shipping-taxable","11":"product-type-simple"},"acf":[],"_links":{"self":[{"href":"https:\/\/www.chancescook.com\/de\/wp-json\/wp\/v2\/product\/6069","targetHints":{"allow":["GET"]}}],"collection":[{"href":"https:\/\/www.chancescook.com\/de\/wp-json\/wp\/v2\/product"}],"about":[{"href":"https:\/\/www.chancescook.com\/de\/wp-json\/wp\/v2\/types\/product"}],"replies":[{"embeddable":true,"href":"https:\/\/www.chancescook.com\/de\/wp-json\/wp\/v2\/comments?post=6069"}],"wp:featuredmedia":[{"embeddable":true,"href":"https:\/\/www.chancescook.com\/de\/wp-json\/wp\/v2\/media\/6070"}],"wp:attachment":[{"href":"https:\/\/www.chancescook.com\/de\/wp-json\/wp\/v2\/media?parent=6069"}],"wp:term":[{"taxonomy":"product_brand","embeddable":true,"href":"https:\/\/www.chancescook.com\/de\/wp-json\/wp\/v2\/product_brand?post=6069"},{"taxonomy":"product_cat","embeddable":true,"href":"https:\/\/www.chancescook.com\/de\/wp-json\/wp\/v2\/product_cat?post=6069"},{"taxonomy":"product_tag","embeddable":true,"href":"https:\/\/www.chancescook.com\/de\/wp-json\/wp\/v2\/product_tag?post=6069"}],"curies":[{"name":"wp","href":"https:\/\/api.w.org\/{rel}","templated":true}]}}