{"id":3064,"date":"2024-08-20T10:55:31","date_gmt":"2024-08-20T10:55:31","guid":{"rendered":"https:\/\/www.chancescook.com\/?post_type=product&#038;p=3064"},"modified":"2024-09-23T03:13:35","modified_gmt":"2024-09-23T03:13:35","slug":"wholesale-stainless-steel-cookware-set","status":"publish","type":"product","link":"https:\/\/www.chancescook.com\/es\/producto\/wholesale-stainless-steel-cookware-set\/","title":{"rendered":"Mayorista Bater\u00eda de Cocina de Acero Inoxidable 27 Piezas con Mango de Mariposa y Tapa de Acero"},"content":{"rendered":"<div class=\"wp-block-columns is-layout-flex wp-container-core-columns-is-layout-9d6595d7 wp-block-columns-is-layout-flex\">\n<div class=\"wp-block-column is-layout-flow wp-block-column-is-layout-flow\">\n<h3 class=\"wp-block-heading\">Caracter\u00edsticas y ventajas de las bater\u00edas de cocina de acero inoxidable<\/h3>\n\n\n\n<ul class=\"wp-block-list\">\n<li><strong>Apto para horno hasta 800\u00b0F (aprox. 427\u00b0C)<\/strong>Esta bater\u00eda de cocina es apta para horno y grill, por lo que ofrece una amplia gama de opciones de cocci\u00f3n.<\/li>\n\n\n\n<li><strong>Compatible con todos los tipos de estufas<\/strong>: Apto para todas las cocinas, incluida la inducci\u00f3n, lo que garantiza una amplia compatibilidad.<\/li>\n\n\n\n<li><strong>Revestimiento no t\u00f3xico y sin productos qu\u00edmicos<\/strong>: Fabricado en acero compuesto de alta calidad, libre de sustancias nocivas como PFAS, PTFE, Tefl\u00f3n, PFOA, PFOS y m\u00e1s.<\/li>\n\n\n\n<li><strong>Dise\u00f1o duradero y seguro<\/strong>: Tiene un borde ancho para verter f\u00e1cilmente, un asa que no se enfr\u00eda y una tapa de acero resistente para mantener la humedad.<\/li>\n\n\n\n<li><strong>Vers\u00e1til y pr\u00e1ctico<\/strong>: Incluye m\u00faltiples tama\u00f1os de ollas, sartenes, ollas de cocci\u00f3n lenta, sartenes y utensilios adicionales para satisfacer todas las necesidades de la cocina.<\/li>\n\n\n\n<li><strong>F\u00e1cil de limpiar<\/strong>: Dise\u00f1ado para ser f\u00e1cil de limpiar y apto para lavavajillas para mantener los utensilios de cocina como nuevos.<\/li>\n<\/ul>\n<\/div>\n\n\n\n<div class=\"wp-block-column is-layout-flow wp-block-column-is-layout-flow\">\n<h3 class=\"wp-block-heading\">Especificaciones de la bater\u00eda de cocina de acero inoxidable<\/h3>\n\n\n\n<ul class=\"wp-block-list\">\n<li>Fabricante: CHANCES<\/li>\n\n\n\n<li>Modelo N\u00ba:CY-KB2705<\/li>\n\n\n\n<li>Material: SS410<\/li>\n\n\n\n<li>N\u00famero de piezas:27 piezas<\/li>\n\n\n\n<li>Tapa: Tapa de acero inoxidable<\/li>\n\n\n\n<li>Grosor:0,5 mm<\/li>\n\n\n\n<li>Fondo:3.0mm<\/li>\n\n\n\n<li>GW\/NW: 17,8 kg\/16,6 kg<\/li>\n\n\n\n<li>OEM&amp;ODM: Personalizado, bienvenido OEM&amp;ODM<\/li>\n\n\n\n<li>MOQ:1 x 40'HQ<\/li>\n\n\n\n<li>Embalaje: Caja de color\/Caja de cart\u00f3n<\/li>\n\n\n\n<li>Muestra: Gratis<\/li>\n<\/ul>\n<\/div>\n<\/div>\n\n\n\n<figure class=\"wp-block-image size-full\"><img decoding=\"async\" width=\"4134\" height=\"2362\" src=\"https:\/\/www.chancescook.com\/wp-content\/uploads\/2024\/08\/Wholesale-Stainless-Steel-Cookware-Set-2.webp\" alt=\"Mayorista Bater\u00eda de Cocina de Acero Inoxidable (2)\" class=\"wp-image-3066\" srcset=\"https:\/\/www.chancescook.com\/wp-content\/uploads\/2024\/08\/Wholesale-Stainless-Steel-Cookware-Set-2.webp 4134w, https:\/\/www.chancescook.com\/wp-content\/uploads\/2024\/08\/Wholesale-Stainless-Steel-Cookware-Set-2-300x171.webp 300w, https:\/\/www.chancescook.com\/wp-content\/uploads\/2024\/08\/Wholesale-Stainless-Steel-Cookware-Set-2-768x439.webp 768w, https:\/\/www.chancescook.com\/wp-content\/uploads\/2024\/08\/Wholesale-Stainless-Steel-Cookware-Set-2-18x10.webp 18w, https:\/\/www.chancescook.com\/wp-content\/uploads\/2024\/08\/Wholesale-Stainless-Steel-Cookware-Set-2-285x163.webp 285w, https:\/\/www.chancescook.com\/wp-content\/uploads\/2024\/08\/Wholesale-Stainless-Steel-Cookware-Set-2-1600x914.webp 1600w, https:\/\/www.chancescook.com\/wp-content\/uploads\/2024\/08\/Wholesale-Stainless-Steel-Cookware-Set-2-660x377.webp 660w, https:\/\/www.chancescook.com\/wp-content\/uploads\/2024\/08\/Wholesale-Stainless-Steel-Cookware-Set-2-150x86.webp 150w\" sizes=\"(max-width: 4134px) 100vw, 4134px\" \/><\/figure>\n\n\n\n<p><\/p>","protected":false},"excerpt":{"rendered":"<p>Descubra nuestra bater\u00eda de cocina de acero inoxidable de 27 piezas, duradera y resistente a la corrosi\u00f3n. Este juego combina varios tama\u00f1os de ollas y sartenes y utensilios de cocina para llevar su cocina al siguiente nivel en casa y ofrecer constantemente un gran sabor.<\/p>\n<h3>El juego de utensilios de cocina de acero inoxidable incluye\uff1a<\/h3>\n<div>\n<ul>\n<li>Cacerola de 16 cm x 8,5 cm con tapa<\/li>\n<li>16cm x 8,5cm Cacerola con tapa<\/li>\n<li>Cacerola 20cm x 11cm con tapa<\/li>\n<li>Cacerola de 24 cm x 13,9 cm con tapa<\/li>\n<li>Sart\u00e9n de 24 cm x 7,2 cm con tapa<\/li>\n<li>Vaporera de 20 cm x 9,4 cm<\/li>\n<li>Taz\u00f3n de 20cm x 2Pcs<\/li>\n<li>Tapa de PVC x 2Pcs<\/li>\n<li>Rallador y anillo adaptador<\/li>\n<li>Batidor de huevos, Herramienta de acero<\/li>\n<li>Utensilio de cocina de nylon X 3 piezas<\/li>\n<li>Soporte de alfombrilla x 2Pcs<\/li>\n<li>Cesta para fre\u00edr de 18 cm con asa<\/li>\n<li>Pomo de aspiraci\u00f3n<\/li>\n<li>Herramienta para peces<\/li>\n<\/ul>\n<\/div>","protected":false},"featured_media":4090,"comment_status":"closed","ping_status":"closed","template":"","meta":{"_acf_changed":false},"product_brand":[],"product_cat":[53],"product_tag":[],"class_list":{"0":"post-3064","1":"product","2":"type-product","3":"status-publish","4":"has-post-thumbnail","6":"product_cat-wholesale-cookware-sets","8":"first","9":"instock","10":"shipping-taxable","11":"product-type-simple"},"acf":[],"_links":{"self":[{"href":"https:\/\/www.chancescook.com\/es\/wp-json\/wp\/v2\/product\/3064","targetHints":{"allow":["GET"]}}],"collection":[{"href":"https:\/\/www.chancescook.com\/es\/wp-json\/wp\/v2\/product"}],"about":[{"href":"https:\/\/www.chancescook.com\/es\/wp-json\/wp\/v2\/types\/product"}],"replies":[{"embeddable":true,"href":"https:\/\/www.chancescook.com\/es\/wp-json\/wp\/v2\/comments?post=3064"}],"wp:featuredmedia":[{"embeddable":true,"href":"https:\/\/www.chancescook.com\/es\/wp-json\/wp\/v2\/media\/4090"}],"wp:attachment":[{"href":"https:\/\/www.chancescook.com\/es\/wp-json\/wp\/v2\/media?parent=3064"}],"wp:term":[{"taxonomy":"product_brand","embeddable":true,"href":"https:\/\/www.chancescook.com\/es\/wp-json\/wp\/v2\/product_brand?post=3064"},{"taxonomy":"product_cat","embeddable":true,"href":"https:\/\/www.chancescook.com\/es\/wp-json\/wp\/v2\/product_cat?post=3064"},{"taxonomy":"product_tag","embeddable":true,"href":"https:\/\/www.chancescook.com\/es\/wp-json\/wp\/v2\/product_tag?post=3064"}],"curies":[{"name":"wp","href":"https:\/\/api.w.org\/{rel}","templated":true}]}}