{"id":3661,"date":"2024-08-28T18:33:54","date_gmt":"2024-08-28T18:33:54","guid":{"rendered":"https:\/\/www.chancescook.com\/?post_type=product&#038;p=3661"},"modified":"2024-09-23T06:54:43","modified_gmt":"2024-09-23T06:54:43","slug":"china-supply-cookware-set","status":"publish","type":"product","link":"https:\/\/www.chancescook.com\/es\/producto\/china-supply-cookware-set\/","title":{"rendered":"China Supply Juego de Utensilios de Cocina 27 Piezas Ancho Borde Cola de Pescado Mango Acero Tapa Sets"},"content":{"rendered":"<div class=\"wp-block-columns is-layout-flex wp-container-core-columns-is-layout-9d6595d7 wp-block-columns-is-layout-flex\">\n<div class=\"wp-block-column is-layout-flow wp-block-column-is-layout-flow\">\n<h3 class=\"wp-block-heading\">Caracter\u00edsticas y ventajas de la bater\u00eda de cocina de porcelana<\/h3>\n\n\n\n<p><strong>Juego completo de 27 piezas<\/strong>: Incluye un surtido de utensilios de cocina y accesorios para satisfacer una gran variedad de necesidades culinarias.<\/p>\n\n\n\n<p><\/p>\n\n\n\n<p><strong>Dise\u00f1o de llanta ancha<\/strong>: Esta bater\u00eda de cocina est\u00e1 dise\u00f1ada para que sea f\u00e1cil de verter y minimizar los derrames.<\/p>\n\n\n\n<p><\/p>\n\n\n\n<p><strong>Mango de cola de pez<\/strong>: Dise\u00f1o ergon\u00f3mico para un agarre c\u00f3modo y seguro.<\/p>\n\n\n\n<p><\/p>\n\n\n\n<p><strong>Tapa de acero resistente<\/strong>: Hecho de material de alta calidad, es duradero y se sella bien para bloquear la humedad y los sabores.<\/p>\n\n\n\n<p><\/p>\n\n\n\n<p><strong>Construcci\u00f3n de calidad<\/strong>: Garantiza un rendimiento duradero y un mantenimiento sencillo.<\/p>\n\n\n\n<p><\/p>\n\n\n\n<p><strong>Compatible con varias fuentes de calor<\/strong>: Apto para cocinas de gas, el\u00e9ctricas y de inducci\u00f3n.<\/p>\n<\/div>\n\n\n\n<div class=\"wp-block-column is-layout-flow wp-block-column-is-layout-flow\">\n<h3 class=\"wp-block-heading\">Especificaciones de la bater\u00eda de cocina de China<\/h3>\n\n\n\n<p>Fabricante: CHANCES<\/p>\n\n\n\n<p>Modelo N\u00ba:CY-KB2705C<\/p>\n\n\n\n<p>Material: SS410<\/p>\n\n\n\n<p>N\u00famero de piezas:27 piezas<\/p>\n\n\n\n<p>Grosor:0,5 mm<\/p>\n\n\n\n<p>Fondo:3.0mm<\/p>\n\n\n\n<p>OEM&amp;ODM: Personalizado, bienvenido OEM&amp;ODM<\/p>\n\n\n\n<p>MOQ:1 x 40'HQ<\/p>\n\n\n\n<p>Embalaje: Caja de color\/Caja de cart\u00f3n<\/p>\n\n\n\n<p>Muestra: Gratis<\/p>\n<\/div>\n<\/div>\n\n\n\n<figure class=\"wp-block-image size-full\"><img decoding=\"async\" width=\"4134\" height=\"2362\" src=\"https:\/\/www.chancescook.com\/wp-content\/uploads\/2024\/08\/Wholesale-Stainless-Steel-Cookware-Set-2.webp\" alt=\"Suministro China Bater\u00eda de Cocina 27 Piezas-\" class=\"wp-image-3066\" srcset=\"https:\/\/www.chancescook.com\/wp-content\/uploads\/2024\/08\/Wholesale-Stainless-Steel-Cookware-Set-2.webp 4134w, https:\/\/www.chancescook.com\/wp-content\/uploads\/2024\/08\/Wholesale-Stainless-Steel-Cookware-Set-2-300x171.webp 300w, https:\/\/www.chancescook.com\/wp-content\/uploads\/2024\/08\/Wholesale-Stainless-Steel-Cookware-Set-2-768x439.webp 768w, https:\/\/www.chancescook.com\/wp-content\/uploads\/2024\/08\/Wholesale-Stainless-Steel-Cookware-Set-2-18x10.webp 18w, https:\/\/www.chancescook.com\/wp-content\/uploads\/2024\/08\/Wholesale-Stainless-Steel-Cookware-Set-2-285x163.webp 285w, https:\/\/www.chancescook.com\/wp-content\/uploads\/2024\/08\/Wholesale-Stainless-Steel-Cookware-Set-2-1600x914.webp 1600w, https:\/\/www.chancescook.com\/wp-content\/uploads\/2024\/08\/Wholesale-Stainless-Steel-Cookware-Set-2-660x377.webp 660w, https:\/\/www.chancescook.com\/wp-content\/uploads\/2024\/08\/Wholesale-Stainless-Steel-Cookware-Set-2-150x86.webp 150w\" sizes=\"(max-width: 4134px) 100vw, 4134px\" \/><\/figure>","protected":false},"excerpt":{"rendered":"<p>Explorar Nuestra bater\u00eda de cocina china de 27 piezas cuenta con bordes anchos para evitar derrames al verter, asas ergon\u00f3micas en forma de cola de pez y tapas de acero duraderas, lo que la convierte en una gran elecci\u00f3n para la eficiencia y el estilo en cualquier cocina.<\/p>\n<h3>El juego de utensilios de cocina de acero inoxidable incluye\uff1a<\/h3>\n<ul>\n<li>Cacerola de 16 cm x 8,5 cm con tapa<\/li>\n<li>16cm x 8,5cm Cacerola con tapa<\/li>\n<li>Cacerola 20cm x 11cm con tapa<\/li>\n<li>Cacerola de 24 cm x 13,9 cm con tapa<\/li>\n<li>Sart\u00e9n de 24 cm x 7,2 cm con tapa<\/li>\n<li>Vaporera de 20 cm x 9,4 cm<\/li>\n<li>Taz\u00f3n de 20cm x 2Pcs<\/li>\n<li>Tapa de PVC x 2Pcs<\/li>\n<li>Rallador y anillo adaptador<\/li>\n<li>Batidor de huevos, Herramienta de acero<\/li>\n<li>Utensilio de cocina de nylon X 3 piezas<\/li>\n<li>Soporte de alfombrilla x 2Pcs<\/li>\n<li>Cesta para fre\u00edr de 18 cm con asa<\/li>\n<li>Pomo de aspiraci\u00f3n<\/li>\n<li>Herramienta para peces<\/li>\n<\/ul>","protected":false},"featured_media":4104,"comment_status":"closed","ping_status":"closed","template":"","meta":{"_acf_changed":false},"product_brand":[],"product_cat":[53],"product_tag":[],"class_list":{"0":"post-3661","1":"product","2":"type-product","3":"status-publish","4":"has-post-thumbnail","6":"product_cat-wholesale-cookware-sets","8":"first","9":"instock","10":"shipping-taxable","11":"product-type-simple"},"acf":[],"_links":{"self":[{"href":"https:\/\/www.chancescook.com\/es\/wp-json\/wp\/v2\/product\/3661","targetHints":{"allow":["GET"]}}],"collection":[{"href":"https:\/\/www.chancescook.com\/es\/wp-json\/wp\/v2\/product"}],"about":[{"href":"https:\/\/www.chancescook.com\/es\/wp-json\/wp\/v2\/types\/product"}],"replies":[{"embeddable":true,"href":"https:\/\/www.chancescook.com\/es\/wp-json\/wp\/v2\/comments?post=3661"}],"wp:featuredmedia":[{"embeddable":true,"href":"https:\/\/www.chancescook.com\/es\/wp-json\/wp\/v2\/media\/4104"}],"wp:attachment":[{"href":"https:\/\/www.chancescook.com\/es\/wp-json\/wp\/v2\/media?parent=3661"}],"wp:term":[{"taxonomy":"product_brand","embeddable":true,"href":"https:\/\/www.chancescook.com\/es\/wp-json\/wp\/v2\/product_brand?post=3661"},{"taxonomy":"product_cat","embeddable":true,"href":"https:\/\/www.chancescook.com\/es\/wp-json\/wp\/v2\/product_cat?post=3661"},{"taxonomy":"product_tag","embeddable":true,"href":"https:\/\/www.chancescook.com\/es\/wp-json\/wp\/v2\/product_tag?post=3661"}],"curies":[{"name":"wp","href":"https:\/\/api.w.org\/{rel}","templated":true}]}}