{"id":3689,"date":"2024-08-29T06:32:33","date_gmt":"2024-08-29T06:32:33","guid":{"rendered":"https:\/\/www.chancescook.com\/?post_type=product&#038;p=3689"},"modified":"2025-12-22T14:13:42","modified_gmt":"2025-12-22T14:13:42","slug":"best-wok-pan-wholesale","status":"publish","type":"product","link":"https:\/\/www.chancescook.com\/es\/producto\/best-wok-pan-wholesale\/","title":{"rendered":"Sart\u00e9n Wok al por mayor de acero inoxidable de fondo compuesto Sart\u00e9n de doble mango con tapa"},"content":{"rendered":"<div class=\"wp-block-columns is-layout-flex wp-container-core-columns-is-layout-9d6595d7 wp-block-columns-is-layout-flex\">\n<div class=\"wp-block-column is-layout-flow wp-block-column-is-layout-flow\">\n<h3 class=\"wp-block-heading\">Caracter\u00edsticas y ventajas de las mejores sartenes wok<\/h3>\n\n\n\n<ul class=\"wp-block-list\">\n<li><strong>Acero inoxidable de primera calidad<\/strong>Este wok est\u00e1 fabricado con material de acero inoxidable de alta calidad para garantizar su durabilidad y resistencia a la corrosi\u00f3n, apto para un uso prolongado.<\/li>\n\n\n\n<li><strong>Dise\u00f1o de fondo compuesto<\/strong>: La estructura compuesta del fondo proporciona una distribuci\u00f3n uniforme del calor, un calentamiento r\u00e1pido y eficiencia energ\u00e9tica, adecuada para diversas necesidades culinarias.<\/li>\n\n\n\n<li><strong>Compatible con todas las estufas<\/strong>: Apto para todas las cocinas, incluida la inducci\u00f3n, lo que garantiza una amplia compatibilidad.<\/li>\n\n\n\n<li><strong>Dos asas para las orejas<\/strong>: Equipado con robustas asas de doble oreja que son c\u00f3modas de sostener y f\u00e1ciles de agarrar, garantizando la seguridad mientras se cocina.<\/li>\n\n\n\n<li><strong>Tapa a juego<\/strong>: El wok viene con una tapa de acero inoxidable para conservar el sabor de los ingredientes y bloquear m\u00e1s nutrientes.<\/li>\n\n\n\n<li><strong>F\u00e1cil de limpiar<\/strong>: Dise\u00f1ado para ser f\u00e1cil de limpiar y apto para lavavajillas para mantener su bater\u00eda de cocina como nueva.<\/li>\n\n\n\n<li><strong>Disponibilidad al por mayor<\/strong>: Dise\u00f1ado para el mercado mayorista, es ideal para empresas de catering y minoristas que compran en grandes cantidades.<\/li>\n<\/ul>\n<\/div>\n\n\n\n<div class=\"wp-block-column is-layout-flow wp-block-column-is-layout-flow\" style=\"flex-basis:30px\"><\/div>\n<\/div>","protected":false},"excerpt":{"rendered":"<p>Las mejores sartenes wok para la venta al por mayor cuentan con duraderos fondos compuestos de acero inoxidable, asas dobles y tapas a juego, perfectas para cocinas profesionales y compras al por mayor. No dude en pedirnos presupuesto.<\/p>\n<h3 class=\"wp-block-heading\">Especificaciones de las mejores sartenes wok<\/h3>\n<ul>\n<li>Fabricante: CHANCES<\/li>\n<li>Model No.:CY-FDCD0634S\/CY-FDCD0636S<\/li>\n<li>Material: SS201<\/li>\n<li>Tapa: Tapa de acero inoxidable<\/li>\n<li>Talla:34cm\/36cm<\/li>\n<li>Grosor:0,5 mm<\/li>\n<li>Fondo:2,5 mm<\/li>\n<li>OEM&amp;ODM: Personalizado, bienvenido OEM&amp;ODM<\/li>\n<li>MOQ:1 x 40'HQ<\/li>\n<li>Embalaje: Caja de color\/Caja de cart\u00f3n<\/li>\n<li>Muestra: Gratis<\/li>\n<\/ul>\n<p>Chances se compromete a ofrecer a sus clientes un servicio eficaz y profesional. <a href=\"https:\/\/www.chancescook.com\/es\/custom-cookware\/\"><strong>servicios personalizados<\/strong><\/a>La capacidad de producci\u00f3n y los estrictos controles de calidad garantizan que cada lote de <strong>sartenes wok de acero inoxidable<\/strong> satisface sus necesidades de alto nivel.<\/p>","protected":false},"featured_media":5846,"comment_status":"closed","ping_status":"closed","template":"","meta":{"_acf_changed":false},"product_brand":[],"product_cat":[52,65],"product_tag":[],"class_list":{"0":"post-3689","1":"product","2":"type-product","3":"status-publish","4":"has-post-thumbnail","6":"product_cat-cookware-wholesale","7":"product_cat-chinese-wok","9":"first","10":"instock","11":"shipping-taxable","12":"product-type-simple"},"acf":[],"_links":{"self":[{"href":"https:\/\/www.chancescook.com\/es\/wp-json\/wp\/v2\/product\/3689","targetHints":{"allow":["GET"]}}],"collection":[{"href":"https:\/\/www.chancescook.com\/es\/wp-json\/wp\/v2\/product"}],"about":[{"href":"https:\/\/www.chancescook.com\/es\/wp-json\/wp\/v2\/types\/product"}],"replies":[{"embeddable":true,"href":"https:\/\/www.chancescook.com\/es\/wp-json\/wp\/v2\/comments?post=3689"}],"wp:featuredmedia":[{"embeddable":true,"href":"https:\/\/www.chancescook.com\/es\/wp-json\/wp\/v2\/media\/5846"}],"wp:attachment":[{"href":"https:\/\/www.chancescook.com\/es\/wp-json\/wp\/v2\/media?parent=3689"}],"wp:term":[{"taxonomy":"product_brand","embeddable":true,"href":"https:\/\/www.chancescook.com\/es\/wp-json\/wp\/v2\/product_brand?post=3689"},{"taxonomy":"product_cat","embeddable":true,"href":"https:\/\/www.chancescook.com\/es\/wp-json\/wp\/v2\/product_cat?post=3689"},{"taxonomy":"product_tag","embeddable":true,"href":"https:\/\/www.chancescook.com\/es\/wp-json\/wp\/v2\/product_tag?post=3689"}],"curies":[{"name":"wp","href":"https:\/\/api.w.org\/{rel}","templated":true}]}}