{"id":3697,"date":"2024-08-29T07:49:45","date_gmt":"2024-08-29T07:49:45","guid":{"rendered":"https:\/\/www.chancescook.com\/?post_type=product&#038;p=3697"},"modified":"2025-12-31T04:21:15","modified_gmt":"2025-12-31T04:21:15","slug":"custom-wok-pan-with-lid","status":"publish","type":"product","link":"https:\/\/www.chancescook.com\/es\/producto\/custom-wok-pan-with-lid\/","title":{"rendered":"Sart\u00e9n Wok a Medida con Tapa, Sart\u00e9n de Acero Inoxidable, Fondo Compuesto Mango Simple Multi-Aplicable"},"content":{"rendered":"<div class=\"wp-block-columns is-layout-flex wp-container-core-columns-is-layout-9d6595d7 wp-block-columns-is-layout-flex\">\n<div class=\"wp-block-column is-layout-flow wp-block-column-is-layout-flow\">\n<h3 class=\"wp-block-heading\">Caracter\u00edsticas y ventajas de la sart\u00e9n wok con tapa<\/h3>\n\n\n\n<p><strong>Acero inoxidable de primera calidad<\/strong>Sart\u00e9n wok con tapa: esta sart\u00e9n wok con tapa est\u00e1 fabricada en acero inoxidable de alta calidad, duradero y f\u00e1cil de limpiar para un uso prolongado.<br><strong>Dise\u00f1o de fondo compuesto<\/strong>: Proporciona una distribuci\u00f3n uniforme del calor, garantizando resultados de cocci\u00f3n uniformes y una mayor eficiencia energ\u00e9tica.<br><strong>Mango de una oreja<\/strong>: Mango robusto y duradero de una sola oreja para una f\u00e1cil maniobrabilidad y adecuado para una variedad de estilos de cocina.<br><strong>Aplicaci\u00f3n vers\u00e1til<\/strong>: Adecuado para saltear, rehogar, cocinar al vapor y otros m\u00e9todos de cocci\u00f3n, ampliamente utilizado en cocinas dom\u00e9sticas y comerciales.<br><strong>F\u00e1cil de limpiar<\/strong>: Dise\u00f1ado para ser f\u00e1cil de limpiar y apto para lavavajillas para mantener los utensilios de cocina como nuevos.<\/p>\n<\/div>\n\n\n\n<div class=\"wp-block-column is-layout-flow wp-block-column-is-layout-flow\">\n<figure class=\"wp-block-image size-full\"><img decoding=\"async\" src=\"https:\/\/www.chancescook.com\/wp-content\/uploads\/2025\/12\/Custom-Wok-Pan-with-Lid.webp\" alt=\"Sart\u00e9n Wok Personalizada con Tapa\" class=\"wp-image-5837\"\/><\/figure>\n<\/div>\n<\/div>\n\n\n\n<p><\/p>","protected":false},"excerpt":{"rendered":"<p>Su sart\u00e9n wok personalizada con tapa est\u00e1 fabricada en acero inoxidable duradero y resistente a la corrosi\u00f3n, con un fondo compuesto y un vers\u00e1til mango \u00fanico, compatible para su uso en todo tipo de cocinas. Invitamos a los compradores a informarse.<\/p>\n<h3 class=\"wp-block-heading\">Especificaciones de la sart\u00e9n wok con tapa<\/h3>\n<ul>\n<li>Fabricante: CHANCES<\/li>\n<li>N.\u00ba de modelo: CY-SCGCG<\/li>\n<li>Material: SS304<\/li>\n<li>Tapa: Tapa de acero inoxidable<\/li>\n<li>Tama\u00f1o: 32 cm<\/li>\n<li>Grosor: 2,0 mm<\/li>\n<li>Fondo:2,0 mm<\/li>\n<li>OEM&amp;ODM: Personalizado, bienvenido OEM&amp;ODM<\/li>\n<li>MOQ:1 x 40'HQ<\/li>\n<li>Embalaje: Caja de color\/caja de cart\u00f3n, etc.<\/li>\n<li>Muestra: Gratis<\/li>\n<\/ul>\n<p>Chances se compromete a ofrecer a sus clientes un servicio eficaz y profesional.\u00a0<a href=\"https:\/\/www.chancescook.com\/es\/custom-cookware\/\"><strong>servicios personalizados<\/strong><\/a>La capacidad de producci\u00f3n y los estrictos controles de calidad garantizan que cada lote de\u00a0<strong>sart\u00e9n wok de acero inoxidable con tapa<\/strong>\u00a0satisface sus necesidades de alto nivel.<\/p>","protected":false},"featured_media":5851,"comment_status":"closed","ping_status":"closed","template":"","meta":{"_acf_changed":false},"product_brand":[],"product_cat":[52,65],"product_tag":[],"class_list":{"0":"post-3697","1":"product","2":"type-product","3":"status-publish","4":"has-post-thumbnail","6":"product_cat-cookware-wholesale","7":"product_cat-chinese-wok","9":"first","10":"instock","11":"shipping-taxable","12":"product-type-simple"},"acf":[],"_links":{"self":[{"href":"https:\/\/www.chancescook.com\/es\/wp-json\/wp\/v2\/product\/3697","targetHints":{"allow":["GET"]}}],"collection":[{"href":"https:\/\/www.chancescook.com\/es\/wp-json\/wp\/v2\/product"}],"about":[{"href":"https:\/\/www.chancescook.com\/es\/wp-json\/wp\/v2\/types\/product"}],"replies":[{"embeddable":true,"href":"https:\/\/www.chancescook.com\/es\/wp-json\/wp\/v2\/comments?post=3697"}],"wp:featuredmedia":[{"embeddable":true,"href":"https:\/\/www.chancescook.com\/es\/wp-json\/wp\/v2\/media\/5851"}],"wp:attachment":[{"href":"https:\/\/www.chancescook.com\/es\/wp-json\/wp\/v2\/media?parent=3697"}],"wp:term":[{"taxonomy":"product_brand","embeddable":true,"href":"https:\/\/www.chancescook.com\/es\/wp-json\/wp\/v2\/product_brand?post=3697"},{"taxonomy":"product_cat","embeddable":true,"href":"https:\/\/www.chancescook.com\/es\/wp-json\/wp\/v2\/product_cat?post=3697"},{"taxonomy":"product_tag","embeddable":true,"href":"https:\/\/www.chancescook.com\/es\/wp-json\/wp\/v2\/product_tag?post=3697"}],"curies":[{"name":"wp","href":"https:\/\/api.w.org\/{rel}","templated":true}]}}