{"id":3701,"date":"2024-08-29T10:45:52","date_gmt":"2024-08-29T10:45:52","guid":{"rendered":"https:\/\/www.chancescook.com\/?post_type=product&#038;p=3701"},"modified":"2025-12-21T13:03:42","modified_gmt":"2025-12-21T13:03:42","slug":"wholesale-chinese-frying-pan","status":"publish","type":"product","link":"https:\/\/www.chancescook.com\/es\/producto\/wholesale-chinese-frying-pan\/","title":{"rendered":"Sart\u00e9n China de F\u00e1brica con Fondo Compuesto Tapa de Acero Inoxidable"},"content":{"rendered":"<div class=\"wp-block-columns is-layout-flex wp-container-core-columns-is-layout-9d6595d7 wp-block-columns-is-layout-flex\">\n<div class=\"wp-block-column is-layout-flow wp-block-column-is-layout-flow\" style=\"flex-basis:50%\">\n<h3 class=\"wp-block-heading\">Caracter\u00edsticas y ventajas de la sart\u00e9n china<\/h3>\n\n\n\n<ul class=\"wp-block-list\">\n<li><strong>Conducci\u00f3n eficiente del calor<\/strong>Dise\u00f1o de fondo compuesto, conducci\u00f3n r\u00e1pida y uniforme del calor, adecuado para saltear, fre\u00edr, cocinar al vapor y otros m\u00e9todos de cocci\u00f3n para mejorar la eficiencia de la cocci\u00f3n.<\/li>\n\n\n\n<li><strong>Acero inoxidable de calidad<\/strong>: Esta sart\u00e9n china est\u00e1 hecha de acero inoxidable de alta calidad, resistente a la corrosi\u00f3n, duradera y f\u00e1cil de limpiar.<\/li>\n\n\n\n<li><strong>Empu\u00f1adura ergon\u00f3mica<\/strong>: Este dise\u00f1o de una sola asa es c\u00f3modo de sujetar, f\u00e1cil de manejar y adecuado para varios m\u00e9todos de cocci\u00f3n.<\/li>\n\n\n\n<li><strong>Tapa vertical<\/strong>: Viene con una tapa vertical para minimizar el espacio en la encimera y mantener el proceso de cocci\u00f3n ordenado.<\/li>\n\n\n\n<li><strong>Compra a granel preferente<\/strong>Sart\u00e9n china: nuestra sart\u00e9n china est\u00e1 dise\u00f1ada para el mercado mayorista, adecuada para grandes restaurantes y minoristas con necesidades de compra al por mayor.<\/li>\n\n\n\n<li><strong><a href=\"https:\/\/www.chancescook.com\/es\/custom-cookware\/\" data-type=\"page\" data-id=\"2987\">Servicio a medida<\/a><\/strong>: Podemos personalizar el tama\u00f1o, el dise\u00f1o y el logotipo de la marca para satisfacer las distintas demandas del mercado.<\/li>\n<\/ul>\n<\/div>\n\n\n\n<div class=\"wp-block-column is-layout-flow wp-block-column-is-layout-flow\">\n<figure class=\"wp-block-image size-full\"><img decoding=\"async\" width=\"720\" height=\"720\" src=\"https:\/\/www.chancescook.com\/wp-content\/uploads\/2024\/08\/Wholesale-Chinese-Frying-Pan-stainless-steel-4.webp\" alt=\"Mayorista Sart\u00e9n china acero inoxidable (4)\" class=\"wp-image-4307\" srcset=\"https:\/\/www.chancescook.com\/wp-content\/uploads\/2024\/08\/Wholesale-Chinese-Frying-Pan-stainless-steel-4.webp 720w, https:\/\/www.chancescook.com\/wp-content\/uploads\/2024\/08\/Wholesale-Chinese-Frying-Pan-stainless-steel-4-300x300.webp 300w, https:\/\/www.chancescook.com\/wp-content\/uploads\/2024\/08\/Wholesale-Chinese-Frying-Pan-stainless-steel-4-150x150.webp 150w, https:\/\/www.chancescook.com\/wp-content\/uploads\/2024\/08\/Wholesale-Chinese-Frying-Pan-stainless-steel-4-12x12.webp 12w, https:\/\/www.chancescook.com\/wp-content\/uploads\/2024\/08\/Wholesale-Chinese-Frying-Pan-stainless-steel-4-285x285.webp 285w, https:\/\/www.chancescook.com\/wp-content\/uploads\/2024\/08\/Wholesale-Chinese-Frying-Pan-stainless-steel-4-270x270.webp 270w, https:\/\/www.chancescook.com\/wp-content\/uploads\/2024\/08\/Wholesale-Chinese-Frying-Pan-stainless-steel-4-540x540.webp 540w, https:\/\/www.chancescook.com\/wp-content\/uploads\/2024\/08\/Wholesale-Chinese-Frying-Pan-stainless-steel-4-660x660.webp 660w\" sizes=\"(max-width: 720px) 100vw, 720px\" \/><\/figure>\n<\/div>\n<\/div>","protected":false},"excerpt":{"rendered":"<p>Nuestra sart\u00e9n china al por mayor tiene un fondo de material compuesto y est\u00e1 fabricada en acero inoxidable de tres capas con un asa robusta y tapa vertical, perfecta para compras al por mayor y una amplia gama de usos culinarios. Le invitamos a solicitar un presupuesto.<\/p>\n<h3 class=\"wp-block-heading\">Especificaciones de la sart\u00e9n china<\/h3>\n<ul>\n<li>Fabricante: CHANCES<\/li>\n<li>Material: Acero inoxidable tricapa<\/li>\n<li>Tama\u00f1o:8, 9, 10, 11 y 12 pulgadas<\/li>\n<li>Grosor: 2,0 mm<\/li>\n<li>OEM&amp;ODM: Personalizado, bienvenido OEM&amp;ODM<\/li>\n<li>MOQ:1000PCS<\/li>\n<li>Embalaje: Caja de color\/Caja de cart\u00f3n<\/li>\n<li>Muestra: Gratis<\/li>\n<\/ul>\n<p><a href=\"https:\/\/www.chancescook.com\/es\"><strong>Chancescook<\/strong><\/a> se complace en ofrecer servicios personalizados profesionales para que la sart\u00e9n de acero inoxidable sea lo suficientemente competente como para ayudarle en todo lo que desee. Todo ello con la ayuda de nuestro exclusivo desarrollo de moldes, nuestra s\u00f3lida capacidad de producci\u00f3n y un proceso de control de calidad extremo.<\/p>\n<p>&nbsp;<\/p>","protected":false},"featured_media":5760,"comment_status":"closed","ping_status":"closed","template":"","meta":{"_acf_changed":false},"product_brand":[],"product_cat":[52,66],"product_tag":[],"class_list":{"0":"post-3701","1":"product","2":"type-product","3":"status-publish","4":"has-post-thumbnail","6":"product_cat-cookware-wholesale","7":"product_cat-frying-pan-wholesale","9":"first","10":"instock","11":"shipping-taxable","12":"product-type-simple"},"acf":[],"_links":{"self":[{"href":"https:\/\/www.chancescook.com\/es\/wp-json\/wp\/v2\/product\/3701","targetHints":{"allow":["GET"]}}],"collection":[{"href":"https:\/\/www.chancescook.com\/es\/wp-json\/wp\/v2\/product"}],"about":[{"href":"https:\/\/www.chancescook.com\/es\/wp-json\/wp\/v2\/types\/product"}],"replies":[{"embeddable":true,"href":"https:\/\/www.chancescook.com\/es\/wp-json\/wp\/v2\/comments?post=3701"}],"wp:featuredmedia":[{"embeddable":true,"href":"https:\/\/www.chancescook.com\/es\/wp-json\/wp\/v2\/media\/5760"}],"wp:attachment":[{"href":"https:\/\/www.chancescook.com\/es\/wp-json\/wp\/v2\/media?parent=3701"}],"wp:term":[{"taxonomy":"product_brand","embeddable":true,"href":"https:\/\/www.chancescook.com\/es\/wp-json\/wp\/v2\/product_brand?post=3701"},{"taxonomy":"product_cat","embeddable":true,"href":"https:\/\/www.chancescook.com\/es\/wp-json\/wp\/v2\/product_cat?post=3701"},{"taxonomy":"product_tag","embeddable":true,"href":"https:\/\/www.chancescook.com\/es\/wp-json\/wp\/v2\/product_tag?post=3701"}],"curies":[{"name":"wp","href":"https:\/\/api.w.org\/{rel}","templated":true}]}}