{"id":3755,"date":"2024-09-04T17:33:28","date_gmt":"2024-09-04T17:33:28","guid":{"rendered":"https:\/\/www.chancescook.com\/?post_type=product&#038;p=3755"},"modified":"2024-09-04T17:33:29","modified_gmt":"2024-09-04T17:33:29","slug":"wholesale-cookware-set","status":"publish","type":"product","link":"https:\/\/www.chancescook.com\/es\/producto\/wholesale-cookware-set\/","title":{"rendered":"Mayorista Bater\u00eda de Cocina 21 Piezas Acero Inoxidable Asa de Mariposa Tapa de Cristal Juego de Sartenes"},"content":{"rendered":"<div class=\"wp-block-columns is-layout-flex wp-container-core-columns-is-layout-9d6595d7 wp-block-columns-is-layout-flex\">\n<div class=\"wp-block-column is-layout-flow wp-block-column-is-layout-flow\">\n<h3 class=\"wp-block-heading\">Caracter\u00edsticas y ventajas de la bater\u00eda de cocina al por mayor<\/h3>\n\n\n\n<ul class=\"wp-block-list\">\n<li><strong>Conjunto completo<\/strong>21 piezas de bater\u00eda de cocina para satisfacer todas las necesidades culinarias, un juego para resolver todos los problemas de la cocina.<\/li>\n\n\n\n<li><strong>Acero inoxidable de alta calidad<\/strong>: Este juego de utensilios de cocina est\u00e1 hecho de material de acero inoxidable de alta calidad, que es duradero y resistente a la corrosi\u00f3n, lo que garantiza un uso a largo plazo.<\/li>\n\n\n\n<li><strong>Apto para varias cocinas<\/strong>Tanto si utiliza una placa de inducci\u00f3n como una cocina de gas o una placa de inducci\u00f3n, nuestras ollas y sartenes son perfectas para ello.<\/li>\n\n\n\n<li><strong>Dise\u00f1o de montura ancha<\/strong>Ollas y sartenes de borde ancho con dise\u00f1o a prueba de derrames para facilitar el vertido y la limpieza.<\/li>\n\n\n\n<li><strong>Asa de mariposa<\/strong>Este juego de utensilios de cocina al por mayor tiene un mango de mariposa ergon\u00f3mico, c\u00f3modo de sujetar y m\u00e1s seguro de usar.<\/li>\n\n\n\n<li><strong>Tapa de cristal<\/strong>: Equipado con una tapa de cristal transparente, es f\u00e1cil observar la cocci\u00f3n de los ingredientes manteniendo la temperatura y la humedad.<\/li>\n<\/ul>\n<\/div>\n\n\n\n<div class=\"wp-block-column is-layout-flow wp-block-column-is-layout-flow\">\n<h3 class=\"wp-block-heading\">Especificaciones de la bater\u00eda de cocina<\/h3>\n\n\n\n<ul class=\"wp-block-list\">\n<li>Fabricante: CHANCES<\/li>\n\n\n\n<li>Modelo N\u00ba:CY-KB2705C<\/li>\n\n\n\n<li>Material: SS410<\/li>\n\n\n\n<li>N\u00famero de piezas:21 piezas<\/li>\n\n\n\n<li>Grosor:0,5 mm<\/li>\n\n\n\n<li>Fondo:3.0mm1<\/li>\n\n\n\n<li>OEM&amp;ODM: Personalizado, bienvenido OEM&amp;ODM<\/li>\n\n\n\n<li>MOQ:1 x 40'HQ<\/li>\n\n\n\n<li>Embalaje: Caja de color\/Caja de cart\u00f3n<\/li>\n\n\n\n<li>Muestra: Gratis<\/li>\n<\/ul>\n<\/div>\n<\/div>\n\n\n\n<p><\/p>","protected":false},"excerpt":{"rendered":"<p>Explore nuestra bater\u00eda de cocina de acero inoxidable de 21 piezas con bordes anchos, asas de mariposa y tapas de cristal, ideal para compras al por mayor y eficiencia en la cocina. No dude en ponerse en contacto con nosotros para solicitar un presupuesto gratuito.<\/p>\n<h3>El juego de utensilios de cocina incluye\uff1a<\/h3>\n<ul>\n<li>Cacerola de 16 cm x 8,5 cm con tapa<\/li>\n<li>16cm x 8,5cm Cacerola con tapa<\/li>\n<li>Cacerola 20cm x 11cm con tapa<\/li>\n<li>Cacerola de 24 cm x 13,9 cm con tapa<\/li>\n<li>Sart\u00e9n de 24 cm x 7,2 cm con tapa<\/li>\n<li>Vaporera de 20 cm x 9,4 cm<\/li>\n<li>Bol de 20 cm con tapa de PVC<\/li>\n<li>30cm Utensilio de cocina x 3Pcs<\/li>\n<li>Rallador y anillo adaptador<\/li>\n<li>Soporte de alfombrilla x 2Pcs<\/li>\n<li>Cesta para fre\u00edr<\/li>\n<\/ul>","protected":false},"featured_media":3804,"comment_status":"closed","ping_status":"closed","template":"","meta":{"_acf_changed":false},"product_brand":[],"product_cat":[53],"product_tag":[],"class_list":{"0":"post-3755","1":"product","2":"type-product","3":"status-publish","4":"has-post-thumbnail","6":"product_cat-wholesale-cookware-sets","8":"first","9":"instock","10":"shipping-taxable","11":"product-type-simple"},"acf":[],"_links":{"self":[{"href":"https:\/\/www.chancescook.com\/es\/wp-json\/wp\/v2\/product\/3755","targetHints":{"allow":["GET"]}}],"collection":[{"href":"https:\/\/www.chancescook.com\/es\/wp-json\/wp\/v2\/product"}],"about":[{"href":"https:\/\/www.chancescook.com\/es\/wp-json\/wp\/v2\/types\/product"}],"replies":[{"embeddable":true,"href":"https:\/\/www.chancescook.com\/es\/wp-json\/wp\/v2\/comments?post=3755"}],"wp:featuredmedia":[{"embeddable":true,"href":"https:\/\/www.chancescook.com\/es\/wp-json\/wp\/v2\/media\/3804"}],"wp:attachment":[{"href":"https:\/\/www.chancescook.com\/es\/wp-json\/wp\/v2\/media?parent=3755"}],"wp:term":[{"taxonomy":"product_brand","embeddable":true,"href":"https:\/\/www.chancescook.com\/es\/wp-json\/wp\/v2\/product_brand?post=3755"},{"taxonomy":"product_cat","embeddable":true,"href":"https:\/\/www.chancescook.com\/es\/wp-json\/wp\/v2\/product_cat?post=3755"},{"taxonomy":"product_tag","embeddable":true,"href":"https:\/\/www.chancescook.com\/es\/wp-json\/wp\/v2\/product_tag?post=3755"}],"curies":[{"name":"wp","href":"https:\/\/api.w.org\/{rel}","templated":true}]}}