{"id":3758,"date":"2024-09-05T09:23:40","date_gmt":"2024-09-05T09:23:40","guid":{"rendered":"https:\/\/www.chancescook.com\/?post_type=product&#038;p=3758"},"modified":"2024-09-23T08:16:23","modified_gmt":"2024-09-23T08:16:23","slug":"chinese-cookware-set","status":"publish","type":"product","link":"https:\/\/www.chancescook.com\/es\/producto\/chinese-cookware-set\/","title":{"rendered":"Bater\u00eda de Cocina China Fabricaci\u00f3n de Bater\u00eda de Cocina de Acero Inoxidable 7 Piezas con Tapa de Cristal"},"content":{"rendered":"<div class=\"wp-block-columns is-layout-flex wp-container-core-columns-is-layout-9d6595d7 wp-block-columns-is-layout-flex\">\n<div class=\"wp-block-column is-layout-flow wp-block-column-is-layout-flow\">\n<h3 class=\"wp-block-heading\">Caracter\u00edsticas y ventajas de la bater\u00eda de cocina china<\/h3>\n\n\n\n<ul class=\"wp-block-list\">\n<li><strong>Material de primera calidad<\/strong>: El juego de utensilios de cocina de 7 piezas est\u00e1 hecho de material de grado alimenticio de acero inoxidable de alta calidad, duradero y saludable.<\/li>\n\n\n\n<li><strong>Compatibilidad<\/strong>Juego de ollas chinas: el juego de ollas chinas es apto para todas las cocinas, incluidas las de inducci\u00f3n y gas. Todo el conjunto es resistente al calor, seguro y fiable.<\/li>\n\n\n\n<li><strong>Mango de dise\u00f1o ergon\u00f3mico<\/strong>: Una bater\u00eda de cocina china con diferentes formas de asas est\u00e1 dise\u00f1ada ergon\u00f3micamente para un agarre c\u00f3modo y seguro mientras se cocina.<\/li>\n\n\n\n<li><strong>Calefacci\u00f3n uniforme<\/strong>: El dise\u00f1o y los materiales del tambor favorecen un calentamiento uniforme, y el dise\u00f1o de la tapa de cristal reduce la p\u00e9rdida de calor y mejora la eficacia de la cocci\u00f3n.<\/li>\n\n\n\n<li><strong>Dise\u00f1o de tapa de cristal<\/strong>: Moderno y minimalista, permite ver f\u00e1cilmente los alimentos dentro de la olla y realza la est\u00e9tica de los utensilios de cocina.<\/li>\n\n\n\n<li><strong>Versatilidad<\/strong>: El juego de utensilios de cocina de 7 piezas incluye una variedad de ollas y sartenes que se pueden utilizar para diversos m\u00e9todos de cocci\u00f3n, desde estofar hasta saltear.<\/li>\n<\/ul>\n<\/div>\n\n\n\n<div class=\"wp-block-column is-layout-flow wp-block-column-is-layout-flow\">\n<h3 class=\"wp-block-heading\">Especificaciones de la bater\u00eda de cocina<\/h3>\n\n\n\n<ul class=\"wp-block-list\">\n<li>Fabricante: CHANCES<\/li>\n\n\n\n<li>Model No.:CY-GXBG0705\/CY-GXBG0705A\/CY-GXBG0705B<\/li>\n\n\n\n<li>Material: SS201<\/li>\n\n\n\n<li>N\u00famero de piezas:7 piezas<\/li>\n\n\n\n<li>Grosor:0,5 mm<\/li>\n\n\n\n<li>Fondo:3.0mm<\/li>\n\n\n\n<li><strong><a href=\"https:\/\/www.chancescook.com\/es\/custom-cookware\/\" data-type=\"page\" data-id=\"2987\">OEM&amp;ODM<\/a><\/strong>: Personalizado, bienvenido OEM&amp;ODM<\/li>\n\n\n\n<li>MOQ:1 x 40'HQ<\/li>\n\n\n\n<li>Embalaje: Caja de color\/Caja de cart\u00f3n<\/li>\n\n\n\n<li>Muestra: Gratis<\/li>\n<\/ul>\n<\/div>\n<\/div>","protected":false},"excerpt":{"rendered":"<p>Chinese cookware set fabrica una bater\u00eda de cocina con 7 ollas y sartenes diferentes. Fabricado en acero inoxidable de alta calidad, tambi\u00e9n viene con tapas de vidrio duraderas, combinando una estructura de olla en forma de tambor con un dise\u00f1o moderno para mejorar la funcionalidad de su cocina. Esta bater\u00eda de cocina es una de las m\u00e1s valoradas, ya que satisface diferentes necesidades culinarias y mejora el rendimiento de la cocina.<\/p>\n<h3>Juego de bater\u00eda de cocina china Incluye:<\/h3>\n<table width=\"781\">\n<tbody>\n<tr>\n<td width=\"136\">N\u00ba de modelo<\/td>\n<td width=\"230\">Variantes de productos<\/td>\n<td width=\"413\">Configuraci\u00f3n<\/td>\n<\/tr>\n<tr>\n<td>CY-GXBG0705<\/td>\n<td width=\"230\">Asa de mariposa para olla con tapa de tambor<\/td>\n<td rowspan=\"3\" width=\"413\">Cacerola de 16 cm x 10,5 cm con tapa<br \/>18cm x 11.5cm Cacerola con tapa<br \/>Cacerola de 24 cm x 14,5 cm con tapa<br \/>Sart\u00e9n de 24 cm x 7,5 cm<\/td>\n<\/tr>\n<tr>\n<td>CY-GXBG0705A<\/td>\n<td width=\"230\">Asa hueca para ollas con tapa de bid\u00f3n<\/td>\n<\/tr>\n<tr>\n<td>CY-GXBG0705B<\/td>\n<td width=\"230\">Olla en forma de tambor con tapa de cristal<\/td>\n<\/tr>\n<\/tbody>\n<\/table>","protected":false},"featured_media":4112,"comment_status":"closed","ping_status":"closed","template":"","meta":{"_acf_changed":false},"product_brand":[],"product_cat":[53],"product_tag":[],"class_list":{"0":"post-3758","1":"product","2":"type-product","3":"status-publish","4":"has-post-thumbnail","6":"product_cat-wholesale-cookware-sets","8":"first","9":"instock","10":"shipping-taxable","11":"product-type-simple"},"acf":[],"_links":{"self":[{"href":"https:\/\/www.chancescook.com\/es\/wp-json\/wp\/v2\/product\/3758","targetHints":{"allow":["GET"]}}],"collection":[{"href":"https:\/\/www.chancescook.com\/es\/wp-json\/wp\/v2\/product"}],"about":[{"href":"https:\/\/www.chancescook.com\/es\/wp-json\/wp\/v2\/types\/product"}],"replies":[{"embeddable":true,"href":"https:\/\/www.chancescook.com\/es\/wp-json\/wp\/v2\/comments?post=3758"}],"wp:featuredmedia":[{"embeddable":true,"href":"https:\/\/www.chancescook.com\/es\/wp-json\/wp\/v2\/media\/4112"}],"wp:attachment":[{"href":"https:\/\/www.chancescook.com\/es\/wp-json\/wp\/v2\/media?parent=3758"}],"wp:term":[{"taxonomy":"product_brand","embeddable":true,"href":"https:\/\/www.chancescook.com\/es\/wp-json\/wp\/v2\/product_brand?post=3758"},{"taxonomy":"product_cat","embeddable":true,"href":"https:\/\/www.chancescook.com\/es\/wp-json\/wp\/v2\/product_cat?post=3758"},{"taxonomy":"product_tag","embeddable":true,"href":"https:\/\/www.chancescook.com\/es\/wp-json\/wp\/v2\/product_tag?post=3758"}],"curies":[{"name":"wp","href":"https:\/\/api.w.org\/{rel}","templated":true}]}}