{"id":3763,"date":"2024-08-31T03:58:32","date_gmt":"2024-08-31T03:58:32","guid":{"rendered":"https:\/\/www.chancescook.com\/?post_type=product&#038;p=3763"},"modified":"2024-09-23T08:43:28","modified_gmt":"2024-09-23T08:43:28","slug":"korean-cookware-set-wholesale","status":"publish","type":"product","link":"https:\/\/www.chancescook.com\/es\/producto\/korean-cookware-set-wholesale\/","title":{"rendered":"Mayorista Juego de utensilios de cocina coreanos con dise\u00f1o de tambor de acero inoxidable\uff0cJuego de 8 piezas"},"content":{"rendered":"<div class=\"wp-block-columns is-layout-flex wp-container-core-columns-is-layout-9d6595d7 wp-block-columns-is-layout-flex\">\n<div class=\"wp-block-column is-layout-flow wp-block-column-is-layout-flow\">\n<h3 class=\"wp-block-heading\">Caracter\u00edsticas y ventajas del juego de utensilios de cocina coreanos<\/h3>\n\n\n\n<ul class=\"wp-block-list\">\n<li><strong>Apto para horno hasta 800\u00b0F (aprox. 427\u00b0C)<\/strong>: este juego de utensilios de cocina coreanos es apto para horno y parrilla, lo que ofrece una amplia gama de opciones de cocci\u00f3n.<\/li>\n\n\n\n<li><strong>Compatible con todos los tipos de estufas<\/strong>: Apto para todas las cocinas, incluida la inducci\u00f3n, lo que garantiza una amplia compatibilidad.<\/li>\n\n\n\n<li><strong>Revestimiento no t\u00f3xico y sin productos qu\u00edmicos<\/strong>: Fabricado en acero compuesto de alta calidad, libre de sustancias nocivas como PFAS, PTFE, Tefl\u00f3n, PFOA, PFOS y m\u00e1s.<\/li>\n\n\n\n<li><strong>Dise\u00f1o duradero y seguro<\/strong>: Cuenta con un borde ancho para verter f\u00e1cilmente, un asa que se mantiene fr\u00eda y una tapa de acero resistente para retener la humedad.<\/li>\n\n\n\n<li><strong>Vers\u00e1til y pr\u00e1ctico<\/strong>: Incluye m\u00faltiples tama\u00f1os de ollas, sartenes, ollas de cocci\u00f3n lenta, sartenes y utensilios adicionales para satisfacer todas las necesidades de la cocina.<\/li>\n\n\n\n<li><strong>F\u00e1cil de limpiar<\/strong>: Dise\u00f1ado para ser f\u00e1cil de limpiar y apto para lavavajillas para mantener los utensilios de cocina como nuevos.<\/li>\n<\/ul>\n<\/div>\n\n\n\n<div class=\"wp-block-column is-layout-flow wp-block-column-is-layout-flow\">\n<h3 class=\"wp-block-heading\">Especificaciones del juego de utensilios de cocina coreanos<\/h3>\n\n\n\n<ul class=\"wp-block-list\">\n<li>Fabricante: CHANCES<\/li>\n\n\n\n<li>N.\u00ba de modelo: CY-HSGX0508<\/li>\n\n\n\n<li>Material: SS201<\/li>\n\n\n\n<li>N\u00famero de piezas:8 piezas<\/li>\n\n\n\n<li>Tapa: Tapa de acero inoxidable<\/li>\n\n\n\n<li>Grosor:0,4 mm<\/li>\n\n\n\n<li>Fondo:2,0 mm<\/li>\n\n\n\n<li>GW\/NW: 17,8 kg\/16,6 kg<\/li>\n\n\n\n<li><strong><a href=\"https:\/\/www.chancescook.com\/es\/custom-cookware\/\" data-type=\"page\" data-id=\"2987\">OEM&amp;ODM<\/a><\/strong>: Personalizado, bienvenido OEM&amp;ODM<\/li>\n\n\n\n<li>Embalaje: Caja de color\/Caja de cart\u00f3n<\/li>\n\n\n\n<li>Muestra: Gratis<\/li>\n<\/ul>\n<\/div>\n<\/div>\n\n\n\n<p><\/p>","protected":false},"excerpt":{"rendered":"<p>Descubra nuestro juego de utensilios de cocina coreanos, duraderos y fabricados con materiales de alta calidad. El exclusivo dise\u00f1o en forma de tambor de este juego de utensilios de cocina coreanos no solo aumenta el espacio para cocinar, sino que tambi\u00e9n mejora su experiencia en la cocina y le permite disfrutar cada vez que cocina.<\/p>\n<h3>El juego de utensilios de cocina coreanos incluye:<\/h3>\n<ul>\n<li>18cm x 10.1cm Cacerola con tapa<\/li>\n<li>Cacerola con tapa de 20 cm x 10,8 cm<\/li>\n<li>Cacerola con tapa de 22 cm x 11,8 cm<\/li>\n<li>Cacerola con tapa de 24 cm x 12,5 cm<\/li>\n<\/ul>\n<h3>\u00a0<\/h3>\n<h3>\u00a0<\/h3>\n<p>&nbsp;<\/p>","protected":false},"featured_media":4124,"comment_status":"closed","ping_status":"closed","template":"","meta":{"_acf_changed":false},"product_brand":[],"product_cat":[53],"product_tag":[],"class_list":{"0":"post-3763","1":"product","2":"type-product","3":"status-publish","4":"has-post-thumbnail","6":"product_cat-wholesale-cookware-sets","8":"first","9":"instock","10":"shipping-taxable","11":"product-type-simple"},"acf":[],"_links":{"self":[{"href":"https:\/\/www.chancescook.com\/es\/wp-json\/wp\/v2\/product\/3763","targetHints":{"allow":["GET"]}}],"collection":[{"href":"https:\/\/www.chancescook.com\/es\/wp-json\/wp\/v2\/product"}],"about":[{"href":"https:\/\/www.chancescook.com\/es\/wp-json\/wp\/v2\/types\/product"}],"replies":[{"embeddable":true,"href":"https:\/\/www.chancescook.com\/es\/wp-json\/wp\/v2\/comments?post=3763"}],"wp:featuredmedia":[{"embeddable":true,"href":"https:\/\/www.chancescook.com\/es\/wp-json\/wp\/v2\/media\/4124"}],"wp:attachment":[{"href":"https:\/\/www.chancescook.com\/es\/wp-json\/wp\/v2\/media?parent=3763"}],"wp:term":[{"taxonomy":"product_brand","embeddable":true,"href":"https:\/\/www.chancescook.com\/es\/wp-json\/wp\/v2\/product_brand?post=3763"},{"taxonomy":"product_cat","embeddable":true,"href":"https:\/\/www.chancescook.com\/es\/wp-json\/wp\/v2\/product_cat?post=3763"},{"taxonomy":"product_tag","embeddable":true,"href":"https:\/\/www.chancescook.com\/es\/wp-json\/wp\/v2\/product_tag?post=3763"}],"curies":[{"name":"wp","href":"https:\/\/api.w.org\/{rel}","templated":true}]}}