{"id":3764,"date":"2024-09-05T06:48:40","date_gmt":"2024-09-05T06:48:40","guid":{"rendered":"https:\/\/www.chancescook.com\/?post_type=product&#038;p=3764"},"modified":"2024-09-23T08:26:19","modified_gmt":"2024-09-23T08:26:19","slug":"pots-and-pans-supplier","status":"publish","type":"product","link":"https:\/\/www.chancescook.com\/es\/producto\/pots-and-pans-supplier\/","title":{"rendered":"Ollas y sartenes Proveedor de Stainless Steel Drum Glass Lid 12 Piece Cookware Set"},"content":{"rendered":"<div class=\"wp-block-columns is-layout-flex wp-container-core-columns-is-layout-9d6595d7 wp-block-columns-is-layout-flex\">\n<div class=\"wp-block-column is-layout-flow wp-block-column-is-layout-flow\">\n<h3 class=\"wp-block-heading\">Caracter\u00edsticas y ventajas del proveedor de ollas y sartenes <\/h3>\n\n\n\n<ul class=\"wp-block-list\">\n<li><strong>Variedad de materiales<\/strong>: Nuestro juego de ollas y sartenes de 12 piezas ofrece utensilios de cocina de distintos materiales, como acero inoxidable y revestimiento antiadherente, para satisfacer las diferentes necesidades y preferencias culinarias.<\/li>\n\n\n\n<li><strong>Conveniencia<\/strong>: La ventanilla \u00fanica le permite adquirir una gran variedad de ollas y sartenes de un solo proveedor, lo que reduce los costes y aumenta la eficacia.<\/li>\n\n\n\n<li><strong>M\u00faltiples opciones de tama\u00f1o<\/strong>: Incluye una amplia gama de utensilios de cocina para satisfacer plenamente las diversas necesidades culinarias de las cocinas dom\u00e9sticas o comerciales.<\/li>\n\n\n\n<li><strong>Duradero<\/strong>: Las ollas y sartenes de acero inoxidable no s\u00f3lo son duraderas y f\u00e1ciles de limpiar, lo que garantiza un uso prolongado, sino que su excelente conductividad t\u00e9rmica garantiza que los ingredientes se calienten uniformemente.<\/li>\n\n\n\n<li><strong>Sart\u00e9n en forma de tambor<\/strong>: Su mayor capacidad la hace m\u00e1s adecuada para cocer a fuego lento y cocinar mayores cantidades de alimentos que una sart\u00e9n.<\/li>\n\n\n\n<li><strong>Dise\u00f1o de tapa de cristal transparente<\/strong>: Facilita la comprobaci\u00f3n del estado de los alimentos durante la cocci\u00f3n, reduce el n\u00famero de veces que hay que abrir la tapa y mejora la eficacia de la cocci\u00f3n.<\/li>\n<\/ul>\n<\/div>\n\n\n\n<div class=\"wp-block-column is-layout-flow wp-block-column-is-layout-flow\">\n<h3 class=\"wp-block-heading\">Especificaciones de ollas y sartenes<\/h3>\n\n\n\n<ul class=\"wp-block-list\">\n<li>Fabricante: CHANCES<\/li>\n\n\n\n<li>Model No.:CY-GXBG1205\/CY-GXBG1205A<\/li>\n\n\n\n<li>Material: SS201<\/li>\n\n\n\n<li>N\u00famero de piezas:12 piezas<\/li>\n\n\n\n<li>Grosor:0,5 mm<\/li>\n\n\n\n<li>Fondo:3.0mm<\/li>\n\n\n\n<li>GW\/NW: 17,0 kg\/15,4 kg<\/li>\n\n\n\n<li>OEM&amp;ODM: Personalizado, bienvenido OEM&amp;ODM<\/li>\n\n\n\n<li>MOQ:1 x 40'HQ<\/li>\n\n\n\n<li>Embalaje: Caja de color\/Caja de cart\u00f3n<\/li>\n\n\n\n<li>Muestra: Gratis<\/li>\n<\/ul>\n<\/div>\n<\/div>\n\n\n\n<div class=\"wp-block-columns is-layout-flex wp-container-core-columns-is-layout-9d6595d7 wp-block-columns-is-layout-flex\">\n<div class=\"wp-block-column is-layout-flow wp-block-column-is-layout-flow\" style=\"flex-basis:33.34%\"><\/div>\n\n\n\n<div class=\"wp-block-column is-layout-flow wp-block-column-is-layout-flow\" style=\"flex-basis:33.34%\">\n<figure class=\"wp-block-image size-full\"><img decoding=\"async\" width=\"2126\" height=\"2040\" src=\"https:\/\/www.chancescook.com\/wp-content\/uploads\/2024\/09\/Pots-and-Pans-Supplier-3.webp\" alt=\"Proveedor de ollas y sartenes\" class=\"wp-image-3817\" srcset=\"https:\/\/www.chancescook.com\/wp-content\/uploads\/2024\/09\/Pots-and-Pans-Supplier-3.webp 2126w, https:\/\/www.chancescook.com\/wp-content\/uploads\/2024\/09\/Pots-and-Pans-Supplier-3-300x288.webp 300w, https:\/\/www.chancescook.com\/wp-content\/uploads\/2024\/09\/Pots-and-Pans-Supplier-3-768x737.webp 768w, https:\/\/www.chancescook.com\/wp-content\/uploads\/2024\/09\/Pots-and-Pans-Supplier-3-13x12.webp 13w, https:\/\/www.chancescook.com\/wp-content\/uploads\/2024\/09\/Pots-and-Pans-Supplier-3-285x273.webp 285w, https:\/\/www.chancescook.com\/wp-content\/uploads\/2024\/09\/Pots-and-Pans-Supplier-3-1600x1535.webp 1600w, https:\/\/www.chancescook.com\/wp-content\/uploads\/2024\/09\/Pots-and-Pans-Supplier-3-660x633.webp 660w, https:\/\/www.chancescook.com\/wp-content\/uploads\/2024\/09\/Pots-and-Pans-Supplier-3-150x144.webp 150w\" sizes=\"(max-width: 2126px) 100vw, 2126px\" \/><\/figure>\n<\/div>\n\n\n\n<div class=\"wp-block-column is-layout-flow wp-block-column-is-layout-flow\" style=\"flex-basis:33.33%\"><\/div>\n<\/div>","protected":false},"excerpt":{"rendered":"<p>Descubra nuestras ollas y sartenes de acero inoxidable de 12 piezas con dise\u00f1o de tambor y tapas de cristal transparente. Bater\u00eda de cocina vers\u00e1til con base industrial que combina durabilidad y est\u00e9tica elegante con una calidad fiable y una buena relaci\u00f3n calidad-precio para una amplia gama de tareas culinarias. \u00a1Las consultas son bienvenidas!<\/p>\n<h3>Ollas y sartenes incluidas\uff1a<\/h3>\n<table border=\"0\" width=\"1364\" cellspacing=\"0\" cellpadding=\"0\">\n<tbody>\n<tr>\n<td width=\"285\" height=\"42\">N\u00ba de modelo<\/td>\n<td width=\"385\">Variantes de productos<\/td>\n<td width=\"692\">Configuraci\u00f3n<\/td>\n<\/tr>\n<tr>\n<td height=\"176\">CY-GXBG1205<\/td>\n<td width=\"385\">Ollas y sartenes con tapa de cristal transparente<\/td>\n<td rowspan=\"2\" width=\"692\">Cacerola de 16 cm x 10,5 cm con tapa <br \/>16cm x 10.5cm Cacerola con tapa <br \/>18cm x 11.5cm Cacerola con tapa <br \/>Cacerola de 20 cm x 12,5 cm con tapa <br \/>Cacerola de 24 cm x 14,5 cm con tapa <br \/>Sart\u00e9n de 24 cm x 7,5 cm con tapa<\/td>\n<\/tr>\n<tr>\n<td height=\"176\">CY-GXBG1205A<\/td>\n<td width=\"385\">Ollas y sartenes con tapa de cristal transparente (sart\u00e9n con revestimiento antiadherente)<\/td>\n<\/tr>\n<\/tbody>\n<\/table>","protected":false},"featured_media":4099,"comment_status":"closed","ping_status":"closed","template":"","meta":{"_acf_changed":false},"product_brand":[],"product_cat":[53],"product_tag":[],"class_list":{"0":"post-3764","1":"product","2":"type-product","3":"status-publish","4":"has-post-thumbnail","6":"product_cat-wholesale-cookware-sets","8":"first","9":"instock","10":"shipping-taxable","11":"product-type-simple"},"acf":[],"_links":{"self":[{"href":"https:\/\/www.chancescook.com\/es\/wp-json\/wp\/v2\/product\/3764","targetHints":{"allow":["GET"]}}],"collection":[{"href":"https:\/\/www.chancescook.com\/es\/wp-json\/wp\/v2\/product"}],"about":[{"href":"https:\/\/www.chancescook.com\/es\/wp-json\/wp\/v2\/types\/product"}],"replies":[{"embeddable":true,"href":"https:\/\/www.chancescook.com\/es\/wp-json\/wp\/v2\/comments?post=3764"}],"wp:featuredmedia":[{"embeddable":true,"href":"https:\/\/www.chancescook.com\/es\/wp-json\/wp\/v2\/media\/4099"}],"wp:attachment":[{"href":"https:\/\/www.chancescook.com\/es\/wp-json\/wp\/v2\/media?parent=3764"}],"wp:term":[{"taxonomy":"product_brand","embeddable":true,"href":"https:\/\/www.chancescook.com\/es\/wp-json\/wp\/v2\/product_brand?post=3764"},{"taxonomy":"product_cat","embeddable":true,"href":"https:\/\/www.chancescook.com\/es\/wp-json\/wp\/v2\/product_cat?post=3764"},{"taxonomy":"product_tag","embeddable":true,"href":"https:\/\/www.chancescook.com\/es\/wp-json\/wp\/v2\/product_tag?post=3764"}],"curies":[{"name":"wp","href":"https:\/\/api.w.org\/{rel}","templated":true}]}}