{"id":3765,"date":"2024-09-04T06:47:06","date_gmt":"2024-09-04T06:47:06","guid":{"rendered":"https:\/\/www.chancescook.com\/?post_type=product&#038;p=3765"},"modified":"2024-09-04T17:22:57","modified_gmt":"2024-09-04T17:22:57","slug":"custom-stainless-steel-cookware-sets","status":"publish","type":"product","link":"https:\/\/www.chancescook.com\/es\/producto\/custom-stainless-steel-cookware-sets\/","title":{"rendered":"Bater\u00eda de Cocina de Acero Inoxidable Personalizada con Mangos Huecos de Tambor, Juego de 6 Piezas"},"content":{"rendered":"<div class=\"wp-block-columns is-layout-flex wp-container-core-columns-is-layout-9d6595d7 wp-block-columns-is-layout-flex\">\n<div class=\"wp-block-column is-layout-flow wp-block-column-is-layout-flow\">\n<h3 class=\"wp-block-heading\">Caracter\u00edsticas y ventajas de las bater\u00edas de cocina de acero inoxidable<\/h3>\n\n\n\n<ul class=\"wp-block-list\">\n<li><strong>Asa Comfort<\/strong>: El dise\u00f1o del mango hueco en forma de tambor mejora la comodidad de agarre y reduce el sobrecalentamiento del mango.<\/li>\n\n\n\n<li><strong>Compatible con todos los tipos de estufas<\/strong>: Juegos de ollas de acero inoxidable a medida aptos para todas las cocinas, incluida la inducci\u00f3n, lo que garantiza una amplia compatibilidad.<\/li>\n\n\n\n<li><strong>Revestimiento no t\u00f3xico y sin productos qu\u00edmicos<\/strong>: Fabricado en acero compuesto de alta calidad, libre de sustancias nocivas como PFAS, PTFE, Tefl\u00f3n, PFOA, PFOS y m\u00e1s.<\/li>\n\n\n\n<li><strong>Ideal para personalizar<\/strong>: se puede personalizar y adaptar la producci\u00f3n a las necesidades de los fabricantes para satisfacer requisitos funcionales y de dise\u00f1o espec\u00edficos.<\/li>\n\n\n\n<li><strong>Versatilidad<\/strong>: Incluye una variedad de utensilios de cocina, adecuados para una variedad de estilos de cocina y satisface diferentes necesidades culinarias.<\/li>\n\n\n\n<li><strong>F\u00e1cil de limpiar<\/strong>: El acero inoxidable y los materiales antiadherentes facilitan y agilizan la limpieza.<\/li>\n<\/ul>\n<\/div>\n\n\n\n<div class=\"wp-block-column is-layout-flow wp-block-column-is-layout-flow\">\n<h3 class=\"wp-block-heading\">Especificaciones de las bater\u00edas de cocina de acero inoxidable<\/h3>\n\n\n\n<ul class=\"wp-block-list\">\n<li>Fabricante: CHANCES<\/li>\n\n\n\n<li>Modelo N\u00ba:CY-GXBG0605<\/li>\n\n\n\n<li>Material: SS201<\/li>\n\n\n\n<li>N\u00famero de piezas:6 piezas<\/li>\n\n\n\n<li>Tapa: Tapa de acero inoxidable<\/li>\n\n\n\n<li>Grosor:0,4 mm<\/li>\n\n\n\n<li>Fondo:2,0 mm<\/li>\n\n\n\n<li><strong><a href=\"https:\/\/www.chancescook.com\/es\/custom-cookware\/\" data-type=\"page\" data-id=\"2987\">OEM&amp;ODM<\/a><\/strong>: Personalizado, bienvenido OEM&amp;ODM<\/li>\n\n\n\n<li>MOQ:1 x 40'HQ<\/li>\n\n\n\n<li>Embalaje: Caja de color\/Caja de cart\u00f3n<\/li>\n\n\n\n<li>Muestra: Gratis<\/li>\n<\/ul>\n<\/div>\n<\/div>\n\n\n\n<p><\/p>","protected":false},"excerpt":{"rendered":"<p>Los juegos de 6 utensilios de cocina de acero inoxidable incluyen una colecci\u00f3n de ollas y sartenes esenciales, cada una con asas huecas en forma de tambor de dise\u00f1o ergon\u00f3mico para un excelente agarre, resistencia al calor y distribuci\u00f3n equilibrada del peso. La construcci\u00f3n de acero inoxidable de alta calidad garantiza su durabilidad y es ideal tanto para cocineros dom\u00e9sticos como para cocinas profesionales.<\/p>\n<h3>Los juegos de utensilios de cocina de acero inoxidable personalizados incluyen\uff1a.<\/h3>\n<ul>\n<li>16cm x 10.5cm Cacerola con tapa<\/li>\n<li>Cacerola de 20 cm x 12,5 cm con tapa<\/li>\n<li>Cacerola de 24 cm x 14,5 cm con tapa<\/li>\n<\/ul>","protected":false},"featured_media":3799,"comment_status":"closed","ping_status":"closed","template":"","meta":{"_acf_changed":false},"product_brand":[],"product_cat":[53],"product_tag":[],"class_list":{"0":"post-3765","1":"product","2":"type-product","3":"status-publish","4":"has-post-thumbnail","6":"product_cat-wholesale-cookware-sets","8":"first","9":"instock","10":"shipping-taxable","11":"product-type-simple"},"acf":[],"_links":{"self":[{"href":"https:\/\/www.chancescook.com\/es\/wp-json\/wp\/v2\/product\/3765","targetHints":{"allow":["GET"]}}],"collection":[{"href":"https:\/\/www.chancescook.com\/es\/wp-json\/wp\/v2\/product"}],"about":[{"href":"https:\/\/www.chancescook.com\/es\/wp-json\/wp\/v2\/types\/product"}],"replies":[{"embeddable":true,"href":"https:\/\/www.chancescook.com\/es\/wp-json\/wp\/v2\/comments?post=3765"}],"wp:featuredmedia":[{"embeddable":true,"href":"https:\/\/www.chancescook.com\/es\/wp-json\/wp\/v2\/media\/3799"}],"wp:attachment":[{"href":"https:\/\/www.chancescook.com\/es\/wp-json\/wp\/v2\/media?parent=3765"}],"wp:term":[{"taxonomy":"product_brand","embeddable":true,"href":"https:\/\/www.chancescook.com\/es\/wp-json\/wp\/v2\/product_brand?post=3765"},{"taxonomy":"product_cat","embeddable":true,"href":"https:\/\/www.chancescook.com\/es\/wp-json\/wp\/v2\/product_cat?post=3765"},{"taxonomy":"product_tag","embeddable":true,"href":"https:\/\/www.chancescook.com\/es\/wp-json\/wp\/v2\/product_tag?post=3765"}],"curies":[{"name":"wp","href":"https:\/\/api.w.org\/{rel}","templated":true}]}}