{"id":3769,"date":"2024-09-04T16:57:20","date_gmt":"2024-09-04T16:57:20","guid":{"rendered":"https:\/\/www.chancescook.com\/?post_type=product&#038;p=3769"},"modified":"2024-09-23T04:02:05","modified_gmt":"2024-09-23T04:02:05","slug":"wholesale-8-piece-cookware-set","status":"publish","type":"product","link":"https:\/\/www.chancescook.com\/es\/producto\/wholesale-8-piece-cookware-set\/","title":{"rendered":"Mayorista Bater\u00eda de Cocina de 8 Piezas con Tapas de Cristal Juego de Ollas de Tambor de Acero Inoxidable"},"content":{"rendered":"<div class=\"wp-block-columns is-layout-flex wp-container-core-columns-is-layout-9d6595d7 wp-block-columns-is-layout-flex\">\n<div class=\"wp-block-column is-layout-flow wp-block-column-is-layout-flow\">\n<h3 class=\"wp-block-heading\">Caracter\u00edsticas y ventajas de la bater\u00eda de cocina de 8 piezas<\/h3>\n\n\n\n<ul class=\"wp-block-list\">\n<li><strong>Control visual:<\/strong> la tapa de cristal transparente est\u00e1 dise\u00f1ada para facilitar la comprobaci\u00f3n del estado de los alimentos durante la cocci\u00f3n, eliminando la necesidad de retirar la tapa con frecuencia y minimizando la p\u00e9rdida de calor.<\/li>\n\n\n\n<li><strong>Envasado al por mayor:<\/strong> Las bater\u00edas de cocina de 8 piezas al por mayor son adecuadas para minoristas y cocinas comerciales.<\/li>\n\n\n\n<li><strong>Juego de varias piezas:<\/strong> La bater\u00eda de cocina de 8 piezas contiene una variedad de ollas y sartenes, que suelen incluir diferentes tama\u00f1os de ollas de cocci\u00f3n lenta, sartenes, etc., para satisfacer m\u00faltiples necesidades culinarias.<\/li>\n\n\n\n<li><strong>Dise\u00f1o de bater\u00eda de cocina en forma de tambor:<\/strong> Las ollas y sartenes de dise\u00f1o en forma de tambor ofrecen un aspecto \u00fanico y un eficaz rendimiento en la transferencia de calor. Aumenta la est\u00e9tica de la cocina y se adapta a varios estilos de cocina.<\/li>\n\n\n\n<li><strong>Calefacci\u00f3n uniforme: <\/strong>El excelente rendimiento de conducci\u00f3n del calor garantiza que los ingredientes se calienten uniformemente, mejorando el efecto de cocci\u00f3n.<\/li>\n\n\n\n<li><strong>Limpieza sin complicaciones: <\/strong>El material de acero inoxidable garantiza que no se estropee con el tiempo, apto para un uso frecuente. La superficie antiadherente y la tapa de cristal extra\u00edble facilitan la limpieza.<\/li>\n<\/ul>\n<\/div>\n\n\n\n<div class=\"wp-block-column is-layout-flow wp-block-column-is-layout-flow\">\n<h3 class=\"wp-block-heading\">Especificaciones de la bater\u00eda de cocina de 8 piezas<\/h3>\n\n\n\n<ul class=\"wp-block-list\">\n<li>Fabricante: CHANCES<\/li>\n\n\n\n<li>Modelo N\u00ba:CY-GXBG0805<\/li>\n\n\n\n<li>Material: SS201<\/li>\n\n\n\n<li>N\u00famero de piezas:8 piezas<\/li>\n\n\n\n<li>Grosor:0,5 mm<\/li>\n\n\n\n<li>Fondo:2,0 mm<\/li>\n\n\n\n<li><strong><a href=\"http:\/\/custom solution\">OEM&amp;ODM<\/a><\/strong>: Personalizado, bienvenido OEM&amp;ODM<\/li>\n\n\n\n<li>MOQ:1 x 40'HQ<\/li>\n\n\n\n<li>Embalaje: Caja de color\/Caja de cart\u00f3n<\/li>\n\n\n\n<li>Muestra: Gratis<\/li>\n<\/ul>\n<\/div>\n<\/div>\n\n\n\n<p><\/p>","protected":false},"excerpt":{"rendered":"<p>El duradero dise\u00f1o de tambor de esta bater\u00eda de cocina de 8 piezas est\u00e1 fabricado en acero inoxidable de primera calidad para ofrecer una excelente conductividad t\u00e9rmica y durabilidad, y la tapa de cristal incorporada facilita la observaci\u00f3n y el seguimiento del proceso de caramelizaci\u00f3n mientras se cocina. Este juego es ideal para minoristas o cocinas comerciales, no dude en ponerse en contacto con nosotros para solicitar muestras.<\/p>\n<h3>Juego de utensilios de cocina de 8 piezas que incluye\uff1a<\/h3>\n<ul>\n<li>16cm x 10.5cm Cacerola con tapa<\/li>\n<li>18cm x 11.5 Cacerola con tapa<\/li>\n<li>Cacerola de 20 cm x 12,5 cm con tapa<\/li>\n<li>22cm x 13.5cm Cacerola con tapa<\/li>\n<\/ul>\n<p>&nbsp;<\/p>\n<p>&nbsp;<\/p>","protected":false},"featured_media":3800,"comment_status":"closed","ping_status":"closed","template":"","meta":{"_acf_changed":false},"product_brand":[],"product_cat":[53],"product_tag":[],"class_list":{"0":"post-3769","1":"product","2":"type-product","3":"status-publish","4":"has-post-thumbnail","6":"product_cat-wholesale-cookware-sets","8":"first","9":"instock","10":"shipping-taxable","11":"product-type-simple"},"acf":[],"_links":{"self":[{"href":"https:\/\/www.chancescook.com\/es\/wp-json\/wp\/v2\/product\/3769","targetHints":{"allow":["GET"]}}],"collection":[{"href":"https:\/\/www.chancescook.com\/es\/wp-json\/wp\/v2\/product"}],"about":[{"href":"https:\/\/www.chancescook.com\/es\/wp-json\/wp\/v2\/types\/product"}],"replies":[{"embeddable":true,"href":"https:\/\/www.chancescook.com\/es\/wp-json\/wp\/v2\/comments?post=3769"}],"wp:featuredmedia":[{"embeddable":true,"href":"https:\/\/www.chancescook.com\/es\/wp-json\/wp\/v2\/media\/3800"}],"wp:attachment":[{"href":"https:\/\/www.chancescook.com\/es\/wp-json\/wp\/v2\/media?parent=3769"}],"wp:term":[{"taxonomy":"product_brand","embeddable":true,"href":"https:\/\/www.chancescook.com\/es\/wp-json\/wp\/v2\/product_brand?post=3769"},{"taxonomy":"product_cat","embeddable":true,"href":"https:\/\/www.chancescook.com\/es\/wp-json\/wp\/v2\/product_cat?post=3769"},{"taxonomy":"product_tag","embeddable":true,"href":"https:\/\/www.chancescook.com\/es\/wp-json\/wp\/v2\/product_tag?post=3769"}],"curies":[{"name":"wp","href":"https:\/\/api.w.org\/{rel}","templated":true}]}}