{"id":3789,"date":"2024-09-05T07:58:06","date_gmt":"2024-09-05T07:58:06","guid":{"rendered":"https:\/\/www.chancescook.com\/?post_type=product&#038;p=3789"},"modified":"2024-09-23T08:08:37","modified_gmt":"2024-09-23T08:08:37","slug":"12-piece-cookware-set-wholesale","status":"publish","type":"product","link":"https:\/\/www.chancescook.com\/es\/producto\/12-piece-cookware-set-wholesale\/","title":{"rendered":"Juego de 12 Piezas de Bater\u00eda de Cocina de Acero Inoxidable al por Mayor Tapas de Cristal Transparente"},"content":{"rendered":"<div class=\"wp-block-columns is-layout-flex wp-container-core-columns-is-layout-9d6595d7 wp-block-columns-is-layout-flex\">\n<div class=\"wp-block-column is-layout-flow wp-block-column-is-layout-flow\">\n<h3 class=\"wp-block-heading\">Caracter\u00edsticas y ventajas de la bater\u00eda de cocina de 12 piezas<\/h3>\n\n\n\n<ul class=\"wp-block-list\">\n<li><strong>Acero inoxidable de primera calidad<\/strong>: Esta bater\u00eda de cocina de 12 piezas est\u00e1 fabricada en acero inoxidable de primera calidad, duradero y resistente a la corrosi\u00f3n.<\/li>\n\n\n\n<li><strong>Apto para horno<\/strong>: Esta bater\u00eda de cocina de la empresa de utensilios de cocina es apta para el horno desde aproximadamente 350 \u00b0F hasta 450 \u00b0F para una amplia gama de m\u00e9todos de cocci\u00f3n.<\/li>\n\n\n\n<li><strong>Tecnolog\u00eda de distribuci\u00f3n del calor<\/strong>: La distribuci\u00f3n uniforme del calor en la parte inferior garantiza resultados de cocci\u00f3n uniformes sin puntos calientes.<\/li>\n\n\n\n<li><strong>Asas ergon\u00f3micas<\/strong>: Una robusta bater\u00eda de cocina de 12 piezas fr\u00eda al tacto y ergon\u00f3mica para un agarre c\u00f3modo y seguro mientras cocina.<\/li>\n\n\n\n<li><strong>Vers\u00e1til y f\u00e1cil de usar<\/strong>: Los utensilios de cocina al por mayor incluyen m\u00faltiples tama\u00f1os de ollas, sartenes, ollas de cocci\u00f3n lenta, cacerolas y otros utensilios para todas las necesidades de la cocina.<\/li>\n\n\n\n<li><strong>F\u00e1cil de limpiar<\/strong>: Apto para lavavajillas para mantener la bater\u00eda de cocina como nueva.<\/li>\n<\/ul>\n<\/div>\n\n\n\n<div class=\"wp-block-column is-layout-flow wp-block-column-is-layout-flow\">\n<h3 class=\"wp-block-heading\">Especificaciones de la bater\u00eda de cocina de 12 piezas<\/h3>\n\n\n\n<ul class=\"wp-block-list\">\n<li>Fabricante: CHANCES<\/li>\n\n\n\n<li>Model No.:CY-GXBG1205B\/CY-TGGX1205A<\/li>\n\n\n\n<li>Material: SS201<\/li>\n\n\n\n<li>N\u00famero de piezas:12 piezas<\/li>\n\n\n\n<li>Grosor:0,5 mm<\/li>\n\n\n\n<li>OEM&amp;ODM: Personalizado, bienvenido OEM&amp;ODM<\/li>\n\n\n\n<li>MOQ:1 x 40'HQ<\/li>\n\n\n\n<li>Embalaje: Caja de color, caja de cart\u00f3n o personalizado<\/li>\n\n\n\n<li>Muestra: Gratis<\/li>\n<\/ul>\n<\/div>\n<\/div>\n\n\n\n<p><\/p>","protected":false},"excerpt":{"rendered":"<p>Explore la bater\u00eda de cocina de 12 piezas de Chances, una bater\u00eda de cocina vers\u00e1til y rentable que es a la vez funcional y bonita, tanto si se utiliza al por mayor para fines comerciales como en la cocina dom\u00e9stica.<\/p>\n<h3>Juego de utensilios de cocina de 12 piezas incluye:<\/h3>\n<table style=\"border-collapse: collapse; width: 511.52pt;\" border=\"0\" width=\"1364\" cellspacing=\"0\" cellpadding=\"0\">\n<tbody>\n<tr style=\"height: 16.10pt;\">\n<td class=\"et3\" style=\"height: 16.10pt; width: 107.20pt;\" width=\"285\" height=\"42\">N\u00ba de modelo<\/td>\n<td class=\"et3\" style=\"width: 144.55pt;\" width=\"385\">Variantes de productos<\/td>\n<td class=\"et3\" style=\"width: 259.85pt;\" width=\"692\">Configuraci\u00f3n<\/td>\n<\/tr>\n<tr style=\"height: 72.00pt;\">\n<td class=\"et4\" style=\"height: 72.00pt;\" height=\"192\">CY-GXBG1205B<\/td>\n<td class=\"et5\" style=\"width: 144.55pt;\" width=\"385\">Juegos de tapas de bid\u00f3n de vidrio con asa hueca<\/td>\n<td class=\"et5\" style=\"width: 259.85pt;\" width=\"692\">Cacerola de 16 cm x 9,2 cm con tapa<br \/>16cm x 9,2cm Cacerola con tapa<br \/>18cm x 9.9cm Cacerola con tapa<br \/>Cacerola de 20 cm x 10,2 cm con tapa<br \/>Cacerola de 24 cm x 11,9 cm con tapa<br \/>Sart\u00e9n de 24 cm x 6,8 cm con tapa<\/td>\n<\/tr>\n<tr style=\"height: 72.00pt;\">\n<td class=\"et4\" style=\"height: 72.00pt;\" height=\"192\">CY-TGGX1205A<\/td>\n<td class=\"et5\" style=\"width: 144.55pt;\" width=\"385\">Tapa de cristal con mango fundido en forma de tambor<\/td>\n<td class=\"et5\" style=\"width: 259.85pt;\" width=\"692\">Cacerola de 16 cm x 10,5 cm con tapa <br \/>16cm x 10.5cm Cacerola con tapa <br \/>18cm x 11.5cm Cacerola con tapa <br \/>Cacerola de 20 cm x 12,5 cm con tapa <br \/>Cacerola de 24 cm x 14,5 cm con tapa <br \/>Sart\u00e9n de 24 cm x 7,5 cm con tapa<\/td>\n<\/tr>\n<\/tbody>\n<\/table>","protected":false},"featured_media":4107,"comment_status":"closed","ping_status":"closed","template":"","meta":{"_acf_changed":false},"product_brand":[],"product_cat":[53],"product_tag":[],"class_list":{"0":"post-3789","1":"product","2":"type-product","3":"status-publish","4":"has-post-thumbnail","6":"product_cat-wholesale-cookware-sets","8":"first","9":"instock","10":"shipping-taxable","11":"product-type-simple"},"acf":[],"_links":{"self":[{"href":"https:\/\/www.chancescook.com\/es\/wp-json\/wp\/v2\/product\/3789","targetHints":{"allow":["GET"]}}],"collection":[{"href":"https:\/\/www.chancescook.com\/es\/wp-json\/wp\/v2\/product"}],"about":[{"href":"https:\/\/www.chancescook.com\/es\/wp-json\/wp\/v2\/types\/product"}],"replies":[{"embeddable":true,"href":"https:\/\/www.chancescook.com\/es\/wp-json\/wp\/v2\/comments?post=3789"}],"wp:featuredmedia":[{"embeddable":true,"href":"https:\/\/www.chancescook.com\/es\/wp-json\/wp\/v2\/media\/4107"}],"wp:attachment":[{"href":"https:\/\/www.chancescook.com\/es\/wp-json\/wp\/v2\/media?parent=3789"}],"wp:term":[{"taxonomy":"product_brand","embeddable":true,"href":"https:\/\/www.chancescook.com\/es\/wp-json\/wp\/v2\/product_brand?post=3789"},{"taxonomy":"product_cat","embeddable":true,"href":"https:\/\/www.chancescook.com\/es\/wp-json\/wp\/v2\/product_cat?post=3789"},{"taxonomy":"product_tag","embeddable":true,"href":"https:\/\/www.chancescook.com\/es\/wp-json\/wp\/v2\/product_tag?post=3789"}],"curies":[{"name":"wp","href":"https:\/\/api.w.org\/{rel}","templated":true}]}}