{"id":3823,"date":"2024-09-28T10:30:51","date_gmt":"2024-09-28T10:30:51","guid":{"rendered":"https:\/\/www.chancescook.com\/?post_type=product&#038;p=3823"},"modified":"2024-09-28T10:30:52","modified_gmt":"2024-09-28T10:30:52","slug":"12-piece-set-of-pots-and-pans","status":"publish","type":"product","link":"https:\/\/www.chancescook.com\/es\/producto\/12-piece-set-of-pots-and-pans\/","title":{"rendered":"Juego de 12 piezas de ollas y sartenes con patas puntiagudas Mayorista - Bater\u00eda de cocina de calidad para todas las cocinas"},"content":{"rendered":"<div class=\"wp-block-columns is-layout-flex wp-container-core-columns-is-layout-9d6595d7 wp-block-columns-is-layout-flex\">\n<div class=\"wp-block-column is-layout-flow wp-block-column-is-layout-flow\">\n<h3 class=\"wp-block-heading\">Caracter\u00edsticas y ventajas del juego de ollas y sartenes de 12 piezas<\/h3>\n\n\n\n<ul class=\"wp-block-list\">\n<li><strong>Dise\u00f1o de pies puntiagudos<\/strong>: Adopta un delicado y exclusivo dise\u00f1o de patas puntiagudas, que refleja la moda est\u00e9tica de este juego de ollas y sartenes de 12 piezas.<\/li>\n\n\n\n<li><strong>Juego de 12 piezas de bater\u00eda de cocina<\/strong>: Contiene ollas, sartenes, vaporeras, etc., hay 12 piezas de utensilios de cocina de diferentes tama\u00f1os y tipos, que pueden satisfacer las necesidades de cocci\u00f3n de diferentes ingredientes, as\u00ed como los requisitos de los profesionales de la cocina.<\/li>\n\n\n\n<li><strong>Durabilidad<\/strong>: Fabricada en acero inoxidable de grado alimentario 410 de alta calidad, la bater\u00eda de cocina se puede utilizar durante mucho tiempo sin desgaste.<\/li>\n\n\n\n<li><strong>Conducci\u00f3n isot\u00e9rmica<\/strong>: Puede utilizarse en placas de inducci\u00f3n, etc. El dise\u00f1o multicapa del fondo garantiza una distribuci\u00f3n uniforme del calor y minimiza el tiempo de cocci\u00f3n.<\/li>\n\n\n\n<li><strong>Tapa de cristal transparente<\/strong>: El juego de ollas viene con una tapa de vidrio templado, para que pueda comprobar f\u00e1cilmente el estado de cocci\u00f3n de sus alimentos mientras mantiene el calor y la humedad.<\/li>\n\n\n\n<li><strong>Buena estabilidad y antideslizamiento<\/strong>: El dise\u00f1o de las ollas y sartenes de 12 piezas con patas puntiagudas aumenta la estabilidad de la bater\u00eda de cocina y reduce el riesgo de vuelco durante su uso.<\/li>\n<\/ul>\n<\/div>\n\n\n\n<div class=\"wp-block-column is-layout-flow wp-block-column-is-layout-flow\">\n<h3 class=\"wp-block-heading\">Especificaciones del juego de ollas y sartenes de 12 piezas<\/h3>\n\n\n\n<ul class=\"wp-block-list\">\n<li>Fabricante: CHANCES<\/li>\n\n\n\n<li>Model No.:CY-JJBG1205A\/CY-TG1203\/CY-JJBG12035\/CY-JJBG12035A<\/li>\n\n\n\n<li>Material: SS410<\/li>\n\n\n\n<li>N\u00famero de piezas:12 piezas<\/li>\n\n\n\n<li>Espesor: 0,5 mm\/0,3 mm\/0,35 mm<\/li>\n\n\n\n<li>Fondo:3.0mm\/1.2mm\/1.5mm<\/li>\n\n\n\n<li>OEM&amp;ODM: Personalizado, bienvenido OEM&amp;ODM<\/li>\n\n\n\n<li>MOQ:1 x 40'HQ<\/li>\n\n\n\n<li>Embalaje: Caja de color\/Caja de cart\u00f3n<\/li>\n\n\n\n<li>Muestra: Gratis<\/li>\n<\/ul>\n<\/div>\n<\/div>","protected":false},"excerpt":{"rendered":"<p>Explore este juego de ollas y sartenes de 12 piezas con una bater\u00eda de cocina \u00fanica y lujosa para una mayor estabilidad y una est\u00e9tica moderna. Completo con ollas y sartenes para un rendimiento consistente y necesidades de cocci\u00f3n vers\u00e1tiles, este conjunto es ideal para el hogar o la cocina profesional.<\/p>\n<h3>Juego de ollas y sartenes de 12 piezas incluye\uff1a.<\/h3>\n<table style=\"border-collapse: collapse; width: 468.62pt;\" border=\"0\" width=\"781\" cellspacing=\"0\" cellpadding=\"0\">\n<tbody>\n<tr style=\"height: 17.40pt;\">\n<td class=\"et3\" style=\"height: 17.40pt; width: 82.10pt;\" width=\"136\" height=\"29\">N\u00ba de modelo<\/td>\n<td class=\"et3\" style=\"width: 138.15pt;\" width=\"230\">Variantes de productos<\/td>\n<td class=\"et3\" style=\"width: 248.35pt;\" width=\"413\">Configuraci\u00f3n<\/td>\n<\/tr>\n<tr style=\"height: 72.00pt;\">\n<td class=\"et4\" style=\"height: 72.00pt; width: 82.10pt;\" width=\"136\" height=\"120\">CY-JJBG1205A<\/td>\n<td class=\"et5\" style=\"width: 138.15pt;\" width=\"230\">Bater\u00eda de cocina de pie puntiagudo con tapa de cristal<\/td>\n<td class=\"et6\" style=\"width: 248.35pt;\" rowspan=\"2\" width=\"413\">Cacerola 16cm x 9cm con tapa<br \/>16cm x 9cm Cacerola con tapa<br \/>18cm x 10.5cm Cacerola con tapa<br \/>Cacerola 20cm x 11cm con tapa<br \/>Cacerola de 24 cm x 12,9 cm con tapa<br \/>24cm x 7cm Sart\u00e9n con tapa<\/td>\n<\/tr>\n<tr style=\"height: 72.00pt;\">\n<td class=\"et4\" style=\"height: 72.00pt; width: 82.10pt;\" width=\"136\" height=\"120\">CY-TG1203<\/td>\n<td class=\"et5\" style=\"width: 138.15pt;\" width=\"230\">Bater\u00eda de cocina de pie puntiagudo<\/td>\n<\/tr>\n<tr style=\"height: 72.00pt;\">\n<td class=\"et8\" style=\"height: 72.00pt;\" height=\"120\">CY-JJBG12035<\/td>\n<td class=\"et5\" style=\"width: 138.15pt;\" width=\"230\">Bater\u00eda de cocina de pie puntiagudo<\/td>\n<td class=\"et7\" style=\"width: 248.35pt; border-bottom: .5pt solid #000000;\" rowspan=\"2\" width=\"413\">Cacerola 16cm x 9cm con tapa<br \/>16cm x 9cm Cacerola con tapa<br \/>18cm x 10.5cm Cacerola con tapa<br \/>Cacerola 20cm x 11cm con tapa<br \/>Cacerola de 24 cm x 12,9 cm con tapa<br \/>24cm x 7cm Sart\u00e9n con tapa<\/td>\n<\/tr>\n<tr style=\"height: 72.00pt;\">\n<td class=\"et8\" style=\"height: 72.00pt;\" height=\"120\">CY-JJBG12035A<\/td>\n<td class=\"et5\" style=\"width: 138.15pt;\" width=\"230\">Bater\u00eda de cocina de pie puntiagudo<\/td>\n<\/tr>\n<\/tbody>\n<\/table>","protected":false},"featured_media":4135,"comment_status":"closed","ping_status":"closed","template":"","meta":{"_acf_changed":false},"product_brand":[],"product_cat":[53],"product_tag":[],"class_list":{"0":"post-3823","1":"product","2":"type-product","3":"status-publish","4":"has-post-thumbnail","6":"product_cat-wholesale-cookware-sets","8":"first","9":"instock","10":"shipping-taxable","11":"product-type-simple"},"acf":[],"_links":{"self":[{"href":"https:\/\/www.chancescook.com\/es\/wp-json\/wp\/v2\/product\/3823","targetHints":{"allow":["GET"]}}],"collection":[{"href":"https:\/\/www.chancescook.com\/es\/wp-json\/wp\/v2\/product"}],"about":[{"href":"https:\/\/www.chancescook.com\/es\/wp-json\/wp\/v2\/types\/product"}],"replies":[{"embeddable":true,"href":"https:\/\/www.chancescook.com\/es\/wp-json\/wp\/v2\/comments?post=3823"}],"wp:featuredmedia":[{"embeddable":true,"href":"https:\/\/www.chancescook.com\/es\/wp-json\/wp\/v2\/media\/4135"}],"wp:attachment":[{"href":"https:\/\/www.chancescook.com\/es\/wp-json\/wp\/v2\/media?parent=3823"}],"wp:term":[{"taxonomy":"product_brand","embeddable":true,"href":"https:\/\/www.chancescook.com\/es\/wp-json\/wp\/v2\/product_brand?post=3823"},{"taxonomy":"product_cat","embeddable":true,"href":"https:\/\/www.chancescook.com\/es\/wp-json\/wp\/v2\/product_cat?post=3823"},{"taxonomy":"product_tag","embeddable":true,"href":"https:\/\/www.chancescook.com\/es\/wp-json\/wp\/v2\/product_tag?post=3823"}],"curies":[{"name":"wp","href":"https:\/\/api.w.org\/{rel}","templated":true}]}}