{"id":3835,"date":"2025-07-01T17:40:57","date_gmt":"2025-07-01T17:40:57","guid":{"rendered":"https:\/\/www.chancescook.com\/?post_type=product&#038;p=3835"},"modified":"2025-07-01T17:40:59","modified_gmt":"2025-07-01T17:40:59","slug":"wholesale-kitchen-pots-and-pans-set","status":"publish","type":"product","link":"https:\/\/www.chancescook.com\/es\/producto\/wholesale-kitchen-pots-and-pans-set\/","title":{"rendered":"Mayorista Juego de Ollas y Sartenes de Cocina, Juego Estilo Chino con Tapas de Acero 6 Piezas"},"content":{"rendered":"<div class=\"wp-block-columns is-layout-flex wp-container-core-columns-is-layout-9d6595d7 wp-block-columns-is-layout-flex\">\n<div class=\"wp-block-column is-layout-flow wp-block-column-is-layout-flow\">\n<h3 class=\"wp-block-heading\">Caracter\u00edsticas y ventajas del juego de cacerolas de cocina<\/h3>\n\n\n\n<ul class=\"wp-block-list\">\n<li><strong>Duradera:<\/strong> Construidas con materiales de gran calidad, las ollas y sartenes tienen una excelente durabilidad y resistencia a la corrosi\u00f3n, incluso con un uso frecuente.<\/li>\n\n\n\n<li><strong>Compatible con todos los tipos de estufas:<\/strong> Juegos de ollas de acero inoxidable a medida aptos para todo tipo de cocinas, incluida la inducci\u00f3n, lo que garantiza una amplia compatibilidad.<\/li>\n\n\n\n<li><strong>Utensilios de cocina no t\u00f3xicos:<\/strong> Nuestros utensilios de cocina no contienen sustancias nocivas como PFOA, PTFE, PFA, plomo, cadmio ni metales t\u00f3xicos, por lo que puede estar seguro de que cocina de forma segura.<\/li>\n\n\n\n<li><strong>Ideal para personalizar:<\/strong> se puede personalizar y adaptar la producci\u00f3n a las necesidades de los fabricantes para satisfacer requisitos funcionales y de dise\u00f1o espec\u00edficos.<\/li>\n\n\n\n<li><strong>Versatilidad: <\/strong>Incluye una gran variedad de utensilios de cocina, adecuados para todo tipo de estilos de cocina, y satisface diferentes necesidades culinarias.<\/li>\n\n\n\n<li><strong>F\u00e1cil de limpiar:<\/strong> El acero inoxidable y los materiales antiadherentes facilitan y agilizan la limpieza.<\/li>\n<\/ul>\n<\/div>\n\n\n\n<div class=\"wp-block-column is-layout-flow wp-block-column-is-layout-flow\">\n<h3 class=\"wp-block-heading\">Especificaciones del juego de ollas y sartenes<\/h3>\n\n\n\n<ul class=\"wp-block-list\">\n<li>Fabricante: CHANCES<\/li>\n\n\n\n<li>Modelo N\u00ba:CY-ZSGG0605<\/li>\n\n\n\n<li>Material: SS201<\/li>\n\n\n\n<li>N\u00famero de piezas:6 piezas<\/li>\n\n\n\n<li>Tapa: Tapa de acero inoxidable<\/li>\n\n\n\n<li>Grosor:0,5 mm<\/li>\n\n\n\n<li>Fondo:3.0mm<\/li>\n\n\n\n<li>GW\/NW: 20,8 kg\/19,8 kg<\/li>\n\n\n\n<li>OEM&amp;ODM: Personalizado, bienvenido OEM&amp;ODM<\/li>\n\n\n\n<li>MOQ:1 x 40'HQ<\/li>\n\n\n\n<li>Embalaje: Caja de color\/Caja de cart\u00f3n<\/li>\n\n\n\n<li>Muestra: Gratis<\/li>\n<\/ul>\n<\/div>\n<\/div>","protected":false},"excerpt":{"rendered":"<p>Juego de ollas y sartenes de cocina de 6 piezas al por mayor con dise\u00f1o chino y tapas de acero a juego. Incluye una variedad de ollas y sartenes para m\u00faltiples necesidades culinarias. La tapa de acero inoxidable retiene la humedad y protege el sabor de los alimentos. Combina el dise\u00f1o tradicional con la practicidad moderna para compras al por mayor y uso profesional en la cocina.<\/p>\n<h3>Juego de ollas y sartenes de cocina Include\uff1a<\/h3>\n<ul>\n<li>22cm x 12.5cm Cacerola con tapa<\/li>\n<li>Cacerola de 24 cm x 13,5 cm con tapa<\/li>\n<li>26cm x 14.5cm Cacerola con tapa<\/li>\n<\/ul>","protected":false},"featured_media":4165,"comment_status":"closed","ping_status":"closed","template":"","meta":{"_acf_changed":false},"product_brand":[],"product_cat":[53],"product_tag":[],"class_list":{"0":"post-3835","1":"product","2":"type-product","3":"status-publish","4":"has-post-thumbnail","6":"product_cat-wholesale-cookware-sets","8":"first","9":"instock","10":"shipping-taxable","11":"product-type-simple"},"acf":[],"_links":{"self":[{"href":"https:\/\/www.chancescook.com\/es\/wp-json\/wp\/v2\/product\/3835","targetHints":{"allow":["GET"]}}],"collection":[{"href":"https:\/\/www.chancescook.com\/es\/wp-json\/wp\/v2\/product"}],"about":[{"href":"https:\/\/www.chancescook.com\/es\/wp-json\/wp\/v2\/types\/product"}],"replies":[{"embeddable":true,"href":"https:\/\/www.chancescook.com\/es\/wp-json\/wp\/v2\/comments?post=3835"}],"wp:featuredmedia":[{"embeddable":true,"href":"https:\/\/www.chancescook.com\/es\/wp-json\/wp\/v2\/media\/4165"}],"wp:attachment":[{"href":"https:\/\/www.chancescook.com\/es\/wp-json\/wp\/v2\/media?parent=3835"}],"wp:term":[{"taxonomy":"product_brand","embeddable":true,"href":"https:\/\/www.chancescook.com\/es\/wp-json\/wp\/v2\/product_brand?post=3835"},{"taxonomy":"product_cat","embeddable":true,"href":"https:\/\/www.chancescook.com\/es\/wp-json\/wp\/v2\/product_cat?post=3835"},{"taxonomy":"product_tag","embeddable":true,"href":"https:\/\/www.chancescook.com\/es\/wp-json\/wp\/v2\/product_tag?post=3835"}],"curies":[{"name":"wp","href":"https:\/\/api.w.org\/{rel}","templated":true}]}}