{"id":3841,"date":"2024-09-21T06:45:57","date_gmt":"2024-09-21T06:45:57","guid":{"rendered":"https:\/\/www.chancescook.com\/?post_type=product&#038;p=3841"},"modified":"2024-09-28T16:33:02","modified_gmt":"2024-09-28T16:33:02","slug":"wholesale-cooking-pots-and-pans","status":"publish","type":"product","link":"https:\/\/www.chancescook.com\/es\/producto\/wholesale-cooking-pots-and-pans\/","title":{"rendered":"Mayorista Ollas y Sartenes Comerciales Juego de 12 Piezas de Bater\u00eda de Cocina Estilo Americano con Tapas y Orejas de Cristal"},"content":{"rendered":"<div class=\"wp-block-columns is-layout-flex wp-container-core-columns-is-layout-9d6595d7 wp-block-columns-is-layout-flex\">\n<div class=\"wp-block-column is-layout-flow wp-block-column-is-layout-flow\">\n<h3 class=\"wp-block-heading\">Caracter\u00edsticas y ventajas de las ollas y sartenes de cocina profesionales<\/h3>\n\n\n\n<ul class=\"wp-block-list\">\n<li><strong>Juego completo:<\/strong> Este juego de 12 piezas de ollas y sartenes incluye muchos tipos diferentes, lo que proporciona variedad para distintos tipos de recetas y garantiza que haya algo adecuado para diversas necesidades y preferencias culinarias, independientemente del plato que se prepare.<\/li>\n\n\n\n<li><strong>Comodidad:<\/strong> Comprar todos los art\u00edculos en un solo lugar aporta coherencia al menaje de cocina utilizado y ayuda a reducir los gastos, lo que lo convierte en una opci\u00f3n m\u00e1s econ\u00f3mica para fines comerciales.<\/li>\n\n\n\n<li><strong>M\u00faltiples opciones de tama\u00f1o:<\/strong> Este juego incluye muchos tipos de ollas y sartenes, con diferentes tama\u00f1os para satisfacer las necesidades culinarias tanto en cocinas dom\u00e9sticas como en lugares como restaurantes.<\/li>\n\n\n\n<li><strong>Duradera: <\/strong>El acero inoxidable con el que est\u00e1n fabricados estos utensilios de cocina es resistente, dif\u00edcil de da\u00f1ar y f\u00e1cil de limpiar. Adem\u00e1s, proporciona una buena transferencia de calor, lo que garantiza que los alimentos se calienten de manera uniforme.<\/li>\n\n\n\n<li><strong>La tapa de cristal est\u00e1 dise\u00f1ada para:<\/strong> para permitir la observaci\u00f3n del estado de los alimentos mientras se cocinan, lo que reduce la frecuencia con la que se abre la tapa, mantiene el sellado y mejora la eficiencia de la cocci\u00f3n.<\/li>\n\n\n\n<li><strong>Acerca de las cualidades est\u00e9ticas:<\/strong> El dise\u00f1o utiliza un concepto moderno de boca ancha al estilo americano, lo que simplifica tanto su uso como su limpieza. Se puede aplicar eficazmente en diferentes entornos de cocina, tanto contempor\u00e1neos como tradicionales.<\/li>\n<\/ul>\n<\/div>\n\n\n\n<div class=\"wp-block-column is-layout-flow wp-block-column-is-layout-flow\">\n<h3 class=\"wp-block-heading\">Especificaciones de ollas y sartenes para uso comercial<\/h3>\n\n\n\n<ul class=\"wp-block-list\">\n<li>Fabricante: CHANCES<\/li>\n\n\n\n<li>N.\u00ba de modelo: CY-ZS1205\/CY-MSKZSBG1205<\/li>\n\n\n\n<li>Material: SS201<\/li>\n\n\n\n<li>N\u00famero de piezas:12 piezas<\/li>\n\n\n\n<li>Grosor:0,5 mm<\/li>\n\n\n\n<li>Fondo:3.0mm<\/li>\n\n\n\n<li>OEM&amp;ODM: Personalizado, bienvenido OEM&amp;ODM<\/li>\n\n\n\n<li>MOQ:1 x 40'HQ<\/li>\n\n\n\n<li>Embalaje: Caja de color\/Caja de cart\u00f3n<\/li>\n\n\n\n<li>Muestra: Gratis<\/li>\n<\/ul>\n<\/div>\n<\/div>","protected":false},"excerpt":{"rendered":"<p>Este completo juego de 12 piezas de ollas y sartenes para uso comercial combina el estilo americano con la funcionalidad cl\u00e1sica china. Cada pieza de este juego de utensilios de cocina est\u00e1 dise\u00f1ada para ofrecer opciones de cocci\u00f3n vers\u00e1tiles, al tiempo que incorpora caracter\u00edsticas modernas que mejoran la comodidad y la profesionalidad tanto en cocinas dom\u00e9sticas como en entornos comerciales.<\/p>\n<h3>Las ollas y sartenes de cocina comercial incluyen:<\/h3>\n<table style=\"border-collapse: collapse; width: 478.82pt;\" border=\"0\" width=\"798\" cellspacing=\"0\" cellpadding=\"0\">\n<tbody>\n<tr style=\"height: 17.40pt;\">\n<td class=\"et3\" style=\"height: 17.40pt; width: 92.45pt;\" width=\"154\" height=\"29\">N\u00ba de modelo<\/td>\n<td class=\"et3\" style=\"width: 138.15pt;\" width=\"230\">Variantes de productos<\/td>\n<td class=\"et3\" style=\"width: 248.35pt;\" width=\"413\">Configuraci\u00f3n<\/td>\n<\/tr>\n<tr style=\"height: 72.00pt;\">\n<td class=\"et4\" style=\"height: 72.00pt; width: 92.45pt;\" width=\"154\" height=\"120\">CY-ZS1205<\/td>\n<td class=\"et5\" style=\"width: 138.15pt;\" width=\"230\">Juego de utensilios de cocina con tapa de cristal chino con pico americano<\/td>\n<td class=\"et6\" style=\"width: 248.35pt;\" width=\"413\">Cacerola de 16 cm x 9,2 cm con tapa<br \/>16cm x 9,2cm Cacerola con tapa<br \/>18cm x 9.9cm Cacerola con tapa<br \/>Cacerola de 20 cm x 10,2 cm con tapa<br \/>Cacerola de 24 cm x 11,9 cm con tapa<br \/>Sart\u00e9n de 24 cm x 6,8 cm con tapa<\/td>\n<\/tr>\n<tr style=\"height: 72.00pt;\">\n<td class=\"et4\" style=\"height: 72.00pt; width: 92.45pt;\" width=\"154\" height=\"120\">CY-MSKZSBG1205<\/td>\n<td class=\"et5\" style=\"width: 138.15pt;\" width=\"230\">Juego de utensilios de cocina con asas en forma de golondrina para utensilios de cocina chinos con pico americano<\/td>\n<td class=\"et6\" style=\"width: 248.35pt;\" width=\"413\">Cacerola de 16 cm con tapa<br \/>Cacerola de 16 cm con tapa<br \/>Cacerola de 18 cm con tapa<br \/>Cacerola de 20 cm con tapa<br \/>Cacerola de 24 cm con tapa<br \/>Sart\u00e9n de 24 cm con tapa<\/td>\n<\/tr>\n<\/tbody>\n<\/table>","protected":false},"featured_media":3842,"comment_status":"closed","ping_status":"closed","template":"","meta":{"_acf_changed":false},"product_brand":[],"product_cat":[53],"product_tag":[],"class_list":{"0":"post-3841","1":"product","2":"type-product","3":"status-publish","4":"has-post-thumbnail","6":"product_cat-wholesale-cookware-sets","8":"first","9":"instock","10":"shipping-taxable","11":"product-type-simple"},"acf":[],"_links":{"self":[{"href":"https:\/\/www.chancescook.com\/es\/wp-json\/wp\/v2\/product\/3841","targetHints":{"allow":["GET"]}}],"collection":[{"href":"https:\/\/www.chancescook.com\/es\/wp-json\/wp\/v2\/product"}],"about":[{"href":"https:\/\/www.chancescook.com\/es\/wp-json\/wp\/v2\/types\/product"}],"replies":[{"embeddable":true,"href":"https:\/\/www.chancescook.com\/es\/wp-json\/wp\/v2\/comments?post=3841"}],"wp:featuredmedia":[{"embeddable":true,"href":"https:\/\/www.chancescook.com\/es\/wp-json\/wp\/v2\/media\/3842"}],"wp:attachment":[{"href":"https:\/\/www.chancescook.com\/es\/wp-json\/wp\/v2\/media?parent=3841"}],"wp:term":[{"taxonomy":"product_brand","embeddable":true,"href":"https:\/\/www.chancescook.com\/es\/wp-json\/wp\/v2\/product_brand?post=3841"},{"taxonomy":"product_cat","embeddable":true,"href":"https:\/\/www.chancescook.com\/es\/wp-json\/wp\/v2\/product_cat?post=3841"},{"taxonomy":"product_tag","embeddable":true,"href":"https:\/\/www.chancescook.com\/es\/wp-json\/wp\/v2\/product_tag?post=3841"}],"curies":[{"name":"wp","href":"https:\/\/api.w.org\/{rel}","templated":true}]}}