{"id":3869,"date":"2025-06-24T17:57:18","date_gmt":"2025-06-24T17:57:18","guid":{"rendered":"https:\/\/www.chancescook.com\/?post_type=product&#038;p=3869"},"modified":"2025-06-24T17:57:21","modified_gmt":"2025-06-24T17:57:21","slug":"kitchenware-wholesale-pots-and-pans","status":"publish","type":"product","link":"https:\/\/www.chancescook.com\/es\/producto\/kitchenware-wholesale-pots-and-pans\/","title":{"rendered":"Utensilios de Cocina al por mayor para 12-piece European Cookware Set con tapa de acero F\u00e1brica"},"content":{"rendered":"<div class=\"wp-block-columns is-layout-flex wp-container-core-columns-is-layout-9d6595d7 wp-block-columns-is-layout-flex\">\n<div class=\"wp-block-column is-layout-flow wp-block-column-is-layout-flow\">\n<h3 class=\"wp-block-heading\">Caracter\u00edsticas y ventajas de la venta al por mayor de utensilios de cocina<\/h3>\n\n\n\n<ul class=\"wp-block-list\">\n<li><strong>Conjunto completo<\/strong>21 piezas de bater\u00eda de cocina para satisfacer todas las necesidades culinarias, un juego para resolver todos los problemas de la cocina.<\/li>\n\n\n\n<li><strong>Acero inoxidable de alta calidad<\/strong>: Este juego de utensilios de cocina est\u00e1 hecho de material de acero inoxidable de alta calidad, que es duradero y resistente a la corrosi\u00f3n, lo que garantiza un uso a largo plazo.<\/li>\n\n\n\n<li><strong>Apto para varias cocinas<\/strong>Tanto si utiliza una placa de inducci\u00f3n como una cocina de gas o una placa de inducci\u00f3n, nuestras ollas y sartenes son perfectas para ello.<\/li>\n\n\n\n<li><strong>Tapa de acero:<\/strong> La tapa ayuda a retener el calor y la humedad dentro de la sart\u00e9n, lo que permite que los alimentos se cocinen m\u00e1s r\u00e1pido a la vez que evita que se derramen o se sequen al cocinar<\/li>\n\n\n\n<li><strong>Ideal para personalizar<\/strong>: se puede personalizar y adaptar la producci\u00f3n a las necesidades de los fabricantes para satisfacer requisitos funcionales y de dise\u00f1o espec\u00edficos.<\/li>\n\n\n\n<li><strong>F\u00e1cil de limpiar<\/strong>: El acero inoxidable y los materiales antiadherentes facilitan y agilizan la limpieza.<\/li>\n<\/ul>\n<\/div>\n\n\n\n<div class=\"wp-block-column is-layout-flow wp-block-column-is-layout-flow\">\n<h3 class=\"wp-block-heading\">Especificaciones de Menaje de cocina al por mayor<\/h3>\n\n\n\n<ul class=\"wp-block-list\">\n<li>Fabricante: CHANCES<\/li>\n\n\n\n<li>Modelo N\u00ba:CY-OS1205A<\/li>\n\n\n\n<li>Material: SS201<\/li>\n\n\n\n<li>N\u00famero de piezas:12 piezas<\/li>\n\n\n\n<li>Grosor:0,5 mm<\/li>\n\n\n\n<li>Fondo:3.0mm1<\/li>\n\n\n\n<li>OEM&amp;ODM: Personalizado, bienvenido OEM&amp;ODM<\/li>\n\n\n\n<li>MOQ:1 x 40'HQ<\/li>\n\n\n\n<li>Embalaje: Caja de color\/Caja de cart\u00f3n<\/li>\n\n\n\n<li>Muestra: Gratis<\/li>\n<\/ul>\n<\/div>\n<\/div>","protected":false},"excerpt":{"rendered":"<p>Fabricado espec\u00edficamente para mayoristas de cocina, el juego de bater\u00eda de cocina europea de 12 piezas est\u00e1 fabricado en acero. Todos los art\u00edculos tienen una construcci\u00f3n robusta y asas que permiten un uso c\u00f3modo, aunque la comodidad puede variar. El juego ofrece diferentes opciones para cocinar, con un calor que se extiende uniformemente, aunque no todo el tiempo, y un mantenimiento que puede hacerse con cierta facilidad. Este conjunto puede funcionar bien tanto en cocinas profesionales como en cocinas dom\u00e9sticas, pero eso depende del entorno y de las necesidades del usuario.<\/p>\n<h3>Juego de utensilios de cocina al por mayor incluye\uff1a.<\/h3>\n<ul>\n<li>Cacerola de 16 cm x 8 cm con tapa<\/li>\n<li>16cm x 8cm Cacerola con tapa<\/li>\n<li>18cm x 9cm Cacerola con tapa<\/li>\n<li>20cm x 10cm Cacerola con tapa<\/li>\n<li>Cacerola 24cm x 12cm con tapa<\/li>\n<li>24cm x 5cm Sart\u00e9n con tapa<\/li>\n<\/ul>","protected":false},"featured_media":4180,"comment_status":"closed","ping_status":"closed","template":"","meta":{"_acf_changed":false},"product_brand":[],"product_cat":[53],"product_tag":[],"class_list":{"0":"post-3869","1":"product","2":"type-product","3":"status-publish","4":"has-post-thumbnail","6":"product_cat-wholesale-cookware-sets","8":"first","9":"instock","10":"shipping-taxable","11":"product-type-simple"},"acf":[],"_links":{"self":[{"href":"https:\/\/www.chancescook.com\/es\/wp-json\/wp\/v2\/product\/3869","targetHints":{"allow":["GET"]}}],"collection":[{"href":"https:\/\/www.chancescook.com\/es\/wp-json\/wp\/v2\/product"}],"about":[{"href":"https:\/\/www.chancescook.com\/es\/wp-json\/wp\/v2\/types\/product"}],"replies":[{"embeddable":true,"href":"https:\/\/www.chancescook.com\/es\/wp-json\/wp\/v2\/comments?post=3869"}],"wp:featuredmedia":[{"embeddable":true,"href":"https:\/\/www.chancescook.com\/es\/wp-json\/wp\/v2\/media\/4180"}],"wp:attachment":[{"href":"https:\/\/www.chancescook.com\/es\/wp-json\/wp\/v2\/media?parent=3869"}],"wp:term":[{"taxonomy":"product_brand","embeddable":true,"href":"https:\/\/www.chancescook.com\/es\/wp-json\/wp\/v2\/product_brand?post=3869"},{"taxonomy":"product_cat","embeddable":true,"href":"https:\/\/www.chancescook.com\/es\/wp-json\/wp\/v2\/product_cat?post=3869"},{"taxonomy":"product_tag","embeddable":true,"href":"https:\/\/www.chancescook.com\/es\/wp-json\/wp\/v2\/product_tag?post=3869"}],"curies":[{"name":"wp","href":"https:\/\/api.w.org\/{rel}","templated":true}]}}